{"id":506472,"date":"2024-11-21T09:20:21","date_gmt":"2024-11-21T09:20:21","guid":{"rendered":"https:\/\/droix.eu\/product\/gpd-duo-beskyttelsesetui\/"},"modified":"2026-04-08T10:38:22","modified_gmt":"2026-04-08T09:38:22","slug":"gpd-duo-beskyttelsesetui","status":"publish","type":"product","link":"https:\/\/droix.eu\/da\/product\/gpd-duo-beskyttelsesetui\/","title":{"rendered":"GPD DUO beskyttelsesetui"},"content":{"rendered":"\n<p>Beskyt din GPD DUO med stil med det <strong>officielle GPD DUO-beskyttelsesetui<\/strong>. Dette slanke og holdbare etui er designet eksklusivt til GPD DUO og tilbyder den perfekte kombination af funktionalitet og beskyttelse. Uanset om du pendler, rejser eller bare opbevarer din enhed, sikrer dette etui, at din GPD DUO forbliver sikker og tryg.  <\/p>\n\n<p>Etuiet har en <strong>robust yderside i stof<\/strong>, der beskytter din enhed mod ydre skader, og en <strong>bl\u00f8d, polstret inderside<\/strong>, der beskytter mod ridser og st\u00f8d. Med sit kompakte design kan den nemt rumme din GPD DUO, samtidig med at der er plads til vigtigt tilbeh\u00f8r. <\/p>\n\n<p>Kufferten er udstyret med <strong>dobbelte h\u00e5ndtag<\/strong>, s\u00e5 den er nem at b\u00e6re, og en <strong>justerbar skulderrem<\/strong>, s\u00e5 du kan b\u00e6re den p\u00e5 den m\u00e5de, der passer dig bedst. Den lette konstruktion g\u00f8r den ideel til brugere p\u00e5 farten, som \u00f8nsker p\u00e5lidelig beskyttelse uden un\u00f8dig v\u00e6gt. <\/p>\n\n<h3 class=\"wp-block-heading\"><strong>Vigtige funktioner:<\/strong><\/h3>\n\n<ul class=\"wp-block-list\">\n<li>Officielt GPD-produkt designet specielt til GPD DUO<\/li>\n\n\n\n<li>Slidst\u00e6rkt stof p\u00e5 ydersiden giver bedre beskyttelse<\/li>\n\n\n\n<li>Bl\u00f8dt, polstret indre, der beskytter din enhed mod ridser og slag<\/li>\n\n\n\n<li>Dobbelt h\u00e5ndtag og justerbar skulderrem til alsidige b\u00e6remuligheder<\/li>\n\n\n\n<li>Kompakt og let design for maksimal b\u00e6rbarhed<\/li>\n<\/ul>\n\n<p>Tag din GPD DUO med overalt i sikker forvisning om, at den er beskyttet af et etui, der kombinerer praktisk anvendelighed, holdbarhed og stil.<\/p>\n\n<p><\/p>\n","protected":false},"excerpt":{"rendered":"<ul>\n<li>Officielt <strong>GPD-produkt<\/strong> <\/li>\n<li>Designet specielt til <strong>GPD DUO<\/strong><\/li>\n<li>Slidst\u00e6rkt stof p\u00e5 ydersiden giver bedre beskyttelse<\/li>\n<li>Bl\u00f8dt, polstret indre for at forhindre ridser og slag<\/li>\n<li>Inkluderer b\u00e5de dobbelte h\u00e5ndtag og en justerbar skulderrem for alsidige b\u00e6remuligheder<\/li>\n<\/ul>\n[cg_accordion title=\"2 \u00e5rs garanti p\u00e5 alle GPD-produkter\"]<\/p>\n<p>Alle GPD-produkter leveres med 2 \u00e5rs garanti og underst\u00f8ttes af over 13 \u00e5rs p\u00e5lidelig service. Bliv en del af vores f\u00e6llesskab med over 500.000 glade kunder, og f\u00f8l dig sikker p\u00e5 dit k\u00f8b. [\/cg_accordion]\n[cg_accordion title=\"Kvalitetssikring og test f\u00f8r afsendelse\"]<\/p>\n<p>Sikrer kundetilfredshed p\u00e5 h\u00f8jeste niveau: Hver enhed gennemg\u00e5r strenge tests og et kvalitetssikringstjek p\u00e5 flere punkter, f\u00f8r den sendes af sted. Vores dedikerede team verificerer ydeevne, funktionalitet og komponentintegritet for at garantere, at din GPD-enhed er i perfekt stand ved ankomsten, hvilket giver dig tillid og ro i sindet. [\/cg_accordion]\n[cg_accordion title=\"Fleksible og sikre betalingsmuligheder\"]<\/p>\n<p>F\u00e5 ro i sindet med vores sikre betalingssystem. Vi underst\u00f8tter alle st\u00f8rre betalingsmetoder, herunder betalingskort, PayPal, Apple Pay, Google Pay, Klarna, Afterpay og Affirm &#8211; hvilket giver dig frihed til at betale p\u00e5 din m\u00e5de, uanset om det er p\u00e5 forh\u00e5nd eller i nemme rater. [\/cg_accordion]\n[cg_accordion title=\"Skatter og afgifter\"]<\/p>\n<p>Priserne er inklusive g\u00e6ldende moms, som kan v\u00e6re op til 25 % afh\u00e6ngigt af dit land. Det n\u00f8jagtige bel\u00f8b vises i kassen for at sikre fuld gennemsigtighed. [\/cg_accordion]\n[cg_accordion title=\"Forsendelse og returnering\"]<\/p>\n<p>Vi samarbejder med over 10 p\u00e5lidelige fragtpartnere for at sikre, at din ordre kommer hurtigt, sikkert og p\u00e5lideligt frem.<\/p>\n<p>Vi bruger ekspres DDP-forsendelse (Delivered Duty Paid). Dette betyder: <\/p>\n<li>Alle toldafgifter og skatter er allerede inkluderet i den viste produktpris.<\/li>\n<li>Du f\u00e5r ikke nogen overraskelsesgebyrer ved levering.<\/li>\n<li>I det sj\u00e6ldne tilf\u00e6lde, at der opst\u00e5r forsinkelser i toldbehandlingen, vil vores team h\u00e5ndtere klareringsprocessen for dig for at sikre en problemfri levering.<\/li>\n<p>Vigtig information om returnering:<\/p>\n<li>Hvis du returnerer din ordre eller anmoder om refusion, skal du v\u00e6re opm\u00e6rksom p\u00e5, at eventuelle skatter og afgifter, der er betalt p\u00e5 dine vegne i henhold til DDP-vilk\u00e5r, ikke refunderes.<\/li>\n<p>Se vores <a href=\"https:\/\/droix.eu\/da\/vilkaar-og-betingelser\/\" target=\"_blank\" rel=\"nofollow noopener\">vilk\u00e5r og betingelser<\/a> for detaljerede oplysninger.\n<\/ul>\n<p>[\/cg_accordion]\n[cg_accordion title=\"Kundesupport\"]<\/p>\n<p>Har du et sp\u00f8rgsm\u00e5l? Vi er kun en kort sms v\u00e6k fra at have l\u00f8st dit problem! [\/cg_accordion]\n[cg_accordion title=\"Pakken indeholder\"]<\/p>\n<ul>\n<li>1x GPD DUO taske<\/li>\n<\/ul>\n<p>[\/cg_accordion]\n","protected":false},"featured_media":495332,"template":"","meta":{"_acf_changed":false},"product_brand":[],"product_cat":[10178,10179,10402],"product_tag":[],"woo-feed-brand":[],"key-features":[],"class_list":{"0":"post-506472","1":"product","2":"type-product","3":"status-publish","4":"has-post-thumbnail","6":"product_cat-tilbehor","7":"product_cat-tilbehor-til-baerbare-computere","8":"product_cat-tilbehor-til-gaming","9":"product_shipping_class-low-end","10":"pa_accessory-type-protective-case","11":"pa_brands-gpd-da","12":"pa_compatibility-gpd-duo-da","14":"first","15":"instock","16":"sale","17":"taxable","18":"shipping-taxable","19":"purchasable","20":"product-type-simple"},"acf":[],"aioseo_notices":[],"aioseo_head":"\n\t\t<!-- All in One SEO Pro 4.9.5.2 - aioseo.com -->\n\t<meta name=\"description\" content=\"Officielt GPD-produkt Designet specielt til GPD DUO Slidst\u00e6rkt stof p\u00e5 ydersiden giver bedre beskyttelse Bl\u00f8dt, polstret indre for at forhindre ridser og slag Inkluderer b\u00e5de dobbelte h\u00e5ndtag og en justerbar skulderrem for alsidige b\u00e6remuligheder\" \/>\n\t<meta name=\"robots\" content=\"max-image-preview:large\" \/>\n\t<link rel=\"canonical\" href=\"https:\/\/droix.eu\/da\/product\/gpd-duo-beskyttelsesetui\/\" \/>\n\t<meta name=\"generator\" content=\"All in One SEO Pro (AIOSEO) 4.9.5.2\" \/>\n\t\t<meta property=\"og:locale\" content=\"da_DK\" \/>\n\t\t<meta property=\"og:site_name\" content=\"DROIX EU - Get the latest Mini PCs, Ultrabook, PC Gaming Handhelds and more!\" \/>\n\t\t<meta property=\"og:type\" content=\"article\" \/>\n\t\t<meta property=\"og:title\" content=\"GPD DUO beskyttelsesetui - DROIX EU\" \/>\n\t\t<meta property=\"og:description\" content=\"Officielt GPD-produkt Designet specielt til GPD DUO Slidst\u00e6rkt stof p\u00e5 ydersiden giver bedre beskyttelse Bl\u00f8dt, polstret indre for at forhindre ridser og slag Inkluderer b\u00e5de dobbelte h\u00e5ndtag og en justerbar skulderrem for alsidige b\u00e6remuligheder\" \/>\n\t\t<meta property=\"og:url\" content=\"https:\/\/droix.eu\/da\/product\/gpd-duo-beskyttelsesetui\/\" \/>\n\t\t<meta property=\"og:image\" content=\"https:\/\/droix.eu\/wp-content\/uploads\/2024\/06\/droix-v2-light-logo.png\" \/>\n\t\t<meta property=\"og:image:secure_url\" content=\"https:\/\/droix.eu\/wp-content\/uploads\/2024\/06\/droix-v2-light-logo.png\" \/>\n\t\t<meta property=\"og:image:width\" content=\"380\" \/>\n\t\t<meta property=\"og:image:height\" content=\"118\" \/>\n\t\t<meta property=\"article:published_time\" content=\"2024-11-21T09:20:21+00:00\" \/>\n\t\t<meta property=\"article:modified_time\" content=\"2026-04-08T09:38:22+00:00\" \/>\n\t\t<meta property=\"article:publisher\" content=\"https:\/\/www.facebook.com\/DroiX.Store\" \/>\n\t\t<meta name=\"twitter:card\" content=\"summary_large_image\" \/>\n\t\t<meta name=\"twitter:site\" content=\"@DroiX_Store\" \/>\n\t\t<meta name=\"twitter:title\" content=\"GPD DUO beskyttelsesetui - DROIX EU\" \/>\n\t\t<meta name=\"twitter:description\" content=\"Officielt GPD-produkt Designet specielt til GPD DUO Slidst\u00e6rkt stof p\u00e5 ydersiden giver bedre beskyttelse Bl\u00f8dt, polstret indre for at forhindre ridser og slag Inkluderer b\u00e5de dobbelte h\u00e5ndtag og en justerbar skulderrem for alsidige b\u00e6remuligheder\" \/>\n\t\t<meta name=\"twitter:image\" content=\"https:\/\/droix.eu\/wp-content\/uploads\/2024\/06\/droix-v2-light-logo.png\" \/>\n\t\t<script type=\"application\/ld+json\" class=\"aioseo-schema\">\n\t\t\t{\"@context\":\"https:\\\/\\\/schema.org\",\"@graph\":[{\"@type\":\"BreadcrumbList\",\"@id\":\"https:\\\/\\\/droix.eu\\\/da\\\/product\\\/gpd-duo-beskyttelsesetui\\\/#breadcrumblist\",\"itemListElement\":[{\"@type\":\"ListItem\",\"@id\":\"https:\\\/\\\/droix.eu\\\/da\\\/#listItem\",\"position\":1,\"name\":\"Home\",\"item\":\"https:\\\/\\\/droix.eu\\\/da\\\/\",\"nextItem\":{\"@type\":\"ListItem\",\"@id\":\"https:\\\/\\\/droix.eu\\\/da\\\/product-category\\\/tilbehor\\\/#listItem\",\"name\":\"Tilbeh\\u00f8r\"}},{\"@type\":\"ListItem\",\"@id\":\"https:\\\/\\\/droix.eu\\\/da\\\/product-category\\\/tilbehor\\\/#listItem\",\"position\":2,\"name\":\"Tilbeh\\u00f8r\",\"item\":\"https:\\\/\\\/droix.eu\\\/da\\\/product-category\\\/tilbehor\\\/\",\"nextItem\":{\"@type\":\"ListItem\",\"@id\":\"https:\\\/\\\/droix.eu\\\/da\\\/product-category\\\/tilbehor\\\/tilbehor-til-baerbare-computere\\\/#listItem\",\"name\":\"Tilbeh\\u00f8r til b\\u00e6rbare computere\"},\"previousItem\":{\"@type\":\"ListItem\",\"@id\":\"https:\\\/\\\/droix.eu\\\/da\\\/#listItem\",\"name\":\"Home\"}},{\"@type\":\"ListItem\",\"@id\":\"https:\\\/\\\/droix.eu\\\/da\\\/product-category\\\/tilbehor\\\/tilbehor-til-baerbare-computere\\\/#listItem\",\"position\":3,\"name\":\"Tilbeh\\u00f8r til b\\u00e6rbare computere\",\"item\":\"https:\\\/\\\/droix.eu\\\/da\\\/product-category\\\/tilbehor\\\/tilbehor-til-baerbare-computere\\\/\",\"nextItem\":{\"@type\":\"ListItem\",\"@id\":\"https:\\\/\\\/droix.eu\\\/da\\\/product\\\/gpd-duo-beskyttelsesetui\\\/#listItem\",\"name\":\"GPD DUO beskyttelsesetui\"},\"previousItem\":{\"@type\":\"ListItem\",\"@id\":\"https:\\\/\\\/droix.eu\\\/da\\\/product-category\\\/tilbehor\\\/#listItem\",\"name\":\"Tilbeh\\u00f8r\"}},{\"@type\":\"ListItem\",\"@id\":\"https:\\\/\\\/droix.eu\\\/da\\\/product\\\/gpd-duo-beskyttelsesetui\\\/#listItem\",\"position\":4,\"name\":\"GPD DUO beskyttelsesetui\",\"previousItem\":{\"@type\":\"ListItem\",\"@id\":\"https:\\\/\\\/droix.eu\\\/da\\\/product-category\\\/tilbehor\\\/tilbehor-til-baerbare-computere\\\/#listItem\",\"name\":\"Tilbeh\\u00f8r til b\\u00e6rbare computere\"}}]},{\"@type\":\"Organization\",\"@id\":\"https:\\\/\\\/droix.eu\\\/da\\\/#organization\",\"name\":\"DroiX \\u2013 Trusted EU Tech Retailer with 12+ Years Experience\",\"description\":\"DroiX is a leading European technology retailer with over 12 years of experience, offering quality mini PCs, handheld gaming consoles, and tech accessories. We provide hassle-free EU delivery with all taxes included, ensuring a smooth and reliable shopping experience for our customers across Europe.\",\"url\":\"https:\\\/\\\/droix.eu\\\/da\\\/\",\"logo\":{\"@type\":\"ImageObject\",\"url\":\"https:\\\/\\\/droix.eu\\\/wp-content\\\/uploads\\\/2024\\\/06\\\/droix-v2-light-logo.png\",\"@id\":\"https:\\\/\\\/droix.eu\\\/da\\\/product\\\/gpd-duo-beskyttelsesetui\\\/#organizationLogo\",\"width\":380,\"height\":118},\"image\":{\"@id\":\"https:\\\/\\\/droix.eu\\\/da\\\/product\\\/gpd-duo-beskyttelsesetui\\\/#organizationLogo\"},\"sameAs\":[\"https:\\\/\\\/www.facebook.com\\\/DroiX.Store\",\"https:\\\/\\\/twitter.com\\\/DroiX_Store\",\"https:\\\/\\\/www.instagram.com\\\/droix.store\\\/\",\"https:\\\/\\\/www.tiktok.com\\\/@droix.store\",\"https:\\\/\\\/www.youtube.com\\\/c\\\/DroiX_Store\",\"https:\\\/\\\/uk.linkedin.com\\\/company\\\/droix\"]},{\"@type\":\"Product\",\"@id\":\"https:\\\/\\\/droix.eu\\\/da\\\/product\\\/gpd-duo-beskyttelsesetui\\\/#wooCommerceProduct\",\"name\":\"GPD DUO beskyttelsesetui\",\"description\":\"Officielt GPD-produkt \\nDesignet specielt til GPD DUO\\nSlidst\\u00e6rkt stof p\\u00e5 ydersiden giver bedre beskyttelse\\nBl\\u00f8dt, polstret indre for at forhindre ridser og slag\\nInkluderer b\\u00e5de dobbelte h\\u00e5ndtag og en justerbar skulderrem for alsidige b\\u00e6remuligheder\",\"url\":\"https:\\\/\\\/droix.eu\\\/da\\\/product\\\/gpd-duo-beskyttelsesetui\\\/\",\"sku\":\"GPD-DUO-CASE\",\"gtin\":\"5061077630397\",\"image\":{\"@type\":\"ImageObject\",\"url\":\"https:\\\/\\\/droix.eu\\\/wp-content\\\/uploads\\\/2024\\\/11\\\/GPD_DUO-PROTECTIVE_CASE-LISTING-DONE-IMAGE-1-NEW.png\",\"@id\":\"https:\\\/\\\/droix.eu\\\/da\\\/product\\\/gpd-duo-beskyttelsesetui\\\/#productImage\",\"width\":1500,\"height\":1500,\"caption\":\"Et sort beskyttende etui med h\\u00e5ndtag designet til GPD DUO, med et slankt design og en aftagelig skulderrem. GPD-logoet er synligt i det nederste hj\\u00f8rne.\"},\"offers\":{\"@type\":\"Offer\",\"url\":\"https:\\\/\\\/droix.eu\\\/da\\\/product\\\/gpd-duo-beskyttelsesetui\\\/#wooCommerceOffer\",\"price\":41.76,\"priceCurrency\":\"EUR\",\"category\":\"Tilbeh\\u00f8r\",\"availability\":\"https:\\\/\\\/schema.org\\\/InStock\",\"priceSpecification\":{\"@type\":\"PriceSpecification\",\"price\":41.76,\"priceCurrency\":\"EUR\",\"valueAddedTaxIncluded\":\"true\"},\"seller\":{\"@type\":\"Organization\",\"@id\":\"https:\\\/\\\/droix.eu\\\/da\\\/#organization\"}}},{\"@type\":\"WebPage\",\"@id\":\"https:\\\/\\\/droix.eu\\\/da\\\/product\\\/gpd-duo-beskyttelsesetui\\\/#webpage\",\"url\":\"https:\\\/\\\/droix.eu\\\/da\\\/product\\\/gpd-duo-beskyttelsesetui\\\/\",\"name\":\"GPD DUO beskyttelsesetui - DROIX EU\",\"description\":\"Officielt GPD-produkt Designet specielt til GPD DUO Slidst\\u00e6rkt stof p\\u00e5 ydersiden giver bedre beskyttelse Bl\\u00f8dt, polstret indre for at forhindre ridser og slag Inkluderer b\\u00e5de dobbelte h\\u00e5ndtag og en justerbar skulderrem for alsidige b\\u00e6remuligheder\",\"inLanguage\":\"da-DK\",\"isPartOf\":{\"@id\":\"https:\\\/\\\/droix.eu\\\/da\\\/#website\"},\"breadcrumb\":{\"@id\":\"https:\\\/\\\/droix.eu\\\/da\\\/product\\\/gpd-duo-beskyttelsesetui\\\/#breadcrumblist\"},\"image\":{\"@type\":\"ImageObject\",\"url\":\"https:\\\/\\\/droix.eu\\\/wp-content\\\/uploads\\\/2024\\\/11\\\/GPD_DUO-PROTECTIVE_CASE-LISTING-DONE-IMAGE-1-NEW.png\",\"@id\":\"https:\\\/\\\/droix.eu\\\/da\\\/product\\\/gpd-duo-beskyttelsesetui\\\/#mainImage\",\"width\":1500,\"height\":1500,\"caption\":\"Et sort beskyttende etui med h\\u00e5ndtag designet til GPD DUO, med et slankt design og en aftagelig skulderrem. GPD-logoet er synligt i det nederste hj\\u00f8rne.\"},\"primaryImageOfPage\":{\"@id\":\"https:\\\/\\\/droix.eu\\\/da\\\/product\\\/gpd-duo-beskyttelsesetui\\\/#mainImage\"},\"datePublished\":\"2024-11-21T09:20:21+00:00\",\"dateModified\":\"2026-04-08T10:38:22+01:00\"},{\"@type\":\"WebSite\",\"@id\":\"https:\\\/\\\/droix.eu\\\/da\\\/#website\",\"url\":\"https:\\\/\\\/droix.eu\\\/da\\\/\",\"name\":\"DROIX EU\",\"description\":\"Get the latest Mini PCs, Ultrabook, PC Gaming Handhelds and more!\",\"inLanguage\":\"da-DK\",\"publisher\":{\"@id\":\"https:\\\/\\\/droix.eu\\\/da\\\/#organization\"}}]}\n\t\t<\/script>\n\t\t<!-- All in One SEO Pro -->\r\n\t\t<title>GPD DUO beskyttelsesetui - DROIX EU<\/title>\n\n","aioseo_head_json":{"title":"GPD DUO beskyttelsesetui - DROIX EU","description":"Officielt GPD-produkt Designet specielt til GPD DUO Slidst\u00e6rkt stof p\u00e5 ydersiden giver bedre beskyttelse Bl\u00f8dt, polstret indre for at forhindre ridser og slag Inkluderer b\u00e5de dobbelte h\u00e5ndtag og en justerbar skulderrem for alsidige b\u00e6remuligheder","canonical_url":"https:\/\/droix.eu\/da\/product\/gpd-duo-beskyttelsesetui\/","robots":"max-image-preview:large","keywords":"","webmasterTools":{"miscellaneous":""},"schema":{"@context":"https:\/\/schema.org","@graph":[{"@type":"BreadcrumbList","@id":"https:\/\/droix.eu\/da\/product\/gpd-duo-beskyttelsesetui\/#breadcrumblist","itemListElement":[{"@type":"ListItem","@id":"https:\/\/droix.eu\/da\/#listItem","position":1,"name":"Home","item":"https:\/\/droix.eu\/da\/","nextItem":{"@type":"ListItem","@id":"https:\/\/droix.eu\/da\/product-category\/tilbehor\/#listItem","name":"Tilbeh\u00f8r"}},{"@type":"ListItem","@id":"https:\/\/droix.eu\/da\/product-category\/tilbehor\/#listItem","position":2,"name":"Tilbeh\u00f8r","item":"https:\/\/droix.eu\/da\/product-category\/tilbehor\/","nextItem":{"@type":"ListItem","@id":"https:\/\/droix.eu\/da\/product-category\/tilbehor\/tilbehor-til-baerbare-computere\/#listItem","name":"Tilbeh\u00f8r til b\u00e6rbare computere"},"previousItem":{"@type":"ListItem","@id":"https:\/\/droix.eu\/da\/#listItem","name":"Home"}},{"@type":"ListItem","@id":"https:\/\/droix.eu\/da\/product-category\/tilbehor\/tilbehor-til-baerbare-computere\/#listItem","position":3,"name":"Tilbeh\u00f8r til b\u00e6rbare computere","item":"https:\/\/droix.eu\/da\/product-category\/tilbehor\/tilbehor-til-baerbare-computere\/","nextItem":{"@type":"ListItem","@id":"https:\/\/droix.eu\/da\/product\/gpd-duo-beskyttelsesetui\/#listItem","name":"GPD DUO beskyttelsesetui"},"previousItem":{"@type":"ListItem","@id":"https:\/\/droix.eu\/da\/product-category\/tilbehor\/#listItem","name":"Tilbeh\u00f8r"}},{"@type":"ListItem","@id":"https:\/\/droix.eu\/da\/product\/gpd-duo-beskyttelsesetui\/#listItem","position":4,"name":"GPD DUO beskyttelsesetui","previousItem":{"@type":"ListItem","@id":"https:\/\/droix.eu\/da\/product-category\/tilbehor\/tilbehor-til-baerbare-computere\/#listItem","name":"Tilbeh\u00f8r til b\u00e6rbare computere"}}]},{"@type":"Organization","@id":"https:\/\/droix.eu\/da\/#organization","name":"DroiX \u2013 Trusted EU Tech Retailer with 12+ Years Experience","description":"DroiX is a leading European technology retailer with over 12 years of experience, offering quality mini PCs, handheld gaming consoles, and tech accessories. We provide hassle-free EU delivery with all taxes included, ensuring a smooth and reliable shopping experience for our customers across Europe.","url":"https:\/\/droix.eu\/da\/","logo":{"@type":"ImageObject","url":"https:\/\/droix.eu\/wp-content\/uploads\/2024\/06\/droix-v2-light-logo.png","@id":"https:\/\/droix.eu\/da\/product\/gpd-duo-beskyttelsesetui\/#organizationLogo","width":380,"height":118},"image":{"@id":"https:\/\/droix.eu\/da\/product\/gpd-duo-beskyttelsesetui\/#organizationLogo"},"sameAs":["https:\/\/www.facebook.com\/DroiX.Store","https:\/\/twitter.com\/DroiX_Store","https:\/\/www.instagram.com\/droix.store\/","https:\/\/www.tiktok.com\/@droix.store","https:\/\/www.youtube.com\/c\/DroiX_Store","https:\/\/uk.linkedin.com\/company\/droix"]},{"@type":"Product","@id":"https:\/\/droix.eu\/da\/product\/gpd-duo-beskyttelsesetui\/#wooCommerceProduct","name":"GPD DUO beskyttelsesetui","description":"Officielt GPD-produkt \nDesignet specielt til GPD DUO\nSlidst\u00e6rkt stof p\u00e5 ydersiden giver bedre beskyttelse\nBl\u00f8dt, polstret indre for at forhindre ridser og slag\nInkluderer b\u00e5de dobbelte h\u00e5ndtag og en justerbar skulderrem for alsidige b\u00e6remuligheder","url":"https:\/\/droix.eu\/da\/product\/gpd-duo-beskyttelsesetui\/","sku":"GPD-DUO-CASE","gtin":"5061077630397","image":{"@type":"ImageObject","url":"https:\/\/droix.eu\/wp-content\/uploads\/2024\/11\/GPD_DUO-PROTECTIVE_CASE-LISTING-DONE-IMAGE-1-NEW.png","@id":"https:\/\/droix.eu\/da\/product\/gpd-duo-beskyttelsesetui\/#productImage","width":1500,"height":1500,"caption":"Et sort beskyttende etui med h\u00e5ndtag designet til GPD DUO, med et slankt design og en aftagelig skulderrem. GPD-logoet er synligt i det nederste hj\u00f8rne."},"offers":{"@type":"Offer","url":"https:\/\/droix.eu\/da\/product\/gpd-duo-beskyttelsesetui\/#wooCommerceOffer","price":41.76,"priceCurrency":"EUR","category":"Tilbeh\u00f8r","availability":"https:\/\/schema.org\/InStock","priceSpecification":{"@type":"PriceSpecification","price":41.76,"priceCurrency":"EUR","valueAddedTaxIncluded":"true"},"seller":{"@type":"Organization","@id":"https:\/\/droix.eu\/da\/#organization"}}},{"@type":"WebPage","@id":"https:\/\/droix.eu\/da\/product\/gpd-duo-beskyttelsesetui\/#webpage","url":"https:\/\/droix.eu\/da\/product\/gpd-duo-beskyttelsesetui\/","name":"GPD DUO beskyttelsesetui - DROIX EU","description":"Officielt GPD-produkt Designet specielt til GPD DUO Slidst\u00e6rkt stof p\u00e5 ydersiden giver bedre beskyttelse Bl\u00f8dt, polstret indre for at forhindre ridser og slag Inkluderer b\u00e5de dobbelte h\u00e5ndtag og en justerbar skulderrem for alsidige b\u00e6remuligheder","inLanguage":"da-DK","isPartOf":{"@id":"https:\/\/droix.eu\/da\/#website"},"breadcrumb":{"@id":"https:\/\/droix.eu\/da\/product\/gpd-duo-beskyttelsesetui\/#breadcrumblist"},"image":{"@type":"ImageObject","url":"https:\/\/droix.eu\/wp-content\/uploads\/2024\/11\/GPD_DUO-PROTECTIVE_CASE-LISTING-DONE-IMAGE-1-NEW.png","@id":"https:\/\/droix.eu\/da\/product\/gpd-duo-beskyttelsesetui\/#mainImage","width":1500,"height":1500,"caption":"Et sort beskyttende etui med h\u00e5ndtag designet til GPD DUO, med et slankt design og en aftagelig skulderrem. GPD-logoet er synligt i det nederste hj\u00f8rne."},"primaryImageOfPage":{"@id":"https:\/\/droix.eu\/da\/product\/gpd-duo-beskyttelsesetui\/#mainImage"},"datePublished":"2024-11-21T09:20:21+00:00","dateModified":"2026-04-08T10:38:22+01:00"},{"@type":"WebSite","@id":"https:\/\/droix.eu\/da\/#website","url":"https:\/\/droix.eu\/da\/","name":"DROIX EU","description":"Get the latest Mini PCs, Ultrabook, PC Gaming Handhelds and more!","inLanguage":"da-DK","publisher":{"@id":"https:\/\/droix.eu\/da\/#organization"}}]},"og:locale":"da_DK","og:site_name":"DROIX EU - Get the latest Mini PCs, Ultrabook, PC Gaming Handhelds and more!","og:type":"article","og:title":"GPD DUO beskyttelsesetui - DROIX EU","og:description":"Officielt GPD-produkt Designet specielt til GPD DUO Slidst\u00e6rkt stof p\u00e5 ydersiden giver bedre beskyttelse Bl\u00f8dt, polstret indre for at forhindre ridser og slag Inkluderer b\u00e5de dobbelte h\u00e5ndtag og en justerbar skulderrem for alsidige b\u00e6remuligheder","og:url":"https:\/\/droix.eu\/da\/product\/gpd-duo-beskyttelsesetui\/","og:image":"https:\/\/droix.eu\/wp-content\/uploads\/2024\/06\/droix-v2-light-logo.png","og:image:secure_url":"https:\/\/droix.eu\/wp-content\/uploads\/2024\/06\/droix-v2-light-logo.png","og:image:width":380,"og:image:height":118,"article:published_time":"2024-11-21T09:20:21+00:00","article:modified_time":"2026-04-08T09:38:22+00:00","article:publisher":"https:\/\/www.facebook.com\/DroiX.Store","twitter:card":"summary_large_image","twitter:site":"@DroiX_Store","twitter:title":"GPD DUO beskyttelsesetui - DROIX EU","twitter:description":"Officielt GPD-produkt Designet specielt til GPD DUO Slidst\u00e6rkt stof p\u00e5 ydersiden giver bedre beskyttelse Bl\u00f8dt, polstret indre for at forhindre ridser og slag Inkluderer b\u00e5de dobbelte h\u00e5ndtag og en justerbar skulderrem for alsidige b\u00e6remuligheder","twitter:image":"https:\/\/droix.eu\/wp-content\/uploads\/2024\/06\/droix-v2-light-logo.png"},"aioseo_meta_data":{"post_id":"506472","title":null,"description":null,"keywords":null,"keyphrases":{"focus":{"keyphrase":"","score":0,"analysis":{"keyphraseInTitle":{"score":0,"maxScore":9,"error":1}}},"additional":[]},"primary_term":null,"canonical_url":null,"og_title":null,"og_description":null,"og_object_type":"default","og_image_type":"default","og_image_url":null,"og_image_width":null,"og_image_height":null,"og_image_custom_url":null,"og_image_custom_fields":null,"og_video":"","og_custom_url":null,"og_article_section":null,"og_article_tags":null,"twitter_use_og":true,"twitter_card":"default","twitter_image_type":"default","twitter_image_url":null,"twitter_image_custom_url":null,"twitter_image_custom_fields":null,"twitter_title":null,"twitter_description":null,"schema":{"blockGraphs":[],"customGraphs":[],"default":{"data":{"Article":[],"Course":[],"Dataset":[],"FAQPage":[],"Movie":[],"Person":[],"Product":[],"ProductReview":[],"Car":[],"Recipe":[],"Service":[],"SoftwareApplication":[],"WebPage":[]},"graphName":"Product","isEnabled":true},"graphs":[]},"schema_type":"default","schema_type_options":null,"pillar_content":false,"robots_default":true,"robots_noindex":false,"robots_noarchive":false,"robots_nosnippet":false,"robots_nofollow":false,"robots_noimageindex":false,"robots_noodp":false,"robots_notranslate":false,"robots_max_snippet":"-1","robots_max_videopreview":"-1","robots_max_imagepreview":"large","priority":null,"frequency":"default","local_seo":null,"seo_analyzer_scan_date":"2026-04-08 11:53:18","breadcrumb_settings":null,"limit_modified_date":false,"reviewed_by":null,"open_ai":null,"ai":{"faqs":[],"keyPoints":[],"titles":[],"descriptions":[],"socialPosts":{"email":[],"linkedin":[],"twitter":[],"facebook":[],"instagram":[]}},"created":"2025-10-09 06:33:46","updated":"2026-04-08 11:53:18"},"aioseo_breadcrumb":"<div class=\"aioseo-breadcrumbs\"><span class=\"aioseo-breadcrumb\">\n\t<a href=\"https:\/\/droix.eu\/da\/\" title=\"Home\">Home<\/a>\n<\/span><span class=\"aioseo-breadcrumb-separator\">&raquo;<\/span><span class=\"aioseo-breadcrumb\">\n\t<a href=\"https:\/\/droix.eu\/da\/product-category\/tilbehor\/\" title=\"Tilbeh\u00f8r\">Tilbeh\u00f8r<\/a>\n<\/span><span class=\"aioseo-breadcrumb-separator\">&raquo;<\/span><span class=\"aioseo-breadcrumb\">\n\t<a href=\"https:\/\/droix.eu\/da\/product-category\/tilbehor\/tilbehor-til-baerbare-computere\/\" title=\"Tilbeh\u00f8r til b\u00e6rbare computere\">Tilbeh\u00f8r til b\u00e6rbare computere<\/a>\n<\/span><span class=\"aioseo-breadcrumb-separator\">&raquo;<\/span><span class=\"aioseo-breadcrumb\">\n\tGPD DUO beskyttelsesetui\n<\/span><\/div>","aioseo_breadcrumb_json":[{"label":"Home","link":"https:\/\/droix.eu\/da\/"},{"label":"Tilbeh\u00f8r","link":"https:\/\/droix.eu\/da\/product-category\/tilbehor\/"},{"label":"Tilbeh\u00f8r til b\u00e6rbare computere","link":"https:\/\/droix.eu\/da\/product-category\/tilbehor\/tilbehor-til-baerbare-computere\/"},{"label":"GPD DUO beskyttelsesetui","link":"https:\/\/droix.eu\/da\/product\/gpd-duo-beskyttelsesetui\/"}],"_links":{"self":[{"href":"https:\/\/droix.eu\/da\/wp-json\/wp\/v2\/product\/506472","targetHints":{"allow":["GET"]}}],"collection":[{"href":"https:\/\/droix.eu\/da\/wp-json\/wp\/v2\/product"}],"about":[{"href":"https:\/\/droix.eu\/da\/wp-json\/wp\/v2\/types\/product"}],"version-history":[{"count":0,"href":"https:\/\/droix.eu\/da\/wp-json\/wp\/v2\/product\/506472\/revisions"}],"wp:featuredmedia":[{"embeddable":true,"href":"https:\/\/droix.eu\/da\/wp-json\/wp\/v2\/media\/495332"}],"wp:attachment":[{"href":"https:\/\/droix.eu\/da\/wp-json\/wp\/v2\/media?parent=506472"}],"wp:term":[{"taxonomy":"product_brand","embeddable":true,"href":"https:\/\/droix.eu\/da\/wp-json\/wp\/v2\/product_brand?post=506472"},{"taxonomy":"product_cat","embeddable":true,"href":"https:\/\/droix.eu\/da\/wp-json\/wp\/v2\/product_cat?post=506472"},{"taxonomy":"product_tag","embeddable":true,"href":"https:\/\/droix.eu\/da\/wp-json\/wp\/v2\/product_tag?post=506472"},{"taxonomy":"woo-feed-brand","embeddable":true,"href":"https:\/\/droix.eu\/da\/wp-json\/wp\/v2\/woo-feed-brand?post=506472"},{"taxonomy":"key-features","embeddable":true,"href":"https:\/\/droix.eu\/da\/wp-json\/wp\/v2\/key-features?post=506472"}],"curies":[{"name":"wp","href":"https:\/\/api.w.org\/{rel}","templated":true}]}}