{"id":503888,"date":"2023-05-02T16:38:01","date_gmt":"2023-05-02T15:38:01","guid":{"rendered":"https:\/\/droix.eu\/lager-betaling-og-levering\/"},"modified":"2025-04-23T01:11:37","modified_gmt":"2025-04-23T00:11:37","slug":"lager-betaling-og-levering","status":"publish","type":"page","link":"https:\/\/droix.eu\/da\/lager-betaling-og-levering\/","title":{"rendered":"Lager, betaling og levering"},"content":{"rendered":"\n<p>Vi er glade for at kunne meddele, at <strong>DROIX <\/strong>nu tilbyder endnu hurtigere og mere overkommelige forsendelsesmuligheder til alle dine elektroniske behov. Vores forpligtelse til at give dig enest\u00e5ende kundeservice str\u00e6kker sig til at sikre, at du modtager dine ordrer s\u00e5 hurtigt og effektivt som muligt uden at spr\u00e6nge banken. <\/p>\n\n<p>Hos <strong>DROIX<\/strong> forst\u00e5r vi, hvor vigtigt det er med fleksibilitet, n\u00e5r det g\u00e6lder betaling. Derfor er vi stolte af at acceptere betaling i alle st\u00f8rre valutaer og metoder, herunder kreditkort, betalingskort, PayPal, BNPL-ordninger og meget mere, for at g\u00f8re din shoppingoplevelse problemfri og bekvem. <\/p>\n\n<p>For yderligere at forbedre vores service sender vi ordrer fra vores strategisk placerede lagre i Storbritannien, Europa og USA. Det giver os mulighed for at levere dine indk\u00f8b p\u00e5 kortest mulig tid og samtidig minimere forsendelsesomkostningerne. <\/p>\n\n<p>Derudover arbejder vi konstant p\u00e5 at udvide vores forsendelsesmuligheder og forhandle bedre aftaler med vores forsendelsespartnere for at reducere omkostningerne. Vores m\u00e5l er at give disse besparelser videre til dig og g\u00f8re vores produkter endnu mere tilg\u00e6ngelige for kunder over hele verden. <\/p>\n\n<h2 class=\"wp-block-heading\">Information om aktier<\/h2>\n\n<p>Hos <strong>DROIX<\/strong> bestr\u00e6ber vi os p\u00e5 at holde dig informeret om tilg\u00e6ngeligheden af vores produkter. For at hj\u00e6lpe dig med bedre at forst\u00e5 de forskellige lagerstatusser p\u00e5 vores hjemmeside, har vi givet en kort forklaring p\u00e5 hver enkelt: <\/p>\n\n<ul class=\"wp-block-list\">\n<li><strong>P\u00e5 lager:<\/strong> N\u00e5r et produkt er markeret som &#8220;P\u00e5 lager&#8221;, betyder det, at vi i \u00f8jeblikket har varen p\u00e5 vores lager, og at den er klar til at blive sendt. Ordrer p\u00e5 lagervarer behandles og afsendes typisk inden for kort tid, s\u00e5 du er sikker p\u00e5 at modtage dine produkter s\u00e5 hurtigt som muligt. <\/li>\n\n\n\n<li><strong>I restordre:<\/strong> Hvis et produkt er angivet som &#8220;I restordre&#8221;, betyder det, at varen er blevet officielt lanceret, men at vi i \u00f8jeblikket ikke har den p\u00e5 lager. Du kan v\u00e6re sikker p\u00e5, at vi sender din ordre, s\u00e5 snart vi modtager nye varer fra producenterne. Genopfyldningsdatoen er normalt angivet p\u00e5 produktsiden, hvilket giver dig et sk\u00f8n over, hvorn\u00e5r du kan forvente, at din ordre bliver afsendt.  <\/li>\n\n\n\n<li><strong>Forudbestilling:<\/strong> N\u00e5r du ser et produkt markeret som &#8220;Pre-Order&#8221;, betyder det, at varen ikke er officielt lanceret endnu. Ved at afgive en forudbestilling reserverer du produktet og sikrer, at du er blandt de f\u00f8rste til at modtage det, n\u00e5r det er lanceret, og vi har det p\u00e5 lager.  Vi sender forudbestilte varer til kunderne, s\u00e5 snart produktet bliver tilg\u00e6ngeligt.<\/li>\n<\/ul>\n\n<p>Hvis du har sp\u00f8rgsm\u00e5l om, hvorvidt varen er p\u00e5 lager, skal du bare hoppe p\u00e5 vores <strong>Live Chat<\/strong> eller sende os en e-mail p\u00e5 <strong><a>support@droix.co.uk<\/a><\/strong>s\u00e5 hj\u00e6lper vi mere end gerne.<\/p>\n\n<h2 class=\"wp-block-heading\">Betaling<\/h2>\n\n<p>Hos <strong>DROIX<\/strong> forst\u00e5r vi, hvor vigtigt det er at tilbyde fleksible og sikre betalingsmuligheder for at sikre en problemfri shoppingoplevelse. Derfor er vi stolte af at acceptere en bred vifte af betalingsmetoder, der im\u00f8dekommer dine individuelle pr\u00e6ferencer og sikrer en problemfri betalingsproces. <\/p>\n\n<p>Vi tager gerne imod alle st\u00f8rre debet- og kreditkort, herunder:<\/p>\n\n<ul class=\"wp-block-list\">\n<li><strong>Apple Pay:<\/strong> Foretag sikre og kontaktl\u00f8se betalinger med dine Apple-enheder.<\/li>\n\n\n\n<li><strong>Mastercard:<\/strong> Betal trygt med dit betroede Mastercard debet- eller kreditkort.<\/li>\n\n\n\n<li><strong>Visa:<\/strong> Stol p\u00e5 den globale r\u00e6kkevidde og sikkerhed af dit Visa debet- eller kreditkort.<\/li>\n<\/ul>\n\n<p>Ud over debet- og kreditkort accepterer vi ogs\u00e5 <strong>PayPal<\/strong>, en bredt anerkendt og sikker online betalingsplatform. Med PayPal kan du handle trygt og vide, at dine finansielle oplysninger er beskyttet med avanceret krypteringsteknologi. <\/p>\n\n<p>Ved at tilbyde flere betalingsmuligheder tilstr\u00e6ber vi at give dig den fleksibilitet og bekvemmelighed, du fortjener, n\u00e5r du handler hos <strong>DROIX<\/strong>. Hvis du har sp\u00f8rgsm\u00e5l eller brug for hj\u00e6lp med betalingsprocessen, er du velkommen til at kontakte vores dedikerede kundesupportteam. <\/p>\n\n<h2 class=\"wp-block-heading\">Forsendelse og skat<\/h2>\n\n<p>Vi er glade for at kunne informere dig om, at alle <strong>DROIX-ordrer <\/strong>udelukkende sendes fra vores lager i Storbritannien, som ligger p\u00e5 54C Expressway, N Woolwich Rd, London, E16 2AA, Storbritannien. Selv om produktsiderne kan henvise til internationale leveringsmuligheder, skal du v\u00e6re opm\u00e6rksom p\u00e5, at <strong>alle varer afsendes fra Storbritannien<\/strong>, uanset destinationen. Vi har ingen leveringscentre i EU eller USA. Alle internationale ordrer sendes fra Storbritannien og kan v\u00e6re underlagt importafgifter og skatter, som beregnes ved kassen (hvor det er relevant). Vores logistikteam er forpligtet til at sikre effektiv og rettidig forsendelse over hele verden fra vores base i Storbritannien.    <\/p>\n\n<ul class=\"wp-block-list\">\n<li><strong>Skatter er inkluderet:<\/strong> Alle priser p\u00e5 vores hjemmeside er inklusive g\u00e6ldende skatter og afgifter, hvilket g\u00f8r din betalingsoplevelse gennemsigtig og bekymringsfri.<\/li>\n\n\n\n<li><strong>Importafgifter:<\/strong> Kunder fra Storbritannien og USA vil ikke blive p\u00e5lagt yderligere importafgifter. For kunder uden for disse regioner vil de fleste varer ogs\u00e5 blive sendt med betalte skatter. Dette vil blive n\u00e6vnt p\u00e5 hver produktside for at sikre, at der ikke opst\u00e5r skjulte overraskelser under leveringen.  \n<ul class=\"wp-block-list\">\n<li>N\u00e5r du gennemf\u00f8rer dit k\u00f8b, giver du DROIX tilladelse til at betale disse importskatter og afgifter p\u00e5 dine vegne p\u00e5 indgangsstedet. Disse bel\u00f8b betales direkte til dit lands toldmyndigheder og kan derfor ikke refunderes under nogen omst\u00e6ndigheder, herunder afviste eller returnerede ordrer. <\/li>\n\n\n\n<li>S\u00f8rg for, at du er bekendt med dit lands importregler, f\u00f8r du afgiver en ordre, da vi ikke kan inddrive eller refundere importgebyrer, n\u00e5r de er sendt til tolden.<\/li>\n<\/ul>\n<\/li>\n<\/ul>\n\n<p><strong>DROIX <\/strong>sender stolt til f\u00f8lgende lande:<\/p>\n\n<ul class=\"wp-block-list\">\n<li>Det Forenede Kongerige<\/li>\n\n\n\n<li>Albanien<\/li>\n\n\n\n<li>Andorra<\/li>\n\n\n\n<li>\u00d8strig<\/li>\n\n\n\n<li>Belgien<\/li>\n\n\n\n<li>Bosnien-Hercegovina<\/li>\n\n\n\n<li>Bulgarien<\/li>\n\n\n\n<li>Canada<\/li>\n\n\n\n<li>Kroatien<\/li>\n\n\n\n<li>Tjekkiet<\/li>\n\n\n\n<li>Danmark<\/li>\n\n\n\n<li>Estland<\/li>\n\n\n\n<li>Finland<\/li>\n\n\n\n<li>Frankrig<\/li>\n\n\n\n<li>Tyskland<\/li>\n\n\n\n<li>Gr\u00e6kenland<\/li>\n\n\n\n<li>Ungarn<\/li>\n\n\n\n<li>Island<\/li>\n\n\n\n<li>Irland<\/li>\n\n\n\n<li>Italien<\/li>\n\n\n\n<li>Letland<\/li>\n\n\n\n<li>Litauen<\/li>\n\n\n\n<li>Luxembourg<\/li>\n\n\n\n<li>Malta<\/li>\n\n\n\n<li>Moldova<\/li>\n\n\n\n<li>Montenegro<\/li>\n\n\n\n<li>Holland<\/li>\n\n\n\n<li>Norge<\/li>\n\n\n\n<li>Polen<\/li>\n\n\n\n<li>Portugal<\/li>\n\n\n\n<li>Rum\u00e6nien<\/li>\n\n\n\n<li>Serbien<\/li>\n\n\n\n<li>Slovakiet<\/li>\n\n\n\n<li>Slovenien<\/li>\n\n\n\n<li>Spanien<\/li>\n\n\n\n<li>Sverige<\/li>\n\n\n\n<li>Schweiz<\/li>\n\n\n\n<li>USA<\/li>\n<\/ul>\n\n<p>Vi tilbyder forskellige forsendelsesmetoder baseret p\u00e5 varens klasse. High-end-produkter kan kun sendes via <strong>DHL Express<\/strong> for at sikre en sikker og hurtig levering. Vores tilg\u00e6ngelige forsendelsesmuligheder omfatter <strong>DHL Express<\/strong>, <strong>DPD<\/strong>, <strong>GlobalMail<\/strong> og <strong>Royal Mail<\/strong>.  <\/p>\n\n<p>Vi h\u00e5ber, at disse oplysninger tydeligg\u00f8r vores forsendelsespolitikker og -procedurer. Hvis du har yderligere sp\u00f8rgsm\u00e5l eller bekymringer, bedes du kontakte vores kundesupportteam for at f\u00e5 hj\u00e6lp. <\/p>\n\n<h4 class=\"wp-block-heading\"><strong>Forsendelsesomkostninger og sporing<\/strong><\/h4>\n\n<p><strong>Sporing af ordrer:<\/strong> Vi sender alle vores ordrer via sporede metoder, og en e-mail med dit sporingsnummer vil blive sendt ud, n\u00e5r vi har sendt din ordre.<\/p>\n\n<p><strong>Forsendelsesomkostninger:<\/strong> Forsendelsesomkostningerne beregnes ud fra varens v\u00e6gt, v\u00e6rdi og destination med en minimumsforsendelsesomkostning p\u00e5 \u00a310,11. For at f\u00e5 en n\u00f8jagtig beregning skal du l\u00e6gge den vare, du \u00f8nsker at k\u00f8be, i kurven og indtaste din adresse ved kassen. <\/p>\n\n<p>Hvis du har sp\u00f8rgsm\u00e5l til din ordre eller din sporing, er du velkommen til at <a href=\"https:\/\/droix.eu\/da\/kontakt-os\/\" target=\"_blank\" rel=\"noreferrer noopener\" data-type=\"page\" data-id=\"10257\">kontakte os<\/a>.<\/p>\n","protected":false},"excerpt":{"rendered":"<p>Vi er glade for at kunne meddele, at DROIX nu tilbyder endnu hurtigere og mere overkommelige forsendelsesmuligheder til alle dine elektroniske behov. Vores forpligtelse til at give dig enest\u00e5ende kundeservice str\u00e6kker sig til at sikre, at du modtager dine ordrer s\u00e5 hurtigt og effektivt som muligt uden at spr\u00e6nge banken. Hos DROIX forst\u00e5r vi, hvor [&hellip;]<\/p>\n","protected":false},"author":2,"featured_media":0,"parent":0,"menu_order":0,"comment_status":"closed","ping_status":"closed","template":"","meta":{"_acf_changed":false,"footnotes":""},"class_list":["post-503888","page","type-page","status-publish","hentry"],"acf":[],"aioseo_notices":[],"aioseo_head":"\n\t\t<!-- All in One SEO Pro 4.9.6.2 - aioseo.com -->\n\t<meta name=\"description\" content=\"Vi er glade for at kunne meddele, at DROIX nu tilbyder endnu hurtigere og mere overkommelige forsendelsesmuligheder til alle dine elektroniske behov. Vores forpligtelse til at give dig enest\u00e5ende kundeservice str\u00e6kker sig til at sikre, at du modtager dine ordrer s\u00e5 hurtigt og effektivt som muligt uden at spr\u00e6nge banken. Hos DROIX forst\u00e5r vi, hvor\" \/>\n\t<meta name=\"robots\" content=\"max-image-preview:large\" \/>\n\t<link rel=\"canonical\" href=\"https:\/\/droix.eu\/da\/lager-betaling-og-levering\/\" \/>\n\t<meta name=\"generator\" content=\"All in One SEO Pro (AIOSEO) 4.9.6.2\" \/>\n\t\t<meta property=\"og:locale\" content=\"da_DK\" \/>\n\t\t<meta property=\"og:site_name\" content=\"DROIX EU - Get the latest Mini PCs, Ultrabook, PC Gaming Handhelds and more!\" \/>\n\t\t<meta property=\"og:type\" content=\"article\" \/>\n\t\t<meta property=\"og:title\" content=\"Lager, betaling og levering - DROIX EU\" \/>\n\t\t<meta property=\"og:description\" content=\"Vi er glade for at kunne meddele, at DROIX nu tilbyder endnu hurtigere og mere overkommelige forsendelsesmuligheder til alle dine elektroniske behov. Vores forpligtelse til at give dig enest\u00e5ende kundeservice str\u00e6kker sig til at sikre, at du modtager dine ordrer s\u00e5 hurtigt og effektivt som muligt uden at spr\u00e6nge banken. Hos DROIX forst\u00e5r vi, hvor\" \/>\n\t\t<meta property=\"og:url\" content=\"https:\/\/droix.eu\/da\/lager-betaling-og-levering\/\" \/>\n\t\t<meta property=\"og:image\" content=\"https:\/\/droix.eu\/wp-content\/uploads\/2024\/06\/droix-v2-light-logo.png\" \/>\n\t\t<meta property=\"og:image:secure_url\" content=\"https:\/\/droix.eu\/wp-content\/uploads\/2024\/06\/droix-v2-light-logo.png\" \/>\n\t\t<meta property=\"og:image:width\" content=\"380\" \/>\n\t\t<meta property=\"og:image:height\" content=\"118\" \/>\n\t\t<meta property=\"article:published_time\" content=\"2023-05-02T15:38:01+00:00\" \/>\n\t\t<meta property=\"article:modified_time\" content=\"2025-04-23T00:11:37+00:00\" \/>\n\t\t<meta property=\"article:publisher\" content=\"https:\/\/www.facebook.com\/DroiX.Store\" \/>\n\t\t<meta name=\"twitter:card\" content=\"summary_large_image\" \/>\n\t\t<meta name=\"twitter:site\" content=\"@DroiX_Store\" \/>\n\t\t<meta name=\"twitter:title\" content=\"Lager, betaling og levering - DROIX EU\" \/>\n\t\t<meta name=\"twitter:description\" content=\"Vi er glade for at kunne meddele, at DROIX nu tilbyder endnu hurtigere og mere overkommelige forsendelsesmuligheder til alle dine elektroniske behov. Vores forpligtelse til at give dig enest\u00e5ende kundeservice str\u00e6kker sig til at sikre, at du modtager dine ordrer s\u00e5 hurtigt og effektivt som muligt uden at spr\u00e6nge banken. Hos DROIX forst\u00e5r vi, hvor\" \/>\n\t\t<meta name=\"twitter:creator\" content=\"@DroiX_Store\" \/>\n\t\t<meta name=\"twitter:image\" content=\"https:\/\/droix.eu\/wp-content\/uploads\/2024\/06\/droix-v2-light-logo.png\" \/>\n\t\t<script type=\"application\/ld+json\" class=\"aioseo-schema\">\n\t\t\t{\"@context\":\"https:\\\/\\\/schema.org\",\"@graph\":[{\"@type\":\"BreadcrumbList\",\"@id\":\"https:\\\/\\\/droix.eu\\\/da\\\/lager-betaling-og-levering\\\/#breadcrumblist\",\"itemListElement\":[{\"@type\":\"ListItem\",\"@id\":\"https:\\\/\\\/droix.eu\\\/da\\\/#listItem\",\"position\":1,\"name\":\"Home\",\"item\":\"https:\\\/\\\/droix.eu\\\/da\\\/\",\"nextItem\":{\"@type\":\"ListItem\",\"@id\":\"https:\\\/\\\/droix.eu\\\/da\\\/lager-betaling-og-levering\\\/#listItem\",\"name\":\"Lager, betaling og levering\"}},{\"@type\":\"ListItem\",\"@id\":\"https:\\\/\\\/droix.eu\\\/da\\\/lager-betaling-og-levering\\\/#listItem\",\"position\":2,\"name\":\"Lager, betaling og levering\",\"previousItem\":{\"@type\":\"ListItem\",\"@id\":\"https:\\\/\\\/droix.eu\\\/da\\\/#listItem\",\"name\":\"Home\"}}]},{\"@type\":\"Organization\",\"@id\":\"https:\\\/\\\/droix.eu\\\/da\\\/#organization\",\"name\":\"DroiX \\u2013 Trusted EU Tech Retailer with 12+ Years Experience\",\"description\":\"DroiX is a leading European technology retailer with over 12 years of experience, offering quality mini PCs, handheld gaming consoles, and tech accessories. We provide hassle-free EU delivery with all taxes included, ensuring a smooth and reliable shopping experience for our customers across Europe.\",\"url\":\"https:\\\/\\\/droix.eu\\\/da\\\/\",\"logo\":{\"@type\":\"ImageObject\",\"url\":\"https:\\\/\\\/droix.eu\\\/wp-content\\\/uploads\\\/2024\\\/06\\\/droix-v2-light-logo.png\",\"@id\":\"https:\\\/\\\/droix.eu\\\/da\\\/lager-betaling-og-levering\\\/#organizationLogo\",\"width\":380,\"height\":118},\"image\":{\"@id\":\"https:\\\/\\\/droix.eu\\\/da\\\/lager-betaling-og-levering\\\/#organizationLogo\"},\"sameAs\":[\"https:\\\/\\\/www.facebook.com\\\/DroiX.Store\",\"https:\\\/\\\/twitter.com\\\/DroiX_Store\",\"https:\\\/\\\/www.instagram.com\\\/droix.store\\\/\",\"https:\\\/\\\/www.tiktok.com\\\/@droix.store\",\"https:\\\/\\\/www.youtube.com\\\/c\\\/DroiX_Store\",\"https:\\\/\\\/uk.linkedin.com\\\/company\\\/droix\"]},{\"@type\":\"WebPage\",\"@id\":\"https:\\\/\\\/droix.eu\\\/da\\\/lager-betaling-og-levering\\\/#webpage\",\"url\":\"https:\\\/\\\/droix.eu\\\/da\\\/lager-betaling-og-levering\\\/\",\"name\":\"Lager, betaling og levering - DROIX EU\",\"description\":\"Vi er glade for at kunne meddele, at DROIX nu tilbyder endnu hurtigere og mere overkommelige forsendelsesmuligheder til alle dine elektroniske behov. Vores forpligtelse til at give dig enest\\u00e5ende kundeservice str\\u00e6kker sig til at sikre, at du modtager dine ordrer s\\u00e5 hurtigt og effektivt som muligt uden at spr\\u00e6nge banken. Hos DROIX forst\\u00e5r vi, hvor\",\"inLanguage\":\"da-DK\",\"isPartOf\":{\"@id\":\"https:\\\/\\\/droix.eu\\\/da\\\/#website\"},\"breadcrumb\":{\"@id\":\"https:\\\/\\\/droix.eu\\\/da\\\/lager-betaling-og-levering\\\/#breadcrumblist\"},\"datePublished\":\"2023-05-02T16:38:01+01:00\",\"dateModified\":\"2025-04-23T01:11:37+01:00\"},{\"@type\":\"WebSite\",\"@id\":\"https:\\\/\\\/droix.eu\\\/da\\\/#website\",\"url\":\"https:\\\/\\\/droix.eu\\\/da\\\/\",\"name\":\"DROIX EU\",\"description\":\"Get the latest Mini PCs, Ultrabook, PC Gaming Handhelds and more!\",\"inLanguage\":\"da-DK\",\"publisher\":{\"@id\":\"https:\\\/\\\/droix.eu\\\/da\\\/#organization\"}}]}\n\t\t<\/script>\n\t\t<!-- All in One SEO Pro -->\r\n\t\t<title>Lager, betaling og levering - DROIX EU<\/title>\n\n","aioseo_head_json":{"title":"Lager, betaling og levering - DROIX EU","description":"Vi er glade for at kunne meddele, at DROIX nu tilbyder endnu hurtigere og mere overkommelige forsendelsesmuligheder til alle dine elektroniske behov. Vores forpligtelse til at give dig enest\u00e5ende kundeservice str\u00e6kker sig til at sikre, at du modtager dine ordrer s\u00e5 hurtigt og effektivt som muligt uden at spr\u00e6nge banken. Hos DROIX forst\u00e5r vi, hvor","canonical_url":"https:\/\/droix.eu\/da\/lager-betaling-og-levering\/","robots":"max-image-preview:large","keywords":"","webmasterTools":{"miscellaneous":""},"schema":{"@context":"https:\/\/schema.org","@graph":[{"@type":"BreadcrumbList","@id":"https:\/\/droix.eu\/da\/lager-betaling-og-levering\/#breadcrumblist","itemListElement":[{"@type":"ListItem","@id":"https:\/\/droix.eu\/da\/#listItem","position":1,"name":"Home","item":"https:\/\/droix.eu\/da\/","nextItem":{"@type":"ListItem","@id":"https:\/\/droix.eu\/da\/lager-betaling-og-levering\/#listItem","name":"Lager, betaling og levering"}},{"@type":"ListItem","@id":"https:\/\/droix.eu\/da\/lager-betaling-og-levering\/#listItem","position":2,"name":"Lager, betaling og levering","previousItem":{"@type":"ListItem","@id":"https:\/\/droix.eu\/da\/#listItem","name":"Home"}}]},{"@type":"Organization","@id":"https:\/\/droix.eu\/da\/#organization","name":"DroiX \u2013 Trusted EU Tech Retailer with 12+ Years Experience","description":"DroiX is a leading European technology retailer with over 12 years of experience, offering quality mini PCs, handheld gaming consoles, and tech accessories. We provide hassle-free EU delivery with all taxes included, ensuring a smooth and reliable shopping experience for our customers across Europe.","url":"https:\/\/droix.eu\/da\/","logo":{"@type":"ImageObject","url":"https:\/\/droix.eu\/wp-content\/uploads\/2024\/06\/droix-v2-light-logo.png","@id":"https:\/\/droix.eu\/da\/lager-betaling-og-levering\/#organizationLogo","width":380,"height":118},"image":{"@id":"https:\/\/droix.eu\/da\/lager-betaling-og-levering\/#organizationLogo"},"sameAs":["https:\/\/www.facebook.com\/DroiX.Store","https:\/\/twitter.com\/DroiX_Store","https:\/\/www.instagram.com\/droix.store\/","https:\/\/www.tiktok.com\/@droix.store","https:\/\/www.youtube.com\/c\/DroiX_Store","https:\/\/uk.linkedin.com\/company\/droix"]},{"@type":"WebPage","@id":"https:\/\/droix.eu\/da\/lager-betaling-og-levering\/#webpage","url":"https:\/\/droix.eu\/da\/lager-betaling-og-levering\/","name":"Lager, betaling og levering - DROIX EU","description":"Vi er glade for at kunne meddele, at DROIX nu tilbyder endnu hurtigere og mere overkommelige forsendelsesmuligheder til alle dine elektroniske behov. Vores forpligtelse til at give dig enest\u00e5ende kundeservice str\u00e6kker sig til at sikre, at du modtager dine ordrer s\u00e5 hurtigt og effektivt som muligt uden at spr\u00e6nge banken. Hos DROIX forst\u00e5r vi, hvor","inLanguage":"da-DK","isPartOf":{"@id":"https:\/\/droix.eu\/da\/#website"},"breadcrumb":{"@id":"https:\/\/droix.eu\/da\/lager-betaling-og-levering\/#breadcrumblist"},"datePublished":"2023-05-02T16:38:01+01:00","dateModified":"2025-04-23T01:11:37+01:00"},{"@type":"WebSite","@id":"https:\/\/droix.eu\/da\/#website","url":"https:\/\/droix.eu\/da\/","name":"DROIX EU","description":"Get the latest Mini PCs, Ultrabook, PC Gaming Handhelds and more!","inLanguage":"da-DK","publisher":{"@id":"https:\/\/droix.eu\/da\/#organization"}}]},"og:locale":"da_DK","og:site_name":"DROIX EU - Get the latest Mini PCs, Ultrabook, PC Gaming Handhelds and more!","og:type":"article","og:title":"Lager, betaling og levering - DROIX EU","og:description":"Vi er glade for at kunne meddele, at DROIX nu tilbyder endnu hurtigere og mere overkommelige forsendelsesmuligheder til alle dine elektroniske behov. Vores forpligtelse til at give dig enest\u00e5ende kundeservice str\u00e6kker sig til at sikre, at du modtager dine ordrer s\u00e5 hurtigt og effektivt som muligt uden at spr\u00e6nge banken. Hos DROIX forst\u00e5r vi, hvor","og:url":"https:\/\/droix.eu\/da\/lager-betaling-og-levering\/","og:image":"https:\/\/droix.eu\/wp-content\/uploads\/2024\/06\/droix-v2-light-logo.png","og:image:secure_url":"https:\/\/droix.eu\/wp-content\/uploads\/2024\/06\/droix-v2-light-logo.png","og:image:width":380,"og:image:height":118,"article:published_time":"2023-05-02T15:38:01+00:00","article:modified_time":"2025-04-23T00:11:37+00:00","article:publisher":"https:\/\/www.facebook.com\/DroiX.Store","twitter:card":"summary_large_image","twitter:site":"@DroiX_Store","twitter:title":"Lager, betaling og levering - DROIX EU","twitter:description":"Vi er glade for at kunne meddele, at DROIX nu tilbyder endnu hurtigere og mere overkommelige forsendelsesmuligheder til alle dine elektroniske behov. Vores forpligtelse til at give dig enest\u00e5ende kundeservice str\u00e6kker sig til at sikre, at du modtager dine ordrer s\u00e5 hurtigt og effektivt som muligt uden at spr\u00e6nge banken. Hos DROIX forst\u00e5r vi, hvor","twitter:creator":"@DroiX_Store","twitter:image":"https:\/\/droix.eu\/wp-content\/uploads\/2024\/06\/droix-v2-light-logo.png"},"aioseo_meta_data":{"post_id":"503888","title":null,"description":null,"keywords":null,"keyphrases":null,"primary_term":null,"canonical_url":null,"og_title":null,"og_description":null,"og_object_type":"default","og_image_type":"default","og_image_url":null,"og_image_width":null,"og_image_height":null,"og_image_custom_url":null,"og_image_custom_fields":null,"og_video":null,"og_custom_url":null,"og_article_section":null,"og_article_tags":null,"twitter_use_og":true,"twitter_card":"default","twitter_image_type":"default","twitter_image_url":null,"twitter_image_custom_url":null,"twitter_image_custom_fields":null,"twitter_title":null,"twitter_description":null,"schema":{"blockGraphs":[],"customGraphs":[],"default":{"data":{"Article":[],"Course":[],"Dataset":[],"FAQPage":[],"Movie":[],"Person":[],"Product":[],"ProductReview":[],"Car":[],"Recipe":[],"Service":[],"SoftwareApplication":[],"WebPage":[]},"graphName":"","isEnabled":true},"graphs":[]},"schema_type":"default","schema_type_options":null,"pillar_content":false,"robots_default":true,"robots_noindex":false,"robots_noarchive":false,"robots_nosnippet":false,"robots_nofollow":false,"robots_noimageindex":false,"robots_noodp":false,"robots_notranslate":false,"robots_max_snippet":null,"robots_max_videopreview":null,"robots_max_imagepreview":"large","priority":null,"frequency":null,"local_seo":null,"seo_analyzer_scan_date":"2025-09-17 00:10:05","breadcrumb_settings":null,"limit_modified_date":false,"reviewed_by":null,"open_ai":null,"ai":null,"created":"2025-09-17 00:10:05","updated":"2025-11-27 01:24:51"},"aioseo_breadcrumb":"<div class=\"aioseo-breadcrumbs\"><span class=\"aioseo-breadcrumb\">\n\t<a href=\"https:\/\/droix.eu\/da\/\" title=\"Home\">Home<\/a>\n<\/span><span class=\"aioseo-breadcrumb-separator\">&raquo;<\/span><span class=\"aioseo-breadcrumb\">\n\tLager, betaling og levering\n<\/span><\/div>","aioseo_breadcrumb_json":[{"label":"Home","link":"https:\/\/droix.eu\/da\/"},{"label":"Lager, betaling og levering","link":"https:\/\/droix.eu\/da\/lager-betaling-og-levering\/"}],"_links":{"self":[{"href":"https:\/\/droix.eu\/da\/wp-json\/wp\/v2\/pages\/503888","targetHints":{"allow":["GET"]}}],"collection":[{"href":"https:\/\/droix.eu\/da\/wp-json\/wp\/v2\/pages"}],"about":[{"href":"https:\/\/droix.eu\/da\/wp-json\/wp\/v2\/types\/page"}],"author":[{"embeddable":true,"href":"https:\/\/droix.eu\/da\/wp-json\/wp\/v2\/users\/2"}],"replies":[{"embeddable":true,"href":"https:\/\/droix.eu\/da\/wp-json\/wp\/v2\/comments?post=503888"}],"version-history":[{"count":0,"href":"https:\/\/droix.eu\/da\/wp-json\/wp\/v2\/pages\/503888\/revisions"}],"wp:attachment":[{"href":"https:\/\/droix.eu\/da\/wp-json\/wp\/v2\/media?parent=503888"}],"curies":[{"name":"wp","href":"https:\/\/api.w.org\/{rel}","templated":true}]}}