{"id":503692,"date":"2021-12-23T11:49:46","date_gmt":"2021-12-23T11:49:46","guid":{"rendered":"https:\/\/droix.eu\/cookie-politik\/"},"modified":"2025-05-06T16:01:42","modified_gmt":"2025-05-06T15:01:42","slug":"cookie-politik","status":"publish","type":"page","link":"https:\/\/droix.eu\/da\/cookie-politik\/","title":{"rendered":"Cookie-politik"},"content":{"rendered":"\n<p>F\u00f8lgende cookiepolitik skal ses i sammenh\u00e6ng med (parret med), &#8220;som \u00e9n&#8221; med <a href=\"https:\/\/droix.eu\/da\/vilkaar-og-betingelser\/\" target=\"_blank\" rel=\"noreferrer noopener\">vilk\u00e5rene og betingelserne og<\/a> <a href=\"https:\/\/droix.eu\/da\/politik-for-beskyttelse-af-personlige-oplysninger\/\" target=\"_blank\" rel=\"noreferrer noopener\">privatlivspolitikken<\/a>.<\/p>\n\n<ol class=\"wp-block-list\">\n<li>Disse salgsbetingelser g\u00e6lder for alle varer leveret af DROIX, med hjemsted p\u00e5 54C Expressway, N Woolwich Rd, London, E16 2AA, Storbritannien).\n<ol class=\"wp-block-list\">\n<li>I den angivne kontrakt er henvisninger til: Vi (DROIX) er leverand\u00f8ren, og du (kunden)<\/li>\n<\/ol>\n<\/li>\n<\/ol>\n\n<ol class=\"wp-block-list\">\n<li>Leverand\u00f8rens hjemmeside bruger cookies til at skelne kunden, dvs. dig, fra andre brugere af hjemmesiden. Det hj\u00e6lper leverand\u00f8ren med at give dig en god oplevelse, n\u00e5r du surfer rundt p\u00e5 leverand\u00f8rens hjemmeside, og giver ogs\u00e5 leverand\u00f8ren mulighed for at forbedre vores hjemmeside. Ved at forts\u00e6tte med at gennemse webstedet accepterer du leverand\u00f8rens brug af cookies.  <\/li>\n\n\n\n<li>En cookie er en lille fil med bogstaver og tal, som leverand\u00f8ren gemmer i din browser eller p\u00e5 harddisken p\u00e5 din computer eller mobiltelefon, hvis du accepterer det. Cookies indeholder oplysninger, der overf\u00f8res til din computers harddisk. <\/li>\n\n\n\n<li>Leverand\u00f8ren bruger f\u00f8lgende cookies:\n<ol class=\"wp-block-list\">\n<li>Strengt n\u00f8dvendige cookies. Det er cookies, der er n\u00f8dvendige for driften af leverand\u00f8rens hjemmeside. De omfatter f.eks. cookies, der g\u00f8r det muligt for dig at logge ind p\u00e5 sikre omr\u00e5der af leverand\u00f8rens websted og udf\u00f8re transaktioner.  <\/li>\n\n\n\n<li>Analytiske\/ydelsesm\u00e6ssige cookies. De g\u00f8r det muligt for leverand\u00f8ren at genkende og t\u00e6lle antallet af bes\u00f8gende og at se, hvordan de bes\u00f8gende bev\u00e6ger sig rundt p\u00e5 leverand\u00f8rens hjemmeside, n\u00e5r de bruger den. Det hj\u00e6lper leverand\u00f8ren med at forbedre den m\u00e5de, hjemmesiden fungerer p\u00e5, for eksempel ved at sikre, at brugerne finder det, de leder efter, nemt og uden besv\u00e6r.  <\/li>\n\n\n\n<li>Leverand\u00f8ren bruger Google Analytics-cookies. Google Analytics indsamler oplysninger anonymt. Den rapporterer tendenser p\u00e5 hjemmesiden uden at identificere individuelle bes\u00f8gende. Du kan frav\u00e6lge Google Analytics uden at p\u00e5virke, hvordan du bes\u00f8ger dette websted. For mere information om Google Analytics, klik her.    <\/li>\n\n\n\n<li>M\u00e5lretning af cookies. Disse cookies registrerer dit bes\u00f8g p\u00e5 leverand\u00f8rens hjemmeside, de sider, du har bes\u00f8gt, og de links, du har fulgt. Leverand\u00f8ren bruger disse oplysninger til at g\u00f8re hjemmesiden og de reklamer, der vises p\u00e5 den, mere relevante for dine interesser. Leverand\u00f8ren kan ogs\u00e5 dele disse oplysninger med tredjeparter til dette form\u00e5l.   <\/li>\n<\/ol>\n<\/li>\n\n\n\n<li>Bem\u00e6rk, at tredjeparter (herunder f.eks. reklamenetv\u00e6rk og udbydere af eksterne tjenester som webtrafikanalysetjenester) ogs\u00e5 kan bruge cookies, som leverand\u00f8ren ikke har kontrol over. Disse cookies vil sandsynligvis v\u00e6re analytiske\/performance-cookies eller m\u00e5lrettede cookies. <\/li>\n\n\n\n<li>Du kan blokere cookies ved at aktivere den indstilling i din browser, der giver dig mulighed for at afvise indstillingen af alle eller nogle cookies. Men hvis du bruger dine browserindstillinger til at blokere alle cookies (herunder vigtige cookies), kan du muligvis ikke f\u00e5 adgang til hele eller dele af leverand\u00f8rens websted. <\/li>\n<\/ol>\n\n<h2 class=\"wp-block-heading\" id=\"h-cookie-description\">COOKIE-BESKRIVELSE<\/h2>\n<p><script type=\"text\/javascript\" charset=\"UTF-8\" data-cookiescriptreport=\"report\" src=\"\/\/report.cookie-script.com\/r\/21c7c108a50ee55d6c4ed24051df0334.js\"><\/script><\/p>\n\n<p class=\"has-text-align-center\">Cookiepolitik sidst opdateret: 12 oktober, 2022 &#8211; 02:29AM.<\/p>\n","protected":false},"excerpt":{"rendered":"<p>F\u00f8lgende cookiepolitik skal ses i sammenh\u00e6ng med (parret med), &#8220;som \u00e9n&#8221; med vilk\u00e5rene og betingelserne og privatlivspolitikken. COOKIE-BESKRIVELSE Cookiepolitik sidst opdateret: 12 oktober, 2022 &#8211; 02:29AM.<\/p>\n","protected":false},"author":1,"featured_media":0,"parent":0,"menu_order":0,"comment_status":"closed","ping_status":"closed","template":"","meta":{"_acf_changed":false,"footnotes":""},"class_list":["post-503692","page","type-page","status-publish","hentry"],"acf":[],"aioseo_notices":[],"aioseo_head":"\n\t\t<!-- All in One SEO Pro 4.9.6.2 - aioseo.com -->\n\t<meta name=\"description\" content=\"F\u00f8lgende cookiepolitik skal ses i sammenh\u00e6ng med (parret med), &quot;som \u00e9n&quot; med vilk\u00e5rene og betingelserne og privatlivspolitikken. Disse salgsbetingelser g\u00e6lder for alle varer leveret af DROIX, med hjemsted p\u00e5 54C Expressway, N Woolwich Rd, London, E16 2AA, Storbritannien). I den angivne kontrakt er henvisninger til: Vi (DROIX) er leverand\u00f8ren, og du (kunden) Leverand\u00f8rens hjemmeside bruger\" \/>\n\t<meta name=\"robots\" content=\"max-image-preview:large\" \/>\n\t<link rel=\"canonical\" href=\"https:\/\/droix.eu\/da\/cookie-politik\/\" \/>\n\t<meta name=\"generator\" content=\"All in One SEO Pro (AIOSEO) 4.9.6.2\" \/>\n\t\t<meta property=\"og:locale\" content=\"da_DK\" \/>\n\t\t<meta property=\"og:site_name\" content=\"DROIX EU - Get the latest Mini PCs, Ultrabook, PC Gaming Handhelds and more!\" \/>\n\t\t<meta property=\"og:type\" content=\"article\" \/>\n\t\t<meta property=\"og:title\" content=\"Cookie-politik - DROIX EU\" \/>\n\t\t<meta property=\"og:description\" content=\"F\u00f8lgende cookiepolitik skal ses i sammenh\u00e6ng med (parret med), &quot;som \u00e9n&quot; med vilk\u00e5rene og betingelserne og privatlivspolitikken. Disse salgsbetingelser g\u00e6lder for alle varer leveret af DROIX, med hjemsted p\u00e5 54C Expressway, N Woolwich Rd, London, E16 2AA, Storbritannien). I den angivne kontrakt er henvisninger til: Vi (DROIX) er leverand\u00f8ren, og du (kunden) Leverand\u00f8rens hjemmeside bruger\" \/>\n\t\t<meta property=\"og:url\" content=\"https:\/\/droix.eu\/da\/cookie-politik\/\" \/>\n\t\t<meta property=\"og:image\" content=\"https:\/\/droix.eu\/wp-content\/uploads\/2024\/06\/droix-v2-light-logo.png\" \/>\n\t\t<meta property=\"og:image:secure_url\" content=\"https:\/\/droix.eu\/wp-content\/uploads\/2024\/06\/droix-v2-light-logo.png\" \/>\n\t\t<meta property=\"og:image:width\" content=\"380\" \/>\n\t\t<meta property=\"og:image:height\" content=\"118\" \/>\n\t\t<meta property=\"article:published_time\" content=\"2021-12-23T11:49:46+00:00\" \/>\n\t\t<meta property=\"article:modified_time\" content=\"2025-05-06T15:01:42+00:00\" \/>\n\t\t<meta property=\"article:publisher\" content=\"https:\/\/www.facebook.com\/DroiX.Store\" \/>\n\t\t<meta name=\"twitter:card\" content=\"summary_large_image\" \/>\n\t\t<meta name=\"twitter:site\" content=\"@DroiX_Store\" \/>\n\t\t<meta name=\"twitter:title\" content=\"Cookie-politik - DROIX EU\" \/>\n\t\t<meta name=\"twitter:description\" content=\"F\u00f8lgende cookiepolitik skal ses i sammenh\u00e6ng med (parret med), &quot;som \u00e9n&quot; med vilk\u00e5rene og betingelserne og privatlivspolitikken. Disse salgsbetingelser g\u00e6lder for alle varer leveret af DROIX, med hjemsted p\u00e5 54C Expressway, N Woolwich Rd, London, E16 2AA, Storbritannien). I den angivne kontrakt er henvisninger til: Vi (DROIX) er leverand\u00f8ren, og du (kunden) Leverand\u00f8rens hjemmeside bruger\" \/>\n\t\t<meta name=\"twitter:creator\" content=\"@DroiX_Store\" \/>\n\t\t<meta name=\"twitter:image\" content=\"https:\/\/droix.eu\/wp-content\/uploads\/2024\/06\/droix-v2-light-logo.png\" \/>\n\t\t<script type=\"application\/ld+json\" class=\"aioseo-schema\">\n\t\t\t{\"@context\":\"https:\\\/\\\/schema.org\",\"@graph\":[{\"@type\":\"BreadcrumbList\",\"@id\":\"https:\\\/\\\/droix.eu\\\/da\\\/cookie-politik\\\/#breadcrumblist\",\"itemListElement\":[{\"@type\":\"ListItem\",\"@id\":\"https:\\\/\\\/droix.eu\\\/da\\\/#listItem\",\"position\":1,\"name\":\"Home\",\"item\":\"https:\\\/\\\/droix.eu\\\/da\\\/\",\"nextItem\":{\"@type\":\"ListItem\",\"@id\":\"https:\\\/\\\/droix.eu\\\/da\\\/cookie-politik\\\/#listItem\",\"name\":\"Cookie-politik\"}},{\"@type\":\"ListItem\",\"@id\":\"https:\\\/\\\/droix.eu\\\/da\\\/cookie-politik\\\/#listItem\",\"position\":2,\"name\":\"Cookie-politik\",\"previousItem\":{\"@type\":\"ListItem\",\"@id\":\"https:\\\/\\\/droix.eu\\\/da\\\/#listItem\",\"name\":\"Home\"}}]},{\"@type\":\"Organization\",\"@id\":\"https:\\\/\\\/droix.eu\\\/da\\\/#organization\",\"name\":\"DroiX \\u2013 Trusted EU Tech Retailer with 12+ Years Experience\",\"description\":\"DroiX is a leading European technology retailer with over 12 years of experience, offering quality mini PCs, handheld gaming consoles, and tech accessories. We provide hassle-free EU delivery with all taxes included, ensuring a smooth and reliable shopping experience for our customers across Europe.\",\"url\":\"https:\\\/\\\/droix.eu\\\/da\\\/\",\"logo\":{\"@type\":\"ImageObject\",\"url\":\"https:\\\/\\\/droix.eu\\\/wp-content\\\/uploads\\\/2024\\\/06\\\/droix-v2-light-logo.png\",\"@id\":\"https:\\\/\\\/droix.eu\\\/da\\\/cookie-politik\\\/#organizationLogo\",\"width\":380,\"height\":118},\"image\":{\"@id\":\"https:\\\/\\\/droix.eu\\\/da\\\/cookie-politik\\\/#organizationLogo\"},\"sameAs\":[\"https:\\\/\\\/www.facebook.com\\\/DroiX.Store\",\"https:\\\/\\\/twitter.com\\\/DroiX_Store\",\"https:\\\/\\\/www.instagram.com\\\/droix.store\\\/\",\"https:\\\/\\\/www.tiktok.com\\\/@droix.store\",\"https:\\\/\\\/www.youtube.com\\\/c\\\/DroiX_Store\",\"https:\\\/\\\/uk.linkedin.com\\\/company\\\/droix\"]},{\"@type\":\"WebPage\",\"@id\":\"https:\\\/\\\/droix.eu\\\/da\\\/cookie-politik\\\/#webpage\",\"url\":\"https:\\\/\\\/droix.eu\\\/da\\\/cookie-politik\\\/\",\"name\":\"Cookie-politik - DROIX EU\",\"description\":\"F\\u00f8lgende cookiepolitik skal ses i sammenh\\u00e6ng med (parret med), \\\"som \\u00e9n\\\" med vilk\\u00e5rene og betingelserne og privatlivspolitikken. Disse salgsbetingelser g\\u00e6lder for alle varer leveret af DROIX, med hjemsted p\\u00e5 54C Expressway, N Woolwich Rd, London, E16 2AA, Storbritannien). I den angivne kontrakt er henvisninger til: Vi (DROIX) er leverand\\u00f8ren, og du (kunden) Leverand\\u00f8rens hjemmeside bruger\",\"inLanguage\":\"da-DK\",\"isPartOf\":{\"@id\":\"https:\\\/\\\/droix.eu\\\/da\\\/#website\"},\"breadcrumb\":{\"@id\":\"https:\\\/\\\/droix.eu\\\/da\\\/cookie-politik\\\/#breadcrumblist\"},\"datePublished\":\"2021-12-23T11:49:46+00:00\",\"dateModified\":\"2025-05-06T16:01:42+01:00\"},{\"@type\":\"WebSite\",\"@id\":\"https:\\\/\\\/droix.eu\\\/da\\\/#website\",\"url\":\"https:\\\/\\\/droix.eu\\\/da\\\/\",\"name\":\"DROIX EU\",\"description\":\"Get the latest Mini PCs, Ultrabook, PC Gaming Handhelds and more!\",\"inLanguage\":\"da-DK\",\"publisher\":{\"@id\":\"https:\\\/\\\/droix.eu\\\/da\\\/#organization\"}}]}\n\t\t<\/script>\n\t\t<!-- All in One SEO Pro -->\r\n\t\t<title>Cookie-politik - DROIX EU<\/title>\n\n","aioseo_head_json":{"title":"Cookie-politik - DROIX EU","description":"F\u00f8lgende cookiepolitik skal ses i sammenh\u00e6ng med (parret med), \"som \u00e9n\" med vilk\u00e5rene og betingelserne og privatlivspolitikken. Disse salgsbetingelser g\u00e6lder for alle varer leveret af DROIX, med hjemsted p\u00e5 54C Expressway, N Woolwich Rd, London, E16 2AA, Storbritannien). I den angivne kontrakt er henvisninger til: Vi (DROIX) er leverand\u00f8ren, og du (kunden) Leverand\u00f8rens hjemmeside bruger","canonical_url":"https:\/\/droix.eu\/da\/cookie-politik\/","robots":"max-image-preview:large","keywords":"","webmasterTools":{"miscellaneous":""},"schema":{"@context":"https:\/\/schema.org","@graph":[{"@type":"BreadcrumbList","@id":"https:\/\/droix.eu\/da\/cookie-politik\/#breadcrumblist","itemListElement":[{"@type":"ListItem","@id":"https:\/\/droix.eu\/da\/#listItem","position":1,"name":"Home","item":"https:\/\/droix.eu\/da\/","nextItem":{"@type":"ListItem","@id":"https:\/\/droix.eu\/da\/cookie-politik\/#listItem","name":"Cookie-politik"}},{"@type":"ListItem","@id":"https:\/\/droix.eu\/da\/cookie-politik\/#listItem","position":2,"name":"Cookie-politik","previousItem":{"@type":"ListItem","@id":"https:\/\/droix.eu\/da\/#listItem","name":"Home"}}]},{"@type":"Organization","@id":"https:\/\/droix.eu\/da\/#organization","name":"DroiX \u2013 Trusted EU Tech Retailer with 12+ Years Experience","description":"DroiX is a leading European technology retailer with over 12 years of experience, offering quality mini PCs, handheld gaming consoles, and tech accessories. We provide hassle-free EU delivery with all taxes included, ensuring a smooth and reliable shopping experience for our customers across Europe.","url":"https:\/\/droix.eu\/da\/","logo":{"@type":"ImageObject","url":"https:\/\/droix.eu\/wp-content\/uploads\/2024\/06\/droix-v2-light-logo.png","@id":"https:\/\/droix.eu\/da\/cookie-politik\/#organizationLogo","width":380,"height":118},"image":{"@id":"https:\/\/droix.eu\/da\/cookie-politik\/#organizationLogo"},"sameAs":["https:\/\/www.facebook.com\/DroiX.Store","https:\/\/twitter.com\/DroiX_Store","https:\/\/www.instagram.com\/droix.store\/","https:\/\/www.tiktok.com\/@droix.store","https:\/\/www.youtube.com\/c\/DroiX_Store","https:\/\/uk.linkedin.com\/company\/droix"]},{"@type":"WebPage","@id":"https:\/\/droix.eu\/da\/cookie-politik\/#webpage","url":"https:\/\/droix.eu\/da\/cookie-politik\/","name":"Cookie-politik - DROIX EU","description":"F\u00f8lgende cookiepolitik skal ses i sammenh\u00e6ng med (parret med), \"som \u00e9n\" med vilk\u00e5rene og betingelserne og privatlivspolitikken. Disse salgsbetingelser g\u00e6lder for alle varer leveret af DROIX, med hjemsted p\u00e5 54C Expressway, N Woolwich Rd, London, E16 2AA, Storbritannien). I den angivne kontrakt er henvisninger til: Vi (DROIX) er leverand\u00f8ren, og du (kunden) Leverand\u00f8rens hjemmeside bruger","inLanguage":"da-DK","isPartOf":{"@id":"https:\/\/droix.eu\/da\/#website"},"breadcrumb":{"@id":"https:\/\/droix.eu\/da\/cookie-politik\/#breadcrumblist"},"datePublished":"2021-12-23T11:49:46+00:00","dateModified":"2025-05-06T16:01:42+01:00"},{"@type":"WebSite","@id":"https:\/\/droix.eu\/da\/#website","url":"https:\/\/droix.eu\/da\/","name":"DROIX EU","description":"Get the latest Mini PCs, Ultrabook, PC Gaming Handhelds and more!","inLanguage":"da-DK","publisher":{"@id":"https:\/\/droix.eu\/da\/#organization"}}]},"og:locale":"da_DK","og:site_name":"DROIX EU - Get the latest Mini PCs, Ultrabook, PC Gaming Handhelds and more!","og:type":"article","og:title":"Cookie-politik - DROIX EU","og:description":"F\u00f8lgende cookiepolitik skal ses i sammenh\u00e6ng med (parret med), &quot;som \u00e9n&quot; med vilk\u00e5rene og betingelserne og privatlivspolitikken. Disse salgsbetingelser g\u00e6lder for alle varer leveret af DROIX, med hjemsted p\u00e5 54C Expressway, N Woolwich Rd, London, E16 2AA, Storbritannien). I den angivne kontrakt er henvisninger til: Vi (DROIX) er leverand\u00f8ren, og du (kunden) Leverand\u00f8rens hjemmeside bruger","og:url":"https:\/\/droix.eu\/da\/cookie-politik\/","og:image":"https:\/\/droix.eu\/wp-content\/uploads\/2024\/06\/droix-v2-light-logo.png","og:image:secure_url":"https:\/\/droix.eu\/wp-content\/uploads\/2024\/06\/droix-v2-light-logo.png","og:image:width":380,"og:image:height":118,"article:published_time":"2021-12-23T11:49:46+00:00","article:modified_time":"2025-05-06T15:01:42+00:00","article:publisher":"https:\/\/www.facebook.com\/DroiX.Store","twitter:card":"summary_large_image","twitter:site":"@DroiX_Store","twitter:title":"Cookie-politik - DROIX EU","twitter:description":"F\u00f8lgende cookiepolitik skal ses i sammenh\u00e6ng med (parret med), &quot;som \u00e9n&quot; med vilk\u00e5rene og betingelserne og privatlivspolitikken. Disse salgsbetingelser g\u00e6lder for alle varer leveret af DROIX, med hjemsted p\u00e5 54C Expressway, N Woolwich Rd, London, E16 2AA, Storbritannien). I den angivne kontrakt er henvisninger til: Vi (DROIX) er leverand\u00f8ren, og du (kunden) Leverand\u00f8rens hjemmeside bruger","twitter:creator":"@DroiX_Store","twitter:image":"https:\/\/droix.eu\/wp-content\/uploads\/2024\/06\/droix-v2-light-logo.png"},"aioseo_meta_data":{"post_id":"503692","title":null,"description":null,"keywords":null,"keyphrases":null,"primary_term":null,"canonical_url":null,"og_title":null,"og_description":null,"og_object_type":"default","og_image_type":"default","og_image_url":null,"og_image_width":null,"og_image_height":null,"og_image_custom_url":null,"og_image_custom_fields":null,"og_video":null,"og_custom_url":null,"og_article_section":null,"og_article_tags":null,"twitter_use_og":true,"twitter_card":"default","twitter_image_type":"default","twitter_image_url":null,"twitter_image_custom_url":null,"twitter_image_custom_fields":null,"twitter_title":null,"twitter_description":null,"schema":{"blockGraphs":[],"customGraphs":[],"default":{"data":{"Article":[],"Course":[],"Dataset":[],"FAQPage":[],"Movie":[],"Person":[],"Product":[],"ProductReview":[],"Car":[],"Recipe":[],"Service":[],"SoftwareApplication":[],"WebPage":[]},"graphName":"","isEnabled":true},"graphs":[]},"schema_type":"default","schema_type_options":null,"pillar_content":false,"robots_default":true,"robots_noindex":false,"robots_noarchive":false,"robots_nosnippet":false,"robots_nofollow":false,"robots_noimageindex":false,"robots_noodp":false,"robots_notranslate":false,"robots_max_snippet":null,"robots_max_videopreview":null,"robots_max_imagepreview":"large","priority":null,"frequency":null,"local_seo":null,"seo_analyzer_scan_date":"2025-09-16 22:47:53","breadcrumb_settings":null,"limit_modified_date":false,"reviewed_by":null,"open_ai":null,"ai":null,"created":"2025-09-16 22:47:53","updated":"2025-11-27 00:05:19"},"aioseo_breadcrumb":"<div class=\"aioseo-breadcrumbs\"><span class=\"aioseo-breadcrumb\">\n\t<a href=\"https:\/\/droix.eu\/da\/\" title=\"Home\">Home<\/a>\n<\/span><span class=\"aioseo-breadcrumb-separator\">&raquo;<\/span><span class=\"aioseo-breadcrumb\">\n\tCookie-politik\n<\/span><\/div>","aioseo_breadcrumb_json":[{"label":"Home","link":"https:\/\/droix.eu\/da\/"},{"label":"Cookie-politik","link":"https:\/\/droix.eu\/da\/cookie-politik\/"}],"_links":{"self":[{"href":"https:\/\/droix.eu\/da\/wp-json\/wp\/v2\/pages\/503692","targetHints":{"allow":["GET"]}}],"collection":[{"href":"https:\/\/droix.eu\/da\/wp-json\/wp\/v2\/pages"}],"about":[{"href":"https:\/\/droix.eu\/da\/wp-json\/wp\/v2\/types\/page"}],"author":[{"embeddable":true,"href":"https:\/\/droix.eu\/da\/wp-json\/wp\/v2\/users\/1"}],"replies":[{"embeddable":true,"href":"https:\/\/droix.eu\/da\/wp-json\/wp\/v2\/comments?post=503692"}],"version-history":[{"count":0,"href":"https:\/\/droix.eu\/da\/wp-json\/wp\/v2\/pages\/503692\/revisions"}],"wp:attachment":[{"href":"https:\/\/droix.eu\/da\/wp-json\/wp\/v2\/media?parent=503692"}],"curies":[{"name":"wp","href":"https:\/\/api.w.org\/{rel}","templated":true}]}}