{"id":707570,"date":"2026-02-10T11:27:40","date_gmt":"2026-02-10T11:27:40","guid":{"rendered":"https:\/\/droix.eu\/product\/baterie-onexplayer-apex\/"},"modified":"2026-02-12T10:15:54","modified_gmt":"2026-02-12T10:15:54","slug":"baterie-onexplayer-apex","status":"publish","type":"product","link":"https:\/\/droix.eu\/cs\/product\/baterie-onexplayer-apex\/","title":{"rendered":"Baterie ONEXPLAYER APEX"},"content":{"rendered":"\n<h2 class=\"wp-block-heading\">Baterie ONEXPLAYER Apex: Vym\u011bniteln\u00e1 nap\u00e1jec\u00ed sada s kapacitou 85Wh v\u00e1m zlep\u0161\u00ed hran\u00ed her.<\/h2>\n\n<p id=\"p-rc_b05a515aa78bffb9-171\">Baterie ONEXPLAYER apex je revolu\u010dn\u00ed p\u0159\u00edslu\u0161enstv\u00ed navr\u017een\u00e9 tak, aby zm\u011bnilo zp\u016fsob, jak\u00fdm nad\u0161enci do kapesn\u00edch po\u010d\u00edta\u010d\u016f zvl\u00e1daj\u00ed sv\u00e9 po\u017eadavky na nap\u00e1jen\u00ed b\u011bhem del\u0161\u00edho hran\u00ed. Tato vysokokapacitn\u00ed 85Wh jednotka poskytuje bezprobl\u00e9mov\u00e9 \u0159e\u0161en\u00ed nap\u00e1jen\u00ed pro OneXFly Apex a zaji\u0161\u0165uje, \u017ee se u\u017eivatel\u00e9 nikdy nebudou muset uprost\u0159ed hry p\u0159ipojovat k z\u00e1suvce. Vzhledem k tomu, \u017ee zah\u00e1jen\u00ed dod\u00e1vek je napl\u00e1nov\u00e1no na \u010derven 2026, p\u0159edstavuje tento upgrade budoucnost v\u00fddr\u017ee p\u0159enosn\u00fdch her.  <\/p>\n\n<h2 class=\"wp-block-heading\">Pro\u010d baterie OneXFly Apex m\u011bn\u00ed pravidla p\u0159enosnosti?<\/h2>\n\n<p id=\"p-rc_b05a515aa78bffb9-172\">Z\u00e1kladn\u00ed filozofi\u00ed baterie onexfly apex je energie vhodn\u00e1 na cesty. Proto\u017ee hran\u00ed her na cest\u00e1ch \u010dasto vede k obav\u00e1m o baterii, byl tento vym\u011bniteln\u00fd syst\u00e9m vyvinut tak, aby poskytl okam\u017eitou \u00falevu. Zap\u00ednac\u00ed konstrukce umo\u017e\u0148uje rychl\u00e9 a bezprobl\u00e9mov\u00e9 p\u0159ipojen\u00ed, co\u017e znamen\u00e1, \u017ee m\u016f\u017eete zdvojn\u00e1sobit dobu hran\u00ed, ani\u017e byste museli syst\u00e9m restartovat.  <\/p>\n\n<h2 class=\"wp-block-heading\">Technick\u00e9 specifikace a konstrukce Snap-On<\/h2>\n\n<p id=\"p-rc_b05a515aa78bffb9-173\">Baterie OneXFly Apex s p\u016fsobivou kapacitou 85Wh nab\u00edz\u00ed jednu z nejvy\u0161\u0161\u00edch hustot energie dostupn\u00fdch pro kapesn\u00ed perifern\u00ed za\u0159\u00edzen\u00ed.<sup><\/sup>  Ke ka\u017ed\u00e9 jednotce je p\u0159ilo\u017een speci\u00e1ln\u00ed kabel pro p\u0159ipojen\u00ed baterie k za\u0159\u00edzen\u00ed, kter\u00fd zaji\u0161\u0165uje stabiln\u00ed a efektivn\u00ed tok energie. Hardware proto z\u016fst\u00e1v\u00e1 \u0161t\u00edhl\u00fd, zat\u00edmco baterie dod\u00e1v\u00e1 energii pot\u0159ebnou pro tituly AAA. <\/p>\n\n<h2 class=\"wp-block-heading\">Zaji\u0161t\u011bn\u00ed \u0161pi\u010dkov\u00e9ho v\u00fdkonu s bateri\u00ed ONEXPLAYER Apex<\/h2>\n\n<p>Optimalizace pr\u00e1ce s kapesn\u00edm po\u010d\u00edta\u010dem je d\u00edky t\u00e9to technologii okam\u017eit\u00e9 v\u00fdm\u011bny jednoduch\u00e1. Zat\u00edmco intern\u00ed baterie \u010dasem degraduj\u00ed, vym\u011bniteln\u00e1 baterie ONEXPLAYER zajist\u00ed, \u017ee va\u0161e za\u0159\u00edzen\u00ed z\u016fstane funk\u010dn\u00ed po mnoho let. P\u0159ipojen\u00ed je zaji\u0161t\u011bno pomoc\u00ed robustn\u00edho zacvak\u00e1vac\u00edho mechanismu, kter\u00fd byl d\u016fkladn\u011b testov\u00e1n z hlediska odolnosti a snadn\u00e9ho pou\u017eit\u00ed b\u011bhem cestov\u00e1n\u00ed.  <\/p>\n\n<h2 class=\"wp-block-heading\">Zajist\u011bte sv\u00e9 vybaven\u00ed a zkontrolujte cenu bateri\u00ed Apex<\/h2>\n\n<p>O\u010dek\u00e1v\u00e1 se, \u017ee popt\u00e1vka po tomto vysoce v\u00fdkonn\u00e9m p\u0159\u00edslu\u0161enstv\u00ed bude s bl\u00ed\u017e\u00edc\u00edm se term\u00ednem startu v \u010dervnu 2026 zna\u010dn\u00e1. Zkontrolov\u00e1n\u00edm aktu\u00e1ln\u00ed ceny baterie apex a zad\u00e1n\u00edm p\u0159edobjedn\u00e1vky v na\u0161em obchod\u011b si zaru\u010d\u00edte, \u017ee va\u0161e jednotka bude rezervov\u00e1na z prvn\u00ed v\u00fdrobn\u00ed \u0161ar\u017ee. Neriskujte, \u017ee v\u00e1m toto z\u00e1sadn\u00ed vylep\u0161en\u00ed unikne; nav\u0161tivte na\u0161i produktovou str\u00e1nku je\u0161t\u011b dnes, abyste se dozv\u011bd\u011bli v\u00edce a zajistili si baterii OneXFly Apex, kter\u00e1 zajist\u00ed, \u017ee va\u0161e hern\u00ed seance nebudou muset nikdy skon\u010dit p\u0159ed\u010dasn\u011b!  <\/p>\n","protected":false},"excerpt":{"rendered":"<ul>\n<li><strong>Kapacita 85Wh:<\/strong> Poskytuje prodlou\u017eenou dobu hran\u00ed p\u0159enosn\u00fdch her s vysok\u00fdm v\u00fdkonem.<\/li>\n<li><strong>5519 mAh Jmenovit\u00e1 kapacita:<\/strong> Zaji\u0161\u0165uje dlouhotrvaj\u00edc\u00ed a spolehliv\u00e9 pou\u017e\u00edv\u00e1n\u00ed na cest\u00e1ch.<\/li>\n<li><strong>Modul\u00e1rn\u00ed design:<\/strong> Rychloup\u00ednac\u00ed mechanismus pro snadnou v\u00fdm\u011bnu a demont\u00e1\u017e.<\/li>\n<li><strong>Vysokonap\u011b\u0165ov\u00e9 nap\u00e1jen\u00ed: Vytvo\u0159eno<\/strong> pro podporu v\u00fdkonn\u00e9 jednotky APU po\u010d\u00edta\u010de ONEXFLY APEX.<\/li>\n<li><strong>Ofici\u00e1ln\u00ed p\u0159\u00edslu\u0161enstv\u00ed ONEXPLAYER:<\/strong> Zaru\u010duje dokonal\u00e9 uchycen\u00ed, kompatibilitu a bezpe\u010dnost.<\/li>\n<\/ul>\n<pre><b>Polo\u017eka na p\u0159edb\u011b\u017enou objedn\u00e1vku<\/b>\n<ul>\n<li>P\u0159edpokl\u00e1dan\u00e9 datum vyd\u00e1n\u00ed: 26. \u010dervna 2026<\/li><\/pre>\n<\/ul>\n[droix_global_accordions]\n[cg_accordion title=\"Balen\u00ed obsahuje\"]<\/p>\n<ul>\n<li>1x baterie ONEXPLAYER APEX<\/li>\n<\/ul>\n<p>[\/cg_accordion]\n","protected":false},"featured_media":707577,"template":"","meta":{"_acf_changed":false},"product_brand":[],"product_cat":[10414,10092],"product_tag":[],"woo-feed-brand":[2199],"key-features":[],"class_list":{"0":"post-707570","1":"product","2":"type-product","3":"status-publish","4":"has-post-thumbnail","6":"product_cat-herni-prislusenstvi","7":"product_cat-prislusenstvi","8":"product_shipping_class-low-end","9":"pa_accessory-type-add-ons","10":"pa_brands-onexplayer-cs","11":"pa_compatibility-onexplayer-onexfly-apex","12":"woo-feed-brand-onexplayer","14":"first","15":"onbackorder","16":"taxable","17":"shipping-taxable","18":"purchasable","19":"product-type-variable","20":"has-default-attributes"},"acf":[],"aioseo_notices":[],"_links":{"self":[{"href":"https:\/\/droix.eu\/cs\/wp-json\/wp\/v2\/product\/707570","targetHints":{"allow":["GET"]}}],"collection":[{"href":"https:\/\/droix.eu\/cs\/wp-json\/wp\/v2\/product"}],"about":[{"href":"https:\/\/droix.eu\/cs\/wp-json\/wp\/v2\/types\/product"}],"version-history":[{"count":0,"href":"https:\/\/droix.eu\/cs\/wp-json\/wp\/v2\/product\/707570\/revisions"}],"wp:featuredmedia":[{"embeddable":true,"href":"https:\/\/droix.eu\/cs\/wp-json\/wp\/v2\/media\/707577"}],"wp:attachment":[{"href":"https:\/\/droix.eu\/cs\/wp-json\/wp\/v2\/media?parent=707570"}],"wp:term":[{"taxonomy":"product_brand","embeddable":true,"href":"https:\/\/droix.eu\/cs\/wp-json\/wp\/v2\/product_brand?post=707570"},{"taxonomy":"product_cat","embeddable":true,"href":"https:\/\/droix.eu\/cs\/wp-json\/wp\/v2\/product_cat?post=707570"},{"taxonomy":"product_tag","embeddable":true,"href":"https:\/\/droix.eu\/cs\/wp-json\/wp\/v2\/product_tag?post=707570"},{"taxonomy":"woo-feed-brand","embeddable":true,"href":"https:\/\/droix.eu\/cs\/wp-json\/wp\/v2\/woo-feed-brand?post=707570"},{"taxonomy":"key-features","embeddable":true,"href":"https:\/\/droix.eu\/cs\/wp-json\/wp\/v2\/key-features?post=707570"}],"curies":[{"name":"wp","href":"https:\/\/api.w.org\/{rel}","templated":true}]}}