{"id":565300,"date":"2020-11-20T10:02:39","date_gmt":"2020-11-20T10:02:39","guid":{"rendered":"https:\/\/droix.eu\/product\/rozbocovac-usb-typu-c-fx8s\/"},"modified":"2025-08-01T15:44:56","modified_gmt":"2025-08-01T14:44:56","slug":"rozbocovac-usb-typu-c-fx8s","status":"publish","type":"product","link":"https:\/\/droix.eu\/cs\/product\/rozbocovac-usb-typu-c-fx8s\/","title":{"rendered":"Rozbo\u010dova\u010d USB typu C FX8S"},"content":{"rendered":"<p><strong>Adapt\u00e9r<\/strong> FX8s <strong>USB-C Hub 8 v 1<\/strong> sdru\u017euje b\u011b\u017en\u011b pot\u0159ebn\u00e9 porty v jednom kompaktn\u00edm a vysoce v\u00fdkonn\u00e9m <strong>rozbo\u010dova\u010di USB-C<\/strong>.<\/p>\n<p><strong>Rozbo\u010dova\u010d<\/strong> FX8s <strong>USB-C<\/strong> se p\u0159ipojuje k portu USB typu C a je tak\u00e9 kompatibiln\u00ed s <a href=\"https:\/\/www.pocket-lint.com\/laptops\/news\/139323-thunderbolt-3-explained-the-one-port-to-rule-them-all\">rozhran\u00edm Thunderbolt 3<\/a>. Poskytuje vysokorychlostn\u00ed br\u00e1nu ze za\u0159\u00edzen\u00ed, jako je po\u010d\u00edta\u010d nebo notebook, do rozbo\u010dova\u010de a umo\u017e\u0148uje tak\u00e9 nab\u00edjen\u00ed b\u011bhem pou\u017e\u00edv\u00e1n\u00ed. <\/p>\n<p>Port <strong>HDMI rozbo\u010dova\u010de USB-C<\/strong> podporuje rozli\u0161en\u00ed a\u017e <strong>4K*2K UHD<\/strong> (3840&#215;2160) p\u0159i 60 Hz pro p\u0159ipojen\u00ed zobrazovac\u00edch za\u0159\u00edzen\u00ed, jako jsou televizory, monitory nebo projektory. Sta\u010d\u00ed p\u0159ipojit kabel HDMI k rozbo\u010dova\u010di a displeji a m\u016f\u017eete za\u010d\u00edt pracovat. <\/p>\n<p>Dva superrychl\u00e9 <strong>porty USB 3.0<\/strong> jsou um\u00edst\u011bny na boku a umo\u017e\u0148uj\u00ed p\u0159ipojen\u00ed za\u0159\u00edzen\u00ed, jako je my\u0161 nebo kl\u00e1vesnice, nebo vysokorychlostn\u00edch periferi\u00ed, jako jsou pam\u011b\u0165ov\u00e9 karty USB a extern\u00ed pevn\u00e9 disky. Dod\u00e1vaj\u00ed maxim\u00e1ln\u00ed v\u00fdkon a\u017e 4,5 W. <\/p>\n<p>Sami\u010d\u00ed <strong>port USB typu C<\/strong> podporuje a\u017e 87W nap\u00e1jec\u00ed adapt\u00e9ry a m\u016f\u017ee tak\u00e9 vyv\u00e9st 20 V p\u0159i 3 A. Du\u00e1ln\u00ed funkce umo\u017e\u0148uje nab\u00edjet za\u0159\u00edzen\u00ed prost\u0159ednictv\u00edm rozbo\u010dova\u010de a z\u00e1rove\u0148 jej pou\u017e\u00edvat, co\u017e je ide\u00e1ln\u00ed \u0159e\u0161en\u00ed, pokud m\u00e1 va\u0161e za\u0159\u00edzen\u00ed pouze jeden port Type-C. Prost\u0159ednictv\u00edm tohoto portu m\u016f\u017eete k rozbo\u010dova\u010di p\u0159ipojit tak\u00e9 kompatibiln\u00ed <a href=\"https:\/\/www.computerworld.com\/article\/2488194\/usb-c-explained-how-to-get-the-most-from-it-and-why-its-great.html\">perifern\u00ed za\u0159\u00edzen\u00ed typu C<\/a>.  <\/p>\n<p>Mnoho p\u0159enosn\u00fdch za\u0159\u00edzen\u00ed m\u00e1 dnes pouze bezdr\u00e1tov\u00e9 p\u0159ipojen\u00ed a to \u010dasto nemus\u00ed b\u00fdt dostate\u010dn\u011b rychl\u00e9 nebo spolehliv\u00e9. <strong>Rozbo\u010dova\u010d USB-C s ethernetov\u00fdm<\/strong> portem RJ45 podporuje rychlost a\u017e 100 Mb\/s pro rychl\u00fd a stabiln\u00ed kabelov\u00fd p\u0159enos dat. <\/p>\n<p>Rozbo\u010dova\u010d FX8s m\u00e1 tak\u00e9 <strong>\u010dte\u010dku karet<\/strong> SD a Micro SD <strong>USB-C<\/strong>, kter\u00e1 zaji\u0161\u0165uje spolehliv\u00fd vysokorychlostn\u00ed z\u00e1pis a \u010dten\u00ed z karet do za\u0159\u00edzen\u00ed.<\/p>\n","protected":false},"excerpt":{"rendered":"<ul>\n<li><strong>Vysokorychlostn\u00ed<\/strong> adapt\u00e9r USB typu C<\/li>\n<li>V\u00fdstup HDMI <strong>4K<\/strong> <\/li>\n<li>Port Ethernet RJ45 <strong>100M\/s<\/strong> <\/li>\n<li>Slot pro kartu SD\/MicroSD<\/li>\n<li>Kompatibiln\u00ed se <strong>syst\u00e9my Windows<\/strong><strong>,Mac<\/strong> a <strong>Android<\/strong><\/li>\n<\/ul>\n[droix_global_accordions]\n[cg_accordion title=\"Package Includes\"]<\/p>\n<ul>\n<li>1x rozbo\u010dova\u010d USB typu C FX8S<\/li>\n<\/ul>\n<p>[\/cg_accordion]\n","protected":false},"featured_media":221122,"template":"","meta":{"_acf_changed":false},"product_brand":[],"product_cat":[10414,12715,10092,10093],"product_tag":[],"woo-feed-brand":[],"key-features":[],"class_list":{"0":"post-565300","1":"product","2":"type-product","3":"status-publish","4":"has-post-thumbnail","6":"product_cat-herni-prislusenstvi","7":"product_cat-pocitacove-prislusenstvi","8":"product_cat-prislusenstvi","9":"product_cat-prislusenstvi-k-notebookum","10":"product_shipping_class-low-end","11":"pa_accessory-type-docking-station","12":"pa_brands-droix-cs","14":"first","15":"outofstock","16":"taxable","17":"shipping-taxable","18":"purchasable","19":"product-type-simple"},"acf":[],"aioseo_notices":[],"aioseo_head":"\n\t\t<!-- All in One SEO Pro 4.9.5.2 - aioseo.com -->\n\t<meta name=\"description\" content=\"Vysokorychlostn\u00ed adapt\u00e9r USB typu C V\u00fdstup HDMI 4K Port Ethernet RJ45 100M\/s Slot pro kartu SD\/MicroSD Kompatibiln\u00ed se syst\u00e9my Windows,Mac a Android Package Includes 1x rozbo\u010dova\u010d USB typu C FX8S\" \/>\n\t<meta name=\"robots\" content=\"max-image-preview:large\" \/>\n\t<link rel=\"canonical\" href=\"https:\/\/droix.eu\/cs\/product\/rozbocovac-usb-typu-c-fx8s\/\" \/>\n\t<meta name=\"generator\" content=\"All in One SEO Pro (AIOSEO) 4.9.5.2\" \/>\n\t\t<meta property=\"og:locale\" content=\"cs_CZ\" \/>\n\t\t<meta property=\"og:site_name\" content=\"DROIX EU - Get the latest Mini PCs, Ultrabook, PC Gaming Handhelds and more!\" \/>\n\t\t<meta property=\"og:type\" content=\"article\" \/>\n\t\t<meta property=\"og:title\" content=\"Rozbo\u010dova\u010d USB typu C FX8S - DROIX EU\" \/>\n\t\t<meta property=\"og:description\" content=\"Vysokorychlostn\u00ed adapt\u00e9r USB typu C V\u00fdstup HDMI 4K Port Ethernet RJ45 100M\/s Slot pro kartu SD\/MicroSD Kompatibiln\u00ed se syst\u00e9my Windows,Mac a Android Package Includes 1x rozbo\u010dova\u010d USB typu C FX8S\" \/>\n\t\t<meta property=\"og:url\" content=\"https:\/\/droix.eu\/cs\/product\/rozbocovac-usb-typu-c-fx8s\/\" \/>\n\t\t<meta property=\"og:image\" content=\"https:\/\/droix.eu\/wp-content\/uploads\/2024\/06\/droix-v2-light-logo.png\" \/>\n\t\t<meta property=\"og:image:secure_url\" content=\"https:\/\/droix.eu\/wp-content\/uploads\/2024\/06\/droix-v2-light-logo.png\" \/>\n\t\t<meta property=\"og:image:width\" content=\"380\" \/>\n\t\t<meta property=\"og:image:height\" content=\"118\" \/>\n\t\t<meta property=\"article:published_time\" content=\"2020-11-20T10:02:39+00:00\" \/>\n\t\t<meta property=\"article:modified_time\" content=\"2025-08-01T14:44:56+00:00\" \/>\n\t\t<meta property=\"article:publisher\" content=\"https:\/\/www.facebook.com\/DroiX.Store\" \/>\n\t\t<meta name=\"twitter:card\" content=\"summary_large_image\" \/>\n\t\t<meta name=\"twitter:site\" content=\"@DroiX_Store\" \/>\n\t\t<meta name=\"twitter:title\" content=\"Rozbo\u010dova\u010d USB typu C FX8S - DROIX EU\" \/>\n\t\t<meta name=\"twitter:description\" content=\"Vysokorychlostn\u00ed adapt\u00e9r USB typu C V\u00fdstup HDMI 4K Port Ethernet RJ45 100M\/s Slot pro kartu SD\/MicroSD Kompatibiln\u00ed se syst\u00e9my Windows,Mac a Android Package Includes 1x rozbo\u010dova\u010d USB typu C FX8S\" \/>\n\t\t<meta name=\"twitter:image\" content=\"https:\/\/droix.eu\/wp-content\/uploads\/2024\/06\/droix-v2-light-logo.png\" \/>\n\t\t<script type=\"application\/ld+json\" class=\"aioseo-schema\">\n\t\t\t{\"@context\":\"https:\\\/\\\/schema.org\",\"@graph\":[{\"@type\":\"BreadcrumbList\",\"@id\":\"https:\\\/\\\/droix.eu\\\/cs\\\/product\\\/rozbocovac-usb-typu-c-fx8s\\\/#breadcrumblist\",\"itemListElement\":[{\"@type\":\"ListItem\",\"@id\":\"https:\\\/\\\/droix.eu\\\/cs\\\/#listItem\",\"position\":1,\"name\":\"Home\",\"item\":\"https:\\\/\\\/droix.eu\\\/cs\\\/\",\"nextItem\":{\"@type\":\"ListItem\",\"@id\":\"https:\\\/\\\/droix.eu\\\/cs\\\/product-category\\\/prislusenstvi\\\/#listItem\",\"name\":\"P\\u0159\\u00edslu\\u0161enstv\\u00ed\"}},{\"@type\":\"ListItem\",\"@id\":\"https:\\\/\\\/droix.eu\\\/cs\\\/product-category\\\/prislusenstvi\\\/#listItem\",\"position\":2,\"name\":\"P\\u0159\\u00edslu\\u0161enstv\\u00ed\",\"item\":\"https:\\\/\\\/droix.eu\\\/cs\\\/product-category\\\/prislusenstvi\\\/\",\"nextItem\":{\"@type\":\"ListItem\",\"@id\":\"https:\\\/\\\/droix.eu\\\/cs\\\/product-category\\\/prislusenstvi\\\/prislusenstvi-k-notebookum\\\/#listItem\",\"name\":\"P\\u0159\\u00edslu\\u0161enstv\\u00ed k notebook\\u016fm\"},\"previousItem\":{\"@type\":\"ListItem\",\"@id\":\"https:\\\/\\\/droix.eu\\\/cs\\\/#listItem\",\"name\":\"Home\"}},{\"@type\":\"ListItem\",\"@id\":\"https:\\\/\\\/droix.eu\\\/cs\\\/product-category\\\/prislusenstvi\\\/prislusenstvi-k-notebookum\\\/#listItem\",\"position\":3,\"name\":\"P\\u0159\\u00edslu\\u0161enstv\\u00ed k notebook\\u016fm\",\"item\":\"https:\\\/\\\/droix.eu\\\/cs\\\/product-category\\\/prislusenstvi\\\/prislusenstvi-k-notebookum\\\/\",\"nextItem\":{\"@type\":\"ListItem\",\"@id\":\"https:\\\/\\\/droix.eu\\\/cs\\\/product\\\/rozbocovac-usb-typu-c-fx8s\\\/#listItem\",\"name\":\"Rozbo\\u010dova\\u010d USB typu C FX8S\"},\"previousItem\":{\"@type\":\"ListItem\",\"@id\":\"https:\\\/\\\/droix.eu\\\/cs\\\/product-category\\\/prislusenstvi\\\/#listItem\",\"name\":\"P\\u0159\\u00edslu\\u0161enstv\\u00ed\"}},{\"@type\":\"ListItem\",\"@id\":\"https:\\\/\\\/droix.eu\\\/cs\\\/product\\\/rozbocovac-usb-typu-c-fx8s\\\/#listItem\",\"position\":4,\"name\":\"Rozbo\\u010dova\\u010d USB typu C FX8S\",\"previousItem\":{\"@type\":\"ListItem\",\"@id\":\"https:\\\/\\\/droix.eu\\\/cs\\\/product-category\\\/prislusenstvi\\\/prislusenstvi-k-notebookum\\\/#listItem\",\"name\":\"P\\u0159\\u00edslu\\u0161enstv\\u00ed k notebook\\u016fm\"}}]},{\"@type\":\"Organization\",\"@id\":\"https:\\\/\\\/droix.eu\\\/cs\\\/#organization\",\"name\":\"DroiX \\u2013 Trusted EU Tech Retailer with 12+ Years Experience\",\"description\":\"DroiX is a leading European technology retailer with over 12 years of experience, offering quality mini PCs, handheld gaming consoles, and tech accessories. We provide hassle-free EU delivery with all taxes included, ensuring a smooth and reliable shopping experience for our customers across Europe.\",\"url\":\"https:\\\/\\\/droix.eu\\\/cs\\\/\",\"logo\":{\"@type\":\"ImageObject\",\"url\":\"https:\\\/\\\/droix.eu\\\/wp-content\\\/uploads\\\/2024\\\/06\\\/droix-v2-light-logo.png\",\"@id\":\"https:\\\/\\\/droix.eu\\\/cs\\\/product\\\/rozbocovac-usb-typu-c-fx8s\\\/#organizationLogo\",\"width\":380,\"height\":118},\"image\":{\"@id\":\"https:\\\/\\\/droix.eu\\\/cs\\\/product\\\/rozbocovac-usb-typu-c-fx8s\\\/#organizationLogo\"},\"sameAs\":[\"https:\\\/\\\/www.facebook.com\\\/DroiX.Store\",\"https:\\\/\\\/twitter.com\\\/DroiX_Store\",\"https:\\\/\\\/www.instagram.com\\\/droix.store\\\/\",\"https:\\\/\\\/www.tiktok.com\\\/@droix.store\",\"https:\\\/\\\/www.youtube.com\\\/c\\\/DroiX_Store\",\"https:\\\/\\\/uk.linkedin.com\\\/company\\\/droix\"]},{\"@type\":\"Product\",\"@id\":\"https:\\\/\\\/droix.eu\\\/cs\\\/product\\\/rozbocovac-usb-typu-c-fx8s\\\/#wooCommerceProduct\",\"name\":\"Rozbo\\u010dova\\u010d USB typu C FX8S\",\"description\":\"Vysokorychlostn\\u00ed adapt\\u00e9r USB typu C\\n \\tV\\u00fdstup HDMI 4K \\n \\tPort Ethernet RJ45 100M\\\/s \\n \\tSlot pro kartu SD\\\/MicroSD\\n \\tKompatibiln\\u00ed se syst\\u00e9my Windows,Mac a Android\",\"url\":\"https:\\\/\\\/droix.eu\\\/cs\\\/product\\\/rozbocovac-usb-typu-c-fx8s\\\/\",\"sku\":\"DX-FX8-S-USB-TYPE-C-ADAPTER\",\"image\":{\"@type\":\"ImageObject\",\"url\":\"https:\\\/\\\/droix.eu\\\/wp-content\\\/uploads\\\/2021\\\/12\\\/1-2.png\",\"@id\":\"https:\\\/\\\/droix.eu\\\/cs\\\/product\\\/rozbocovac-usb-typu-c-fx8s\\\/#productImage\",\"width\":670,\"height\":840,\"caption\":\"DroiX FX8s - Zobrazuje 2 porty USB typu C, 1 HDMI, 2 porty USB typu A, 1 port pro kartu SD a 1 port MicroSD\"},\"offers\":{\"@type\":\"Offer\",\"url\":\"https:\\\/\\\/droix.eu\\\/cs\\\/product\\\/rozbocovac-usb-typu-c-fx8s\\\/#wooCommerceOffer\",\"price\":33.2,\"priceCurrency\":\"EUR\",\"category\":\"Hern\\u00ed p\\u0159\\u00edslu\\u0161enstv\\u00ed\",\"priceValidUntil\":\"2024-05-26\",\"availability\":\"https:\\\/\\\/schema.org\\\/OutOfStock\",\"priceSpecification\":{\"@type\":\"PriceSpecification\",\"price\":33.2,\"priceCurrency\":\"EUR\",\"valueAddedTaxIncluded\":\"true\"},\"seller\":{\"@type\":\"Organization\",\"@id\":\"https:\\\/\\\/droix.eu\\\/cs\\\/#organization\"}}},{\"@type\":\"WebPage\",\"@id\":\"https:\\\/\\\/droix.eu\\\/cs\\\/product\\\/rozbocovac-usb-typu-c-fx8s\\\/#webpage\",\"url\":\"https:\\\/\\\/droix.eu\\\/cs\\\/product\\\/rozbocovac-usb-typu-c-fx8s\\\/\",\"name\":\"Rozbo\\u010dova\\u010d USB typu C FX8S - DROIX EU\",\"description\":\"Vysokorychlostn\\u00ed adapt\\u00e9r USB typu C V\\u00fdstup HDMI 4K Port Ethernet RJ45 100M\\\/s Slot pro kartu SD\\\/MicroSD Kompatibiln\\u00ed se syst\\u00e9my Windows,Mac a Android Package Includes 1x rozbo\\u010dova\\u010d USB typu C FX8S\",\"inLanguage\":\"cs-CZ\",\"isPartOf\":{\"@id\":\"https:\\\/\\\/droix.eu\\\/cs\\\/#website\"},\"breadcrumb\":{\"@id\":\"https:\\\/\\\/droix.eu\\\/cs\\\/product\\\/rozbocovac-usb-typu-c-fx8s\\\/#breadcrumblist\"},\"image\":{\"@type\":\"ImageObject\",\"url\":\"https:\\\/\\\/droix.eu\\\/wp-content\\\/uploads\\\/2021\\\/12\\\/1-2.png\",\"@id\":\"https:\\\/\\\/droix.eu\\\/cs\\\/product\\\/rozbocovac-usb-typu-c-fx8s\\\/#mainImage\",\"width\":670,\"height\":840,\"caption\":\"DroiX FX8s - Zobrazuje 2 porty USB typu C, 1 HDMI, 2 porty USB typu A, 1 port pro kartu SD a 1 port MicroSD\"},\"primaryImageOfPage\":{\"@id\":\"https:\\\/\\\/droix.eu\\\/cs\\\/product\\\/rozbocovac-usb-typu-c-fx8s\\\/#mainImage\"},\"datePublished\":\"2020-11-20T10:02:39+00:00\",\"dateModified\":\"2025-08-01T15:44:56+01:00\"},{\"@type\":\"WebSite\",\"@id\":\"https:\\\/\\\/droix.eu\\\/cs\\\/#website\",\"url\":\"https:\\\/\\\/droix.eu\\\/cs\\\/\",\"name\":\"DROIX EU\",\"description\":\"Get the latest Mini PCs, Ultrabook, PC Gaming Handhelds and more!\",\"inLanguage\":\"cs-CZ\",\"publisher\":{\"@id\":\"https:\\\/\\\/droix.eu\\\/cs\\\/#organization\"}}]}\n\t\t<\/script>\n\t\t<!-- All in One SEO Pro -->\r\n\t\t<title>Rozbo\u010dova\u010d USB typu C FX8S - DROIX EU<\/title>\n\n","aioseo_head_json":{"title":"Rozbo\u010dova\u010d USB typu C FX8S - DROIX EU","description":"Vysokorychlostn\u00ed adapt\u00e9r USB typu C V\u00fdstup HDMI 4K Port Ethernet RJ45 100M\/s Slot pro kartu SD\/MicroSD Kompatibiln\u00ed se syst\u00e9my Windows,Mac a Android Package Includes 1x rozbo\u010dova\u010d USB typu C FX8S","canonical_url":"https:\/\/droix.eu\/cs\/product\/rozbocovac-usb-typu-c-fx8s\/","robots":"max-image-preview:large","keywords":"","webmasterTools":{"miscellaneous":""},"schema":{"@context":"https:\/\/schema.org","@graph":[{"@type":"BreadcrumbList","@id":"https:\/\/droix.eu\/cs\/product\/rozbocovac-usb-typu-c-fx8s\/#breadcrumblist","itemListElement":[{"@type":"ListItem","@id":"https:\/\/droix.eu\/cs\/#listItem","position":1,"name":"Home","item":"https:\/\/droix.eu\/cs\/","nextItem":{"@type":"ListItem","@id":"https:\/\/droix.eu\/cs\/product-category\/prislusenstvi\/#listItem","name":"P\u0159\u00edslu\u0161enstv\u00ed"}},{"@type":"ListItem","@id":"https:\/\/droix.eu\/cs\/product-category\/prislusenstvi\/#listItem","position":2,"name":"P\u0159\u00edslu\u0161enstv\u00ed","item":"https:\/\/droix.eu\/cs\/product-category\/prislusenstvi\/","nextItem":{"@type":"ListItem","@id":"https:\/\/droix.eu\/cs\/product-category\/prislusenstvi\/prislusenstvi-k-notebookum\/#listItem","name":"P\u0159\u00edslu\u0161enstv\u00ed k notebook\u016fm"},"previousItem":{"@type":"ListItem","@id":"https:\/\/droix.eu\/cs\/#listItem","name":"Home"}},{"@type":"ListItem","@id":"https:\/\/droix.eu\/cs\/product-category\/prislusenstvi\/prislusenstvi-k-notebookum\/#listItem","position":3,"name":"P\u0159\u00edslu\u0161enstv\u00ed k notebook\u016fm","item":"https:\/\/droix.eu\/cs\/product-category\/prislusenstvi\/prislusenstvi-k-notebookum\/","nextItem":{"@type":"ListItem","@id":"https:\/\/droix.eu\/cs\/product\/rozbocovac-usb-typu-c-fx8s\/#listItem","name":"Rozbo\u010dova\u010d USB typu C FX8S"},"previousItem":{"@type":"ListItem","@id":"https:\/\/droix.eu\/cs\/product-category\/prislusenstvi\/#listItem","name":"P\u0159\u00edslu\u0161enstv\u00ed"}},{"@type":"ListItem","@id":"https:\/\/droix.eu\/cs\/product\/rozbocovac-usb-typu-c-fx8s\/#listItem","position":4,"name":"Rozbo\u010dova\u010d USB typu C FX8S","previousItem":{"@type":"ListItem","@id":"https:\/\/droix.eu\/cs\/product-category\/prislusenstvi\/prislusenstvi-k-notebookum\/#listItem","name":"P\u0159\u00edslu\u0161enstv\u00ed k notebook\u016fm"}}]},{"@type":"Organization","@id":"https:\/\/droix.eu\/cs\/#organization","name":"DroiX \u2013 Trusted EU Tech Retailer with 12+ Years Experience","description":"DroiX is a leading European technology retailer with over 12 years of experience, offering quality mini PCs, handheld gaming consoles, and tech accessories. We provide hassle-free EU delivery with all taxes included, ensuring a smooth and reliable shopping experience for our customers across Europe.","url":"https:\/\/droix.eu\/cs\/","logo":{"@type":"ImageObject","url":"https:\/\/droix.eu\/wp-content\/uploads\/2024\/06\/droix-v2-light-logo.png","@id":"https:\/\/droix.eu\/cs\/product\/rozbocovac-usb-typu-c-fx8s\/#organizationLogo","width":380,"height":118},"image":{"@id":"https:\/\/droix.eu\/cs\/product\/rozbocovac-usb-typu-c-fx8s\/#organizationLogo"},"sameAs":["https:\/\/www.facebook.com\/DroiX.Store","https:\/\/twitter.com\/DroiX_Store","https:\/\/www.instagram.com\/droix.store\/","https:\/\/www.tiktok.com\/@droix.store","https:\/\/www.youtube.com\/c\/DroiX_Store","https:\/\/uk.linkedin.com\/company\/droix"]},{"@type":"Product","@id":"https:\/\/droix.eu\/cs\/product\/rozbocovac-usb-typu-c-fx8s\/#wooCommerceProduct","name":"Rozbo\u010dova\u010d USB typu C FX8S","description":"Vysokorychlostn\u00ed adapt\u00e9r USB typu C\n \tV\u00fdstup HDMI 4K \n \tPort Ethernet RJ45 100M\/s \n \tSlot pro kartu SD\/MicroSD\n \tKompatibiln\u00ed se syst\u00e9my Windows,Mac a Android","url":"https:\/\/droix.eu\/cs\/product\/rozbocovac-usb-typu-c-fx8s\/","sku":"DX-FX8-S-USB-TYPE-C-ADAPTER","image":{"@type":"ImageObject","url":"https:\/\/droix.eu\/wp-content\/uploads\/2021\/12\/1-2.png","@id":"https:\/\/droix.eu\/cs\/product\/rozbocovac-usb-typu-c-fx8s\/#productImage","width":670,"height":840,"caption":"DroiX FX8s - Zobrazuje 2 porty USB typu C, 1 HDMI, 2 porty USB typu A, 1 port pro kartu SD a 1 port MicroSD"},"offers":{"@type":"Offer","url":"https:\/\/droix.eu\/cs\/product\/rozbocovac-usb-typu-c-fx8s\/#wooCommerceOffer","price":33.2,"priceCurrency":"EUR","category":"Hern\u00ed p\u0159\u00edslu\u0161enstv\u00ed","priceValidUntil":"2024-05-26","availability":"https:\/\/schema.org\/OutOfStock","priceSpecification":{"@type":"PriceSpecification","price":33.2,"priceCurrency":"EUR","valueAddedTaxIncluded":"true"},"seller":{"@type":"Organization","@id":"https:\/\/droix.eu\/cs\/#organization"}}},{"@type":"WebPage","@id":"https:\/\/droix.eu\/cs\/product\/rozbocovac-usb-typu-c-fx8s\/#webpage","url":"https:\/\/droix.eu\/cs\/product\/rozbocovac-usb-typu-c-fx8s\/","name":"Rozbo\u010dova\u010d USB typu C FX8S - DROIX EU","description":"Vysokorychlostn\u00ed adapt\u00e9r USB typu C V\u00fdstup HDMI 4K Port Ethernet RJ45 100M\/s Slot pro kartu SD\/MicroSD Kompatibiln\u00ed se syst\u00e9my Windows,Mac a Android Package Includes 1x rozbo\u010dova\u010d USB typu C FX8S","inLanguage":"cs-CZ","isPartOf":{"@id":"https:\/\/droix.eu\/cs\/#website"},"breadcrumb":{"@id":"https:\/\/droix.eu\/cs\/product\/rozbocovac-usb-typu-c-fx8s\/#breadcrumblist"},"image":{"@type":"ImageObject","url":"https:\/\/droix.eu\/wp-content\/uploads\/2021\/12\/1-2.png","@id":"https:\/\/droix.eu\/cs\/product\/rozbocovac-usb-typu-c-fx8s\/#mainImage","width":670,"height":840,"caption":"DroiX FX8s - Zobrazuje 2 porty USB typu C, 1 HDMI, 2 porty USB typu A, 1 port pro kartu SD a 1 port MicroSD"},"primaryImageOfPage":{"@id":"https:\/\/droix.eu\/cs\/product\/rozbocovac-usb-typu-c-fx8s\/#mainImage"},"datePublished":"2020-11-20T10:02:39+00:00","dateModified":"2025-08-01T15:44:56+01:00"},{"@type":"WebSite","@id":"https:\/\/droix.eu\/cs\/#website","url":"https:\/\/droix.eu\/cs\/","name":"DROIX EU","description":"Get the latest Mini PCs, Ultrabook, PC Gaming Handhelds and more!","inLanguage":"cs-CZ","publisher":{"@id":"https:\/\/droix.eu\/cs\/#organization"}}]},"og:locale":"cs_CZ","og:site_name":"DROIX EU - Get the latest Mini PCs, Ultrabook, PC Gaming Handhelds and more!","og:type":"article","og:title":"Rozbo\u010dova\u010d USB typu C FX8S - DROIX EU","og:description":"Vysokorychlostn\u00ed adapt\u00e9r USB typu C V\u00fdstup HDMI 4K Port Ethernet RJ45 100M\/s Slot pro kartu SD\/MicroSD Kompatibiln\u00ed se syst\u00e9my Windows,Mac a Android Package Includes 1x rozbo\u010dova\u010d USB typu C FX8S","og:url":"https:\/\/droix.eu\/cs\/product\/rozbocovac-usb-typu-c-fx8s\/","og:image":"https:\/\/droix.eu\/wp-content\/uploads\/2024\/06\/droix-v2-light-logo.png","og:image:secure_url":"https:\/\/droix.eu\/wp-content\/uploads\/2024\/06\/droix-v2-light-logo.png","og:image:width":380,"og:image:height":118,"article:published_time":"2020-11-20T10:02:39+00:00","article:modified_time":"2025-08-01T14:44:56+00:00","article:publisher":"https:\/\/www.facebook.com\/DroiX.Store","twitter:card":"summary_large_image","twitter:site":"@DroiX_Store","twitter:title":"Rozbo\u010dova\u010d USB typu C FX8S - DROIX EU","twitter:description":"Vysokorychlostn\u00ed adapt\u00e9r USB typu C V\u00fdstup HDMI 4K Port Ethernet RJ45 100M\/s Slot pro kartu SD\/MicroSD Kompatibiln\u00ed se syst\u00e9my Windows,Mac a Android Package Includes 1x rozbo\u010dova\u010d USB typu C FX8S","twitter:image":"https:\/\/droix.eu\/wp-content\/uploads\/2024\/06\/droix-v2-light-logo.png"},"aioseo_meta_data":{"post_id":"565300","title":null,"description":null,"keywords":null,"keyphrases":null,"primary_term":null,"canonical_url":null,"og_title":null,"og_description":null,"og_object_type":"default","og_image_type":"default","og_image_url":null,"og_image_width":null,"og_image_height":null,"og_image_custom_url":null,"og_image_custom_fields":null,"og_video":null,"og_custom_url":null,"og_article_section":null,"og_article_tags":null,"twitter_use_og":true,"twitter_card":"default","twitter_image_type":"default","twitter_image_url":null,"twitter_image_custom_url":null,"twitter_image_custom_fields":null,"twitter_title":null,"twitter_description":null,"schema":{"blockGraphs":[],"customGraphs":[],"default":{"data":{"Article":[],"Course":[],"Dataset":[],"FAQPage":[],"Movie":[],"Person":[],"Product":[],"ProductReview":[],"Car":[],"Recipe":[],"Service":[],"SoftwareApplication":[],"WebPage":[]},"graphName":"","isEnabled":true},"graphs":[]},"schema_type":"default","schema_type_options":null,"pillar_content":false,"robots_default":true,"robots_noindex":false,"robots_noarchive":false,"robots_nosnippet":false,"robots_nofollow":false,"robots_noimageindex":false,"robots_noodp":false,"robots_notranslate":false,"robots_max_snippet":null,"robots_max_videopreview":null,"robots_max_imagepreview":"large","priority":null,"frequency":null,"local_seo":null,"seo_analyzer_scan_date":"2025-10-24 08:07:26","breadcrumb_settings":null,"limit_modified_date":false,"reviewed_by":null,"open_ai":null,"ai":null,"created":"2025-10-09 03:30:41","updated":"2025-11-27 01:41:50"},"aioseo_breadcrumb":"<div class=\"aioseo-breadcrumbs\"><span class=\"aioseo-breadcrumb\">\n\t<a href=\"https:\/\/droix.eu\/cs\/\" title=\"Home\">Home<\/a>\n<\/span><span class=\"aioseo-breadcrumb-separator\">&raquo;<\/span><span class=\"aioseo-breadcrumb\">\n\t<a href=\"https:\/\/droix.eu\/cs\/product-category\/prislusenstvi\/\" title=\"P\u0159\u00edslu\u0161enstv\u00ed\">P\u0159\u00edslu\u0161enstv\u00ed<\/a>\n<\/span><span class=\"aioseo-breadcrumb-separator\">&raquo;<\/span><span class=\"aioseo-breadcrumb\">\n\t<a href=\"https:\/\/droix.eu\/cs\/product-category\/prislusenstvi\/prislusenstvi-k-notebookum\/\" title=\"P\u0159\u00edslu\u0161enstv\u00ed k notebook\u016fm\">P\u0159\u00edslu\u0161enstv\u00ed k notebook\u016fm<\/a>\n<\/span><span class=\"aioseo-breadcrumb-separator\">&raquo;<\/span><span class=\"aioseo-breadcrumb\">\n\tRozbo\u010dova\u010d USB typu C FX8S\n<\/span><\/div>","aioseo_breadcrumb_json":[{"label":"Home","link":"https:\/\/droix.eu\/cs\/"},{"label":"P\u0159\u00edslu\u0161enstv\u00ed","link":"https:\/\/droix.eu\/cs\/product-category\/prislusenstvi\/"},{"label":"P\u0159\u00edslu\u0161enstv\u00ed k notebook\u016fm","link":"https:\/\/droix.eu\/cs\/product-category\/prislusenstvi\/prislusenstvi-k-notebookum\/"},{"label":"Rozbo\u010dova\u010d USB typu C FX8S","link":"https:\/\/droix.eu\/cs\/product\/rozbocovac-usb-typu-c-fx8s\/"}],"_links":{"self":[{"href":"https:\/\/droix.eu\/cs\/wp-json\/wp\/v2\/product\/565300","targetHints":{"allow":["GET"]}}],"collection":[{"href":"https:\/\/droix.eu\/cs\/wp-json\/wp\/v2\/product"}],"about":[{"href":"https:\/\/droix.eu\/cs\/wp-json\/wp\/v2\/types\/product"}],"version-history":[{"count":0,"href":"https:\/\/droix.eu\/cs\/wp-json\/wp\/v2\/product\/565300\/revisions"}],"wp:featuredmedia":[{"embeddable":true,"href":"https:\/\/droix.eu\/cs\/wp-json\/wp\/v2\/media\/221122"}],"wp:attachment":[{"href":"https:\/\/droix.eu\/cs\/wp-json\/wp\/v2\/media?parent=565300"}],"wp:term":[{"taxonomy":"product_brand","embeddable":true,"href":"https:\/\/droix.eu\/cs\/wp-json\/wp\/v2\/product_brand?post=565300"},{"taxonomy":"product_cat","embeddable":true,"href":"https:\/\/droix.eu\/cs\/wp-json\/wp\/v2\/product_cat?post=565300"},{"taxonomy":"product_tag","embeddable":true,"href":"https:\/\/droix.eu\/cs\/wp-json\/wp\/v2\/product_tag?post=565300"},{"taxonomy":"woo-feed-brand","embeddable":true,"href":"https:\/\/droix.eu\/cs\/wp-json\/wp\/v2\/woo-feed-brand?post=565300"},{"taxonomy":"key-features","embeddable":true,"href":"https:\/\/droix.eu\/cs\/wp-json\/wp\/v2\/key-features?post=565300"}],"curies":[{"name":"wp","href":"https:\/\/api.w.org\/{rel}","templated":true}]}}