{"id":565290,"date":"2020-11-17T11:23:03","date_gmt":"2020-11-17T11:23:03","guid":{"rendered":"https:\/\/droix.eu\/product\/droix-g10s-podsvicena-vzdusna-mys-s-hlasovym-ovladanim\/"},"modified":"2026-01-22T12:53:33","modified_gmt":"2026-01-22T12:53:33","slug":"droix-g10s-podsvicena-vzdusna-mys-s-hlasovym-ovladanim","status":"publish","type":"product","link":"https:\/\/droix.eu\/cs\/product\/droix-g10s-podsvicena-vzdusna-mys-s-hlasovym-ovladanim\/","title":{"rendered":"DroiX G10S podsv\u00edcen\u00e1 vzdu\u0161n\u00e1 my\u0161 s hlasov\u00fdm ovl\u00e1d\u00e1n\u00edm"},"content":{"rendered":"<p><span data-contrast=\"none\">Obl\u00edben\u00e1 vzduchov\u00e1 my\u0161 DroiX G10 se vrac\u00ed ve sv\u00e9 nejnov\u011bj\u0161\u00ed iteraci, <strong>G10S<\/strong>!<\/span><span data-ccp-props=\"{\">&nbsp;<\/span><\/p>\n<p><span data-contrast=\"none\">Pomoc\u00ed vestav\u011bn\u00e9ho kvalitn\u00edho <strong>gyroskopick\u00e9ho<\/strong> senzoru m\u016f\u017eete my\u0161 na sv\u00e9m za\u0159\u00edzen\u00ed p\u0159esn\u011b a snadno ovl\u00e1dat na vzd\u00e1lenost n\u011bkolika metr\u016f!<\/span><span data-ccp-props=\"{\">&nbsp;<\/span><\/p>\n<p><span data-contrast=\"none\">Nechce se v\u00e1m m\u00e1vat rukou? \u017d\u00e1dn\u00fd probl\u00e9m! S&nbsp;<\/span><strong>vestav\u011bn\u00fd<\/strong><span data-contrast=\"none\"><strong> mikrofonem<\/strong>, diktujte sv\u00e1 slova m\u00edsto psan\u00ed prost\u0159ednictv\u00edm r\u016fzn\u00fdch aplikac\u00ed s podporou hlasu!<\/span><span data-ccp-props=\"{\">&nbsp;<\/span><\/p>\n<p><span data-contrast=\"none\">G10S m\u00e1 stejn\u00e9 rozm\u011bry jako jeho p\u0159edch\u016fdce, pouh\u00fdch 143*45*29 mm, a tak se v\u00e1m doslova vejde do dlan\u011b!<\/span><span data-ccp-props=\"{\">&nbsp;<\/span><\/p>\n<p><span data-contrast=\"none\">V\u00fdrazn\u00fdm prvkem modelu G10S je <strong>podsv\u00edcen\u00ed<\/strong> pod tla\u010d\u00edtky, kter\u00e9 usnad\u0148uje pou\u017e\u00edv\u00e1n\u00ed p\u0159i slab\u00e9m osv\u011btlen\u00ed!<\/span><span data-ccp-props=\"{\">&nbsp;<\/span><\/p>\n","protected":false},"excerpt":{"rendered":"<ul>\n<li><strong>Bezdr\u00e1tov\u00e9 p\u0159ipojen\u00ed<\/strong> 2,4 GHz<\/li>\n<li>Funguje na baterie AAA.<\/li>\n<li><strong>Podsv\u00edcen\u00e1<\/strong> tla\u010d\u00edtka<\/li>\n<li><strong>Vestav\u011bn\u00fd mikrofon<\/strong><\/li>\n<li>Lehk\u00fd, ergonomick\u00fd design.<\/li>\n<\/ul>\n[droix_global_accordions]\n[cg_accordion title=\"Balen\u00ed obsahuje\"]<\/p>\n<ul>\n<li>1x DroiX G10S Air-Mouse\/li&gt;\n<li>1x 2,4Ghz RF USB Dongle<\/li>\n<li>1x u\u017eivatelsk\u00e1 p\u0159\u00edru\u010dka<\/li>\n<\/ul>\n<p>[\/cg_accordion]\n","protected":false},"featured_media":220340,"template":"","meta":{"_acf_changed":false},"product_brand":[],"product_cat":[10092,33728],"product_tag":[],"woo-feed-brand":[],"key-features":[],"class_list":{"0":"post-565290","1":"product","2":"type-product","3":"status-publish","4":"has-post-thumbnail","6":"product_cat-prislusenstvi","7":"product_cat-prislusenstvi-pro-televizni-boxy-se-systemem-android","8":"product_shipping_class-low-end","9":"pa_brands-droix-cs","10":"pa_compatibility-android-cs","11":"pa_compatibility-windows-cs","13":"first","14":"outofstock","15":"sale","16":"taxable","17":"shipping-taxable","18":"purchasable","19":"product-type-simple"},"acf":[],"aioseo_notices":[],"aioseo_head":"\n\t\t<!-- All in One SEO Pro 4.9.5.2 - aioseo.com -->\n\t<meta name=\"description\" content=\"Bezdr\u00e1tov\u00e9 p\u0159ipojen\u00ed 2,4 GHz Funguje na baterie AAA. Podsv\u00edcen\u00e1 tla\u010d\u00edtka Vestav\u011bn\u00fd mikrofon Lehk\u00fd, ergonomick\u00fd design. Balen\u00ed obsahuje 1x DroiX G10S Air-Mouse\/li&gt; 1x 2,4Ghz RF USB Dongle 1x u\u017eivatelsk\u00e1 p\u0159\u00edru\u010dka\" \/>\n\t<meta name=\"robots\" content=\"max-image-preview:large\" \/>\n\t<link rel=\"canonical\" href=\"https:\/\/droix.eu\/cs\/product\/droix-g10s-podsvicena-vzdusna-mys-s-hlasovym-ovladanim\/\" \/>\n\t<meta name=\"generator\" content=\"All in One SEO Pro (AIOSEO) 4.9.5.2\" \/>\n\t\t<meta property=\"og:locale\" content=\"cs_CZ\" \/>\n\t\t<meta property=\"og:site_name\" content=\"DROIX EU - Get the latest Mini PCs, Ultrabook, PC Gaming Handhelds and more!\" \/>\n\t\t<meta property=\"og:type\" content=\"article\" \/>\n\t\t<meta property=\"og:title\" content=\"DroiX G10S podsv\u00edcen\u00e1 vzdu\u0161n\u00e1 my\u0161 s hlasov\u00fdm ovl\u00e1d\u00e1n\u00edm - DROIX EU\" \/>\n\t\t<meta property=\"og:description\" content=\"Bezdr\u00e1tov\u00e9 p\u0159ipojen\u00ed 2,4 GHz Funguje na baterie AAA. Podsv\u00edcen\u00e1 tla\u010d\u00edtka Vestav\u011bn\u00fd mikrofon Lehk\u00fd, ergonomick\u00fd design. Balen\u00ed obsahuje 1x DroiX G10S Air-Mouse\/li&gt; 1x 2,4Ghz RF USB Dongle 1x u\u017eivatelsk\u00e1 p\u0159\u00edru\u010dka\" \/>\n\t\t<meta property=\"og:url\" content=\"https:\/\/droix.eu\/cs\/product\/droix-g10s-podsvicena-vzdusna-mys-s-hlasovym-ovladanim\/\" \/>\n\t\t<meta property=\"og:image\" content=\"https:\/\/droix.eu\/wp-content\/uploads\/2024\/06\/droix-v2-light-logo.png\" \/>\n\t\t<meta property=\"og:image:secure_url\" content=\"https:\/\/droix.eu\/wp-content\/uploads\/2024\/06\/droix-v2-light-logo.png\" \/>\n\t\t<meta property=\"og:image:width\" content=\"380\" \/>\n\t\t<meta property=\"og:image:height\" content=\"118\" \/>\n\t\t<meta property=\"article:published_time\" content=\"2020-11-17T11:23:03+00:00\" \/>\n\t\t<meta property=\"article:modified_time\" content=\"2026-01-22T12:53:33+00:00\" \/>\n\t\t<meta property=\"article:publisher\" content=\"https:\/\/www.facebook.com\/DroiX.Store\" \/>\n\t\t<meta name=\"twitter:card\" content=\"summary_large_image\" \/>\n\t\t<meta name=\"twitter:site\" content=\"@DroiX_Store\" \/>\n\t\t<meta name=\"twitter:title\" content=\"DroiX G10S podsv\u00edcen\u00e1 vzdu\u0161n\u00e1 my\u0161 s hlasov\u00fdm ovl\u00e1d\u00e1n\u00edm - DROIX EU\" \/>\n\t\t<meta name=\"twitter:description\" content=\"Bezdr\u00e1tov\u00e9 p\u0159ipojen\u00ed 2,4 GHz Funguje na baterie AAA. Podsv\u00edcen\u00e1 tla\u010d\u00edtka Vestav\u011bn\u00fd mikrofon Lehk\u00fd, ergonomick\u00fd design. Balen\u00ed obsahuje 1x DroiX G10S Air-Mouse\/li&gt; 1x 2,4Ghz RF USB Dongle 1x u\u017eivatelsk\u00e1 p\u0159\u00edru\u010dka\" \/>\n\t\t<meta name=\"twitter:image\" content=\"https:\/\/droix.eu\/wp-content\/uploads\/2024\/06\/droix-v2-light-logo.png\" \/>\n\t\t<script type=\"application\/ld+json\" class=\"aioseo-schema\">\n\t\t\t{\"@context\":\"https:\\\/\\\/schema.org\",\"@graph\":[{\"@type\":\"BreadcrumbList\",\"@id\":\"https:\\\/\\\/droix.eu\\\/cs\\\/product\\\/droix-g10s-podsvicena-vzdusna-mys-s-hlasovym-ovladanim\\\/#breadcrumblist\",\"itemListElement\":[{\"@type\":\"ListItem\",\"@id\":\"https:\\\/\\\/droix.eu\\\/cs\\\/#listItem\",\"position\":1,\"name\":\"Home\",\"item\":\"https:\\\/\\\/droix.eu\\\/cs\\\/\",\"nextItem\":{\"@type\":\"ListItem\",\"@id\":\"https:\\\/\\\/droix.eu\\\/cs\\\/product-category\\\/prislusenstvi\\\/#listItem\",\"name\":\"P\\u0159\\u00edslu\\u0161enstv\\u00ed\"}},{\"@type\":\"ListItem\",\"@id\":\"https:\\\/\\\/droix.eu\\\/cs\\\/product-category\\\/prislusenstvi\\\/#listItem\",\"position\":2,\"name\":\"P\\u0159\\u00edslu\\u0161enstv\\u00ed\",\"item\":\"https:\\\/\\\/droix.eu\\\/cs\\\/product-category\\\/prislusenstvi\\\/\",\"nextItem\":{\"@type\":\"ListItem\",\"@id\":\"https:\\\/\\\/droix.eu\\\/cs\\\/product-category\\\/prislusenstvi\\\/prislusenstvi-pro-televizni-boxy-se-systemem-android\\\/#listItem\",\"name\":\"P\\u0159\\u00edslu\\u0161enstv\\u00ed pro televizn\\u00ed boxy se syst\\u00e9mem Android\"},\"previousItem\":{\"@type\":\"ListItem\",\"@id\":\"https:\\\/\\\/droix.eu\\\/cs\\\/#listItem\",\"name\":\"Home\"}},{\"@type\":\"ListItem\",\"@id\":\"https:\\\/\\\/droix.eu\\\/cs\\\/product-category\\\/prislusenstvi\\\/prislusenstvi-pro-televizni-boxy-se-systemem-android\\\/#listItem\",\"position\":3,\"name\":\"P\\u0159\\u00edslu\\u0161enstv\\u00ed pro televizn\\u00ed boxy se syst\\u00e9mem Android\",\"item\":\"https:\\\/\\\/droix.eu\\\/cs\\\/product-category\\\/prislusenstvi\\\/prislusenstvi-pro-televizni-boxy-se-systemem-android\\\/\",\"nextItem\":{\"@type\":\"ListItem\",\"@id\":\"https:\\\/\\\/droix.eu\\\/cs\\\/product\\\/droix-g10s-podsvicena-vzdusna-mys-s-hlasovym-ovladanim\\\/#listItem\",\"name\":\"DroiX G10S podsv\\u00edcen\\u00e1 vzdu\\u0161n\\u00e1 my\\u0161 s hlasov\\u00fdm ovl\\u00e1d\\u00e1n\\u00edm\"},\"previousItem\":{\"@type\":\"ListItem\",\"@id\":\"https:\\\/\\\/droix.eu\\\/cs\\\/product-category\\\/prislusenstvi\\\/#listItem\",\"name\":\"P\\u0159\\u00edslu\\u0161enstv\\u00ed\"}},{\"@type\":\"ListItem\",\"@id\":\"https:\\\/\\\/droix.eu\\\/cs\\\/product\\\/droix-g10s-podsvicena-vzdusna-mys-s-hlasovym-ovladanim\\\/#listItem\",\"position\":4,\"name\":\"DroiX G10S podsv\\u00edcen\\u00e1 vzdu\\u0161n\\u00e1 my\\u0161 s hlasov\\u00fdm ovl\\u00e1d\\u00e1n\\u00edm\",\"previousItem\":{\"@type\":\"ListItem\",\"@id\":\"https:\\\/\\\/droix.eu\\\/cs\\\/product-category\\\/prislusenstvi\\\/prislusenstvi-pro-televizni-boxy-se-systemem-android\\\/#listItem\",\"name\":\"P\\u0159\\u00edslu\\u0161enstv\\u00ed pro televizn\\u00ed boxy se syst\\u00e9mem Android\"}}]},{\"@type\":\"Organization\",\"@id\":\"https:\\\/\\\/droix.eu\\\/cs\\\/#organization\",\"name\":\"DroiX \\u2013 Trusted EU Tech Retailer with 12+ Years Experience\",\"description\":\"DroiX is a leading European technology retailer with over 12 years of experience, offering quality mini PCs, handheld gaming consoles, and tech accessories. We provide hassle-free EU delivery with all taxes included, ensuring a smooth and reliable shopping experience for our customers across Europe.\",\"url\":\"https:\\\/\\\/droix.eu\\\/cs\\\/\",\"logo\":{\"@type\":\"ImageObject\",\"url\":\"https:\\\/\\\/droix.eu\\\/wp-content\\\/uploads\\\/2024\\\/06\\\/droix-v2-light-logo.png\",\"@id\":\"https:\\\/\\\/droix.eu\\\/cs\\\/product\\\/droix-g10s-podsvicena-vzdusna-mys-s-hlasovym-ovladanim\\\/#organizationLogo\",\"width\":380,\"height\":118},\"image\":{\"@id\":\"https:\\\/\\\/droix.eu\\\/cs\\\/product\\\/droix-g10s-podsvicena-vzdusna-mys-s-hlasovym-ovladanim\\\/#organizationLogo\"},\"sameAs\":[\"https:\\\/\\\/www.facebook.com\\\/DroiX.Store\",\"https:\\\/\\\/twitter.com\\\/DroiX_Store\",\"https:\\\/\\\/www.instagram.com\\\/droix.store\\\/\",\"https:\\\/\\\/www.tiktok.com\\\/@droix.store\",\"https:\\\/\\\/www.youtube.com\\\/c\\\/DroiX_Store\",\"https:\\\/\\\/uk.linkedin.com\\\/company\\\/droix\"]},{\"@type\":\"Product\",\"@id\":\"https:\\\/\\\/droix.eu\\\/cs\\\/product\\\/droix-g10s-podsvicena-vzdusna-mys-s-hlasovym-ovladanim\\\/#wooCommerceProduct\",\"name\":\"DroiX G10S podsv\\u00edcen\\u00e1 vzdu\\u0161n\\u00e1 my\\u0161 s hlasov\\u00fdm ovl\\u00e1d\\u00e1n\\u00edm\",\"description\":\"Bezdr\\u00e1tov\\u00e9 p\\u0159ipojen\\u00ed 2,4 GHz\\n \\tFunguje na baterie AAA.\\n \\tPodsv\\u00edcen\\u00e1 tla\\u010d\\u00edtka\\n \\tVestav\\u011bn\\u00fd mikrofon\\n \\tLehk\\u00fd, ergonomick\\u00fd design.\",\"url\":\"https:\\\/\\\/droix.eu\\\/cs\\\/product\\\/droix-g10s-podsvicena-vzdusna-mys-s-hlasovym-ovladanim\\\/\",\"sku\":\"DROIX-G10S\",\"gtin\":\"5060763670440\",\"image\":{\"@type\":\"ImageObject\",\"url\":\"https:\\\/\\\/droix.eu\\\/wp-content\\\/uploads\\\/2021\\\/12\\\/G10S-LISTING-PICTURE-1.png\",\"@id\":\"https:\\\/\\\/droix.eu\\\/cs\\\/product\\\/droix-g10s-podsvicena-vzdusna-mys-s-hlasovym-ovladanim\\\/#productImage\",\"width\":1000,\"height\":1000,\"caption\":\"My\\u0161 DroiX G10S Backlit Air-Mouse - zobrazena zep\\u0159edu\"},\"offers\":{\"@type\":\"Offer\",\"url\":\"https:\\\/\\\/droix.eu\\\/cs\\\/product\\\/droix-g10s-podsvicena-vzdusna-mys-s-hlasovym-ovladanim\\\/#wooCommerceOffer\",\"price\":11.01,\"priceCurrency\":\"EUR\",\"category\":\"P\\u0159\\u00edslu\\u0161enstv\\u00ed\",\"availability\":\"https:\\\/\\\/schema.org\\\/OutOfStock\",\"priceSpecification\":{\"@type\":\"PriceSpecification\",\"price\":11.01,\"priceCurrency\":\"EUR\",\"valueAddedTaxIncluded\":\"true\"},\"seller\":{\"@type\":\"Organization\",\"@id\":\"https:\\\/\\\/droix.eu\\\/cs\\\/#organization\"}}},{\"@type\":\"WebPage\",\"@id\":\"https:\\\/\\\/droix.eu\\\/cs\\\/product\\\/droix-g10s-podsvicena-vzdusna-mys-s-hlasovym-ovladanim\\\/#webpage\",\"url\":\"https:\\\/\\\/droix.eu\\\/cs\\\/product\\\/droix-g10s-podsvicena-vzdusna-mys-s-hlasovym-ovladanim\\\/\",\"name\":\"DroiX G10S podsv\\u00edcen\\u00e1 vzdu\\u0161n\\u00e1 my\\u0161 s hlasov\\u00fdm ovl\\u00e1d\\u00e1n\\u00edm - DROIX EU\",\"description\":\"Bezdr\\u00e1tov\\u00e9 p\\u0159ipojen\\u00ed 2,4 GHz Funguje na baterie AAA. Podsv\\u00edcen\\u00e1 tla\\u010d\\u00edtka Vestav\\u011bn\\u00fd mikrofon Lehk\\u00fd, ergonomick\\u00fd design. Balen\\u00ed obsahuje 1x DroiX G10S Air-Mouse\\\/li> 1x 2,4Ghz RF USB Dongle 1x u\\u017eivatelsk\\u00e1 p\\u0159\\u00edru\\u010dka\",\"inLanguage\":\"cs-CZ\",\"isPartOf\":{\"@id\":\"https:\\\/\\\/droix.eu\\\/cs\\\/#website\"},\"breadcrumb\":{\"@id\":\"https:\\\/\\\/droix.eu\\\/cs\\\/product\\\/droix-g10s-podsvicena-vzdusna-mys-s-hlasovym-ovladanim\\\/#breadcrumblist\"},\"image\":{\"@type\":\"ImageObject\",\"url\":\"https:\\\/\\\/droix.eu\\\/wp-content\\\/uploads\\\/2021\\\/12\\\/G10S-LISTING-PICTURE-1.png\",\"@id\":\"https:\\\/\\\/droix.eu\\\/cs\\\/product\\\/droix-g10s-podsvicena-vzdusna-mys-s-hlasovym-ovladanim\\\/#mainImage\",\"width\":1000,\"height\":1000,\"caption\":\"My\\u0161 DroiX G10S Backlit Air-Mouse - zobrazena zep\\u0159edu\"},\"primaryImageOfPage\":{\"@id\":\"https:\\\/\\\/droix.eu\\\/cs\\\/product\\\/droix-g10s-podsvicena-vzdusna-mys-s-hlasovym-ovladanim\\\/#mainImage\"},\"datePublished\":\"2020-11-17T11:23:03+00:00\",\"dateModified\":\"2026-01-22T12:53:33+00:00\"},{\"@type\":\"WebSite\",\"@id\":\"https:\\\/\\\/droix.eu\\\/cs\\\/#website\",\"url\":\"https:\\\/\\\/droix.eu\\\/cs\\\/\",\"name\":\"DROIX EU\",\"description\":\"Get the latest Mini PCs, Ultrabook, PC Gaming Handhelds and more!\",\"inLanguage\":\"cs-CZ\",\"publisher\":{\"@id\":\"https:\\\/\\\/droix.eu\\\/cs\\\/#organization\"}}]}\n\t\t<\/script>\n\t\t<!-- All in One SEO Pro -->\r\n\t\t<title>DroiX G10S podsv\u00edcen\u00e1 vzdu\u0161n\u00e1 my\u0161 s hlasov\u00fdm ovl\u00e1d\u00e1n\u00edm - DROIX EU<\/title>\n\n","aioseo_head_json":{"title":"DroiX G10S podsv\u00edcen\u00e1 vzdu\u0161n\u00e1 my\u0161 s hlasov\u00fdm ovl\u00e1d\u00e1n\u00edm - DROIX EU","description":"Bezdr\u00e1tov\u00e9 p\u0159ipojen\u00ed 2,4 GHz Funguje na baterie AAA. Podsv\u00edcen\u00e1 tla\u010d\u00edtka Vestav\u011bn\u00fd mikrofon Lehk\u00fd, ergonomick\u00fd design. Balen\u00ed obsahuje 1x DroiX G10S Air-Mouse\/li> 1x 2,4Ghz RF USB Dongle 1x u\u017eivatelsk\u00e1 p\u0159\u00edru\u010dka","canonical_url":"https:\/\/droix.eu\/cs\/product\/droix-g10s-podsvicena-vzdusna-mys-s-hlasovym-ovladanim\/","robots":"max-image-preview:large","keywords":"","webmasterTools":{"miscellaneous":""},"schema":{"@context":"https:\/\/schema.org","@graph":[{"@type":"BreadcrumbList","@id":"https:\/\/droix.eu\/cs\/product\/droix-g10s-podsvicena-vzdusna-mys-s-hlasovym-ovladanim\/#breadcrumblist","itemListElement":[{"@type":"ListItem","@id":"https:\/\/droix.eu\/cs\/#listItem","position":1,"name":"Home","item":"https:\/\/droix.eu\/cs\/","nextItem":{"@type":"ListItem","@id":"https:\/\/droix.eu\/cs\/product-category\/prislusenstvi\/#listItem","name":"P\u0159\u00edslu\u0161enstv\u00ed"}},{"@type":"ListItem","@id":"https:\/\/droix.eu\/cs\/product-category\/prislusenstvi\/#listItem","position":2,"name":"P\u0159\u00edslu\u0161enstv\u00ed","item":"https:\/\/droix.eu\/cs\/product-category\/prislusenstvi\/","nextItem":{"@type":"ListItem","@id":"https:\/\/droix.eu\/cs\/product-category\/prislusenstvi\/prislusenstvi-pro-televizni-boxy-se-systemem-android\/#listItem","name":"P\u0159\u00edslu\u0161enstv\u00ed pro televizn\u00ed boxy se syst\u00e9mem Android"},"previousItem":{"@type":"ListItem","@id":"https:\/\/droix.eu\/cs\/#listItem","name":"Home"}},{"@type":"ListItem","@id":"https:\/\/droix.eu\/cs\/product-category\/prislusenstvi\/prislusenstvi-pro-televizni-boxy-se-systemem-android\/#listItem","position":3,"name":"P\u0159\u00edslu\u0161enstv\u00ed pro televizn\u00ed boxy se syst\u00e9mem Android","item":"https:\/\/droix.eu\/cs\/product-category\/prislusenstvi\/prislusenstvi-pro-televizni-boxy-se-systemem-android\/","nextItem":{"@type":"ListItem","@id":"https:\/\/droix.eu\/cs\/product\/droix-g10s-podsvicena-vzdusna-mys-s-hlasovym-ovladanim\/#listItem","name":"DroiX G10S podsv\u00edcen\u00e1 vzdu\u0161n\u00e1 my\u0161 s hlasov\u00fdm ovl\u00e1d\u00e1n\u00edm"},"previousItem":{"@type":"ListItem","@id":"https:\/\/droix.eu\/cs\/product-category\/prislusenstvi\/#listItem","name":"P\u0159\u00edslu\u0161enstv\u00ed"}},{"@type":"ListItem","@id":"https:\/\/droix.eu\/cs\/product\/droix-g10s-podsvicena-vzdusna-mys-s-hlasovym-ovladanim\/#listItem","position":4,"name":"DroiX G10S podsv\u00edcen\u00e1 vzdu\u0161n\u00e1 my\u0161 s hlasov\u00fdm ovl\u00e1d\u00e1n\u00edm","previousItem":{"@type":"ListItem","@id":"https:\/\/droix.eu\/cs\/product-category\/prislusenstvi\/prislusenstvi-pro-televizni-boxy-se-systemem-android\/#listItem","name":"P\u0159\u00edslu\u0161enstv\u00ed pro televizn\u00ed boxy se syst\u00e9mem Android"}}]},{"@type":"Organization","@id":"https:\/\/droix.eu\/cs\/#organization","name":"DroiX \u2013 Trusted EU Tech Retailer with 12+ Years Experience","description":"DroiX is a leading European technology retailer with over 12 years of experience, offering quality mini PCs, handheld gaming consoles, and tech accessories. We provide hassle-free EU delivery with all taxes included, ensuring a smooth and reliable shopping experience for our customers across Europe.","url":"https:\/\/droix.eu\/cs\/","logo":{"@type":"ImageObject","url":"https:\/\/droix.eu\/wp-content\/uploads\/2024\/06\/droix-v2-light-logo.png","@id":"https:\/\/droix.eu\/cs\/product\/droix-g10s-podsvicena-vzdusna-mys-s-hlasovym-ovladanim\/#organizationLogo","width":380,"height":118},"image":{"@id":"https:\/\/droix.eu\/cs\/product\/droix-g10s-podsvicena-vzdusna-mys-s-hlasovym-ovladanim\/#organizationLogo"},"sameAs":["https:\/\/www.facebook.com\/DroiX.Store","https:\/\/twitter.com\/DroiX_Store","https:\/\/www.instagram.com\/droix.store\/","https:\/\/www.tiktok.com\/@droix.store","https:\/\/www.youtube.com\/c\/DroiX_Store","https:\/\/uk.linkedin.com\/company\/droix"]},{"@type":"Product","@id":"https:\/\/droix.eu\/cs\/product\/droix-g10s-podsvicena-vzdusna-mys-s-hlasovym-ovladanim\/#wooCommerceProduct","name":"DroiX G10S podsv\u00edcen\u00e1 vzdu\u0161n\u00e1 my\u0161 s hlasov\u00fdm ovl\u00e1d\u00e1n\u00edm","description":"Bezdr\u00e1tov\u00e9 p\u0159ipojen\u00ed 2,4 GHz\n \tFunguje na baterie AAA.\n \tPodsv\u00edcen\u00e1 tla\u010d\u00edtka\n \tVestav\u011bn\u00fd mikrofon\n \tLehk\u00fd, ergonomick\u00fd design.","url":"https:\/\/droix.eu\/cs\/product\/droix-g10s-podsvicena-vzdusna-mys-s-hlasovym-ovladanim\/","sku":"DROIX-G10S","gtin":"5060763670440","image":{"@type":"ImageObject","url":"https:\/\/droix.eu\/wp-content\/uploads\/2021\/12\/G10S-LISTING-PICTURE-1.png","@id":"https:\/\/droix.eu\/cs\/product\/droix-g10s-podsvicena-vzdusna-mys-s-hlasovym-ovladanim\/#productImage","width":1000,"height":1000,"caption":"My\u0161 DroiX G10S Backlit Air-Mouse - zobrazena zep\u0159edu"},"offers":{"@type":"Offer","url":"https:\/\/droix.eu\/cs\/product\/droix-g10s-podsvicena-vzdusna-mys-s-hlasovym-ovladanim\/#wooCommerceOffer","price":11.01,"priceCurrency":"EUR","category":"P\u0159\u00edslu\u0161enstv\u00ed","availability":"https:\/\/schema.org\/OutOfStock","priceSpecification":{"@type":"PriceSpecification","price":11.01,"priceCurrency":"EUR","valueAddedTaxIncluded":"true"},"seller":{"@type":"Organization","@id":"https:\/\/droix.eu\/cs\/#organization"}}},{"@type":"WebPage","@id":"https:\/\/droix.eu\/cs\/product\/droix-g10s-podsvicena-vzdusna-mys-s-hlasovym-ovladanim\/#webpage","url":"https:\/\/droix.eu\/cs\/product\/droix-g10s-podsvicena-vzdusna-mys-s-hlasovym-ovladanim\/","name":"DroiX G10S podsv\u00edcen\u00e1 vzdu\u0161n\u00e1 my\u0161 s hlasov\u00fdm ovl\u00e1d\u00e1n\u00edm - DROIX EU","description":"Bezdr\u00e1tov\u00e9 p\u0159ipojen\u00ed 2,4 GHz Funguje na baterie AAA. Podsv\u00edcen\u00e1 tla\u010d\u00edtka Vestav\u011bn\u00fd mikrofon Lehk\u00fd, ergonomick\u00fd design. Balen\u00ed obsahuje 1x DroiX G10S Air-Mouse\/li> 1x 2,4Ghz RF USB Dongle 1x u\u017eivatelsk\u00e1 p\u0159\u00edru\u010dka","inLanguage":"cs-CZ","isPartOf":{"@id":"https:\/\/droix.eu\/cs\/#website"},"breadcrumb":{"@id":"https:\/\/droix.eu\/cs\/product\/droix-g10s-podsvicena-vzdusna-mys-s-hlasovym-ovladanim\/#breadcrumblist"},"image":{"@type":"ImageObject","url":"https:\/\/droix.eu\/wp-content\/uploads\/2021\/12\/G10S-LISTING-PICTURE-1.png","@id":"https:\/\/droix.eu\/cs\/product\/droix-g10s-podsvicena-vzdusna-mys-s-hlasovym-ovladanim\/#mainImage","width":1000,"height":1000,"caption":"My\u0161 DroiX G10S Backlit Air-Mouse - zobrazena zep\u0159edu"},"primaryImageOfPage":{"@id":"https:\/\/droix.eu\/cs\/product\/droix-g10s-podsvicena-vzdusna-mys-s-hlasovym-ovladanim\/#mainImage"},"datePublished":"2020-11-17T11:23:03+00:00","dateModified":"2026-01-22T12:53:33+00:00"},{"@type":"WebSite","@id":"https:\/\/droix.eu\/cs\/#website","url":"https:\/\/droix.eu\/cs\/","name":"DROIX EU","description":"Get the latest Mini PCs, Ultrabook, PC Gaming Handhelds and more!","inLanguage":"cs-CZ","publisher":{"@id":"https:\/\/droix.eu\/cs\/#organization"}}]},"og:locale":"cs_CZ","og:site_name":"DROIX EU - Get the latest Mini PCs, Ultrabook, PC Gaming Handhelds and more!","og:type":"article","og:title":"DroiX G10S podsv\u00edcen\u00e1 vzdu\u0161n\u00e1 my\u0161 s hlasov\u00fdm ovl\u00e1d\u00e1n\u00edm - DROIX EU","og:description":"Bezdr\u00e1tov\u00e9 p\u0159ipojen\u00ed 2,4 GHz Funguje na baterie AAA. Podsv\u00edcen\u00e1 tla\u010d\u00edtka Vestav\u011bn\u00fd mikrofon Lehk\u00fd, ergonomick\u00fd design. Balen\u00ed obsahuje 1x DroiX G10S Air-Mouse\/li&gt; 1x 2,4Ghz RF USB Dongle 1x u\u017eivatelsk\u00e1 p\u0159\u00edru\u010dka","og:url":"https:\/\/droix.eu\/cs\/product\/droix-g10s-podsvicena-vzdusna-mys-s-hlasovym-ovladanim\/","og:image":"https:\/\/droix.eu\/wp-content\/uploads\/2024\/06\/droix-v2-light-logo.png","og:image:secure_url":"https:\/\/droix.eu\/wp-content\/uploads\/2024\/06\/droix-v2-light-logo.png","og:image:width":380,"og:image:height":118,"article:published_time":"2020-11-17T11:23:03+00:00","article:modified_time":"2026-01-22T12:53:33+00:00","article:publisher":"https:\/\/www.facebook.com\/DroiX.Store","twitter:card":"summary_large_image","twitter:site":"@DroiX_Store","twitter:title":"DroiX G10S podsv\u00edcen\u00e1 vzdu\u0161n\u00e1 my\u0161 s hlasov\u00fdm ovl\u00e1d\u00e1n\u00edm - DROIX EU","twitter:description":"Bezdr\u00e1tov\u00e9 p\u0159ipojen\u00ed 2,4 GHz Funguje na baterie AAA. Podsv\u00edcen\u00e1 tla\u010d\u00edtka Vestav\u011bn\u00fd mikrofon Lehk\u00fd, ergonomick\u00fd design. Balen\u00ed obsahuje 1x DroiX G10S Air-Mouse\/li&gt; 1x 2,4Ghz RF USB Dongle 1x u\u017eivatelsk\u00e1 p\u0159\u00edru\u010dka","twitter:image":"https:\/\/droix.eu\/wp-content\/uploads\/2024\/06\/droix-v2-light-logo.png"},"aioseo_meta_data":{"post_id":"565290","title":null,"description":null,"keywords":null,"keyphrases":null,"primary_term":null,"canonical_url":null,"og_title":null,"og_description":null,"og_object_type":"default","og_image_type":"default","og_image_url":null,"og_image_width":null,"og_image_height":null,"og_image_custom_url":null,"og_image_custom_fields":null,"og_video":null,"og_custom_url":null,"og_article_section":null,"og_article_tags":null,"twitter_use_og":true,"twitter_card":"default","twitter_image_type":"default","twitter_image_url":null,"twitter_image_custom_url":null,"twitter_image_custom_fields":null,"twitter_title":null,"twitter_description":null,"schema":{"blockGraphs":[],"customGraphs":[],"default":{"data":{"Article":[],"Course":[],"Dataset":[],"FAQPage":[],"Movie":[],"Person":[],"Product":[],"ProductReview":[],"Car":[],"Recipe":[],"Service":[],"SoftwareApplication":[],"WebPage":[]},"graphName":"","isEnabled":true},"graphs":[]},"schema_type":"default","schema_type_options":null,"pillar_content":false,"robots_default":true,"robots_noindex":false,"robots_noarchive":false,"robots_nosnippet":false,"robots_nofollow":false,"robots_noimageindex":false,"robots_noodp":false,"robots_notranslate":false,"robots_max_snippet":null,"robots_max_videopreview":null,"robots_max_imagepreview":"large","priority":null,"frequency":null,"local_seo":null,"seo_analyzer_scan_date":"2025-10-24 07:50:03","breadcrumb_settings":null,"limit_modified_date":false,"reviewed_by":null,"open_ai":null,"ai":null,"created":"2025-10-09 03:28:15","updated":"2026-01-24 09:22:09"},"aioseo_breadcrumb":"<div class=\"aioseo-breadcrumbs\"><span class=\"aioseo-breadcrumb\">\n\t<a href=\"https:\/\/droix.eu\/cs\/\" title=\"Home\">Home<\/a>\n<\/span><span class=\"aioseo-breadcrumb-separator\">&raquo;<\/span><span class=\"aioseo-breadcrumb\">\n\t<a href=\"https:\/\/droix.eu\/cs\/product-category\/prislusenstvi\/\" title=\"P\u0159\u00edslu\u0161enstv\u00ed\">P\u0159\u00edslu\u0161enstv\u00ed<\/a>\n<\/span><span class=\"aioseo-breadcrumb-separator\">&raquo;<\/span><span class=\"aioseo-breadcrumb\">\n\t<a href=\"https:\/\/droix.eu\/cs\/product-category\/prislusenstvi\/prislusenstvi-pro-televizni-boxy-se-systemem-android\/\" title=\"P\u0159\u00edslu\u0161enstv\u00ed pro televizn\u00ed boxy se syst\u00e9mem Android\">P\u0159\u00edslu\u0161enstv\u00ed pro televizn\u00ed boxy se syst\u00e9mem Android<\/a>\n<\/span><span class=\"aioseo-breadcrumb-separator\">&raquo;<\/span><span class=\"aioseo-breadcrumb\">\n\tDroiX G10S podsv\u00edcen\u00e1 vzdu\u0161n\u00e1 my\u0161 s hlasov\u00fdm ovl\u00e1d\u00e1n\u00edm\n<\/span><\/div>","aioseo_breadcrumb_json":[{"label":"Home","link":"https:\/\/droix.eu\/cs\/"},{"label":"P\u0159\u00edslu\u0161enstv\u00ed","link":"https:\/\/droix.eu\/cs\/product-category\/prislusenstvi\/"},{"label":"P\u0159\u00edslu\u0161enstv\u00ed pro televizn\u00ed boxy se syst\u00e9mem Android","link":"https:\/\/droix.eu\/cs\/product-category\/prislusenstvi\/prislusenstvi-pro-televizni-boxy-se-systemem-android\/"},{"label":"DroiX G10S podsv\u00edcen\u00e1 vzdu\u0161n\u00e1 my\u0161 s hlasov\u00fdm ovl\u00e1d\u00e1n\u00edm","link":"https:\/\/droix.eu\/cs\/product\/droix-g10s-podsvicena-vzdusna-mys-s-hlasovym-ovladanim\/"}],"_links":{"self":[{"href":"https:\/\/droix.eu\/cs\/wp-json\/wp\/v2\/product\/565290","targetHints":{"allow":["GET"]}}],"collection":[{"href":"https:\/\/droix.eu\/cs\/wp-json\/wp\/v2\/product"}],"about":[{"href":"https:\/\/droix.eu\/cs\/wp-json\/wp\/v2\/types\/product"}],"version-history":[{"count":0,"href":"https:\/\/droix.eu\/cs\/wp-json\/wp\/v2\/product\/565290\/revisions"}],"wp:featuredmedia":[{"embeddable":true,"href":"https:\/\/droix.eu\/cs\/wp-json\/wp\/v2\/media\/220340"}],"wp:attachment":[{"href":"https:\/\/droix.eu\/cs\/wp-json\/wp\/v2\/media?parent=565290"}],"wp:term":[{"taxonomy":"product_brand","embeddable":true,"href":"https:\/\/droix.eu\/cs\/wp-json\/wp\/v2\/product_brand?post=565290"},{"taxonomy":"product_cat","embeddable":true,"href":"https:\/\/droix.eu\/cs\/wp-json\/wp\/v2\/product_cat?post=565290"},{"taxonomy":"product_tag","embeddable":true,"href":"https:\/\/droix.eu\/cs\/wp-json\/wp\/v2\/product_tag?post=565290"},{"taxonomy":"woo-feed-brand","embeddable":true,"href":"https:\/\/droix.eu\/cs\/wp-json\/wp\/v2\/woo-feed-brand?post=565290"},{"taxonomy":"key-features","embeddable":true,"href":"https:\/\/droix.eu\/cs\/wp-json\/wp\/v2\/key-features?post=565290"}],"curies":[{"name":"wp","href":"https:\/\/api.w.org\/{rel}","templated":true}]}}