{"id":565226,"date":"2018-02-21T13:07:06","date_gmt":"2018-02-21T13:07:06","guid":{"rendered":"https:\/\/droix.eu\/product\/sluchatka-gpd\/"},"modified":"2025-08-18T13:47:32","modified_gmt":"2025-08-18T12:47:32","slug":"sluchatka-gpd","status":"publish","type":"product","link":"https:\/\/droix.eu\/cs\/product\/sluchatka-gpd\/","title":{"rendered":"Sluch\u00e1tka GPD"},"content":{"rendered":"<p>Ofici\u00e1ln\u00ed sluch\u00e1tka GPD speci\u00e1ln\u011b navr\u017een\u00e1 pro v\u00e1\u0161 kapesn\u00ed po\u010d\u00edta\u010d GPD.<\/p>\n<p>D\u00edky hlubok\u00e9 z\u00e1kladn\u011b a vysoce kvalitn\u00edmu zvuku se tento p\u00e1r sluch\u00e1tek hod\u00ed v\u0161ude s sebou.<\/p>\n","protected":false},"excerpt":{"rendered":"<p>Ofici\u00e1ln\u00ed sluch\u00e1tka GPD speci\u00e1ln\u011b navr\u017een\u00e1 pro v\u00e1\u0161 kapesn\u00ed po\u010d\u00edta\u010d GPD.<br \/>\nD\u00edky hlubok\u00e9 z\u00e1kladn\u011b a vysoce kvalitn\u00edmu zvuku se tento p\u00e1r sluch\u00e1tek hod\u00ed v\u0161ude s sebou.<\/p>\n[droix_global_accordions]\n[cg_accordion title=\"Balen\u00ed obsahuje\"]<\/p>\n<ul>\n<li>1x sluch\u00e1tka GPD<\/li>\n<\/ul>\n<p>[\/cg_accordion]\n","protected":false},"featured_media":208878,"template":"","meta":{"_acf_changed":false},"product_brand":[],"product_cat":[10414,12715,10092,10093],"product_tag":[],"woo-feed-brand":[2198],"key-features":[],"class_list":{"0":"post-565226","1":"product","2":"type-product","3":"status-publish","4":"has-post-thumbnail","6":"product_cat-herni-prislusenstvi","7":"product_cat-pocitacove-prislusenstvi","8":"product_cat-prislusenstvi","9":"product_cat-prislusenstvi-k-notebookum","10":"product_shipping_class-low-end","11":"pa_brands-gpd-cs","12":"woo-feed-brand-gpd","14":"first","15":"instock","16":"sale","17":"taxable","18":"shipping-taxable","19":"purchasable","20":"product-type-simple"},"acf":[],"aioseo_notices":[],"aioseo_head":"\n\t\t<!-- All in One SEO Pro 4.9.6.2 - aioseo.com -->\n\t<meta name=\"description\" content=\"Ofici\u00e1ln\u00ed sluch\u00e1tka GPD speci\u00e1ln\u011b navr\u017een\u00e1 pro v\u00e1\u0161 kapesn\u00ed po\u010d\u00edta\u010d GPD. D\u00edky hlubok\u00e9 z\u00e1kladn\u011b a vysoce kvalitn\u00edmu zvuku se tento p\u00e1r sluch\u00e1tek hod\u00ed v\u0161ude s sebou. Balen\u00ed obsahuje 1x sluch\u00e1tka GPD\" \/>\n\t<meta name=\"robots\" content=\"max-image-preview:large\" \/>\n\t<link rel=\"canonical\" href=\"https:\/\/droix.eu\/cs\/product\/sluchatka-gpd\/\" \/>\n\t<meta name=\"generator\" content=\"All in One SEO Pro (AIOSEO) 4.9.6.2\" \/>\n\t\t<meta property=\"og:locale\" content=\"cs_CZ\" \/>\n\t\t<meta property=\"og:site_name\" content=\"DROIX EU - Get the latest Mini PCs, Ultrabook, PC Gaming Handhelds and more!\" \/>\n\t\t<meta property=\"og:type\" content=\"article\" \/>\n\t\t<meta property=\"og:title\" content=\"Sluch\u00e1tka GPD - DROIX EU\" \/>\n\t\t<meta property=\"og:description\" content=\"Ofici\u00e1ln\u00ed sluch\u00e1tka GPD speci\u00e1ln\u011b navr\u017een\u00e1 pro v\u00e1\u0161 kapesn\u00ed po\u010d\u00edta\u010d GPD. D\u00edky hlubok\u00e9 z\u00e1kladn\u011b a vysoce kvalitn\u00edmu zvuku se tento p\u00e1r sluch\u00e1tek hod\u00ed v\u0161ude s sebou. Balen\u00ed obsahuje 1x sluch\u00e1tka GPD\" \/>\n\t\t<meta property=\"og:url\" content=\"https:\/\/droix.eu\/cs\/product\/sluchatka-gpd\/\" \/>\n\t\t<meta property=\"og:image\" content=\"https:\/\/droix.eu\/wp-content\/uploads\/2024\/06\/droix-v2-light-logo.png\" \/>\n\t\t<meta property=\"og:image:secure_url\" content=\"https:\/\/droix.eu\/wp-content\/uploads\/2024\/06\/droix-v2-light-logo.png\" \/>\n\t\t<meta property=\"og:image:width\" content=\"380\" \/>\n\t\t<meta property=\"og:image:height\" content=\"118\" \/>\n\t\t<meta property=\"article:published_time\" content=\"2018-02-21T13:07:06+00:00\" \/>\n\t\t<meta property=\"article:modified_time\" content=\"2025-08-18T12:47:32+00:00\" \/>\n\t\t<meta property=\"article:publisher\" content=\"https:\/\/www.facebook.com\/DroiX.Store\" \/>\n\t\t<meta name=\"twitter:card\" content=\"summary_large_image\" \/>\n\t\t<meta name=\"twitter:site\" content=\"@DroiX_Store\" \/>\n\t\t<meta name=\"twitter:title\" content=\"Sluch\u00e1tka GPD - DROIX EU\" \/>\n\t\t<meta name=\"twitter:description\" content=\"Ofici\u00e1ln\u00ed sluch\u00e1tka GPD speci\u00e1ln\u011b navr\u017een\u00e1 pro v\u00e1\u0161 kapesn\u00ed po\u010d\u00edta\u010d GPD. D\u00edky hlubok\u00e9 z\u00e1kladn\u011b a vysoce kvalitn\u00edmu zvuku se tento p\u00e1r sluch\u00e1tek hod\u00ed v\u0161ude s sebou. Balen\u00ed obsahuje 1x sluch\u00e1tka GPD\" \/>\n\t\t<meta name=\"twitter:image\" content=\"https:\/\/droix.eu\/wp-content\/uploads\/2024\/06\/droix-v2-light-logo.png\" \/>\n\t\t<script type=\"application\/ld+json\" class=\"aioseo-schema\">\n\t\t\t{\"@context\":\"https:\\\/\\\/schema.org\",\"@graph\":[{\"@type\":\"BreadcrumbList\",\"@id\":\"https:\\\/\\\/droix.eu\\\/cs\\\/product\\\/sluchatka-gpd\\\/#breadcrumblist\",\"itemListElement\":[{\"@type\":\"ListItem\",\"@id\":\"https:\\\/\\\/droix.eu\\\/cs\\\/#listItem\",\"position\":1,\"name\":\"Home\",\"item\":\"https:\\\/\\\/droix.eu\\\/cs\\\/\",\"nextItem\":{\"@type\":\"ListItem\",\"@id\":\"https:\\\/\\\/droix.eu\\\/cs\\\/product-category\\\/prislusenstvi\\\/#listItem\",\"name\":\"P\\u0159\\u00edslu\\u0161enstv\\u00ed\"}},{\"@type\":\"ListItem\",\"@id\":\"https:\\\/\\\/droix.eu\\\/cs\\\/product-category\\\/prislusenstvi\\\/#listItem\",\"position\":2,\"name\":\"P\\u0159\\u00edslu\\u0161enstv\\u00ed\",\"item\":\"https:\\\/\\\/droix.eu\\\/cs\\\/product-category\\\/prislusenstvi\\\/\",\"nextItem\":{\"@type\":\"ListItem\",\"@id\":\"https:\\\/\\\/droix.eu\\\/cs\\\/product-category\\\/prislusenstvi\\\/prislusenstvi-k-notebookum\\\/#listItem\",\"name\":\"P\\u0159\\u00edslu\\u0161enstv\\u00ed k notebook\\u016fm\"},\"previousItem\":{\"@type\":\"ListItem\",\"@id\":\"https:\\\/\\\/droix.eu\\\/cs\\\/#listItem\",\"name\":\"Home\"}},{\"@type\":\"ListItem\",\"@id\":\"https:\\\/\\\/droix.eu\\\/cs\\\/product-category\\\/prislusenstvi\\\/prislusenstvi-k-notebookum\\\/#listItem\",\"position\":3,\"name\":\"P\\u0159\\u00edslu\\u0161enstv\\u00ed k notebook\\u016fm\",\"item\":\"https:\\\/\\\/droix.eu\\\/cs\\\/product-category\\\/prislusenstvi\\\/prislusenstvi-k-notebookum\\\/\",\"nextItem\":{\"@type\":\"ListItem\",\"@id\":\"https:\\\/\\\/droix.eu\\\/cs\\\/product\\\/sluchatka-gpd\\\/#listItem\",\"name\":\"Sluch\\u00e1tka GPD\"},\"previousItem\":{\"@type\":\"ListItem\",\"@id\":\"https:\\\/\\\/droix.eu\\\/cs\\\/product-category\\\/prislusenstvi\\\/#listItem\",\"name\":\"P\\u0159\\u00edslu\\u0161enstv\\u00ed\"}},{\"@type\":\"ListItem\",\"@id\":\"https:\\\/\\\/droix.eu\\\/cs\\\/product\\\/sluchatka-gpd\\\/#listItem\",\"position\":4,\"name\":\"Sluch\\u00e1tka GPD\",\"previousItem\":{\"@type\":\"ListItem\",\"@id\":\"https:\\\/\\\/droix.eu\\\/cs\\\/product-category\\\/prislusenstvi\\\/prislusenstvi-k-notebookum\\\/#listItem\",\"name\":\"P\\u0159\\u00edslu\\u0161enstv\\u00ed k notebook\\u016fm\"}}]},{\"@type\":\"Organization\",\"@id\":\"https:\\\/\\\/droix.eu\\\/cs\\\/#organization\",\"name\":\"DroiX \\u2013 Trusted EU Tech Retailer with 12+ Years Experience\",\"description\":\"DroiX is a leading European technology retailer with over 12 years of experience, offering quality mini PCs, handheld gaming consoles, and tech accessories. We provide hassle-free EU delivery with all taxes included, ensuring a smooth and reliable shopping experience for our customers across Europe.\",\"url\":\"https:\\\/\\\/droix.eu\\\/cs\\\/\",\"logo\":{\"@type\":\"ImageObject\",\"url\":\"https:\\\/\\\/droix.eu\\\/wp-content\\\/uploads\\\/2024\\\/06\\\/droix-v2-light-logo.png\",\"@id\":\"https:\\\/\\\/droix.eu\\\/cs\\\/product\\\/sluchatka-gpd\\\/#organizationLogo\",\"width\":380,\"height\":118},\"image\":{\"@id\":\"https:\\\/\\\/droix.eu\\\/cs\\\/product\\\/sluchatka-gpd\\\/#organizationLogo\"},\"sameAs\":[\"https:\\\/\\\/www.facebook.com\\\/DroiX.Store\",\"https:\\\/\\\/twitter.com\\\/DroiX_Store\",\"https:\\\/\\\/www.instagram.com\\\/droix.store\\\/\",\"https:\\\/\\\/www.tiktok.com\\\/@droix.store\",\"https:\\\/\\\/www.youtube.com\\\/c\\\/DroiX_Store\",\"https:\\\/\\\/uk.linkedin.com\\\/company\\\/droix\"]},{\"@type\":\"Product\",\"@id\":\"https:\\\/\\\/droix.eu\\\/cs\\\/product\\\/sluchatka-gpd\\\/#wooCommerceProduct\",\"name\":\"Sluch\\u00e1tka GPD\",\"description\":\"Ofici\\u00e1ln\\u00ed sluch\\u00e1tka GPD speci\\u00e1ln\\u011b navr\\u017een\\u00e1 pro v\\u00e1\\u0161 kapesn\\u00ed po\\u010d\\u00edta\\u010d GPD.\\nD\\u00edky hlubok\\u00e9 z\\u00e1kladn\\u011b a vysoce kvalitn\\u00edmu zvuku se tento p\\u00e1r sluch\\u00e1tek hod\\u00ed v\\u0161ude s sebou.\",\"url\":\"https:\\\/\\\/droix.eu\\\/cs\\\/product\\\/sluchatka-gpd\\\/\",\"sku\":\"GPD-HEADPHONES\",\"image\":{\"@type\":\"ImageObject\",\"url\":\"https:\\\/\\\/droix.eu\\\/wp-content\\\/uploads\\\/2021\\\/12\\\/1_6_5.jpg\",\"@id\":\"https:\\\/\\\/droix.eu\\\/cs\\\/product\\\/sluchatka-gpd\\\/#productImage\",\"width\":800,\"height\":800},\"offers\":{\"@type\":\"Offer\",\"url\":\"https:\\\/\\\/droix.eu\\\/cs\\\/product\\\/sluchatka-gpd\\\/#wooCommerceOffer\",\"price\":7.32,\"priceCurrency\":\"EUR\",\"category\":\"Hern\\u00ed p\\u0159\\u00edslu\\u0161enstv\\u00ed\",\"availability\":\"https:\\\/\\\/schema.org\\\/InStock\",\"priceSpecification\":{\"@type\":\"PriceSpecification\",\"price\":7.32,\"priceCurrency\":\"EUR\",\"valueAddedTaxIncluded\":\"true\"},\"seller\":{\"@type\":\"Organization\",\"@id\":\"https:\\\/\\\/droix.eu\\\/cs\\\/#organization\"}}},{\"@type\":\"WebPage\",\"@id\":\"https:\\\/\\\/droix.eu\\\/cs\\\/product\\\/sluchatka-gpd\\\/#webpage\",\"url\":\"https:\\\/\\\/droix.eu\\\/cs\\\/product\\\/sluchatka-gpd\\\/\",\"name\":\"Sluch\\u00e1tka GPD - DROIX EU\",\"description\":\"Ofici\\u00e1ln\\u00ed sluch\\u00e1tka GPD speci\\u00e1ln\\u011b navr\\u017een\\u00e1 pro v\\u00e1\\u0161 kapesn\\u00ed po\\u010d\\u00edta\\u010d GPD. D\\u00edky hlubok\\u00e9 z\\u00e1kladn\\u011b a vysoce kvalitn\\u00edmu zvuku se tento p\\u00e1r sluch\\u00e1tek hod\\u00ed v\\u0161ude s sebou. Balen\\u00ed obsahuje 1x sluch\\u00e1tka GPD\",\"inLanguage\":\"cs-CZ\",\"isPartOf\":{\"@id\":\"https:\\\/\\\/droix.eu\\\/cs\\\/#website\"},\"breadcrumb\":{\"@id\":\"https:\\\/\\\/droix.eu\\\/cs\\\/product\\\/sluchatka-gpd\\\/#breadcrumblist\"},\"image\":{\"@type\":\"ImageObject\",\"url\":\"https:\\\/\\\/droix.eu\\\/wp-content\\\/uploads\\\/2021\\\/12\\\/1_6_5.jpg\",\"@id\":\"https:\\\/\\\/droix.eu\\\/cs\\\/product\\\/sluchatka-gpd\\\/#mainImage\",\"width\":800,\"height\":800},\"primaryImageOfPage\":{\"@id\":\"https:\\\/\\\/droix.eu\\\/cs\\\/product\\\/sluchatka-gpd\\\/#mainImage\"},\"datePublished\":\"2018-02-21T13:07:06+00:00\",\"dateModified\":\"2025-08-18T13:47:32+01:00\"},{\"@type\":\"WebSite\",\"@id\":\"https:\\\/\\\/droix.eu\\\/cs\\\/#website\",\"url\":\"https:\\\/\\\/droix.eu\\\/cs\\\/\",\"name\":\"DROIX EU\",\"description\":\"Get the latest Mini PCs, Ultrabook, PC Gaming Handhelds and more!\",\"inLanguage\":\"cs-CZ\",\"publisher\":{\"@id\":\"https:\\\/\\\/droix.eu\\\/cs\\\/#organization\"}}]}\n\t\t<\/script>\n\t\t<!-- All in One SEO Pro -->\r\n\t\t<title>Sluch\u00e1tka GPD - DROIX EU<\/title>\n\n","aioseo_head_json":{"title":"Sluch\u00e1tka GPD - DROIX EU","description":"Ofici\u00e1ln\u00ed sluch\u00e1tka GPD speci\u00e1ln\u011b navr\u017een\u00e1 pro v\u00e1\u0161 kapesn\u00ed po\u010d\u00edta\u010d GPD. D\u00edky hlubok\u00e9 z\u00e1kladn\u011b a vysoce kvalitn\u00edmu zvuku se tento p\u00e1r sluch\u00e1tek hod\u00ed v\u0161ude s sebou. Balen\u00ed obsahuje 1x sluch\u00e1tka GPD","canonical_url":"https:\/\/droix.eu\/cs\/product\/sluchatka-gpd\/","robots":"max-image-preview:large","keywords":"","webmasterTools":{"miscellaneous":""},"schema":{"@context":"https:\/\/schema.org","@graph":[{"@type":"BreadcrumbList","@id":"https:\/\/droix.eu\/cs\/product\/sluchatka-gpd\/#breadcrumblist","itemListElement":[{"@type":"ListItem","@id":"https:\/\/droix.eu\/cs\/#listItem","position":1,"name":"Home","item":"https:\/\/droix.eu\/cs\/","nextItem":{"@type":"ListItem","@id":"https:\/\/droix.eu\/cs\/product-category\/prislusenstvi\/#listItem","name":"P\u0159\u00edslu\u0161enstv\u00ed"}},{"@type":"ListItem","@id":"https:\/\/droix.eu\/cs\/product-category\/prislusenstvi\/#listItem","position":2,"name":"P\u0159\u00edslu\u0161enstv\u00ed","item":"https:\/\/droix.eu\/cs\/product-category\/prislusenstvi\/","nextItem":{"@type":"ListItem","@id":"https:\/\/droix.eu\/cs\/product-category\/prislusenstvi\/prislusenstvi-k-notebookum\/#listItem","name":"P\u0159\u00edslu\u0161enstv\u00ed k notebook\u016fm"},"previousItem":{"@type":"ListItem","@id":"https:\/\/droix.eu\/cs\/#listItem","name":"Home"}},{"@type":"ListItem","@id":"https:\/\/droix.eu\/cs\/product-category\/prislusenstvi\/prislusenstvi-k-notebookum\/#listItem","position":3,"name":"P\u0159\u00edslu\u0161enstv\u00ed k notebook\u016fm","item":"https:\/\/droix.eu\/cs\/product-category\/prislusenstvi\/prislusenstvi-k-notebookum\/","nextItem":{"@type":"ListItem","@id":"https:\/\/droix.eu\/cs\/product\/sluchatka-gpd\/#listItem","name":"Sluch\u00e1tka GPD"},"previousItem":{"@type":"ListItem","@id":"https:\/\/droix.eu\/cs\/product-category\/prislusenstvi\/#listItem","name":"P\u0159\u00edslu\u0161enstv\u00ed"}},{"@type":"ListItem","@id":"https:\/\/droix.eu\/cs\/product\/sluchatka-gpd\/#listItem","position":4,"name":"Sluch\u00e1tka GPD","previousItem":{"@type":"ListItem","@id":"https:\/\/droix.eu\/cs\/product-category\/prislusenstvi\/prislusenstvi-k-notebookum\/#listItem","name":"P\u0159\u00edslu\u0161enstv\u00ed k notebook\u016fm"}}]},{"@type":"Organization","@id":"https:\/\/droix.eu\/cs\/#organization","name":"DroiX \u2013 Trusted EU Tech Retailer with 12+ Years Experience","description":"DroiX is a leading European technology retailer with over 12 years of experience, offering quality mini PCs, handheld gaming consoles, and tech accessories. We provide hassle-free EU delivery with all taxes included, ensuring a smooth and reliable shopping experience for our customers across Europe.","url":"https:\/\/droix.eu\/cs\/","logo":{"@type":"ImageObject","url":"https:\/\/droix.eu\/wp-content\/uploads\/2024\/06\/droix-v2-light-logo.png","@id":"https:\/\/droix.eu\/cs\/product\/sluchatka-gpd\/#organizationLogo","width":380,"height":118},"image":{"@id":"https:\/\/droix.eu\/cs\/product\/sluchatka-gpd\/#organizationLogo"},"sameAs":["https:\/\/www.facebook.com\/DroiX.Store","https:\/\/twitter.com\/DroiX_Store","https:\/\/www.instagram.com\/droix.store\/","https:\/\/www.tiktok.com\/@droix.store","https:\/\/www.youtube.com\/c\/DroiX_Store","https:\/\/uk.linkedin.com\/company\/droix"]},{"@type":"Product","@id":"https:\/\/droix.eu\/cs\/product\/sluchatka-gpd\/#wooCommerceProduct","name":"Sluch\u00e1tka GPD","description":"Ofici\u00e1ln\u00ed sluch\u00e1tka GPD speci\u00e1ln\u011b navr\u017een\u00e1 pro v\u00e1\u0161 kapesn\u00ed po\u010d\u00edta\u010d GPD.\nD\u00edky hlubok\u00e9 z\u00e1kladn\u011b a vysoce kvalitn\u00edmu zvuku se tento p\u00e1r sluch\u00e1tek hod\u00ed v\u0161ude s sebou.","url":"https:\/\/droix.eu\/cs\/product\/sluchatka-gpd\/","sku":"GPD-HEADPHONES","image":{"@type":"ImageObject","url":"https:\/\/droix.eu\/wp-content\/uploads\/2021\/12\/1_6_5.jpg","@id":"https:\/\/droix.eu\/cs\/product\/sluchatka-gpd\/#productImage","width":800,"height":800},"offers":{"@type":"Offer","url":"https:\/\/droix.eu\/cs\/product\/sluchatka-gpd\/#wooCommerceOffer","price":7.32,"priceCurrency":"EUR","category":"Hern\u00ed p\u0159\u00edslu\u0161enstv\u00ed","availability":"https:\/\/schema.org\/InStock","priceSpecification":{"@type":"PriceSpecification","price":7.32,"priceCurrency":"EUR","valueAddedTaxIncluded":"true"},"seller":{"@type":"Organization","@id":"https:\/\/droix.eu\/cs\/#organization"}}},{"@type":"WebPage","@id":"https:\/\/droix.eu\/cs\/product\/sluchatka-gpd\/#webpage","url":"https:\/\/droix.eu\/cs\/product\/sluchatka-gpd\/","name":"Sluch\u00e1tka GPD - DROIX EU","description":"Ofici\u00e1ln\u00ed sluch\u00e1tka GPD speci\u00e1ln\u011b navr\u017een\u00e1 pro v\u00e1\u0161 kapesn\u00ed po\u010d\u00edta\u010d GPD. D\u00edky hlubok\u00e9 z\u00e1kladn\u011b a vysoce kvalitn\u00edmu zvuku se tento p\u00e1r sluch\u00e1tek hod\u00ed v\u0161ude s sebou. Balen\u00ed obsahuje 1x sluch\u00e1tka GPD","inLanguage":"cs-CZ","isPartOf":{"@id":"https:\/\/droix.eu\/cs\/#website"},"breadcrumb":{"@id":"https:\/\/droix.eu\/cs\/product\/sluchatka-gpd\/#breadcrumblist"},"image":{"@type":"ImageObject","url":"https:\/\/droix.eu\/wp-content\/uploads\/2021\/12\/1_6_5.jpg","@id":"https:\/\/droix.eu\/cs\/product\/sluchatka-gpd\/#mainImage","width":800,"height":800},"primaryImageOfPage":{"@id":"https:\/\/droix.eu\/cs\/product\/sluchatka-gpd\/#mainImage"},"datePublished":"2018-02-21T13:07:06+00:00","dateModified":"2025-08-18T13:47:32+01:00"},{"@type":"WebSite","@id":"https:\/\/droix.eu\/cs\/#website","url":"https:\/\/droix.eu\/cs\/","name":"DROIX EU","description":"Get the latest Mini PCs, Ultrabook, PC Gaming Handhelds and more!","inLanguage":"cs-CZ","publisher":{"@id":"https:\/\/droix.eu\/cs\/#organization"}}]},"og:locale":"cs_CZ","og:site_name":"DROIX EU - Get the latest Mini PCs, Ultrabook, PC Gaming Handhelds and more!","og:type":"article","og:title":"Sluch\u00e1tka GPD - DROIX EU","og:description":"Ofici\u00e1ln\u00ed sluch\u00e1tka GPD speci\u00e1ln\u011b navr\u017een\u00e1 pro v\u00e1\u0161 kapesn\u00ed po\u010d\u00edta\u010d GPD. D\u00edky hlubok\u00e9 z\u00e1kladn\u011b a vysoce kvalitn\u00edmu zvuku se tento p\u00e1r sluch\u00e1tek hod\u00ed v\u0161ude s sebou. Balen\u00ed obsahuje 1x sluch\u00e1tka GPD","og:url":"https:\/\/droix.eu\/cs\/product\/sluchatka-gpd\/","og:image":"https:\/\/droix.eu\/wp-content\/uploads\/2024\/06\/droix-v2-light-logo.png","og:image:secure_url":"https:\/\/droix.eu\/wp-content\/uploads\/2024\/06\/droix-v2-light-logo.png","og:image:width":380,"og:image:height":118,"article:published_time":"2018-02-21T13:07:06+00:00","article:modified_time":"2025-08-18T12:47:32+00:00","article:publisher":"https:\/\/www.facebook.com\/DroiX.Store","twitter:card":"summary_large_image","twitter:site":"@DroiX_Store","twitter:title":"Sluch\u00e1tka GPD - DROIX EU","twitter:description":"Ofici\u00e1ln\u00ed sluch\u00e1tka GPD speci\u00e1ln\u011b navr\u017een\u00e1 pro v\u00e1\u0161 kapesn\u00ed po\u010d\u00edta\u010d GPD. D\u00edky hlubok\u00e9 z\u00e1kladn\u011b a vysoce kvalitn\u00edmu zvuku se tento p\u00e1r sluch\u00e1tek hod\u00ed v\u0161ude s sebou. Balen\u00ed obsahuje 1x sluch\u00e1tka GPD","twitter:image":"https:\/\/droix.eu\/wp-content\/uploads\/2024\/06\/droix-v2-light-logo.png"},"aioseo_meta_data":{"post_id":"565226","title":null,"description":null,"keywords":null,"keyphrases":null,"primary_term":null,"canonical_url":null,"og_title":null,"og_description":null,"og_object_type":"default","og_image_type":"default","og_image_url":null,"og_image_width":null,"og_image_height":null,"og_image_custom_url":null,"og_image_custom_fields":null,"og_video":null,"og_custom_url":null,"og_article_section":null,"og_article_tags":null,"twitter_use_og":true,"twitter_card":"default","twitter_image_type":"default","twitter_image_url":null,"twitter_image_custom_url":null,"twitter_image_custom_fields":null,"twitter_title":null,"twitter_description":null,"schema":{"blockGraphs":[],"customGraphs":[],"default":{"data":{"Article":[],"Course":[],"Dataset":[],"FAQPage":[],"Movie":[],"Person":[],"Product":[],"ProductReview":[],"Car":[],"Recipe":[],"Service":[],"SoftwareApplication":[],"WebPage":[]},"graphName":"","isEnabled":true},"graphs":[]},"schema_type":"default","schema_type_options":null,"pillar_content":false,"robots_default":true,"robots_noindex":false,"robots_noarchive":false,"robots_nosnippet":false,"robots_nofollow":false,"robots_noimageindex":false,"robots_noodp":false,"robots_notranslate":false,"robots_max_snippet":null,"robots_max_videopreview":null,"robots_max_imagepreview":"large","priority":null,"frequency":null,"local_seo":null,"seo_analyzer_scan_date":"2025-10-24 07:37:19","breadcrumb_settings":null,"limit_modified_date":false,"reviewed_by":null,"open_ai":null,"ai":null,"created":"2025-10-09 03:22:35","updated":"2025-11-27 01:39:21"},"aioseo_breadcrumb":"<div class=\"aioseo-breadcrumbs\"><span class=\"aioseo-breadcrumb\">\n\t<a href=\"https:\/\/droix.eu\/cs\/\" title=\"Home\">Home<\/a>\n<\/span><span class=\"aioseo-breadcrumb-separator\">&raquo;<\/span><span class=\"aioseo-breadcrumb\">\n\t<a href=\"https:\/\/droix.eu\/cs\/product-category\/prislusenstvi\/\" title=\"P\u0159\u00edslu\u0161enstv\u00ed\">P\u0159\u00edslu\u0161enstv\u00ed<\/a>\n<\/span><span class=\"aioseo-breadcrumb-separator\">&raquo;<\/span><span class=\"aioseo-breadcrumb\">\n\t<a href=\"https:\/\/droix.eu\/cs\/product-category\/prislusenstvi\/prislusenstvi-k-notebookum\/\" title=\"P\u0159\u00edslu\u0161enstv\u00ed k notebook\u016fm\">P\u0159\u00edslu\u0161enstv\u00ed k notebook\u016fm<\/a>\n<\/span><span class=\"aioseo-breadcrumb-separator\">&raquo;<\/span><span class=\"aioseo-breadcrumb\">\n\tSluch\u00e1tka GPD\n<\/span><\/div>","aioseo_breadcrumb_json":[{"label":"Home","link":"https:\/\/droix.eu\/cs\/"},{"label":"P\u0159\u00edslu\u0161enstv\u00ed","link":"https:\/\/droix.eu\/cs\/product-category\/prislusenstvi\/"},{"label":"P\u0159\u00edslu\u0161enstv\u00ed k notebook\u016fm","link":"https:\/\/droix.eu\/cs\/product-category\/prislusenstvi\/prislusenstvi-k-notebookum\/"},{"label":"Sluch\u00e1tka GPD","link":"https:\/\/droix.eu\/cs\/product\/sluchatka-gpd\/"}],"_links":{"self":[{"href":"https:\/\/droix.eu\/cs\/wp-json\/wp\/v2\/product\/565226","targetHints":{"allow":["GET"]}}],"collection":[{"href":"https:\/\/droix.eu\/cs\/wp-json\/wp\/v2\/product"}],"about":[{"href":"https:\/\/droix.eu\/cs\/wp-json\/wp\/v2\/types\/product"}],"version-history":[{"count":0,"href":"https:\/\/droix.eu\/cs\/wp-json\/wp\/v2\/product\/565226\/revisions"}],"wp:featuredmedia":[{"embeddable":true,"href":"https:\/\/droix.eu\/cs\/wp-json\/wp\/v2\/media\/208878"}],"wp:attachment":[{"href":"https:\/\/droix.eu\/cs\/wp-json\/wp\/v2\/media?parent=565226"}],"wp:term":[{"taxonomy":"product_brand","embeddable":true,"href":"https:\/\/droix.eu\/cs\/wp-json\/wp\/v2\/product_brand?post=565226"},{"taxonomy":"product_cat","embeddable":true,"href":"https:\/\/droix.eu\/cs\/wp-json\/wp\/v2\/product_cat?post=565226"},{"taxonomy":"product_tag","embeddable":true,"href":"https:\/\/droix.eu\/cs\/wp-json\/wp\/v2\/product_tag?post=565226"},{"taxonomy":"woo-feed-brand","embeddable":true,"href":"https:\/\/droix.eu\/cs\/wp-json\/wp\/v2\/woo-feed-brand?post=565226"},{"taxonomy":"key-features","embeddable":true,"href":"https:\/\/droix.eu\/cs\/wp-json\/wp\/v2\/key-features?post=565226"}],"curies":[{"name":"wp","href":"https:\/\/api.w.org\/{rel}","templated":true}]}}