{"id":520838,"date":"2022-11-11T11:44:32","date_gmt":"2022-11-11T11:44:32","guid":{"rendered":"https:\/\/droix.eu\/product\/krytky-na-palec-s-motivem-zvirat\/"},"modified":"2026-03-28T08:30:36","modified_gmt":"2026-03-28T08:30:36","slug":"krytky-na-palec-s-motivem-zvirat","status":"publish","type":"product","link":"https:\/\/droix.eu\/cs\/product\/krytky-na-palec-s-motivem-zvirat\/","title":{"rendered":"Krytky na palec s motivem zv\u00ed\u0159at"},"content":{"rendered":"&#13;\n<p>Roztomil\u00e9 zv\u00ed\u0159ec\u00ed motivy krytek rukojeti pro palce, dod\u00e1vaj\u00ed va\u0161\u00ed kapesn\u00ed konzoli z\u00e1bavnost a vitalitu, tak\u017ee je v\u00edce poutav\u00e1.Vyrobeno z m\u011bkk\u00e9ho silikonov\u00e9ho materi\u00e1lu, kter\u00fd m\u016f\u017ee chr\u00e1nit analogov\u00e9 p\u00e1\u010dky p\u0159ed po\u0161kr\u00e1b\u00e1n\u00edm a ne\u010distotami a je velmi p\u0159\u00edjemn\u00fd na dotek!<\/p>&#13;\n&#13;\n<h5 class=\"wp-block-heading\">\u00a0<\/h5>&#13;\n&#13;\n<h5 class=\"wp-block-heading\">NEN\u00cd kompatibiln\u00ed s ovlada\u010dem pro PS4, Switch Pro nebo Xbox One.<\/h5>&#13;\n","protected":false},"excerpt":{"rendered":"<ul>\n<li>Vyrobeno z m\u011bkk\u00e9ho silikonov\u00e9ho materi\u00e1lu<\/li>\n<li>Ochrana analogov\u00e9 p\u00e1\u010dky<\/li>\n<li>Velmi p\u0159\u00edjemn\u00e9 na dotek<\/li>\n<li>Nen\u00ed snadn\u00e9 je deformovat<\/li>\n<li>Netoxick\u00fd a nesnadno vybledne<\/li>\n<\/ul>\n[droix_global_accordions]\n","protected":false},"featured_media":702968,"template":"","meta":{"_acf_changed":false},"product_brand":[],"product_cat":[10414,10092],"product_tag":[],"woo-feed-brand":[],"key-features":[],"class_list":{"0":"post-520838","1":"product","2":"type-product","3":"status-publish","4":"has-post-thumbnail","6":"product_cat-herni-prislusenstvi","7":"product_cat-prislusenstvi","8":"product_shipping_class-low-end","9":"pa_compatibility-ayaneo-2-cs","10":"pa_compatibility-ayaneo-2021-cs","11":"pa_compatibility-ayaneo-air-cs","12":"pa_compatibility-ayaneo-geek-cs","14":"first","15":"instock","16":"sale","17":"taxable","18":"shipping-taxable","19":"purchasable","20":"product-type-simple"},"acf":[],"aioseo_notices":[],"aioseo_head":"\n\t\t<!-- All in One SEO Pro 4.9.5.2 - aioseo.com -->\n\t<meta name=\"description\" content=\"Vyrobeno z m\u011bkk\u00e9ho silikonov\u00e9ho materi\u00e1lu Ochrana analogov\u00e9 p\u00e1\u010dky Velmi p\u0159\u00edjemn\u00e9 na dotek Nen\u00ed snadn\u00e9 je deformovat Netoxick\u00fd a nesnadno vybledne\" \/>\n\t<meta name=\"robots\" content=\"max-image-preview:large\" \/>\n\t<link rel=\"canonical\" href=\"https:\/\/droix.eu\/cs\/product\/krytky-na-palec-s-motivem-zvirat\/\" \/>\n\t<meta name=\"generator\" content=\"All in One SEO Pro (AIOSEO) 4.9.5.2\" \/>\n\t\t<meta property=\"og:locale\" content=\"cs_CZ\" \/>\n\t\t<meta property=\"og:site_name\" content=\"DROIX EU - Get the latest Mini PCs, Ultrabook, PC Gaming Handhelds and more!\" \/>\n\t\t<meta property=\"og:type\" content=\"article\" \/>\n\t\t<meta property=\"og:title\" content=\"Krytky na palec s motivem zv\u00ed\u0159at - DROIX EU\" \/>\n\t\t<meta property=\"og:description\" content=\"Vyrobeno z m\u011bkk\u00e9ho silikonov\u00e9ho materi\u00e1lu Ochrana analogov\u00e9 p\u00e1\u010dky Velmi p\u0159\u00edjemn\u00e9 na dotek Nen\u00ed snadn\u00e9 je deformovat Netoxick\u00fd a nesnadno vybledne\" \/>\n\t\t<meta property=\"og:url\" content=\"https:\/\/droix.eu\/cs\/product\/krytky-na-palec-s-motivem-zvirat\/\" \/>\n\t\t<meta property=\"og:image\" content=\"https:\/\/droix.eu\/wp-content\/uploads\/2024\/06\/droix-v2-light-logo.png\" \/>\n\t\t<meta property=\"og:image:secure_url\" content=\"https:\/\/droix.eu\/wp-content\/uploads\/2024\/06\/droix-v2-light-logo.png\" \/>\n\t\t<meta property=\"og:image:width\" content=\"380\" \/>\n\t\t<meta property=\"og:image:height\" content=\"118\" \/>\n\t\t<meta property=\"article:published_time\" content=\"2022-11-11T11:44:32+00:00\" \/>\n\t\t<meta property=\"article:modified_time\" content=\"2026-03-28T08:30:36+00:00\" \/>\n\t\t<meta property=\"article:publisher\" content=\"https:\/\/www.facebook.com\/DroiX.Store\" \/>\n\t\t<meta name=\"twitter:card\" content=\"summary_large_image\" \/>\n\t\t<meta name=\"twitter:site\" content=\"@DroiX_Store\" \/>\n\t\t<meta name=\"twitter:title\" content=\"Krytky na palec s motivem zv\u00ed\u0159at - DROIX EU\" \/>\n\t\t<meta name=\"twitter:description\" content=\"Vyrobeno z m\u011bkk\u00e9ho silikonov\u00e9ho materi\u00e1lu Ochrana analogov\u00e9 p\u00e1\u010dky Velmi p\u0159\u00edjemn\u00e9 na dotek Nen\u00ed snadn\u00e9 je deformovat Netoxick\u00fd a nesnadno vybledne\" \/>\n\t\t<meta name=\"twitter:image\" content=\"https:\/\/droix.eu\/wp-content\/uploads\/2024\/06\/droix-v2-light-logo.png\" \/>\n\t\t<script type=\"application\/ld+json\" class=\"aioseo-schema\">\n\t\t\t{\"@context\":\"https:\\\/\\\/schema.org\",\"@graph\":[{\"@type\":\"BreadcrumbList\",\"@id\":\"https:\\\/\\\/droix.eu\\\/cs\\\/product\\\/krytky-na-palec-s-motivem-zvirat\\\/#breadcrumblist\",\"itemListElement\":[{\"@type\":\"ListItem\",\"@id\":\"https:\\\/\\\/droix.eu\\\/cs\\\/#listItem\",\"position\":1,\"name\":\"Home\",\"item\":\"https:\\\/\\\/droix.eu\\\/cs\\\/\",\"nextItem\":{\"@type\":\"ListItem\",\"@id\":\"https:\\\/\\\/droix.eu\\\/cs\\\/product-category\\\/prislusenstvi\\\/#listItem\",\"name\":\"P\\u0159\\u00edslu\\u0161enstv\\u00ed\"}},{\"@type\":\"ListItem\",\"@id\":\"https:\\\/\\\/droix.eu\\\/cs\\\/product-category\\\/prislusenstvi\\\/#listItem\",\"position\":2,\"name\":\"P\\u0159\\u00edslu\\u0161enstv\\u00ed\",\"item\":\"https:\\\/\\\/droix.eu\\\/cs\\\/product-category\\\/prislusenstvi\\\/\",\"nextItem\":{\"@type\":\"ListItem\",\"@id\":\"https:\\\/\\\/droix.eu\\\/cs\\\/product-category\\\/prislusenstvi\\\/herni-prislusenstvi\\\/#listItem\",\"name\":\"Hern\\u00ed p\\u0159\\u00edslu\\u0161enstv\\u00ed\"},\"previousItem\":{\"@type\":\"ListItem\",\"@id\":\"https:\\\/\\\/droix.eu\\\/cs\\\/#listItem\",\"name\":\"Home\"}},{\"@type\":\"ListItem\",\"@id\":\"https:\\\/\\\/droix.eu\\\/cs\\\/product-category\\\/prislusenstvi\\\/herni-prislusenstvi\\\/#listItem\",\"position\":3,\"name\":\"Hern\\u00ed p\\u0159\\u00edslu\\u0161enstv\\u00ed\",\"item\":\"https:\\\/\\\/droix.eu\\\/cs\\\/product-category\\\/prislusenstvi\\\/herni-prislusenstvi\\\/\",\"nextItem\":{\"@type\":\"ListItem\",\"@id\":\"https:\\\/\\\/droix.eu\\\/cs\\\/product\\\/krytky-na-palec-s-motivem-zvirat\\\/#listItem\",\"name\":\"Krytky na palec s motivem zv\\u00ed\\u0159at\"},\"previousItem\":{\"@type\":\"ListItem\",\"@id\":\"https:\\\/\\\/droix.eu\\\/cs\\\/product-category\\\/prislusenstvi\\\/#listItem\",\"name\":\"P\\u0159\\u00edslu\\u0161enstv\\u00ed\"}},{\"@type\":\"ListItem\",\"@id\":\"https:\\\/\\\/droix.eu\\\/cs\\\/product\\\/krytky-na-palec-s-motivem-zvirat\\\/#listItem\",\"position\":4,\"name\":\"Krytky na palec s motivem zv\\u00ed\\u0159at\",\"previousItem\":{\"@type\":\"ListItem\",\"@id\":\"https:\\\/\\\/droix.eu\\\/cs\\\/product-category\\\/prislusenstvi\\\/herni-prislusenstvi\\\/#listItem\",\"name\":\"Hern\\u00ed p\\u0159\\u00edslu\\u0161enstv\\u00ed\"}}]},{\"@type\":\"Organization\",\"@id\":\"https:\\\/\\\/droix.eu\\\/cs\\\/#organization\",\"name\":\"DroiX \\u2013 Trusted EU Tech Retailer with 12+ Years Experience\",\"description\":\"DroiX is a leading European technology retailer with over 12 years of experience, offering quality mini PCs, handheld gaming consoles, and tech accessories. We provide hassle-free EU delivery with all taxes included, ensuring a smooth and reliable shopping experience for our customers across Europe.\",\"url\":\"https:\\\/\\\/droix.eu\\\/cs\\\/\",\"logo\":{\"@type\":\"ImageObject\",\"url\":\"https:\\\/\\\/droix.eu\\\/wp-content\\\/uploads\\\/2024\\\/06\\\/droix-v2-light-logo.png\",\"@id\":\"https:\\\/\\\/droix.eu\\\/cs\\\/product\\\/krytky-na-palec-s-motivem-zvirat\\\/#organizationLogo\",\"width\":380,\"height\":118},\"image\":{\"@id\":\"https:\\\/\\\/droix.eu\\\/cs\\\/product\\\/krytky-na-palec-s-motivem-zvirat\\\/#organizationLogo\"},\"sameAs\":[\"https:\\\/\\\/www.facebook.com\\\/DroiX.Store\",\"https:\\\/\\\/twitter.com\\\/DroiX_Store\",\"https:\\\/\\\/www.instagram.com\\\/droix.store\\\/\",\"https:\\\/\\\/www.tiktok.com\\\/@droix.store\",\"https:\\\/\\\/www.youtube.com\\\/c\\\/DroiX_Store\",\"https:\\\/\\\/uk.linkedin.com\\\/company\\\/droix\"]},{\"@type\":\"Product\",\"@id\":\"https:\\\/\\\/droix.eu\\\/cs\\\/product\\\/krytky-na-palec-s-motivem-zvirat\\\/#wooCommerceProduct\",\"name\":\"Krytky na palec s motivem zv\\u00ed\\u0159at\",\"description\":\"Vyrobeno z m\\u011bkk\\u00e9ho silikonov\\u00e9ho materi\\u00e1lu\\n \\tOchrana analogov\\u00e9 p\\u00e1\\u010dky\\n \\tVelmi p\\u0159\\u00edjemn\\u00e9 na dotek\\n \\tNen\\u00ed snadn\\u00e9 je deformovat\\n \\tNetoxick\\u00fd a nesnadno vybledne\",\"url\":\"https:\\\/\\\/droix.eu\\\/cs\\\/product\\\/krytky-na-palec-s-motivem-zvirat\\\/\",\"sku\":\"ANIMAL-THUMB-STICK-CAPS\",\"gtin\":\"5060763673601\",\"image\":{\"@type\":\"ImageObject\",\"url\":\"https:\\\/\\\/droix.eu\\\/wp-content\\\/uploads\\\/2022\\\/11\\\/ANIMAL-THUMB-STICK-CAPS-IMAGE-1.png\",\"@id\":\"https:\\\/\\\/droix.eu\\\/cs\\\/product\\\/krytky-na-palec-s-motivem-zvirat\\\/#productImage\",\"width\":900,\"height\":1200},\"offers\":{\"@type\":\"Offer\",\"url\":\"https:\\\/\\\/droix.eu\\\/cs\\\/product\\\/krytky-na-palec-s-motivem-zvirat\\\/#wooCommerceOffer\",\"price\":12.24,\"priceCurrency\":\"EUR\",\"category\":\"Hern\\u00ed p\\u0159\\u00edslu\\u0161enstv\\u00ed\",\"availability\":\"https:\\\/\\\/schema.org\\\/InStock\",\"priceSpecification\":{\"@type\":\"PriceSpecification\",\"price\":12.24,\"priceCurrency\":\"EUR\",\"valueAddedTaxIncluded\":\"true\"},\"seller\":{\"@type\":\"Organization\",\"@id\":\"https:\\\/\\\/droix.eu\\\/cs\\\/#organization\"}}},{\"@type\":\"WebPage\",\"@id\":\"https:\\\/\\\/droix.eu\\\/cs\\\/product\\\/krytky-na-palec-s-motivem-zvirat\\\/#webpage\",\"url\":\"https:\\\/\\\/droix.eu\\\/cs\\\/product\\\/krytky-na-palec-s-motivem-zvirat\\\/\",\"name\":\"Krytky na palec s motivem zv\\u00ed\\u0159at - DROIX EU\",\"description\":\"Vyrobeno z m\\u011bkk\\u00e9ho silikonov\\u00e9ho materi\\u00e1lu Ochrana analogov\\u00e9 p\\u00e1\\u010dky Velmi p\\u0159\\u00edjemn\\u00e9 na dotek Nen\\u00ed snadn\\u00e9 je deformovat Netoxick\\u00fd a nesnadno vybledne\",\"inLanguage\":\"cs-CZ\",\"isPartOf\":{\"@id\":\"https:\\\/\\\/droix.eu\\\/cs\\\/#website\"},\"breadcrumb\":{\"@id\":\"https:\\\/\\\/droix.eu\\\/cs\\\/product\\\/krytky-na-palec-s-motivem-zvirat\\\/#breadcrumblist\"},\"image\":{\"@type\":\"ImageObject\",\"url\":\"https:\\\/\\\/droix.eu\\\/wp-content\\\/uploads\\\/2022\\\/11\\\/ANIMAL-THUMB-STICK-CAPS-IMAGE-1.png\",\"@id\":\"https:\\\/\\\/droix.eu\\\/cs\\\/product\\\/krytky-na-palec-s-motivem-zvirat\\\/#mainImage\",\"width\":900,\"height\":1200},\"primaryImageOfPage\":{\"@id\":\"https:\\\/\\\/droix.eu\\\/cs\\\/product\\\/krytky-na-palec-s-motivem-zvirat\\\/#mainImage\"},\"datePublished\":\"2022-11-11T11:44:32+00:00\",\"dateModified\":\"2026-03-28T08:30:36+00:00\"},{\"@type\":\"WebSite\",\"@id\":\"https:\\\/\\\/droix.eu\\\/cs\\\/#website\",\"url\":\"https:\\\/\\\/droix.eu\\\/cs\\\/\",\"name\":\"DROIX EU\",\"description\":\"Get the latest Mini PCs, Ultrabook, PC Gaming Handhelds and more!\",\"inLanguage\":\"cs-CZ\",\"publisher\":{\"@id\":\"https:\\\/\\\/droix.eu\\\/cs\\\/#organization\"}}]}\n\t\t<\/script>\n\t\t<!-- All in One SEO Pro -->\r\n\t\t<title>Krytky na palec s motivem zv\u00ed\u0159at - DROIX EU<\/title>\n\n","aioseo_head_json":{"title":"Krytky na palec s motivem zv\u00ed\u0159at - DROIX EU","description":"Vyrobeno z m\u011bkk\u00e9ho silikonov\u00e9ho materi\u00e1lu Ochrana analogov\u00e9 p\u00e1\u010dky Velmi p\u0159\u00edjemn\u00e9 na dotek Nen\u00ed snadn\u00e9 je deformovat Netoxick\u00fd a nesnadno vybledne","canonical_url":"https:\/\/droix.eu\/cs\/product\/krytky-na-palec-s-motivem-zvirat\/","robots":"max-image-preview:large","keywords":"","webmasterTools":{"miscellaneous":""},"schema":{"@context":"https:\/\/schema.org","@graph":[{"@type":"BreadcrumbList","@id":"https:\/\/droix.eu\/cs\/product\/krytky-na-palec-s-motivem-zvirat\/#breadcrumblist","itemListElement":[{"@type":"ListItem","@id":"https:\/\/droix.eu\/cs\/#listItem","position":1,"name":"Home","item":"https:\/\/droix.eu\/cs\/","nextItem":{"@type":"ListItem","@id":"https:\/\/droix.eu\/cs\/product-category\/prislusenstvi\/#listItem","name":"P\u0159\u00edslu\u0161enstv\u00ed"}},{"@type":"ListItem","@id":"https:\/\/droix.eu\/cs\/product-category\/prislusenstvi\/#listItem","position":2,"name":"P\u0159\u00edslu\u0161enstv\u00ed","item":"https:\/\/droix.eu\/cs\/product-category\/prislusenstvi\/","nextItem":{"@type":"ListItem","@id":"https:\/\/droix.eu\/cs\/product-category\/prislusenstvi\/herni-prislusenstvi\/#listItem","name":"Hern\u00ed p\u0159\u00edslu\u0161enstv\u00ed"},"previousItem":{"@type":"ListItem","@id":"https:\/\/droix.eu\/cs\/#listItem","name":"Home"}},{"@type":"ListItem","@id":"https:\/\/droix.eu\/cs\/product-category\/prislusenstvi\/herni-prislusenstvi\/#listItem","position":3,"name":"Hern\u00ed p\u0159\u00edslu\u0161enstv\u00ed","item":"https:\/\/droix.eu\/cs\/product-category\/prislusenstvi\/herni-prislusenstvi\/","nextItem":{"@type":"ListItem","@id":"https:\/\/droix.eu\/cs\/product\/krytky-na-palec-s-motivem-zvirat\/#listItem","name":"Krytky na palec s motivem zv\u00ed\u0159at"},"previousItem":{"@type":"ListItem","@id":"https:\/\/droix.eu\/cs\/product-category\/prislusenstvi\/#listItem","name":"P\u0159\u00edslu\u0161enstv\u00ed"}},{"@type":"ListItem","@id":"https:\/\/droix.eu\/cs\/product\/krytky-na-palec-s-motivem-zvirat\/#listItem","position":4,"name":"Krytky na palec s motivem zv\u00ed\u0159at","previousItem":{"@type":"ListItem","@id":"https:\/\/droix.eu\/cs\/product-category\/prislusenstvi\/herni-prislusenstvi\/#listItem","name":"Hern\u00ed p\u0159\u00edslu\u0161enstv\u00ed"}}]},{"@type":"Organization","@id":"https:\/\/droix.eu\/cs\/#organization","name":"DroiX \u2013 Trusted EU Tech Retailer with 12+ Years Experience","description":"DroiX is a leading European technology retailer with over 12 years of experience, offering quality mini PCs, handheld gaming consoles, and tech accessories. We provide hassle-free EU delivery with all taxes included, ensuring a smooth and reliable shopping experience for our customers across Europe.","url":"https:\/\/droix.eu\/cs\/","logo":{"@type":"ImageObject","url":"https:\/\/droix.eu\/wp-content\/uploads\/2024\/06\/droix-v2-light-logo.png","@id":"https:\/\/droix.eu\/cs\/product\/krytky-na-palec-s-motivem-zvirat\/#organizationLogo","width":380,"height":118},"image":{"@id":"https:\/\/droix.eu\/cs\/product\/krytky-na-palec-s-motivem-zvirat\/#organizationLogo"},"sameAs":["https:\/\/www.facebook.com\/DroiX.Store","https:\/\/twitter.com\/DroiX_Store","https:\/\/www.instagram.com\/droix.store\/","https:\/\/www.tiktok.com\/@droix.store","https:\/\/www.youtube.com\/c\/DroiX_Store","https:\/\/uk.linkedin.com\/company\/droix"]},{"@type":"Product","@id":"https:\/\/droix.eu\/cs\/product\/krytky-na-palec-s-motivem-zvirat\/#wooCommerceProduct","name":"Krytky na palec s motivem zv\u00ed\u0159at","description":"Vyrobeno z m\u011bkk\u00e9ho silikonov\u00e9ho materi\u00e1lu\n \tOchrana analogov\u00e9 p\u00e1\u010dky\n \tVelmi p\u0159\u00edjemn\u00e9 na dotek\n \tNen\u00ed snadn\u00e9 je deformovat\n \tNetoxick\u00fd a nesnadno vybledne","url":"https:\/\/droix.eu\/cs\/product\/krytky-na-palec-s-motivem-zvirat\/","sku":"ANIMAL-THUMB-STICK-CAPS","gtin":"5060763673601","image":{"@type":"ImageObject","url":"https:\/\/droix.eu\/wp-content\/uploads\/2022\/11\/ANIMAL-THUMB-STICK-CAPS-IMAGE-1.png","@id":"https:\/\/droix.eu\/cs\/product\/krytky-na-palec-s-motivem-zvirat\/#productImage","width":900,"height":1200},"offers":{"@type":"Offer","url":"https:\/\/droix.eu\/cs\/product\/krytky-na-palec-s-motivem-zvirat\/#wooCommerceOffer","price":12.24,"priceCurrency":"EUR","category":"Hern\u00ed p\u0159\u00edslu\u0161enstv\u00ed","availability":"https:\/\/schema.org\/InStock","priceSpecification":{"@type":"PriceSpecification","price":12.24,"priceCurrency":"EUR","valueAddedTaxIncluded":"true"},"seller":{"@type":"Organization","@id":"https:\/\/droix.eu\/cs\/#organization"}}},{"@type":"WebPage","@id":"https:\/\/droix.eu\/cs\/product\/krytky-na-palec-s-motivem-zvirat\/#webpage","url":"https:\/\/droix.eu\/cs\/product\/krytky-na-palec-s-motivem-zvirat\/","name":"Krytky na palec s motivem zv\u00ed\u0159at - DROIX EU","description":"Vyrobeno z m\u011bkk\u00e9ho silikonov\u00e9ho materi\u00e1lu Ochrana analogov\u00e9 p\u00e1\u010dky Velmi p\u0159\u00edjemn\u00e9 na dotek Nen\u00ed snadn\u00e9 je deformovat Netoxick\u00fd a nesnadno vybledne","inLanguage":"cs-CZ","isPartOf":{"@id":"https:\/\/droix.eu\/cs\/#website"},"breadcrumb":{"@id":"https:\/\/droix.eu\/cs\/product\/krytky-na-palec-s-motivem-zvirat\/#breadcrumblist"},"image":{"@type":"ImageObject","url":"https:\/\/droix.eu\/wp-content\/uploads\/2022\/11\/ANIMAL-THUMB-STICK-CAPS-IMAGE-1.png","@id":"https:\/\/droix.eu\/cs\/product\/krytky-na-palec-s-motivem-zvirat\/#mainImage","width":900,"height":1200},"primaryImageOfPage":{"@id":"https:\/\/droix.eu\/cs\/product\/krytky-na-palec-s-motivem-zvirat\/#mainImage"},"datePublished":"2022-11-11T11:44:32+00:00","dateModified":"2026-03-28T08:30:36+00:00"},{"@type":"WebSite","@id":"https:\/\/droix.eu\/cs\/#website","url":"https:\/\/droix.eu\/cs\/","name":"DROIX EU","description":"Get the latest Mini PCs, Ultrabook, PC Gaming Handhelds and more!","inLanguage":"cs-CZ","publisher":{"@id":"https:\/\/droix.eu\/cs\/#organization"}}]},"og:locale":"cs_CZ","og:site_name":"DROIX EU - Get the latest Mini PCs, Ultrabook, PC Gaming Handhelds and more!","og:type":"article","og:title":"Krytky na palec s motivem zv\u00ed\u0159at - DROIX EU","og:description":"Vyrobeno z m\u011bkk\u00e9ho silikonov\u00e9ho materi\u00e1lu Ochrana analogov\u00e9 p\u00e1\u010dky Velmi p\u0159\u00edjemn\u00e9 na dotek Nen\u00ed snadn\u00e9 je deformovat Netoxick\u00fd a nesnadno vybledne","og:url":"https:\/\/droix.eu\/cs\/product\/krytky-na-palec-s-motivem-zvirat\/","og:image":"https:\/\/droix.eu\/wp-content\/uploads\/2024\/06\/droix-v2-light-logo.png","og:image:secure_url":"https:\/\/droix.eu\/wp-content\/uploads\/2024\/06\/droix-v2-light-logo.png","og:image:width":380,"og:image:height":118,"article:published_time":"2022-11-11T11:44:32+00:00","article:modified_time":"2026-03-28T08:30:36+00:00","article:publisher":"https:\/\/www.facebook.com\/DroiX.Store","twitter:card":"summary_large_image","twitter:site":"@DroiX_Store","twitter:title":"Krytky na palec s motivem zv\u00ed\u0159at - DROIX EU","twitter:description":"Vyrobeno z m\u011bkk\u00e9ho silikonov\u00e9ho materi\u00e1lu Ochrana analogov\u00e9 p\u00e1\u010dky Velmi p\u0159\u00edjemn\u00e9 na dotek Nen\u00ed snadn\u00e9 je deformovat Netoxick\u00fd a nesnadno vybledne","twitter:image":"https:\/\/droix.eu\/wp-content\/uploads\/2024\/06\/droix-v2-light-logo.png"},"aioseo_meta_data":{"post_id":"520838","title":null,"description":null,"keywords":null,"keyphrases":{"focus":{"keyphrase":"","score":0,"analysis":{"keyphraseInTitle":{"score":0,"maxScore":9,"error":1}}},"additional":[]},"primary_term":null,"canonical_url":null,"og_title":null,"og_description":null,"og_object_type":"default","og_image_type":"default","og_image_url":null,"og_image_width":null,"og_image_height":null,"og_image_custom_url":null,"og_image_custom_fields":null,"og_video":"","og_custom_url":null,"og_article_section":null,"og_article_tags":null,"twitter_use_og":true,"twitter_card":"default","twitter_image_type":"default","twitter_image_url":null,"twitter_image_custom_url":null,"twitter_image_custom_fields":null,"twitter_title":null,"twitter_description":null,"schema":{"blockGraphs":[],"customGraphs":[],"default":{"data":{"Article":[],"Course":[],"Dataset":[],"FAQPage":[],"Movie":[],"Person":[],"Product":[],"ProductReview":[],"Car":[],"Recipe":[],"Service":[],"SoftwareApplication":[],"WebPage":[]},"graphName":"Product","isEnabled":true},"graphs":[]},"schema_type":"default","schema_type_options":null,"pillar_content":false,"robots_default":true,"robots_noindex":false,"robots_noarchive":false,"robots_nosnippet":false,"robots_nofollow":false,"robots_noimageindex":false,"robots_noodp":false,"robots_notranslate":false,"robots_max_snippet":"-1","robots_max_videopreview":"-1","robots_max_imagepreview":"large","priority":null,"frequency":"default","local_seo":null,"seo_analyzer_scan_date":null,"breadcrumb_settings":null,"limit_modified_date":false,"reviewed_by":null,"open_ai":null,"ai":{"faqs":[],"keyPoints":[],"titles":[],"descriptions":[],"socialPosts":{"email":[],"linkedin":[],"twitter":[],"facebook":[],"instagram":[]}},"created":"2025-10-09 04:01:58","updated":"2026-03-28 11:21:28"},"aioseo_breadcrumb":"<div class=\"aioseo-breadcrumbs\"><span class=\"aioseo-breadcrumb\">\n\t<a href=\"https:\/\/droix.eu\/cs\/\" title=\"Home\">Home<\/a>\n<\/span><span class=\"aioseo-breadcrumb-separator\">&raquo;<\/span><span class=\"aioseo-breadcrumb\">\n\t<a href=\"https:\/\/droix.eu\/cs\/product-category\/prislusenstvi\/\" title=\"P\u0159\u00edslu\u0161enstv\u00ed\">P\u0159\u00edslu\u0161enstv\u00ed<\/a>\n<\/span><span class=\"aioseo-breadcrumb-separator\">&raquo;<\/span><span class=\"aioseo-breadcrumb\">\n\t<a href=\"https:\/\/droix.eu\/cs\/product-category\/prislusenstvi\/herni-prislusenstvi\/\" title=\"Hern\u00ed p\u0159\u00edslu\u0161enstv\u00ed\">Hern\u00ed p\u0159\u00edslu\u0161enstv\u00ed<\/a>\n<\/span><span class=\"aioseo-breadcrumb-separator\">&raquo;<\/span><span class=\"aioseo-breadcrumb\">\n\tKrytky na palec s motivem zv\u00ed\u0159at\n<\/span><\/div>","aioseo_breadcrumb_json":[{"label":"Home","link":"https:\/\/droix.eu\/cs\/"},{"label":"P\u0159\u00edslu\u0161enstv\u00ed","link":"https:\/\/droix.eu\/cs\/product-category\/prislusenstvi\/"},{"label":"Hern\u00ed p\u0159\u00edslu\u0161enstv\u00ed","link":"https:\/\/droix.eu\/cs\/product-category\/prislusenstvi\/herni-prislusenstvi\/"},{"label":"Krytky na palec s motivem zv\u00ed\u0159at","link":"https:\/\/droix.eu\/cs\/product\/krytky-na-palec-s-motivem-zvirat\/"}],"_links":{"self":[{"href":"https:\/\/droix.eu\/cs\/wp-json\/wp\/v2\/product\/520838","targetHints":{"allow":["GET"]}}],"collection":[{"href":"https:\/\/droix.eu\/cs\/wp-json\/wp\/v2\/product"}],"about":[{"href":"https:\/\/droix.eu\/cs\/wp-json\/wp\/v2\/types\/product"}],"version-history":[{"count":0,"href":"https:\/\/droix.eu\/cs\/wp-json\/wp\/v2\/product\/520838\/revisions"}],"wp:featuredmedia":[{"embeddable":true,"href":"https:\/\/droix.eu\/cs\/wp-json\/wp\/v2\/media\/702968"}],"wp:attachment":[{"href":"https:\/\/droix.eu\/cs\/wp-json\/wp\/v2\/media?parent=520838"}],"wp:term":[{"taxonomy":"product_brand","embeddable":true,"href":"https:\/\/droix.eu\/cs\/wp-json\/wp\/v2\/product_brand?post=520838"},{"taxonomy":"product_cat","embeddable":true,"href":"https:\/\/droix.eu\/cs\/wp-json\/wp\/v2\/product_cat?post=520838"},{"taxonomy":"product_tag","embeddable":true,"href":"https:\/\/droix.eu\/cs\/wp-json\/wp\/v2\/product_tag?post=520838"},{"taxonomy":"woo-feed-brand","embeddable":true,"href":"https:\/\/droix.eu\/cs\/wp-json\/wp\/v2\/woo-feed-brand?post=520838"},{"taxonomy":"key-features","embeddable":true,"href":"https:\/\/droix.eu\/cs\/wp-json\/wp\/v2\/key-features?post=520838"}],"curies":[{"name":"wp","href":"https:\/\/api.w.org\/{rel}","templated":true}]}}