{"id":520450,"date":"2022-11-08T16:39:00","date_gmt":"2022-11-08T16:39:00","guid":{"rendered":"https:\/\/droix.eu\/product\/doplnek-gpd-win-max-2-2024-4g-lte\/"},"modified":"2025-12-15T00:03:28","modified_gmt":"2025-12-15T00:03:28","slug":"doplnek-gpd-win-max-2-2024-4g-lte","status":"publish","type":"product","link":"https:\/\/droix.eu\/cs\/product\/doplnek-gpd-win-max-2-2024-4g-lte\/","title":{"rendered":"GPD WIN MAX 2 \/ 2024 4G LTE"},"content":{"rendered":"&#13;\n<p>P\u0159edstavujeme nejnov\u011bj\u0161\u00ed modul 4G LTE pro <a href=\"https:\/\/droix.eu\/cs\/product\/gpd-win-max-2\/\">GPD WIN MAX 2 \/<\/a> <a href=\"https:\/\/droix.eu\/cs\/product\/gpd-win-max-2-2024\/\">GPD WIN MAX 2 2024.<\/a> Tento revolu\u010dn\u00ed dopln\u011bk umo\u017e\u0148uje hern\u00edm nad\u0161enc\u016fm vychutnat si nep\u0159eru\u0161ovan\u00e9 hern\u00ed seance kdekoli a kdykoli d\u00edky bezprobl\u00e9mov\u00e9mu p\u0159ipojen\u00ed 4G a podpo\u0159e oper\u00e1tora. <\/p>&#13;\n&#13;\n<p>Tento modul 4G LTE, vyvinut\u00fd na z\u00e1klad\u011b po\u017eadavk\u016f u\u017eivatel\u016f a pe\u010dliv\u011b navr\u017een\u00fd tak, aby p\u0159ekonal technick\u00e1 omezen\u00ed, podporuje s\u00edt\u011b 4G TD-LTE, FDD-LTE a 3G CDMA a poskytuje v\u00fdkon srovnateln\u00fd s b\u011b\u017en\u00fdmi notebooky. Jeho integrace do \u0159ady WIN Max 2 2024 otev\u00edr\u00e1 sv\u011bt komplexn\u00edch hern\u00edch sc\u00e9n\u00e1\u0159\u016f, kter\u00e9 byly d\u0159\u00edve na p\u0159enosn\u00fdch za\u0159\u00edzen\u00edch nedostupn\u00e9. <\/p>&#13;\n","protected":false},"excerpt":{"rendered":"<ul>\n<li><strong>Bezprobl\u00e9mov\u00e9 p\u0159ipojen\u00ed 4G:<\/strong> Hrajte kdekoli a kdykoli.<\/li>\n<li><strong>Pokro\u010dil\u00e1 s\u00ed\u0165ov\u00e1 podpora:<\/strong> 4G TD-LTE, FDD-LTE, 3G CDMA.<\/li>\n<li><strong>Ofici\u00e1ln\u00ed:<\/strong> Navr\u017eeno spole\u010dnost\u00ed GPD pro Win Max 2 a Win Max 2 2024<\/li>\n<li><strong>Model:<\/strong> Quectel EG25-G<\/li>\n<\/ul>\n<pre>\n<b>IMPORTANT<\/b>\nINSTALATION REQUIRES OPENING DEVICE\nCOMPONENTS ARE SMALL &amp; DELICATE\nWE ARE NOT RESPONSIBLE FOR ANY CUSTOMER DAMAGE<\/pre>\n[droix_global_accordions]\n[cg_accordion title=\"Balen\u00ed obsahuje\"]<\/p>\n<ul>\n<li>1x modul GPD WIN MAX 2 4G LTE<\/li>\n<li>3x \u0161rouby<\/li>\n<li>2x ant\u00e9ny<\/li>\n<li>1x kabel<\/li>\n<\/ul>\n<p>[\/cg_accordion]\n","protected":false},"featured_media":439020,"template":"","meta":{"_acf_changed":false},"product_brand":[],"product_cat":[10414,10092,10093],"product_tag":[],"woo-feed-brand":[],"key-features":[],"class_list":{"0":"post-520450","1":"product","2":"type-product","3":"status-publish","4":"has-post-thumbnail","6":"product_cat-herni-prislusenstvi","7":"product_cat-prislusenstvi","8":"product_cat-prislusenstvi-k-notebookum","9":"product_shipping_class-low-end","10":"pa_accessory-type-add-ons","11":"pa_brands-gpd-cs","12":"pa_compatibility-gpd-win-max-2-cs","14":"first","15":"outofstock","16":"sale","17":"taxable","18":"shipping-taxable","19":"purchasable","20":"product-type-simple"},"acf":[],"aioseo_notices":[],"aioseo_head":"\n\t\t<!-- All in One SEO Pro 4.9.5.2 - aioseo.com -->\n\t<meta name=\"description\" content=\"Bezprobl\u00e9mov\u00e9 p\u0159ipojen\u00ed 4G: Hrajte kdekoli a kdykoli. Pokro\u010dil\u00e1 s\u00ed\u0165ov\u00e1 podpora: 4G TD-LTE, FDD-LTE, 3G CDMA. Ofici\u00e1ln\u00ed: Navr\u017eeno spole\u010dnost\u00ed GPD pro Win Max 2 a Win Max 2 2024 Model: Quectel EG25-G IMPORTANT INSTALATION REQUIRES OPENING DEVICE COMPONENTS ARE SMALL &amp; DELICATE WE ARE NOT RESPONSIBLE FOR ANY CUSTOMER DAMAGE Balen\u00ed obsahuje 1x modul GPD WIN MAX 2 4G LTE 3x \u0161rouby 2x ant\u00e9ny 1x kabel\" \/>\n\t<meta name=\"robots\" content=\"max-image-preview:large\" \/>\n\t<link rel=\"canonical\" href=\"https:\/\/droix.eu\/cs\/product\/doplnek-gpd-win-max-2-2024-4g-lte\/\" \/>\n\t<meta name=\"generator\" content=\"All in One SEO Pro (AIOSEO) 4.9.5.2\" \/>\n\t\t<meta property=\"og:locale\" content=\"cs_CZ\" \/>\n\t\t<meta property=\"og:site_name\" content=\"DROIX EU - Get the latest Mini PCs, Ultrabook, PC Gaming Handhelds and more!\" \/>\n\t\t<meta property=\"og:type\" content=\"article\" \/>\n\t\t<meta property=\"og:title\" content=\"GPD WIN MAX 2 \/ 2024 4G LTE - DROIX EU\" \/>\n\t\t<meta property=\"og:description\" content=\"Bezprobl\u00e9mov\u00e9 p\u0159ipojen\u00ed 4G: Hrajte kdekoli a kdykoli. Pokro\u010dil\u00e1 s\u00ed\u0165ov\u00e1 podpora: 4G TD-LTE, FDD-LTE, 3G CDMA. Ofici\u00e1ln\u00ed: Navr\u017eeno spole\u010dnost\u00ed GPD pro Win Max 2 a Win Max 2 2024 Model: Quectel EG25-G IMPORTANT INSTALATION REQUIRES OPENING DEVICE COMPONENTS ARE SMALL &amp; DELICATE WE ARE NOT RESPONSIBLE FOR ANY CUSTOMER DAMAGE Balen\u00ed obsahuje 1x modul GPD WIN MAX 2 4G LTE 3x \u0161rouby 2x ant\u00e9ny 1x kabel\" \/>\n\t\t<meta property=\"og:url\" content=\"https:\/\/droix.eu\/cs\/product\/doplnek-gpd-win-max-2-2024-4g-lte\/\" \/>\n\t\t<meta property=\"og:image\" content=\"https:\/\/droix.eu\/wp-content\/uploads\/2024\/06\/droix-v2-light-logo.png\" \/>\n\t\t<meta property=\"og:image:secure_url\" content=\"https:\/\/droix.eu\/wp-content\/uploads\/2024\/06\/droix-v2-light-logo.png\" \/>\n\t\t<meta property=\"og:image:width\" content=\"380\" \/>\n\t\t<meta property=\"og:image:height\" content=\"118\" \/>\n\t\t<meta property=\"article:published_time\" content=\"2022-11-08T16:39:00+00:00\" \/>\n\t\t<meta property=\"article:modified_time\" content=\"2025-12-15T00:03:28+00:00\" \/>\n\t\t<meta property=\"article:publisher\" content=\"https:\/\/www.facebook.com\/DroiX.Store\" \/>\n\t\t<meta name=\"twitter:card\" content=\"summary_large_image\" \/>\n\t\t<meta name=\"twitter:site\" content=\"@DroiX_Store\" \/>\n\t\t<meta name=\"twitter:title\" content=\"GPD WIN MAX 2 \/ 2024 4G LTE - DROIX EU\" \/>\n\t\t<meta name=\"twitter:description\" content=\"Bezprobl\u00e9mov\u00e9 p\u0159ipojen\u00ed 4G: Hrajte kdekoli a kdykoli. Pokro\u010dil\u00e1 s\u00ed\u0165ov\u00e1 podpora: 4G TD-LTE, FDD-LTE, 3G CDMA. Ofici\u00e1ln\u00ed: Navr\u017eeno spole\u010dnost\u00ed GPD pro Win Max 2 a Win Max 2 2024 Model: Quectel EG25-G IMPORTANT INSTALATION REQUIRES OPENING DEVICE COMPONENTS ARE SMALL &amp; DELICATE WE ARE NOT RESPONSIBLE FOR ANY CUSTOMER DAMAGE Balen\u00ed obsahuje 1x modul GPD WIN MAX 2 4G LTE 3x \u0161rouby 2x ant\u00e9ny 1x kabel\" \/>\n\t\t<meta name=\"twitter:image\" content=\"https:\/\/droix.eu\/wp-content\/uploads\/2024\/06\/droix-v2-light-logo.png\" \/>\n\t\t<script type=\"application\/ld+json\" class=\"aioseo-schema\">\n\t\t\t{\"@context\":\"https:\\\/\\\/schema.org\",\"@graph\":[{\"@type\":\"BreadcrumbList\",\"@id\":\"https:\\\/\\\/droix.eu\\\/cs\\\/product\\\/doplnek-gpd-win-max-2-2024-4g-lte\\\/#breadcrumblist\",\"itemListElement\":[{\"@type\":\"ListItem\",\"@id\":\"https:\\\/\\\/droix.eu\\\/cs\\\/#listItem\",\"position\":1,\"name\":\"Home\",\"item\":\"https:\\\/\\\/droix.eu\\\/cs\\\/\",\"nextItem\":{\"@type\":\"ListItem\",\"@id\":\"https:\\\/\\\/droix.eu\\\/cs\\\/product-category\\\/prislusenstvi\\\/#listItem\",\"name\":\"P\\u0159\\u00edslu\\u0161enstv\\u00ed\"}},{\"@type\":\"ListItem\",\"@id\":\"https:\\\/\\\/droix.eu\\\/cs\\\/product-category\\\/prislusenstvi\\\/#listItem\",\"position\":2,\"name\":\"P\\u0159\\u00edslu\\u0161enstv\\u00ed\",\"item\":\"https:\\\/\\\/droix.eu\\\/cs\\\/product-category\\\/prislusenstvi\\\/\",\"nextItem\":{\"@type\":\"ListItem\",\"@id\":\"https:\\\/\\\/droix.eu\\\/cs\\\/product-category\\\/prislusenstvi\\\/prislusenstvi-k-notebookum\\\/#listItem\",\"name\":\"P\\u0159\\u00edslu\\u0161enstv\\u00ed k notebook\\u016fm\"},\"previousItem\":{\"@type\":\"ListItem\",\"@id\":\"https:\\\/\\\/droix.eu\\\/cs\\\/#listItem\",\"name\":\"Home\"}},{\"@type\":\"ListItem\",\"@id\":\"https:\\\/\\\/droix.eu\\\/cs\\\/product-category\\\/prislusenstvi\\\/prislusenstvi-k-notebookum\\\/#listItem\",\"position\":3,\"name\":\"P\\u0159\\u00edslu\\u0161enstv\\u00ed k notebook\\u016fm\",\"item\":\"https:\\\/\\\/droix.eu\\\/cs\\\/product-category\\\/prislusenstvi\\\/prislusenstvi-k-notebookum\\\/\",\"nextItem\":{\"@type\":\"ListItem\",\"@id\":\"https:\\\/\\\/droix.eu\\\/cs\\\/product\\\/doplnek-gpd-win-max-2-2024-4g-lte\\\/#listItem\",\"name\":\"GPD WIN MAX 2 \\\/ 2024 4G LTE\"},\"previousItem\":{\"@type\":\"ListItem\",\"@id\":\"https:\\\/\\\/droix.eu\\\/cs\\\/product-category\\\/prislusenstvi\\\/#listItem\",\"name\":\"P\\u0159\\u00edslu\\u0161enstv\\u00ed\"}},{\"@type\":\"ListItem\",\"@id\":\"https:\\\/\\\/droix.eu\\\/cs\\\/product\\\/doplnek-gpd-win-max-2-2024-4g-lte\\\/#listItem\",\"position\":4,\"name\":\"GPD WIN MAX 2 \\\/ 2024 4G LTE\",\"previousItem\":{\"@type\":\"ListItem\",\"@id\":\"https:\\\/\\\/droix.eu\\\/cs\\\/product-category\\\/prislusenstvi\\\/prislusenstvi-k-notebookum\\\/#listItem\",\"name\":\"P\\u0159\\u00edslu\\u0161enstv\\u00ed k notebook\\u016fm\"}}]},{\"@type\":\"Organization\",\"@id\":\"https:\\\/\\\/droix.eu\\\/cs\\\/#organization\",\"name\":\"DroiX \\u2013 Trusted EU Tech Retailer with 12+ Years Experience\",\"description\":\"DroiX is a leading European technology retailer with over 12 years of experience, offering quality mini PCs, handheld gaming consoles, and tech accessories. We provide hassle-free EU delivery with all taxes included, ensuring a smooth and reliable shopping experience for our customers across Europe.\",\"url\":\"https:\\\/\\\/droix.eu\\\/cs\\\/\",\"logo\":{\"@type\":\"ImageObject\",\"url\":\"https:\\\/\\\/droix.eu\\\/wp-content\\\/uploads\\\/2024\\\/06\\\/droix-v2-light-logo.png\",\"@id\":\"https:\\\/\\\/droix.eu\\\/cs\\\/product\\\/doplnek-gpd-win-max-2-2024-4g-lte\\\/#organizationLogo\",\"width\":380,\"height\":118},\"image\":{\"@id\":\"https:\\\/\\\/droix.eu\\\/cs\\\/product\\\/doplnek-gpd-win-max-2-2024-4g-lte\\\/#organizationLogo\"},\"sameAs\":[\"https:\\\/\\\/www.facebook.com\\\/DroiX.Store\",\"https:\\\/\\\/twitter.com\\\/DroiX_Store\",\"https:\\\/\\\/www.instagram.com\\\/droix.store\\\/\",\"https:\\\/\\\/www.tiktok.com\\\/@droix.store\",\"https:\\\/\\\/www.youtube.com\\\/c\\\/DroiX_Store\",\"https:\\\/\\\/uk.linkedin.com\\\/company\\\/droix\"]},{\"@type\":\"Product\",\"@id\":\"https:\\\/\\\/droix.eu\\\/cs\\\/product\\\/doplnek-gpd-win-max-2-2024-4g-lte\\\/#wooCommerceProduct\",\"name\":\"GPD WIN MAX 2 \\\/ 2024 4G LTE\",\"description\":\"Bezprobl\\u00e9mov\\u00e9 p\\u0159ipojen\\u00ed 4G: Hrajte kdekoli a kdykoli.\\n \\tPokro\\u010dil\\u00e1 s\\u00ed\\u0165ov\\u00e1 podpora: 4G TD-LTE, FDD-LTE, 3G CDMA.\\n \\tOfici\\u00e1ln\\u00ed: Navr\\u017eeno spole\\u010dnost\\u00ed GPD pro Win Max 2 a Win Max 2 2024\\n \\tModel: Quectel EG25-G\\n\\n\\n\\nIMPORTANT\\nINSTALATION REQUIRES OPENING DEVICE\\nCOMPONENTS ARE SMALL &amp; DELICATE\\nWE ARE NOT RESPONSIBLE FOR ANY CUSTOMER DAMAGE\",\"url\":\"https:\\\/\\\/droix.eu\\\/cs\\\/product\\\/doplnek-gpd-win-max-2-2024-4g-lte\\\/\",\"sku\":\"GPD-WIN_MAX_2-4G_LTE_Module\",\"gtin\":\"5060763673656\",\"image\":{\"@type\":\"ImageObject\",\"url\":\"https:\\\/\\\/droix.eu\\\/wp-content\\\/uploads\\\/2022\\\/11\\\/GPD-WIN-MAX-2-LTE-1.png\",\"@id\":\"https:\\\/\\\/droix.eu\\\/cs\\\/product\\\/doplnek-gpd-win-max-2-2024-4g-lte\\\/#productImage\",\"width\":622,\"height\":622,\"caption\":\"Dopln\\u011bk GPD WIN MAX 2 4G LTE\"},\"offers\":{\"@type\":\"Offer\",\"url\":\"https:\\\/\\\/droix.eu\\\/cs\\\/product\\\/doplnek-gpd-win-max-2-2024-4g-lte\\\/#wooCommerceOffer\",\"price\":99.57,\"priceCurrency\":\"EUR\",\"category\":\"Hern\\u00ed p\\u0159\\u00edslu\\u0161enstv\\u00ed\",\"availability\":\"https:\\\/\\\/schema.org\\\/OutOfStock\",\"priceSpecification\":{\"@type\":\"PriceSpecification\",\"price\":99.57,\"priceCurrency\":\"EUR\",\"valueAddedTaxIncluded\":\"true\"},\"seller\":{\"@type\":\"Organization\",\"@id\":\"https:\\\/\\\/droix.eu\\\/cs\\\/#organization\"}}},{\"@type\":\"WebPage\",\"@id\":\"https:\\\/\\\/droix.eu\\\/cs\\\/product\\\/doplnek-gpd-win-max-2-2024-4g-lte\\\/#webpage\",\"url\":\"https:\\\/\\\/droix.eu\\\/cs\\\/product\\\/doplnek-gpd-win-max-2-2024-4g-lte\\\/\",\"name\":\"GPD WIN MAX 2 \\\/ 2024 4G LTE - DROIX EU\",\"description\":\"Bezprobl\\u00e9mov\\u00e9 p\\u0159ipojen\\u00ed 4G: Hrajte kdekoli a kdykoli. Pokro\\u010dil\\u00e1 s\\u00ed\\u0165ov\\u00e1 podpora: 4G TD-LTE, FDD-LTE, 3G CDMA. Ofici\\u00e1ln\\u00ed: Navr\\u017eeno spole\\u010dnost\\u00ed GPD pro Win Max 2 a Win Max 2 2024 Model: Quectel EG25-G IMPORTANT INSTALATION REQUIRES OPENING DEVICE COMPONENTS ARE SMALL & DELICATE WE ARE NOT RESPONSIBLE FOR ANY CUSTOMER DAMAGE Balen\\u00ed obsahuje 1x modul GPD WIN MAX 2 4G LTE 3x \\u0161rouby 2x ant\\u00e9ny 1x kabel\",\"inLanguage\":\"cs-CZ\",\"isPartOf\":{\"@id\":\"https:\\\/\\\/droix.eu\\\/cs\\\/#website\"},\"breadcrumb\":{\"@id\":\"https:\\\/\\\/droix.eu\\\/cs\\\/product\\\/doplnek-gpd-win-max-2-2024-4g-lte\\\/#breadcrumblist\"},\"image\":{\"@type\":\"ImageObject\",\"url\":\"https:\\\/\\\/droix.eu\\\/wp-content\\\/uploads\\\/2022\\\/11\\\/GPD-WIN-MAX-2-LTE-1.png\",\"@id\":\"https:\\\/\\\/droix.eu\\\/cs\\\/product\\\/doplnek-gpd-win-max-2-2024-4g-lte\\\/#mainImage\",\"width\":622,\"height\":622,\"caption\":\"Dopln\\u011bk GPD WIN MAX 2 4G LTE\"},\"primaryImageOfPage\":{\"@id\":\"https:\\\/\\\/droix.eu\\\/cs\\\/product\\\/doplnek-gpd-win-max-2-2024-4g-lte\\\/#mainImage\"},\"datePublished\":\"2022-11-08T16:39:00+00:00\",\"dateModified\":\"2025-12-15T00:03:28+00:00\"},{\"@type\":\"WebSite\",\"@id\":\"https:\\\/\\\/droix.eu\\\/cs\\\/#website\",\"url\":\"https:\\\/\\\/droix.eu\\\/cs\\\/\",\"name\":\"DROIX EU\",\"description\":\"Get the latest Mini PCs, Ultrabook, PC Gaming Handhelds and more!\",\"inLanguage\":\"cs-CZ\",\"publisher\":{\"@id\":\"https:\\\/\\\/droix.eu\\\/cs\\\/#organization\"}}]}\n\t\t<\/script>\n\t\t<!-- All in One SEO Pro -->\r\n\t\t<title>GPD WIN MAX 2 \/ 2024 4G LTE - DROIX EU<\/title>\n\n","aioseo_head_json":{"title":"GPD WIN MAX 2 \/ 2024 4G LTE - DROIX EU","description":"Bezprobl\u00e9mov\u00e9 p\u0159ipojen\u00ed 4G: Hrajte kdekoli a kdykoli. Pokro\u010dil\u00e1 s\u00ed\u0165ov\u00e1 podpora: 4G TD-LTE, FDD-LTE, 3G CDMA. Ofici\u00e1ln\u00ed: Navr\u017eeno spole\u010dnost\u00ed GPD pro Win Max 2 a Win Max 2 2024 Model: Quectel EG25-G IMPORTANT INSTALATION REQUIRES OPENING DEVICE COMPONENTS ARE SMALL & DELICATE WE ARE NOT RESPONSIBLE FOR ANY CUSTOMER DAMAGE Balen\u00ed obsahuje 1x modul GPD WIN MAX 2 4G LTE 3x \u0161rouby 2x ant\u00e9ny 1x kabel","canonical_url":"https:\/\/droix.eu\/cs\/product\/doplnek-gpd-win-max-2-2024-4g-lte\/","robots":"max-image-preview:large","keywords":"","webmasterTools":{"miscellaneous":""},"schema":{"@context":"https:\/\/schema.org","@graph":[{"@type":"BreadcrumbList","@id":"https:\/\/droix.eu\/cs\/product\/doplnek-gpd-win-max-2-2024-4g-lte\/#breadcrumblist","itemListElement":[{"@type":"ListItem","@id":"https:\/\/droix.eu\/cs\/#listItem","position":1,"name":"Home","item":"https:\/\/droix.eu\/cs\/","nextItem":{"@type":"ListItem","@id":"https:\/\/droix.eu\/cs\/product-category\/prislusenstvi\/#listItem","name":"P\u0159\u00edslu\u0161enstv\u00ed"}},{"@type":"ListItem","@id":"https:\/\/droix.eu\/cs\/product-category\/prislusenstvi\/#listItem","position":2,"name":"P\u0159\u00edslu\u0161enstv\u00ed","item":"https:\/\/droix.eu\/cs\/product-category\/prislusenstvi\/","nextItem":{"@type":"ListItem","@id":"https:\/\/droix.eu\/cs\/product-category\/prislusenstvi\/prislusenstvi-k-notebookum\/#listItem","name":"P\u0159\u00edslu\u0161enstv\u00ed k notebook\u016fm"},"previousItem":{"@type":"ListItem","@id":"https:\/\/droix.eu\/cs\/#listItem","name":"Home"}},{"@type":"ListItem","@id":"https:\/\/droix.eu\/cs\/product-category\/prislusenstvi\/prislusenstvi-k-notebookum\/#listItem","position":3,"name":"P\u0159\u00edslu\u0161enstv\u00ed k notebook\u016fm","item":"https:\/\/droix.eu\/cs\/product-category\/prislusenstvi\/prislusenstvi-k-notebookum\/","nextItem":{"@type":"ListItem","@id":"https:\/\/droix.eu\/cs\/product\/doplnek-gpd-win-max-2-2024-4g-lte\/#listItem","name":"GPD WIN MAX 2 \/ 2024 4G LTE"},"previousItem":{"@type":"ListItem","@id":"https:\/\/droix.eu\/cs\/product-category\/prislusenstvi\/#listItem","name":"P\u0159\u00edslu\u0161enstv\u00ed"}},{"@type":"ListItem","@id":"https:\/\/droix.eu\/cs\/product\/doplnek-gpd-win-max-2-2024-4g-lte\/#listItem","position":4,"name":"GPD WIN MAX 2 \/ 2024 4G LTE","previousItem":{"@type":"ListItem","@id":"https:\/\/droix.eu\/cs\/product-category\/prislusenstvi\/prislusenstvi-k-notebookum\/#listItem","name":"P\u0159\u00edslu\u0161enstv\u00ed k notebook\u016fm"}}]},{"@type":"Organization","@id":"https:\/\/droix.eu\/cs\/#organization","name":"DroiX \u2013 Trusted EU Tech Retailer with 12+ Years Experience","description":"DroiX is a leading European technology retailer with over 12 years of experience, offering quality mini PCs, handheld gaming consoles, and tech accessories. We provide hassle-free EU delivery with all taxes included, ensuring a smooth and reliable shopping experience for our customers across Europe.","url":"https:\/\/droix.eu\/cs\/","logo":{"@type":"ImageObject","url":"https:\/\/droix.eu\/wp-content\/uploads\/2024\/06\/droix-v2-light-logo.png","@id":"https:\/\/droix.eu\/cs\/product\/doplnek-gpd-win-max-2-2024-4g-lte\/#organizationLogo","width":380,"height":118},"image":{"@id":"https:\/\/droix.eu\/cs\/product\/doplnek-gpd-win-max-2-2024-4g-lte\/#organizationLogo"},"sameAs":["https:\/\/www.facebook.com\/DroiX.Store","https:\/\/twitter.com\/DroiX_Store","https:\/\/www.instagram.com\/droix.store\/","https:\/\/www.tiktok.com\/@droix.store","https:\/\/www.youtube.com\/c\/DroiX_Store","https:\/\/uk.linkedin.com\/company\/droix"]},{"@type":"Product","@id":"https:\/\/droix.eu\/cs\/product\/doplnek-gpd-win-max-2-2024-4g-lte\/#wooCommerceProduct","name":"GPD WIN MAX 2 \/ 2024 4G LTE","description":"Bezprobl\u00e9mov\u00e9 p\u0159ipojen\u00ed 4G: Hrajte kdekoli a kdykoli.\n \tPokro\u010dil\u00e1 s\u00ed\u0165ov\u00e1 podpora: 4G TD-LTE, FDD-LTE, 3G CDMA.\n \tOfici\u00e1ln\u00ed: Navr\u017eeno spole\u010dnost\u00ed GPD pro Win Max 2 a Win Max 2 2024\n \tModel: Quectel EG25-G\n\n\n\nIMPORTANT\nINSTALATION REQUIRES OPENING DEVICE\nCOMPONENTS ARE SMALL &amp; DELICATE\nWE ARE NOT RESPONSIBLE FOR ANY CUSTOMER DAMAGE","url":"https:\/\/droix.eu\/cs\/product\/doplnek-gpd-win-max-2-2024-4g-lte\/","sku":"GPD-WIN_MAX_2-4G_LTE_Module","gtin":"5060763673656","image":{"@type":"ImageObject","url":"https:\/\/droix.eu\/wp-content\/uploads\/2022\/11\/GPD-WIN-MAX-2-LTE-1.png","@id":"https:\/\/droix.eu\/cs\/product\/doplnek-gpd-win-max-2-2024-4g-lte\/#productImage","width":622,"height":622,"caption":"Dopln\u011bk GPD WIN MAX 2 4G LTE"},"offers":{"@type":"Offer","url":"https:\/\/droix.eu\/cs\/product\/doplnek-gpd-win-max-2-2024-4g-lte\/#wooCommerceOffer","price":99.57,"priceCurrency":"EUR","category":"Hern\u00ed p\u0159\u00edslu\u0161enstv\u00ed","availability":"https:\/\/schema.org\/OutOfStock","priceSpecification":{"@type":"PriceSpecification","price":99.57,"priceCurrency":"EUR","valueAddedTaxIncluded":"true"},"seller":{"@type":"Organization","@id":"https:\/\/droix.eu\/cs\/#organization"}}},{"@type":"WebPage","@id":"https:\/\/droix.eu\/cs\/product\/doplnek-gpd-win-max-2-2024-4g-lte\/#webpage","url":"https:\/\/droix.eu\/cs\/product\/doplnek-gpd-win-max-2-2024-4g-lte\/","name":"GPD WIN MAX 2 \/ 2024 4G LTE - DROIX EU","description":"Bezprobl\u00e9mov\u00e9 p\u0159ipojen\u00ed 4G: Hrajte kdekoli a kdykoli. Pokro\u010dil\u00e1 s\u00ed\u0165ov\u00e1 podpora: 4G TD-LTE, FDD-LTE, 3G CDMA. Ofici\u00e1ln\u00ed: Navr\u017eeno spole\u010dnost\u00ed GPD pro Win Max 2 a Win Max 2 2024 Model: Quectel EG25-G IMPORTANT INSTALATION REQUIRES OPENING DEVICE COMPONENTS ARE SMALL & DELICATE WE ARE NOT RESPONSIBLE FOR ANY CUSTOMER DAMAGE Balen\u00ed obsahuje 1x modul GPD WIN MAX 2 4G LTE 3x \u0161rouby 2x ant\u00e9ny 1x kabel","inLanguage":"cs-CZ","isPartOf":{"@id":"https:\/\/droix.eu\/cs\/#website"},"breadcrumb":{"@id":"https:\/\/droix.eu\/cs\/product\/doplnek-gpd-win-max-2-2024-4g-lte\/#breadcrumblist"},"image":{"@type":"ImageObject","url":"https:\/\/droix.eu\/wp-content\/uploads\/2022\/11\/GPD-WIN-MAX-2-LTE-1.png","@id":"https:\/\/droix.eu\/cs\/product\/doplnek-gpd-win-max-2-2024-4g-lte\/#mainImage","width":622,"height":622,"caption":"Dopln\u011bk GPD WIN MAX 2 4G LTE"},"primaryImageOfPage":{"@id":"https:\/\/droix.eu\/cs\/product\/doplnek-gpd-win-max-2-2024-4g-lte\/#mainImage"},"datePublished":"2022-11-08T16:39:00+00:00","dateModified":"2025-12-15T00:03:28+00:00"},{"@type":"WebSite","@id":"https:\/\/droix.eu\/cs\/#website","url":"https:\/\/droix.eu\/cs\/","name":"DROIX EU","description":"Get the latest Mini PCs, Ultrabook, PC Gaming Handhelds and more!","inLanguage":"cs-CZ","publisher":{"@id":"https:\/\/droix.eu\/cs\/#organization"}}]},"og:locale":"cs_CZ","og:site_name":"DROIX EU - Get the latest Mini PCs, Ultrabook, PC Gaming Handhelds and more!","og:type":"article","og:title":"GPD WIN MAX 2 \/ 2024 4G LTE - DROIX EU","og:description":"Bezprobl\u00e9mov\u00e9 p\u0159ipojen\u00ed 4G: Hrajte kdekoli a kdykoli. Pokro\u010dil\u00e1 s\u00ed\u0165ov\u00e1 podpora: 4G TD-LTE, FDD-LTE, 3G CDMA. Ofici\u00e1ln\u00ed: Navr\u017eeno spole\u010dnost\u00ed GPD pro Win Max 2 a Win Max 2 2024 Model: Quectel EG25-G IMPORTANT INSTALATION REQUIRES OPENING DEVICE COMPONENTS ARE SMALL &amp; DELICATE WE ARE NOT RESPONSIBLE FOR ANY CUSTOMER DAMAGE Balen\u00ed obsahuje 1x modul GPD WIN MAX 2 4G LTE 3x \u0161rouby 2x ant\u00e9ny 1x kabel","og:url":"https:\/\/droix.eu\/cs\/product\/doplnek-gpd-win-max-2-2024-4g-lte\/","og:image":"https:\/\/droix.eu\/wp-content\/uploads\/2024\/06\/droix-v2-light-logo.png","og:image:secure_url":"https:\/\/droix.eu\/wp-content\/uploads\/2024\/06\/droix-v2-light-logo.png","og:image:width":380,"og:image:height":118,"article:published_time":"2022-11-08T16:39:00+00:00","article:modified_time":"2025-12-15T00:03:28+00:00","article:publisher":"https:\/\/www.facebook.com\/DroiX.Store","twitter:card":"summary_large_image","twitter:site":"@DroiX_Store","twitter:title":"GPD WIN MAX 2 \/ 2024 4G LTE - DROIX EU","twitter:description":"Bezprobl\u00e9mov\u00e9 p\u0159ipojen\u00ed 4G: Hrajte kdekoli a kdykoli. Pokro\u010dil\u00e1 s\u00ed\u0165ov\u00e1 podpora: 4G TD-LTE, FDD-LTE, 3G CDMA. Ofici\u00e1ln\u00ed: Navr\u017eeno spole\u010dnost\u00ed GPD pro Win Max 2 a Win Max 2 2024 Model: Quectel EG25-G IMPORTANT INSTALATION REQUIRES OPENING DEVICE COMPONENTS ARE SMALL &amp; DELICATE WE ARE NOT RESPONSIBLE FOR ANY CUSTOMER DAMAGE Balen\u00ed obsahuje 1x modul GPD WIN MAX 2 4G LTE 3x \u0161rouby 2x ant\u00e9ny 1x kabel","twitter:image":"https:\/\/droix.eu\/wp-content\/uploads\/2024\/06\/droix-v2-light-logo.png"},"aioseo_meta_data":{"post_id":"520450","title":null,"description":null,"keywords":null,"keyphrases":null,"primary_term":null,"canonical_url":null,"og_title":null,"og_description":null,"og_object_type":"default","og_image_type":"default","og_image_url":null,"og_image_width":null,"og_image_height":null,"og_image_custom_url":null,"og_image_custom_fields":null,"og_video":null,"og_custom_url":null,"og_article_section":null,"og_article_tags":null,"twitter_use_og":true,"twitter_card":"default","twitter_image_type":"default","twitter_image_url":null,"twitter_image_custom_url":null,"twitter_image_custom_fields":null,"twitter_title":null,"twitter_description":null,"schema":{"blockGraphs":[],"customGraphs":[],"default":{"data":{"Article":[],"Course":[],"Dataset":[],"FAQPage":[],"Movie":[],"Person":[],"Product":[],"ProductReview":[],"Car":[],"Recipe":[],"Service":[],"SoftwareApplication":[],"WebPage":[]},"graphName":"","isEnabled":true},"graphs":[]},"schema_type":"default","schema_type_options":null,"pillar_content":false,"robots_default":true,"robots_noindex":false,"robots_noarchive":false,"robots_nosnippet":false,"robots_nofollow":false,"robots_noimageindex":false,"robots_noodp":false,"robots_notranslate":false,"robots_max_snippet":null,"robots_max_videopreview":null,"robots_max_imagepreview":"large","priority":null,"frequency":null,"local_seo":null,"seo_analyzer_scan_date":"2025-10-24 11:39:59","breadcrumb_settings":null,"limit_modified_date":false,"reviewed_by":null,"open_ai":null,"ai":null,"created":"2025-10-09 03:59:47","updated":"2026-01-24 09:02:30"},"aioseo_breadcrumb":"<div class=\"aioseo-breadcrumbs\"><span class=\"aioseo-breadcrumb\">\n\t<a href=\"https:\/\/droix.eu\/cs\/\" title=\"Home\">Home<\/a>\n<\/span><span class=\"aioseo-breadcrumb-separator\">&raquo;<\/span><span class=\"aioseo-breadcrumb\">\n\t<a href=\"https:\/\/droix.eu\/cs\/product-category\/prislusenstvi\/\" title=\"P\u0159\u00edslu\u0161enstv\u00ed\">P\u0159\u00edslu\u0161enstv\u00ed<\/a>\n<\/span><span class=\"aioseo-breadcrumb-separator\">&raquo;<\/span><span class=\"aioseo-breadcrumb\">\n\t<a href=\"https:\/\/droix.eu\/cs\/product-category\/prislusenstvi\/prislusenstvi-k-notebookum\/\" title=\"P\u0159\u00edslu\u0161enstv\u00ed k notebook\u016fm\">P\u0159\u00edslu\u0161enstv\u00ed k notebook\u016fm<\/a>\n<\/span><span class=\"aioseo-breadcrumb-separator\">&raquo;<\/span><span class=\"aioseo-breadcrumb\">\n\tGPD WIN MAX 2 \/ 2024 4G LTE\n<\/span><\/div>","aioseo_breadcrumb_json":[{"label":"Home","link":"https:\/\/droix.eu\/cs\/"},{"label":"P\u0159\u00edslu\u0161enstv\u00ed","link":"https:\/\/droix.eu\/cs\/product-category\/prislusenstvi\/"},{"label":"P\u0159\u00edslu\u0161enstv\u00ed k notebook\u016fm","link":"https:\/\/droix.eu\/cs\/product-category\/prislusenstvi\/prislusenstvi-k-notebookum\/"},{"label":"GPD WIN MAX 2 \/ 2024 4G LTE","link":"https:\/\/droix.eu\/cs\/product\/doplnek-gpd-win-max-2-2024-4g-lte\/"}],"_links":{"self":[{"href":"https:\/\/droix.eu\/cs\/wp-json\/wp\/v2\/product\/520450","targetHints":{"allow":["GET"]}}],"collection":[{"href":"https:\/\/droix.eu\/cs\/wp-json\/wp\/v2\/product"}],"about":[{"href":"https:\/\/droix.eu\/cs\/wp-json\/wp\/v2\/types\/product"}],"version-history":[{"count":0,"href":"https:\/\/droix.eu\/cs\/wp-json\/wp\/v2\/product\/520450\/revisions"}],"wp:featuredmedia":[{"embeddable":true,"href":"https:\/\/droix.eu\/cs\/wp-json\/wp\/v2\/media\/439020"}],"wp:attachment":[{"href":"https:\/\/droix.eu\/cs\/wp-json\/wp\/v2\/media?parent=520450"}],"wp:term":[{"taxonomy":"product_brand","embeddable":true,"href":"https:\/\/droix.eu\/cs\/wp-json\/wp\/v2\/product_brand?post=520450"},{"taxonomy":"product_cat","embeddable":true,"href":"https:\/\/droix.eu\/cs\/wp-json\/wp\/v2\/product_cat?post=520450"},{"taxonomy":"product_tag","embeddable":true,"href":"https:\/\/droix.eu\/cs\/wp-json\/wp\/v2\/product_tag?post=520450"},{"taxonomy":"woo-feed-brand","embeddable":true,"href":"https:\/\/droix.eu\/cs\/wp-json\/wp\/v2\/woo-feed-brand?post=520450"},{"taxonomy":"key-features","embeddable":true,"href":"https:\/\/droix.eu\/cs\/wp-json\/wp\/v2\/key-features?post=520450"}],"curies":[{"name":"wp","href":"https:\/\/api.w.org\/{rel}","templated":true}]}}