{"id":513556,"date":"2022-12-20T15:00:27","date_gmt":"2022-12-20T15:00:27","guid":{"rendered":"https:\/\/droix.eu\/product\/uloziste-nvme-kingspec-2230-steam-deck\/"},"modified":"2025-08-01T14:53:44","modified_gmt":"2025-08-01T13:53:44","slug":"uloziste-nvme-kingspec-2230-steam-deck","status":"publish","type":"product","link":"https:\/\/droix.eu\/cs\/product\/uloziste-nvme-kingspec-2230-steam-deck\/","title":{"rendered":"KingSpec 2230 Steam Deck \u00dalo\u017ei\u0161t\u011b NVMe"},"content":{"rendered":"&#13;\n<p><strong>SSD<\/strong>disk <strong>KingSpec NVMe 22*30<\/strong>dosahuje rychlosti \u010dten\u00ed a\u017e 3621,35 MB\/s a z\u00e1pisu a\u017e 2314,32 MB\/s. Tyto rychlosti jsou v\u00fdrazn\u011b vy\u0161\u0161\u00ed ne\u017e u tradi\u010dn\u00edch pevn\u00fdch disk\u016f, kter\u00e9 obvykle dosahuj\u00ed rychlost\u00ed kolem 100 MB\/s. To znamen\u00e1, \u017ee disk KingSpec NVMe je schopen p\u0159istupovat k dat\u016fm a p\u0159en\u00e1\u0161et je mnohem rychleji, co\u017e vede k rychlej\u0161\u00edmu spou\u0161t\u011bn\u00ed syst\u00e9mu a rychlej\u0161\u00edmu spou\u0161t\u011bn\u00ed softwaru.  <\/p>&#13;\n&#13;\n<p>\u0158ekn\u011bme, \u017ee m\u00e1te nap\u0159\u00edklad rozs\u00e1hlou softwarovou aplikaci, kterou pot\u0159ebujete nainstalovat. Na klasick\u00e9m pevn\u00e9m disku by dokon\u010den\u00ed instalace mohlo trvat n\u011bkolik minut. S diskem KingSpec NVMe by v\u0161ak byl proces instalace mnohem rychlej\u0161\u00ed, proto\u017ee disk je schopen p\u0159istupovat k pot\u0159ebn\u00fdm dat\u016fm a p\u0159en\u00e1\u0161et je mnohem vy\u0161\u0161\u00ed rychlost\u00ed.  <\/p>&#13;\n&#13;\n<p>Obecn\u011b lze \u0159\u00edci, \u017ee d\u00edky vy\u0161\u0161\u00ed rychlosti \u010dten\u00ed a z\u00e1pisu je disk <strong>KingSpec NVMe<\/strong> vynikaj\u00edc\u00ed volbou pro ty, kte\u0159\u00ed cht\u011bj\u00ed zv\u00fd\u0161it celkov\u00fd v\u00fdkon sv\u00e9ho po\u010d\u00edta\u010de. A\u0165 u\u017e jste hr\u00e1\u010d, kter\u00fd chce rychleji na\u010d\u00edtat \u00farovn\u011b, tv\u016fr\u010d\u00ed profesion\u00e1l pracuj\u00edc\u00ed s velk\u00fdmi soubory, nebo jen n\u011bkdo, kdo chce plynulej\u0161\u00ed a svi\u017en\u011bj\u0161\u00ed pr\u00e1ci s po\u010d\u00edta\u010dem, tento disk v\u00e1m to jist\u011b zajist\u00ed. <\/p>&#13;\n&#13;\n<p>Zkontrolujte n\u00ed\u017ee uveden\u00e9 v\u00fdsledky pro <strong>Steam Deck<\/strong> pomoc\u00ed <strong>KingSpec 2230 NVMe 1TB<\/strong> Storage :<\/p>&#13;\n&#13;\n<p>Rychlost \u010dten\u00ed: <strong>3621,35 MB\/s<\/strong><br\/>Rychlost z\u00e1pisu:<strong> 2314,32 MB\/s<\/strong><\/p>&#13;\n&#13;\n<p>Srovn\u00e1vac\u00ed software <strong>CrystalDiskMark<\/strong> prov\u00e1d\u00ed \u0159adu test\u016f \u00falo\u017ei\u0161t\u011b, aby zjistil jeho v\u00fdkon p\u0159i r\u016fzn\u00fdch vzorc\u00edch \u010dten\u00ed a z\u00e1pisu. V\u00fdsledky ukazuj\u00ed optim\u00e1ln\u00ed maxim\u00e1ln\u00ed rychlosti \u010dten\u00ed a z\u00e1pisu na prvn\u00edm \u0159\u00e1dku. <\/p>&#13;\n&#13;\n<figure class=\"wp-block-image aligncenter\"><img fetchpriority=\"high\" decoding=\"async\" width=\"601\" height=\"438\" src=\"https:\/\/droix.eu\/wp-content\/uploads\/2022\/12\/r-w-speed-kigspec2230-steam-deck.png\" alt=\"SD KingSpec 2230 rychlost &#x10D;ten&#xED; a z&#xE1;pisu\" class=\"wp-image-94989\" srcset=\"https:\/\/droix.eu\/wp-content\/uploads\/2022\/12\/r-w-speed-kigspec2230-steam-deck.png 601w, https:\/\/droix.eu\/wp-content\/uploads\/2022\/12\/r-w-speed-kigspec2230-steam-deck-300x219.png 300w, https:\/\/droix.eu\/wp-content\/uploads\/2022\/12\/r-w-speed-kigspec2230-steam-deck-441x321.png 441w\" sizes=\"(max-width: 601px) 100vw, 601px\" \/><\/figure>&#13;\n&#13;\n<figure class=\"wp-block-image aligncenter\"><img decoding=\"async\" width=\"1500\" height=\"1500\" src=\"https:\/\/droix.eu\/wp-content\/uploads\/2022\/12\/SSD-EXPLINATION.png\" alt=\"ssd-explanation-tool\" class=\"wp-image-105048\" srcset=\"https:\/\/droix.eu\/wp-content\/uploads\/2022\/12\/SSD-EXPLINATION.png 1500w, https:\/\/droix.eu\/wp-content\/uploads\/2022\/12\/SSD-EXPLINATION-300x300.png 300w, https:\/\/droix.eu\/wp-content\/uploads\/2022\/12\/SSD-EXPLINATION-100x100.png 100w, https:\/\/droix.eu\/wp-content\/uploads\/2022\/12\/SSD-EXPLINATION-1000x1000.png 1000w, https:\/\/droix.eu\/wp-content\/uploads\/2022\/12\/SSD-EXPLINATION-1024x1024.png 1024w, https:\/\/droix.eu\/wp-content\/uploads\/2022\/12\/SSD-EXPLINATION-768x768.png 768w, https:\/\/droix.eu\/wp-content\/uploads\/2022\/12\/SSD-EXPLINATION-990x990.png 990w, https:\/\/droix.eu\/wp-content\/uploads\/2022\/12\/SSD-EXPLINATION-441x441.png 441w\" sizes=\"(max-width: 1500px) 100vw, 1500px\" \/><\/figure>&#13;\n","protected":false},"excerpt":{"rendered":"<ul>\n<li>Rychl\u00e9 rychlosti NVMe<\/li>\n<li>Kompatibiln\u00ed se za\u0159\u00edzen\u00edm SteamDeck a GPD WIN Max 2  <\/li>\n<li>Z\u00e1ruka 3 roky<\/li>\n<\/ul>\n[droix_global_accordions]\n[cg_accordion title=\"Balen\u00ed obsahuje\"]<\/p>\n<ul>\n<li>1x 22*30 NVMe SSD<\/li>\n<\/ul>\n<p>[\/cg_accordion]\n","protected":false},"featured_media":342434,"template":"","meta":{"_acf_changed":false},"product_brand":[],"product_cat":[22468,22467,22466],"product_tag":[],"woo-feed-brand":[],"key-features":[],"class_list":{"0":"post-513556","1":"product","2":"type-product","3":"status-publish","4":"has-post-thumbnail","6":"product_cat-hardware-cs","7":"product_cat-hardware-pro-notebooky","8":"product_cat-pocitacovy-hardware","9":"product_shipping_class-low-end","10":"pa_brands-kingspec-cs","12":"first","13":"instock","14":"taxable","15":"shipping-taxable","16":"purchasable","17":"product-type-variable","18":"has-default-attributes"},"acf":[],"aioseo_notices":[],"aioseo_head":"\n\t\t<!-- All in One SEO Pro 4.9.6.2 - aioseo.com -->\n\t<meta name=\"description\" content=\"Rychl\u00e9 rychlosti NVMe Kompatibiln\u00ed se za\u0159\u00edzen\u00edm SteamDeck a GPD WIN Max 2 Z\u00e1ruka 3 roky Balen\u00ed obsahuje 1x 22*30 NVMe SSD\" \/>\n\t<meta name=\"robots\" content=\"max-image-preview:large\" \/>\n\t<link rel=\"canonical\" href=\"https:\/\/droix.eu\/cs\/product\/uloziste-nvme-kingspec-2230-steam-deck\/\" \/>\n\t<meta name=\"generator\" content=\"All in One SEO Pro (AIOSEO) 4.9.6.2\" \/>\n\t\t<meta property=\"og:locale\" content=\"cs_CZ\" \/>\n\t\t<meta property=\"og:site_name\" content=\"DROIX EU - Get the latest Mini PCs, Ultrabook, PC Gaming Handhelds and more!\" \/>\n\t\t<meta property=\"og:type\" content=\"article\" \/>\n\t\t<meta property=\"og:title\" content=\"KingSpec 2230 Steam Deck \u00dalo\u017ei\u0161t\u011b NVMe - DROIX EU\" \/>\n\t\t<meta property=\"og:description\" content=\"Rychl\u00e9 rychlosti NVMe Kompatibiln\u00ed se za\u0159\u00edzen\u00edm SteamDeck a GPD WIN Max 2 Z\u00e1ruka 3 roky Balen\u00ed obsahuje 1x 22*30 NVMe SSD\" \/>\n\t\t<meta property=\"og:url\" content=\"https:\/\/droix.eu\/cs\/product\/uloziste-nvme-kingspec-2230-steam-deck\/\" \/>\n\t\t<meta property=\"og:image\" content=\"https:\/\/droix.eu\/wp-content\/uploads\/2024\/06\/droix-v2-light-logo.png\" \/>\n\t\t<meta property=\"og:image:secure_url\" content=\"https:\/\/droix.eu\/wp-content\/uploads\/2024\/06\/droix-v2-light-logo.png\" \/>\n\t\t<meta property=\"og:image:width\" content=\"380\" \/>\n\t\t<meta property=\"og:image:height\" content=\"118\" \/>\n\t\t<meta property=\"article:published_time\" content=\"2022-12-20T15:00:27+00:00\" \/>\n\t\t<meta property=\"article:modified_time\" content=\"2025-08-01T13:53:44+00:00\" \/>\n\t\t<meta property=\"article:publisher\" content=\"https:\/\/www.facebook.com\/DroiX.Store\" \/>\n\t\t<meta name=\"twitter:card\" content=\"summary_large_image\" \/>\n\t\t<meta name=\"twitter:site\" content=\"@DroiX_Store\" \/>\n\t\t<meta name=\"twitter:title\" content=\"KingSpec 2230 Steam Deck \u00dalo\u017ei\u0161t\u011b NVMe - DROIX EU\" \/>\n\t\t<meta name=\"twitter:description\" content=\"Rychl\u00e9 rychlosti NVMe Kompatibiln\u00ed se za\u0159\u00edzen\u00edm SteamDeck a GPD WIN Max 2 Z\u00e1ruka 3 roky Balen\u00ed obsahuje 1x 22*30 NVMe SSD\" \/>\n\t\t<meta name=\"twitter:image\" content=\"https:\/\/droix.eu\/wp-content\/uploads\/2024\/06\/droix-v2-light-logo.png\" \/>\n\t\t<script type=\"application\/ld+json\" class=\"aioseo-schema\">\n\t\t\t{\"@context\":\"https:\\\/\\\/schema.org\",\"@graph\":[{\"@type\":\"BreadcrumbList\",\"@id\":\"https:\\\/\\\/droix.eu\\\/cs\\\/product\\\/uloziste-nvme-kingspec-2230-steam-deck\\\/#breadcrumblist\",\"itemListElement\":[{\"@type\":\"ListItem\",\"@id\":\"https:\\\/\\\/droix.eu\\\/cs\\\/#listItem\",\"position\":1,\"name\":\"Home\",\"item\":\"https:\\\/\\\/droix.eu\\\/cs\\\/\",\"nextItem\":{\"@type\":\"ListItem\",\"@id\":\"https:\\\/\\\/droix.eu\\\/cs\\\/product-category\\\/hardware-cs\\\/#listItem\",\"name\":\"Hardware\"}},{\"@type\":\"ListItem\",\"@id\":\"https:\\\/\\\/droix.eu\\\/cs\\\/product-category\\\/hardware-cs\\\/#listItem\",\"position\":2,\"name\":\"Hardware\",\"item\":\"https:\\\/\\\/droix.eu\\\/cs\\\/product-category\\\/hardware-cs\\\/\",\"nextItem\":{\"@type\":\"ListItem\",\"@id\":\"https:\\\/\\\/droix.eu\\\/cs\\\/product-category\\\/hardware-cs\\\/pocitacovy-hardware\\\/#listItem\",\"name\":\"Po\\u010d\\u00edta\\u010dov\\u00fd hardware\"},\"previousItem\":{\"@type\":\"ListItem\",\"@id\":\"https:\\\/\\\/droix.eu\\\/cs\\\/#listItem\",\"name\":\"Home\"}},{\"@type\":\"ListItem\",\"@id\":\"https:\\\/\\\/droix.eu\\\/cs\\\/product-category\\\/hardware-cs\\\/pocitacovy-hardware\\\/#listItem\",\"position\":3,\"name\":\"Po\\u010d\\u00edta\\u010dov\\u00fd hardware\",\"item\":\"https:\\\/\\\/droix.eu\\\/cs\\\/product-category\\\/hardware-cs\\\/pocitacovy-hardware\\\/\",\"nextItem\":{\"@type\":\"ListItem\",\"@id\":\"https:\\\/\\\/droix.eu\\\/cs\\\/product\\\/uloziste-nvme-kingspec-2230-steam-deck\\\/#listItem\",\"name\":\"KingSpec 2230 Steam Deck \\u00dalo\\u017ei\\u0161t\\u011b NVMe\"},\"previousItem\":{\"@type\":\"ListItem\",\"@id\":\"https:\\\/\\\/droix.eu\\\/cs\\\/product-category\\\/hardware-cs\\\/#listItem\",\"name\":\"Hardware\"}},{\"@type\":\"ListItem\",\"@id\":\"https:\\\/\\\/droix.eu\\\/cs\\\/product\\\/uloziste-nvme-kingspec-2230-steam-deck\\\/#listItem\",\"position\":4,\"name\":\"KingSpec 2230 Steam Deck \\u00dalo\\u017ei\\u0161t\\u011b NVMe\",\"previousItem\":{\"@type\":\"ListItem\",\"@id\":\"https:\\\/\\\/droix.eu\\\/cs\\\/product-category\\\/hardware-cs\\\/pocitacovy-hardware\\\/#listItem\",\"name\":\"Po\\u010d\\u00edta\\u010dov\\u00fd hardware\"}}]},{\"@type\":\"Organization\",\"@id\":\"https:\\\/\\\/droix.eu\\\/cs\\\/#organization\",\"name\":\"DroiX \\u2013 Trusted EU Tech Retailer with 12+ Years Experience\",\"description\":\"DroiX is a leading European technology retailer with over 12 years of experience, offering quality mini PCs, handheld gaming consoles, and tech accessories. We provide hassle-free EU delivery with all taxes included, ensuring a smooth and reliable shopping experience for our customers across Europe.\",\"url\":\"https:\\\/\\\/droix.eu\\\/cs\\\/\",\"logo\":{\"@type\":\"ImageObject\",\"url\":\"https:\\\/\\\/droix.eu\\\/wp-content\\\/uploads\\\/2024\\\/06\\\/droix-v2-light-logo.png\",\"@id\":\"https:\\\/\\\/droix.eu\\\/cs\\\/product\\\/uloziste-nvme-kingspec-2230-steam-deck\\\/#organizationLogo\",\"width\":380,\"height\":118},\"image\":{\"@id\":\"https:\\\/\\\/droix.eu\\\/cs\\\/product\\\/uloziste-nvme-kingspec-2230-steam-deck\\\/#organizationLogo\"},\"sameAs\":[\"https:\\\/\\\/www.facebook.com\\\/DroiX.Store\",\"https:\\\/\\\/twitter.com\\\/DroiX_Store\",\"https:\\\/\\\/www.instagram.com\\\/droix.store\\\/\",\"https:\\\/\\\/www.tiktok.com\\\/@droix.store\",\"https:\\\/\\\/www.youtube.com\\\/c\\\/DroiX_Store\",\"https:\\\/\\\/uk.linkedin.com\\\/company\\\/droix\"]},{\"@type\":\"ProductGroup\",\"@id\":\"https:\\\/\\\/droix.eu\\\/cs\\\/product\\\/uloziste-nvme-kingspec-2230-steam-deck\\\/#wooCommerceProduct\",\"name\":\"KingSpec 2230 Steam Deck \\u00dalo\\u017ei\\u0161t\\u011b NVMe\",\"description\":\"Rychl\\u00e9 rychlosti NVMe\\n \\tKompatibiln\\u00ed se za\\u0159\\u00edzen\\u00edm SteamDeck a GPD WIN Max 2  \\n \\tZ\\u00e1ruka 3 roky\",\"url\":\"https:\\\/\\\/droix.eu\\\/cs\\\/product\\\/uloziste-nvme-kingspec-2230-steam-deck\\\/\",\"image\":{\"@type\":\"ImageObject\",\"url\":\"https:\\\/\\\/droix.eu\\\/wp-content\\\/uploads\\\/2022\\\/12\\\/22_30NVME-LISTING-PICTURE-1TB-1.png\",\"@id\":\"https:\\\/\\\/droix.eu\\\/cs\\\/product\\\/uloziste-nvme-kingspec-2230-steam-deck\\\/#productImage\",\"width\":1500,\"height\":1500,\"caption\":\"\\u00dalo\\u017ei\\u0161t\\u011b KingSpec 1TB NVME 2230\"},\"productGroupID\":513556,\"hasVariant\":[{\"@type\":\"Product\",\"@id\":\"https:\\\/\\\/droix.eu\\\/cs\\\/product\\\/uloziste-nvme-kingspec-2230-steam-deck\\\/#wooCommerceProduct\",\"name\":\"KingSpec 2230 Steam Deck \\u00dalo\\u017ei\\u0161t\\u011b NVMe - 512gb\",\"description\":\"Rychl\\u00e9 rychlosti NVMe\\n \\tKompatibiln\\u00ed se za\\u0159\\u00edzen\\u00edm SteamDeck a GPD WIN Max 2  \\n \\tZ\\u00e1ruka 3 roky\",\"url\":\"https:\\\/\\\/droix.eu\\\/cs\\\/product\\\/uloziste-nvme-kingspec-2230-steam-deck\\\/\",\"sku\":\"KINGSPEC-NVME-2230-512GB\",\"image\":{\"@type\":\"ImageObject\",\"url\":\"https:\\\/\\\/droix.eu\\\/wp-content\\\/uploads\\\/2022\\\/12\\\/22_30NVME-LISTING-PICTURE-512GB-1.png\",\"@id\":\"https:\\\/\\\/droix.eu\\\/cs\\\/product\\\/uloziste-nvme-kingspec-2230-steam-deck\\\/#productImage\",\"width\":1500,\"height\":1500,\"caption\":\"KingSpec 512GB NVME 2230 \\u00dalo\\u017ei\\u0161t\\u011b\"},\"offers\":{\"@type\":\"Offer\",\"url\":\"https:\\\/\\\/droix.eu\\\/cs\\\/product\\\/uloziste-nvme-kingspec-2230-steam-deck\\\/#wooCommerceOffer\",\"price\":\"666.55\",\"priceCurrency\":\"NOK\",\"category\":\"Hardware\",\"availability\":\"https:\\\/\\\/schema.org\\\/OutOfStock\",\"priceSpecification\":{\"@type\":\"PriceSpecification\",\"price\":666.55,\"priceCurrency\":\"NOK\",\"valueAddedTaxIncluded\":\"true\"}}}]},{\"@type\":\"WebPage\",\"@id\":\"https:\\\/\\\/droix.eu\\\/cs\\\/product\\\/uloziste-nvme-kingspec-2230-steam-deck\\\/#webpage\",\"url\":\"https:\\\/\\\/droix.eu\\\/cs\\\/product\\\/uloziste-nvme-kingspec-2230-steam-deck\\\/\",\"name\":\"KingSpec 2230 Steam Deck \\u00dalo\\u017ei\\u0161t\\u011b NVMe - DROIX EU\",\"description\":\"Rychl\\u00e9 rychlosti NVMe Kompatibiln\\u00ed se za\\u0159\\u00edzen\\u00edm SteamDeck a GPD WIN Max 2 Z\\u00e1ruka 3 roky Balen\\u00ed obsahuje 1x 22*30 NVMe SSD\",\"inLanguage\":\"cs-CZ\",\"isPartOf\":{\"@id\":\"https:\\\/\\\/droix.eu\\\/cs\\\/#website\"},\"breadcrumb\":{\"@id\":\"https:\\\/\\\/droix.eu\\\/cs\\\/product\\\/uloziste-nvme-kingspec-2230-steam-deck\\\/#breadcrumblist\"},\"image\":{\"@type\":\"ImageObject\",\"url\":\"https:\\\/\\\/droix.eu\\\/wp-content\\\/uploads\\\/2022\\\/12\\\/22_30NVME-LISTING-PICTURE-1TB-1.png\",\"@id\":\"https:\\\/\\\/droix.eu\\\/cs\\\/product\\\/uloziste-nvme-kingspec-2230-steam-deck\\\/#mainImage\",\"width\":1500,\"height\":1500,\"caption\":\"\\u00dalo\\u017ei\\u0161t\\u011b KingSpec 1TB NVME 2230\"},\"primaryImageOfPage\":{\"@id\":\"https:\\\/\\\/droix.eu\\\/cs\\\/product\\\/uloziste-nvme-kingspec-2230-steam-deck\\\/#mainImage\"},\"datePublished\":\"2022-12-20T15:00:27+00:00\",\"dateModified\":\"2025-08-01T14:53:44+01:00\"},{\"@type\":\"WebSite\",\"@id\":\"https:\\\/\\\/droix.eu\\\/cs\\\/#website\",\"url\":\"https:\\\/\\\/droix.eu\\\/cs\\\/\",\"name\":\"DROIX EU\",\"description\":\"Get the latest Mini PCs, Ultrabook, PC Gaming Handhelds and more!\",\"inLanguage\":\"cs-CZ\",\"publisher\":{\"@id\":\"https:\\\/\\\/droix.eu\\\/cs\\\/#organization\"}}]}\n\t\t<\/script>\n\t\t<!-- All in One SEO Pro -->\r\n\t\t<title>KingSpec 2230 Steam Deck \u00dalo\u017ei\u0161t\u011b NVMe - DROIX EU<\/title>\n\n","aioseo_head_json":{"title":"KingSpec 2230 Steam Deck \u00dalo\u017ei\u0161t\u011b NVMe - DROIX EU","description":"Rychl\u00e9 rychlosti NVMe Kompatibiln\u00ed se za\u0159\u00edzen\u00edm SteamDeck a GPD WIN Max 2 Z\u00e1ruka 3 roky Balen\u00ed obsahuje 1x 22*30 NVMe SSD","canonical_url":"https:\/\/droix.eu\/cs\/product\/uloziste-nvme-kingspec-2230-steam-deck\/","robots":"max-image-preview:large","keywords":"","webmasterTools":{"miscellaneous":""},"schema":{"@context":"https:\/\/schema.org","@graph":[{"@type":"BreadcrumbList","@id":"https:\/\/droix.eu\/cs\/product\/uloziste-nvme-kingspec-2230-steam-deck\/#breadcrumblist","itemListElement":[{"@type":"ListItem","@id":"https:\/\/droix.eu\/cs\/#listItem","position":1,"name":"Home","item":"https:\/\/droix.eu\/cs\/","nextItem":{"@type":"ListItem","@id":"https:\/\/droix.eu\/cs\/product-category\/hardware-cs\/#listItem","name":"Hardware"}},{"@type":"ListItem","@id":"https:\/\/droix.eu\/cs\/product-category\/hardware-cs\/#listItem","position":2,"name":"Hardware","item":"https:\/\/droix.eu\/cs\/product-category\/hardware-cs\/","nextItem":{"@type":"ListItem","@id":"https:\/\/droix.eu\/cs\/product-category\/hardware-cs\/pocitacovy-hardware\/#listItem","name":"Po\u010d\u00edta\u010dov\u00fd hardware"},"previousItem":{"@type":"ListItem","@id":"https:\/\/droix.eu\/cs\/#listItem","name":"Home"}},{"@type":"ListItem","@id":"https:\/\/droix.eu\/cs\/product-category\/hardware-cs\/pocitacovy-hardware\/#listItem","position":3,"name":"Po\u010d\u00edta\u010dov\u00fd hardware","item":"https:\/\/droix.eu\/cs\/product-category\/hardware-cs\/pocitacovy-hardware\/","nextItem":{"@type":"ListItem","@id":"https:\/\/droix.eu\/cs\/product\/uloziste-nvme-kingspec-2230-steam-deck\/#listItem","name":"KingSpec 2230 Steam Deck \u00dalo\u017ei\u0161t\u011b NVMe"},"previousItem":{"@type":"ListItem","@id":"https:\/\/droix.eu\/cs\/product-category\/hardware-cs\/#listItem","name":"Hardware"}},{"@type":"ListItem","@id":"https:\/\/droix.eu\/cs\/product\/uloziste-nvme-kingspec-2230-steam-deck\/#listItem","position":4,"name":"KingSpec 2230 Steam Deck \u00dalo\u017ei\u0161t\u011b NVMe","previousItem":{"@type":"ListItem","@id":"https:\/\/droix.eu\/cs\/product-category\/hardware-cs\/pocitacovy-hardware\/#listItem","name":"Po\u010d\u00edta\u010dov\u00fd hardware"}}]},{"@type":"Organization","@id":"https:\/\/droix.eu\/cs\/#organization","name":"DroiX \u2013 Trusted EU Tech Retailer with 12+ Years Experience","description":"DroiX is a leading European technology retailer with over 12 years of experience, offering quality mini PCs, handheld gaming consoles, and tech accessories. We provide hassle-free EU delivery with all taxes included, ensuring a smooth and reliable shopping experience for our customers across Europe.","url":"https:\/\/droix.eu\/cs\/","logo":{"@type":"ImageObject","url":"https:\/\/droix.eu\/wp-content\/uploads\/2024\/06\/droix-v2-light-logo.png","@id":"https:\/\/droix.eu\/cs\/product\/uloziste-nvme-kingspec-2230-steam-deck\/#organizationLogo","width":380,"height":118},"image":{"@id":"https:\/\/droix.eu\/cs\/product\/uloziste-nvme-kingspec-2230-steam-deck\/#organizationLogo"},"sameAs":["https:\/\/www.facebook.com\/DroiX.Store","https:\/\/twitter.com\/DroiX_Store","https:\/\/www.instagram.com\/droix.store\/","https:\/\/www.tiktok.com\/@droix.store","https:\/\/www.youtube.com\/c\/DroiX_Store","https:\/\/uk.linkedin.com\/company\/droix"]},{"@type":"ProductGroup","@id":"https:\/\/droix.eu\/cs\/product\/uloziste-nvme-kingspec-2230-steam-deck\/#wooCommerceProduct","name":"KingSpec 2230 Steam Deck \u00dalo\u017ei\u0161t\u011b NVMe","description":"Rychl\u00e9 rychlosti NVMe\n \tKompatibiln\u00ed se za\u0159\u00edzen\u00edm SteamDeck a GPD WIN Max 2  \n \tZ\u00e1ruka 3 roky","url":"https:\/\/droix.eu\/cs\/product\/uloziste-nvme-kingspec-2230-steam-deck\/","image":{"@type":"ImageObject","url":"https:\/\/droix.eu\/wp-content\/uploads\/2022\/12\/22_30NVME-LISTING-PICTURE-1TB-1.png","@id":"https:\/\/droix.eu\/cs\/product\/uloziste-nvme-kingspec-2230-steam-deck\/#productImage","width":1500,"height":1500,"caption":"\u00dalo\u017ei\u0161t\u011b KingSpec 1TB NVME 2230"},"productGroupID":513556,"hasVariant":[{"@type":"Product","@id":"https:\/\/droix.eu\/cs\/product\/uloziste-nvme-kingspec-2230-steam-deck\/#wooCommerceProduct","name":"KingSpec 2230 Steam Deck \u00dalo\u017ei\u0161t\u011b NVMe - 512gb","description":"Rychl\u00e9 rychlosti NVMe\n \tKompatibiln\u00ed se za\u0159\u00edzen\u00edm SteamDeck a GPD WIN Max 2  \n \tZ\u00e1ruka 3 roky","url":"https:\/\/droix.eu\/cs\/product\/uloziste-nvme-kingspec-2230-steam-deck\/","sku":"KINGSPEC-NVME-2230-512GB","image":{"@type":"ImageObject","url":"https:\/\/droix.eu\/wp-content\/uploads\/2022\/12\/22_30NVME-LISTING-PICTURE-512GB-1.png","@id":"https:\/\/droix.eu\/cs\/product\/uloziste-nvme-kingspec-2230-steam-deck\/#productImage","width":1500,"height":1500,"caption":"KingSpec 512GB NVME 2230 \u00dalo\u017ei\u0161t\u011b"},"offers":{"@type":"Offer","url":"https:\/\/droix.eu\/cs\/product\/uloziste-nvme-kingspec-2230-steam-deck\/#wooCommerceOffer","price":"666.55","priceCurrency":"NOK","category":"Hardware","availability":"https:\/\/schema.org\/OutOfStock","priceSpecification":{"@type":"PriceSpecification","price":666.55,"priceCurrency":"NOK","valueAddedTaxIncluded":"true"}}}]},{"@type":"WebPage","@id":"https:\/\/droix.eu\/cs\/product\/uloziste-nvme-kingspec-2230-steam-deck\/#webpage","url":"https:\/\/droix.eu\/cs\/product\/uloziste-nvme-kingspec-2230-steam-deck\/","name":"KingSpec 2230 Steam Deck \u00dalo\u017ei\u0161t\u011b NVMe - DROIX EU","description":"Rychl\u00e9 rychlosti NVMe Kompatibiln\u00ed se za\u0159\u00edzen\u00edm SteamDeck a GPD WIN Max 2 Z\u00e1ruka 3 roky Balen\u00ed obsahuje 1x 22*30 NVMe SSD","inLanguage":"cs-CZ","isPartOf":{"@id":"https:\/\/droix.eu\/cs\/#website"},"breadcrumb":{"@id":"https:\/\/droix.eu\/cs\/product\/uloziste-nvme-kingspec-2230-steam-deck\/#breadcrumblist"},"image":{"@type":"ImageObject","url":"https:\/\/droix.eu\/wp-content\/uploads\/2022\/12\/22_30NVME-LISTING-PICTURE-1TB-1.png","@id":"https:\/\/droix.eu\/cs\/product\/uloziste-nvme-kingspec-2230-steam-deck\/#mainImage","width":1500,"height":1500,"caption":"\u00dalo\u017ei\u0161t\u011b KingSpec 1TB NVME 2230"},"primaryImageOfPage":{"@id":"https:\/\/droix.eu\/cs\/product\/uloziste-nvme-kingspec-2230-steam-deck\/#mainImage"},"datePublished":"2022-12-20T15:00:27+00:00","dateModified":"2025-08-01T14:53:44+01:00"},{"@type":"WebSite","@id":"https:\/\/droix.eu\/cs\/#website","url":"https:\/\/droix.eu\/cs\/","name":"DROIX EU","description":"Get the latest Mini PCs, Ultrabook, PC Gaming Handhelds and more!","inLanguage":"cs-CZ","publisher":{"@id":"https:\/\/droix.eu\/cs\/#organization"}}]},"og:locale":"cs_CZ","og:site_name":"DROIX EU - Get the latest Mini PCs, Ultrabook, PC Gaming Handhelds and more!","og:type":"article","og:title":"KingSpec 2230 Steam Deck \u00dalo\u017ei\u0161t\u011b NVMe - DROIX EU","og:description":"Rychl\u00e9 rychlosti NVMe Kompatibiln\u00ed se za\u0159\u00edzen\u00edm SteamDeck a GPD WIN Max 2 Z\u00e1ruka 3 roky Balen\u00ed obsahuje 1x 22*30 NVMe SSD","og:url":"https:\/\/droix.eu\/cs\/product\/uloziste-nvme-kingspec-2230-steam-deck\/","og:image":"https:\/\/droix.eu\/wp-content\/uploads\/2024\/06\/droix-v2-light-logo.png","og:image:secure_url":"https:\/\/droix.eu\/wp-content\/uploads\/2024\/06\/droix-v2-light-logo.png","og:image:width":380,"og:image:height":118,"article:published_time":"2022-12-20T15:00:27+00:00","article:modified_time":"2025-08-01T13:53:44+00:00","article:publisher":"https:\/\/www.facebook.com\/DroiX.Store","twitter:card":"summary_large_image","twitter:site":"@DroiX_Store","twitter:title":"KingSpec 2230 Steam Deck \u00dalo\u017ei\u0161t\u011b NVMe - DROIX EU","twitter:description":"Rychl\u00e9 rychlosti NVMe Kompatibiln\u00ed se za\u0159\u00edzen\u00edm SteamDeck a GPD WIN Max 2 Z\u00e1ruka 3 roky Balen\u00ed obsahuje 1x 22*30 NVMe SSD","twitter:image":"https:\/\/droix.eu\/wp-content\/uploads\/2024\/06\/droix-v2-light-logo.png"},"aioseo_meta_data":{"post_id":"513556","title":null,"description":null,"keywords":null,"keyphrases":null,"primary_term":null,"canonical_url":null,"og_title":null,"og_description":null,"og_object_type":"default","og_image_type":"default","og_image_url":null,"og_image_width":null,"og_image_height":null,"og_image_custom_url":null,"og_image_custom_fields":null,"og_video":null,"og_custom_url":null,"og_article_section":null,"og_article_tags":null,"twitter_use_og":true,"twitter_card":"default","twitter_image_type":"default","twitter_image_url":null,"twitter_image_custom_url":null,"twitter_image_custom_fields":null,"twitter_title":null,"twitter_description":null,"schema":{"blockGraphs":[],"customGraphs":[],"default":{"data":{"Article":[],"Course":[],"Dataset":[],"FAQPage":[],"Movie":[],"Person":[],"Product":[],"ProductReview":[],"Car":[],"Recipe":[],"Service":[],"SoftwareApplication":[],"WebPage":[]},"graphName":"","isEnabled":true},"graphs":[]},"schema_type":"default","schema_type_options":null,"pillar_content":false,"robots_default":true,"robots_noindex":false,"robots_noarchive":false,"robots_nosnippet":false,"robots_nofollow":false,"robots_noimageindex":false,"robots_noodp":false,"robots_notranslate":false,"robots_max_snippet":null,"robots_max_videopreview":null,"robots_max_imagepreview":"large","priority":null,"frequency":null,"local_seo":null,"seo_analyzer_scan_date":"2025-10-24 11:59:07","breadcrumb_settings":null,"limit_modified_date":false,"reviewed_by":null,"open_ai":null,"ai":null,"created":"2025-10-09 04:05:25","updated":"2025-11-27 02:11:26"},"aioseo_breadcrumb":"<div class=\"aioseo-breadcrumbs\"><span class=\"aioseo-breadcrumb\">\n\t<a href=\"https:\/\/droix.eu\/cs\/\" title=\"Home\">Home<\/a>\n<\/span><span class=\"aioseo-breadcrumb-separator\">&raquo;<\/span><span class=\"aioseo-breadcrumb\">\n\t<a href=\"https:\/\/droix.eu\/cs\/product-category\/hardware-cs\/\" title=\"Hardware\">Hardware<\/a>\n<\/span><span class=\"aioseo-breadcrumb-separator\">&raquo;<\/span><span class=\"aioseo-breadcrumb\">\n\t<a href=\"https:\/\/droix.eu\/cs\/product-category\/hardware-cs\/pocitacovy-hardware\/\" title=\"Po\u010d\u00edta\u010dov\u00fd hardware\">Po\u010d\u00edta\u010dov\u00fd hardware<\/a>\n<\/span><span class=\"aioseo-breadcrumb-separator\">&raquo;<\/span><span class=\"aioseo-breadcrumb\">\n\tKingSpec 2230 Steam Deck \u00dalo\u017ei\u0161t\u011b NVMe\n<\/span><\/div>","aioseo_breadcrumb_json":[{"label":"Home","link":"https:\/\/droix.eu\/cs\/"},{"label":"Hardware","link":"https:\/\/droix.eu\/cs\/product-category\/hardware-cs\/"},{"label":"Po\u010d\u00edta\u010dov\u00fd hardware","link":"https:\/\/droix.eu\/cs\/product-category\/hardware-cs\/pocitacovy-hardware\/"},{"label":"KingSpec 2230 Steam Deck \u00dalo\u017ei\u0161t\u011b NVMe","link":"https:\/\/droix.eu\/cs\/product\/uloziste-nvme-kingspec-2230-steam-deck\/"}],"_links":{"self":[{"href":"https:\/\/droix.eu\/cs\/wp-json\/wp\/v2\/product\/513556","targetHints":{"allow":["GET"]}}],"collection":[{"href":"https:\/\/droix.eu\/cs\/wp-json\/wp\/v2\/product"}],"about":[{"href":"https:\/\/droix.eu\/cs\/wp-json\/wp\/v2\/types\/product"}],"version-history":[{"count":0,"href":"https:\/\/droix.eu\/cs\/wp-json\/wp\/v2\/product\/513556\/revisions"}],"wp:featuredmedia":[{"embeddable":true,"href":"https:\/\/droix.eu\/cs\/wp-json\/wp\/v2\/media\/342434"}],"wp:attachment":[{"href":"https:\/\/droix.eu\/cs\/wp-json\/wp\/v2\/media?parent=513556"}],"wp:term":[{"taxonomy":"product_brand","embeddable":true,"href":"https:\/\/droix.eu\/cs\/wp-json\/wp\/v2\/product_brand?post=513556"},{"taxonomy":"product_cat","embeddable":true,"href":"https:\/\/droix.eu\/cs\/wp-json\/wp\/v2\/product_cat?post=513556"},{"taxonomy":"product_tag","embeddable":true,"href":"https:\/\/droix.eu\/cs\/wp-json\/wp\/v2\/product_tag?post=513556"},{"taxonomy":"woo-feed-brand","embeddable":true,"href":"https:\/\/droix.eu\/cs\/wp-json\/wp\/v2\/woo-feed-brand?post=513556"},{"taxonomy":"key-features","embeddable":true,"href":"https:\/\/droix.eu\/cs\/wp-json\/wp\/v2\/key-features?post=513556"}],"curies":[{"name":"wp","href":"https:\/\/api.w.org\/{rel}","templated":true}]}}