{"id":511890,"date":"2023-05-25T09:22:48","date_gmt":"2023-05-25T09:22:48","guid":{"rendered":"https:\/\/droix.eu\/product\/pouzdro-gpd-win-4-hardshell\/"},"modified":"2026-01-20T04:27:51","modified_gmt":"2026-01-20T04:27:51","slug":"pouzdro-gpd-win-4-hardshell","status":"publish","type":"product","link":"https:\/\/droix.eu\/cs\/product\/pouzdro-gpd-win-4-hardshell\/","title":{"rendered":"Pouzdro GPD WIN 4 Hardshell"},"content":{"rendered":"<p><strong>GPD WIN 4 jsou<\/strong> v\u00fdkonn\u00e9 kapesn\u00ed hern\u00ed po\u010d\u00edta\u010de, kter\u00e9 jsou navr\u017eeny tak, aby poskytovaly pohlcuj\u00edc\u00ed hern\u00ed z\u00e1\u017eitek na cest\u00e1ch. Aby byla tato pr\u00e9miov\u00e1 za\u0159\u00edzen\u00ed chr\u00e1n\u011bna p\u0159ed po\u0161kr\u00e1b\u00e1n\u00edm, n\u00e1razy a dal\u0161\u00edmi vn\u011bj\u0161\u00edmi po\u0161kozen\u00edmi.  <strong>ochrann\u00e9 pouzdro s pevnou sko\u0159epinou<\/strong>  je nezbytn\u00e9. Ochrann\u00e9 pouzdro GPD WIN 4 hardshell je odoln\u00e9, lehk\u00e9 a stylov\u00e9 pouzdro, kter\u00e9 je speci\u00e1ln\u011b navr\u017eeno pro tyto hern\u00ed kapesn\u00ed po\u010d\u00edta\u010de. Pouzdro je vyrobeno z vysoce kvalitn\u00edch materi\u00e1l\u016f, jako je polykarbon\u00e1t a ABS plast, kter\u00e9 poskytuj\u00ed vynikaj\u00edc\u00ed ochranu proti n\u00e1raz\u016fm, po\u0161kr\u00e1b\u00e1n\u00ed a dal\u0161\u00edm vn\u011bj\u0161\u00edm po\u0161kozen\u00edm . vnit\u0159ek pouzdra je vylo\u017een m\u011bkkou a hladkou tkaninou, kter\u00e1 poskytuje dodate\u010dnou ochranu proti po\u0161kr\u00e1b\u00e1n\u00ed a prachu. Pouzdro je tak\u00e9 vybaveno bezpe\u010dn\u00fdm uz\u00e1v\u011brem na zip, kter\u00fd zaji\u0161\u0165uje, \u017ee kapesn\u00ed po\u010d\u00edta\u010d z\u016fstane b\u011bhem p\u0159epravy na sv\u00e9m m\u00edst\u011b.<\/p>\n","protected":false},"excerpt":{"rendered":"<ul>\n<li><strong>Ofici\u00e1ln\u00ed<\/strong> ochrann\u00e9 pouzdro <strong>GPD<\/strong> pro GPD WIN 4<\/li>\n<li><strong>Odoln\u00fd vn\u011bj\u0161\u00ed<\/strong> pl\u00e1\u0161\u0165 ze syntetick\u00e9ho polymeru<\/li>\n<li>M\u011bkk\u00e1 l\u00e1tkov\u00e1 pod\u0161\u00edvka pro <strong>v\u011bt\u0161\u00ed ochranu.<\/strong><\/li>\n<li><strong>Odd\u011blen\u00e1 p\u0159ihr\u00e1dka na<\/strong> perifern\u00ed za\u0159\u00edzen\u00ed.<\/li>\n<li>Elegantn\u00ed design s bezpe\u010dn\u00fdm zap\u00edn\u00e1n\u00edm na zip.<\/li>\n<\/ul>\n<p>[droix_global_accordions]<br \/>\n[cg_accordion title=\"Balen\u00ed obsahuje\"]<\/p>\n<ul>\n<li>1x pevn\u00e9 pouzdro GPD WIN 4<\/li>\n<\/ul>\n<p>[\/cg_accordion]<\/p>\n","protected":false},"featured_media":409280,"template":"","meta":{"_acf_changed":false},"product_brand":[],"product_cat":[10414,10092],"product_tag":[],"woo-feed-brand":[2198],"key-features":[],"class_list":{"0":"post-511890","1":"product","2":"type-product","3":"status-publish","4":"has-post-thumbnail","6":"product_cat-herni-prislusenstvi","7":"product_cat-prislusenstvi","8":"product_shipping_class-low-end","9":"pa_accessory-type-protective-case","10":"pa_brands-gpd-cs","11":"woo-feed-brand-gpd","13":"first","14":"outofstock","15":"sale","16":"taxable","17":"shipping-taxable","18":"purchasable","19":"product-type-simple"},"acf":[],"aioseo_notices":[],"aioseo_head":"\n\t\t<!-- All in One SEO Pro 4.9.6.2 - aioseo.com -->\n\t<meta name=\"description\" content=\"Ofici\u00e1ln\u00ed ochrann\u00e9 pouzdro GPD pro GPD WIN 4 Odoln\u00fd vn\u011bj\u0161\u00ed pl\u00e1\u0161\u0165 ze syntetick\u00e9ho polymeru M\u011bkk\u00e1 l\u00e1tkov\u00e1 pod\u0161\u00edvka pro v\u011bt\u0161\u00ed ochranu. Odd\u011blen\u00e1 p\u0159ihr\u00e1dka na perifern\u00ed za\u0159\u00edzen\u00ed. Elegantn\u00ed design s bezpe\u010dn\u00fdm zap\u00edn\u00e1n\u00edm na zip. Balen\u00ed obsahuje 1x pevn\u00e9 pouzdro GPD WIN 4\" \/>\n\t<meta name=\"robots\" content=\"max-image-preview:large\" \/>\n\t<link rel=\"canonical\" href=\"https:\/\/droix.eu\/cs\/product\/pouzdro-gpd-win-4-hardshell\/\" \/>\n\t<meta name=\"generator\" content=\"All in One SEO Pro (AIOSEO) 4.9.6.2\" \/>\n\t\t<meta property=\"og:locale\" content=\"cs_CZ\" \/>\n\t\t<meta property=\"og:site_name\" content=\"DROIX EU - Get the latest Mini PCs, Ultrabook, PC Gaming Handhelds and more!\" \/>\n\t\t<meta property=\"og:type\" content=\"article\" \/>\n\t\t<meta property=\"og:title\" content=\"Pouzdro GPD WIN 4 Hardshell - DROIX EU\" \/>\n\t\t<meta property=\"og:description\" content=\"Ofici\u00e1ln\u00ed ochrann\u00e9 pouzdro GPD pro GPD WIN 4 Odoln\u00fd vn\u011bj\u0161\u00ed pl\u00e1\u0161\u0165 ze syntetick\u00e9ho polymeru M\u011bkk\u00e1 l\u00e1tkov\u00e1 pod\u0161\u00edvka pro v\u011bt\u0161\u00ed ochranu. Odd\u011blen\u00e1 p\u0159ihr\u00e1dka na perifern\u00ed za\u0159\u00edzen\u00ed. Elegantn\u00ed design s bezpe\u010dn\u00fdm zap\u00edn\u00e1n\u00edm na zip. Balen\u00ed obsahuje 1x pevn\u00e9 pouzdro GPD WIN 4\" \/>\n\t\t<meta property=\"og:url\" content=\"https:\/\/droix.eu\/cs\/product\/pouzdro-gpd-win-4-hardshell\/\" \/>\n\t\t<meta property=\"og:image\" content=\"https:\/\/droix.eu\/wp-content\/uploads\/2024\/06\/droix-v2-light-logo.png\" \/>\n\t\t<meta property=\"og:image:secure_url\" content=\"https:\/\/droix.eu\/wp-content\/uploads\/2024\/06\/droix-v2-light-logo.png\" \/>\n\t\t<meta property=\"og:image:width\" content=\"380\" \/>\n\t\t<meta property=\"og:image:height\" content=\"118\" \/>\n\t\t<meta property=\"article:published_time\" content=\"2023-05-25T09:22:48+00:00\" \/>\n\t\t<meta property=\"article:modified_time\" content=\"2026-01-20T04:27:51+00:00\" \/>\n\t\t<meta property=\"article:publisher\" content=\"https:\/\/www.facebook.com\/DroiX.Store\" \/>\n\t\t<meta name=\"twitter:card\" content=\"summary_large_image\" \/>\n\t\t<meta name=\"twitter:site\" content=\"@DroiX_Store\" \/>\n\t\t<meta name=\"twitter:title\" content=\"Pouzdro GPD WIN 4 Hardshell - DROIX EU\" \/>\n\t\t<meta name=\"twitter:description\" content=\"Ofici\u00e1ln\u00ed ochrann\u00e9 pouzdro GPD pro GPD WIN 4 Odoln\u00fd vn\u011bj\u0161\u00ed pl\u00e1\u0161\u0165 ze syntetick\u00e9ho polymeru M\u011bkk\u00e1 l\u00e1tkov\u00e1 pod\u0161\u00edvka pro v\u011bt\u0161\u00ed ochranu. Odd\u011blen\u00e1 p\u0159ihr\u00e1dka na perifern\u00ed za\u0159\u00edzen\u00ed. Elegantn\u00ed design s bezpe\u010dn\u00fdm zap\u00edn\u00e1n\u00edm na zip. Balen\u00ed obsahuje 1x pevn\u00e9 pouzdro GPD WIN 4\" \/>\n\t\t<meta name=\"twitter:image\" content=\"https:\/\/droix.eu\/wp-content\/uploads\/2024\/06\/droix-v2-light-logo.png\" \/>\n\t\t<script type=\"application\/ld+json\" class=\"aioseo-schema\">\n\t\t\t{\"@context\":\"https:\\\/\\\/schema.org\",\"@graph\":[{\"@type\":\"BreadcrumbList\",\"@id\":\"https:\\\/\\\/droix.eu\\\/cs\\\/product\\\/pouzdro-gpd-win-4-hardshell\\\/#breadcrumblist\",\"itemListElement\":[{\"@type\":\"ListItem\",\"@id\":\"https:\\\/\\\/droix.eu\\\/cs\\\/#listItem\",\"position\":1,\"name\":\"Home\",\"item\":\"https:\\\/\\\/droix.eu\\\/cs\\\/\",\"nextItem\":{\"@type\":\"ListItem\",\"@id\":\"https:\\\/\\\/droix.eu\\\/cs\\\/product-category\\\/prislusenstvi\\\/#listItem\",\"name\":\"P\\u0159\\u00edslu\\u0161enstv\\u00ed\"}},{\"@type\":\"ListItem\",\"@id\":\"https:\\\/\\\/droix.eu\\\/cs\\\/product-category\\\/prislusenstvi\\\/#listItem\",\"position\":2,\"name\":\"P\\u0159\\u00edslu\\u0161enstv\\u00ed\",\"item\":\"https:\\\/\\\/droix.eu\\\/cs\\\/product-category\\\/prislusenstvi\\\/\",\"nextItem\":{\"@type\":\"ListItem\",\"@id\":\"https:\\\/\\\/droix.eu\\\/cs\\\/product-category\\\/prislusenstvi\\\/herni-prislusenstvi\\\/#listItem\",\"name\":\"Hern\\u00ed p\\u0159\\u00edslu\\u0161enstv\\u00ed\"},\"previousItem\":{\"@type\":\"ListItem\",\"@id\":\"https:\\\/\\\/droix.eu\\\/cs\\\/#listItem\",\"name\":\"Home\"}},{\"@type\":\"ListItem\",\"@id\":\"https:\\\/\\\/droix.eu\\\/cs\\\/product-category\\\/prislusenstvi\\\/herni-prislusenstvi\\\/#listItem\",\"position\":3,\"name\":\"Hern\\u00ed p\\u0159\\u00edslu\\u0161enstv\\u00ed\",\"item\":\"https:\\\/\\\/droix.eu\\\/cs\\\/product-category\\\/prislusenstvi\\\/herni-prislusenstvi\\\/\",\"nextItem\":{\"@type\":\"ListItem\",\"@id\":\"https:\\\/\\\/droix.eu\\\/cs\\\/product\\\/pouzdro-gpd-win-4-hardshell\\\/#listItem\",\"name\":\"Pouzdro GPD WIN 4 Hardshell\"},\"previousItem\":{\"@type\":\"ListItem\",\"@id\":\"https:\\\/\\\/droix.eu\\\/cs\\\/product-category\\\/prislusenstvi\\\/#listItem\",\"name\":\"P\\u0159\\u00edslu\\u0161enstv\\u00ed\"}},{\"@type\":\"ListItem\",\"@id\":\"https:\\\/\\\/droix.eu\\\/cs\\\/product\\\/pouzdro-gpd-win-4-hardshell\\\/#listItem\",\"position\":4,\"name\":\"Pouzdro GPD WIN 4 Hardshell\",\"previousItem\":{\"@type\":\"ListItem\",\"@id\":\"https:\\\/\\\/droix.eu\\\/cs\\\/product-category\\\/prislusenstvi\\\/herni-prislusenstvi\\\/#listItem\",\"name\":\"Hern\\u00ed p\\u0159\\u00edslu\\u0161enstv\\u00ed\"}}]},{\"@type\":\"Organization\",\"@id\":\"https:\\\/\\\/droix.eu\\\/cs\\\/#organization\",\"name\":\"DroiX \\u2013 Trusted EU Tech Retailer with 12+ Years Experience\",\"description\":\"DroiX is a leading European technology retailer with over 12 years of experience, offering quality mini PCs, handheld gaming consoles, and tech accessories. We provide hassle-free EU delivery with all taxes included, ensuring a smooth and reliable shopping experience for our customers across Europe.\",\"url\":\"https:\\\/\\\/droix.eu\\\/cs\\\/\",\"logo\":{\"@type\":\"ImageObject\",\"url\":\"https:\\\/\\\/droix.eu\\\/wp-content\\\/uploads\\\/2024\\\/06\\\/droix-v2-light-logo.png\",\"@id\":\"https:\\\/\\\/droix.eu\\\/cs\\\/product\\\/pouzdro-gpd-win-4-hardshell\\\/#organizationLogo\",\"width\":380,\"height\":118},\"image\":{\"@id\":\"https:\\\/\\\/droix.eu\\\/cs\\\/product\\\/pouzdro-gpd-win-4-hardshell\\\/#organizationLogo\"},\"sameAs\":[\"https:\\\/\\\/www.facebook.com\\\/DroiX.Store\",\"https:\\\/\\\/twitter.com\\\/DroiX_Store\",\"https:\\\/\\\/www.instagram.com\\\/droix.store\\\/\",\"https:\\\/\\\/www.tiktok.com\\\/@droix.store\",\"https:\\\/\\\/www.youtube.com\\\/c\\\/DroiX_Store\",\"https:\\\/\\\/uk.linkedin.com\\\/company\\\/droix\"]},{\"@type\":\"Product\",\"@id\":\"https:\\\/\\\/droix.eu\\\/cs\\\/product\\\/pouzdro-gpd-win-4-hardshell\\\/#wooCommerceProduct\",\"name\":\"Pouzdro GPD WIN 4 Hardshell\",\"description\":\"Ofici\\u00e1ln\\u00ed ochrann\\u00e9 pouzdro GPD pro GPD WIN 4\\n \\tOdoln\\u00fd vn\\u011bj\\u0161\\u00ed pl\\u00e1\\u0161\\u0165 ze syntetick\\u00e9ho polymeru\\n \\tM\\u011bkk\\u00e1 l\\u00e1tkov\\u00e1 pod\\u0161\\u00edvka pro v\\u011bt\\u0161\\u00ed ochranu.\\n \\tOdd\\u011blen\\u00e1 p\\u0159ihr\\u00e1dka na perifern\\u00ed za\\u0159\\u00edzen\\u00ed.\\n \\tElegantn\\u00ed design s bezpe\\u010dn\\u00fdm zap\\u00edn\\u00e1n\\u00edm na zip.\",\"url\":\"https:\\\/\\\/droix.eu\\\/cs\\\/product\\\/pouzdro-gpd-win-4-hardshell\\\/\",\"sku\":\"GPD-WIN_4-CASE\",\"gtin\":\"5060763675322\",\"image\":{\"@type\":\"ImageObject\",\"url\":\"https:\\\/\\\/droix.eu\\\/wp-content\\\/uploads\\\/2023\\\/05\\\/51y5P54tgzLready-gpd-4.png\",\"@id\":\"https:\\\/\\\/droix.eu\\\/cs\\\/product\\\/pouzdro-gpd-win-4-hardshell\\\/#productImage\",\"width\":1000,\"height\":1000},\"offers\":{\"@type\":\"Offer\",\"url\":\"https:\\\/\\\/droix.eu\\\/cs\\\/product\\\/pouzdro-gpd-win-4-hardshell\\\/#wooCommerceOffer\",\"price\":27,\"priceCurrency\":\"EUR\",\"category\":\"Hern\\u00ed p\\u0159\\u00edslu\\u0161enstv\\u00ed\",\"availability\":\"https:\\\/\\\/schema.org\\\/OutOfStock\",\"priceSpecification\":{\"@type\":\"PriceSpecification\",\"price\":27,\"priceCurrency\":\"EUR\",\"valueAddedTaxIncluded\":\"true\"},\"seller\":{\"@type\":\"Organization\",\"@id\":\"https:\\\/\\\/droix.eu\\\/cs\\\/#organization\"}}},{\"@type\":\"WebPage\",\"@id\":\"https:\\\/\\\/droix.eu\\\/cs\\\/product\\\/pouzdro-gpd-win-4-hardshell\\\/#webpage\",\"url\":\"https:\\\/\\\/droix.eu\\\/cs\\\/product\\\/pouzdro-gpd-win-4-hardshell\\\/\",\"name\":\"Pouzdro GPD WIN 4 Hardshell - DROIX EU\",\"description\":\"Ofici\\u00e1ln\\u00ed ochrann\\u00e9 pouzdro GPD pro GPD WIN 4 Odoln\\u00fd vn\\u011bj\\u0161\\u00ed pl\\u00e1\\u0161\\u0165 ze syntetick\\u00e9ho polymeru M\\u011bkk\\u00e1 l\\u00e1tkov\\u00e1 pod\\u0161\\u00edvka pro v\\u011bt\\u0161\\u00ed ochranu. Odd\\u011blen\\u00e1 p\\u0159ihr\\u00e1dka na perifern\\u00ed za\\u0159\\u00edzen\\u00ed. Elegantn\\u00ed design s bezpe\\u010dn\\u00fdm zap\\u00edn\\u00e1n\\u00edm na zip. Balen\\u00ed obsahuje 1x pevn\\u00e9 pouzdro GPD WIN 4\",\"inLanguage\":\"cs-CZ\",\"isPartOf\":{\"@id\":\"https:\\\/\\\/droix.eu\\\/cs\\\/#website\"},\"breadcrumb\":{\"@id\":\"https:\\\/\\\/droix.eu\\\/cs\\\/product\\\/pouzdro-gpd-win-4-hardshell\\\/#breadcrumblist\"},\"image\":{\"@type\":\"ImageObject\",\"url\":\"https:\\\/\\\/droix.eu\\\/wp-content\\\/uploads\\\/2023\\\/05\\\/51y5P54tgzLready-gpd-4.png\",\"@id\":\"https:\\\/\\\/droix.eu\\\/cs\\\/product\\\/pouzdro-gpd-win-4-hardshell\\\/#mainImage\",\"width\":1000,\"height\":1000},\"primaryImageOfPage\":{\"@id\":\"https:\\\/\\\/droix.eu\\\/cs\\\/product\\\/pouzdro-gpd-win-4-hardshell\\\/#mainImage\"},\"datePublished\":\"2023-05-25T09:22:48+01:00\",\"dateModified\":\"2026-01-20T04:27:51+00:00\"},{\"@type\":\"WebSite\",\"@id\":\"https:\\\/\\\/droix.eu\\\/cs\\\/#website\",\"url\":\"https:\\\/\\\/droix.eu\\\/cs\\\/\",\"name\":\"DROIX EU\",\"description\":\"Get the latest Mini PCs, Ultrabook, PC Gaming Handhelds and more!\",\"inLanguage\":\"cs-CZ\",\"publisher\":{\"@id\":\"https:\\\/\\\/droix.eu\\\/cs\\\/#organization\"}}]}\n\t\t<\/script>\n\t\t<!-- All in One SEO Pro -->\r\n\t\t<title>Pouzdro GPD WIN 4 Hardshell - DROIX EU<\/title>\n\n","aioseo_head_json":{"title":"Pouzdro GPD WIN 4 Hardshell - DROIX EU","description":"Ofici\u00e1ln\u00ed ochrann\u00e9 pouzdro GPD pro GPD WIN 4 Odoln\u00fd vn\u011bj\u0161\u00ed pl\u00e1\u0161\u0165 ze syntetick\u00e9ho polymeru M\u011bkk\u00e1 l\u00e1tkov\u00e1 pod\u0161\u00edvka pro v\u011bt\u0161\u00ed ochranu. Odd\u011blen\u00e1 p\u0159ihr\u00e1dka na perifern\u00ed za\u0159\u00edzen\u00ed. Elegantn\u00ed design s bezpe\u010dn\u00fdm zap\u00edn\u00e1n\u00edm na zip. Balen\u00ed obsahuje 1x pevn\u00e9 pouzdro GPD WIN 4","canonical_url":"https:\/\/droix.eu\/cs\/product\/pouzdro-gpd-win-4-hardshell\/","robots":"max-image-preview:large","keywords":"","webmasterTools":{"miscellaneous":""},"schema":{"@context":"https:\/\/schema.org","@graph":[{"@type":"BreadcrumbList","@id":"https:\/\/droix.eu\/cs\/product\/pouzdro-gpd-win-4-hardshell\/#breadcrumblist","itemListElement":[{"@type":"ListItem","@id":"https:\/\/droix.eu\/cs\/#listItem","position":1,"name":"Home","item":"https:\/\/droix.eu\/cs\/","nextItem":{"@type":"ListItem","@id":"https:\/\/droix.eu\/cs\/product-category\/prislusenstvi\/#listItem","name":"P\u0159\u00edslu\u0161enstv\u00ed"}},{"@type":"ListItem","@id":"https:\/\/droix.eu\/cs\/product-category\/prislusenstvi\/#listItem","position":2,"name":"P\u0159\u00edslu\u0161enstv\u00ed","item":"https:\/\/droix.eu\/cs\/product-category\/prislusenstvi\/","nextItem":{"@type":"ListItem","@id":"https:\/\/droix.eu\/cs\/product-category\/prislusenstvi\/herni-prislusenstvi\/#listItem","name":"Hern\u00ed p\u0159\u00edslu\u0161enstv\u00ed"},"previousItem":{"@type":"ListItem","@id":"https:\/\/droix.eu\/cs\/#listItem","name":"Home"}},{"@type":"ListItem","@id":"https:\/\/droix.eu\/cs\/product-category\/prislusenstvi\/herni-prislusenstvi\/#listItem","position":3,"name":"Hern\u00ed p\u0159\u00edslu\u0161enstv\u00ed","item":"https:\/\/droix.eu\/cs\/product-category\/prislusenstvi\/herni-prislusenstvi\/","nextItem":{"@type":"ListItem","@id":"https:\/\/droix.eu\/cs\/product\/pouzdro-gpd-win-4-hardshell\/#listItem","name":"Pouzdro GPD WIN 4 Hardshell"},"previousItem":{"@type":"ListItem","@id":"https:\/\/droix.eu\/cs\/product-category\/prislusenstvi\/#listItem","name":"P\u0159\u00edslu\u0161enstv\u00ed"}},{"@type":"ListItem","@id":"https:\/\/droix.eu\/cs\/product\/pouzdro-gpd-win-4-hardshell\/#listItem","position":4,"name":"Pouzdro GPD WIN 4 Hardshell","previousItem":{"@type":"ListItem","@id":"https:\/\/droix.eu\/cs\/product-category\/prislusenstvi\/herni-prislusenstvi\/#listItem","name":"Hern\u00ed p\u0159\u00edslu\u0161enstv\u00ed"}}]},{"@type":"Organization","@id":"https:\/\/droix.eu\/cs\/#organization","name":"DroiX \u2013 Trusted EU Tech Retailer with 12+ Years Experience","description":"DroiX is a leading European technology retailer with over 12 years of experience, offering quality mini PCs, handheld gaming consoles, and tech accessories. We provide hassle-free EU delivery with all taxes included, ensuring a smooth and reliable shopping experience for our customers across Europe.","url":"https:\/\/droix.eu\/cs\/","logo":{"@type":"ImageObject","url":"https:\/\/droix.eu\/wp-content\/uploads\/2024\/06\/droix-v2-light-logo.png","@id":"https:\/\/droix.eu\/cs\/product\/pouzdro-gpd-win-4-hardshell\/#organizationLogo","width":380,"height":118},"image":{"@id":"https:\/\/droix.eu\/cs\/product\/pouzdro-gpd-win-4-hardshell\/#organizationLogo"},"sameAs":["https:\/\/www.facebook.com\/DroiX.Store","https:\/\/twitter.com\/DroiX_Store","https:\/\/www.instagram.com\/droix.store\/","https:\/\/www.tiktok.com\/@droix.store","https:\/\/www.youtube.com\/c\/DroiX_Store","https:\/\/uk.linkedin.com\/company\/droix"]},{"@type":"Product","@id":"https:\/\/droix.eu\/cs\/product\/pouzdro-gpd-win-4-hardshell\/#wooCommerceProduct","name":"Pouzdro GPD WIN 4 Hardshell","description":"Ofici\u00e1ln\u00ed ochrann\u00e9 pouzdro GPD pro GPD WIN 4\n \tOdoln\u00fd vn\u011bj\u0161\u00ed pl\u00e1\u0161\u0165 ze syntetick\u00e9ho polymeru\n \tM\u011bkk\u00e1 l\u00e1tkov\u00e1 pod\u0161\u00edvka pro v\u011bt\u0161\u00ed ochranu.\n \tOdd\u011blen\u00e1 p\u0159ihr\u00e1dka na perifern\u00ed za\u0159\u00edzen\u00ed.\n \tElegantn\u00ed design s bezpe\u010dn\u00fdm zap\u00edn\u00e1n\u00edm na zip.","url":"https:\/\/droix.eu\/cs\/product\/pouzdro-gpd-win-4-hardshell\/","sku":"GPD-WIN_4-CASE","gtin":"5060763675322","image":{"@type":"ImageObject","url":"https:\/\/droix.eu\/wp-content\/uploads\/2023\/05\/51y5P54tgzLready-gpd-4.png","@id":"https:\/\/droix.eu\/cs\/product\/pouzdro-gpd-win-4-hardshell\/#productImage","width":1000,"height":1000},"offers":{"@type":"Offer","url":"https:\/\/droix.eu\/cs\/product\/pouzdro-gpd-win-4-hardshell\/#wooCommerceOffer","price":27,"priceCurrency":"EUR","category":"Hern\u00ed p\u0159\u00edslu\u0161enstv\u00ed","availability":"https:\/\/schema.org\/OutOfStock","priceSpecification":{"@type":"PriceSpecification","price":27,"priceCurrency":"EUR","valueAddedTaxIncluded":"true"},"seller":{"@type":"Organization","@id":"https:\/\/droix.eu\/cs\/#organization"}}},{"@type":"WebPage","@id":"https:\/\/droix.eu\/cs\/product\/pouzdro-gpd-win-4-hardshell\/#webpage","url":"https:\/\/droix.eu\/cs\/product\/pouzdro-gpd-win-4-hardshell\/","name":"Pouzdro GPD WIN 4 Hardshell - DROIX EU","description":"Ofici\u00e1ln\u00ed ochrann\u00e9 pouzdro GPD pro GPD WIN 4 Odoln\u00fd vn\u011bj\u0161\u00ed pl\u00e1\u0161\u0165 ze syntetick\u00e9ho polymeru M\u011bkk\u00e1 l\u00e1tkov\u00e1 pod\u0161\u00edvka pro v\u011bt\u0161\u00ed ochranu. Odd\u011blen\u00e1 p\u0159ihr\u00e1dka na perifern\u00ed za\u0159\u00edzen\u00ed. Elegantn\u00ed design s bezpe\u010dn\u00fdm zap\u00edn\u00e1n\u00edm na zip. Balen\u00ed obsahuje 1x pevn\u00e9 pouzdro GPD WIN 4","inLanguage":"cs-CZ","isPartOf":{"@id":"https:\/\/droix.eu\/cs\/#website"},"breadcrumb":{"@id":"https:\/\/droix.eu\/cs\/product\/pouzdro-gpd-win-4-hardshell\/#breadcrumblist"},"image":{"@type":"ImageObject","url":"https:\/\/droix.eu\/wp-content\/uploads\/2023\/05\/51y5P54tgzLready-gpd-4.png","@id":"https:\/\/droix.eu\/cs\/product\/pouzdro-gpd-win-4-hardshell\/#mainImage","width":1000,"height":1000},"primaryImageOfPage":{"@id":"https:\/\/droix.eu\/cs\/product\/pouzdro-gpd-win-4-hardshell\/#mainImage"},"datePublished":"2023-05-25T09:22:48+01:00","dateModified":"2026-01-20T04:27:51+00:00"},{"@type":"WebSite","@id":"https:\/\/droix.eu\/cs\/#website","url":"https:\/\/droix.eu\/cs\/","name":"DROIX EU","description":"Get the latest Mini PCs, Ultrabook, PC Gaming Handhelds and more!","inLanguage":"cs-CZ","publisher":{"@id":"https:\/\/droix.eu\/cs\/#organization"}}]},"og:locale":"cs_CZ","og:site_name":"DROIX EU - Get the latest Mini PCs, Ultrabook, PC Gaming Handhelds and more!","og:type":"article","og:title":"Pouzdro GPD WIN 4 Hardshell - DROIX EU","og:description":"Ofici\u00e1ln\u00ed ochrann\u00e9 pouzdro GPD pro GPD WIN 4 Odoln\u00fd vn\u011bj\u0161\u00ed pl\u00e1\u0161\u0165 ze syntetick\u00e9ho polymeru M\u011bkk\u00e1 l\u00e1tkov\u00e1 pod\u0161\u00edvka pro v\u011bt\u0161\u00ed ochranu. Odd\u011blen\u00e1 p\u0159ihr\u00e1dka na perifern\u00ed za\u0159\u00edzen\u00ed. Elegantn\u00ed design s bezpe\u010dn\u00fdm zap\u00edn\u00e1n\u00edm na zip. Balen\u00ed obsahuje 1x pevn\u00e9 pouzdro GPD WIN 4","og:url":"https:\/\/droix.eu\/cs\/product\/pouzdro-gpd-win-4-hardshell\/","og:image":"https:\/\/droix.eu\/wp-content\/uploads\/2024\/06\/droix-v2-light-logo.png","og:image:secure_url":"https:\/\/droix.eu\/wp-content\/uploads\/2024\/06\/droix-v2-light-logo.png","og:image:width":380,"og:image:height":118,"article:published_time":"2023-05-25T09:22:48+00:00","article:modified_time":"2026-01-20T04:27:51+00:00","article:publisher":"https:\/\/www.facebook.com\/DroiX.Store","twitter:card":"summary_large_image","twitter:site":"@DroiX_Store","twitter:title":"Pouzdro GPD WIN 4 Hardshell - DROIX EU","twitter:description":"Ofici\u00e1ln\u00ed ochrann\u00e9 pouzdro GPD pro GPD WIN 4 Odoln\u00fd vn\u011bj\u0161\u00ed pl\u00e1\u0161\u0165 ze syntetick\u00e9ho polymeru M\u011bkk\u00e1 l\u00e1tkov\u00e1 pod\u0161\u00edvka pro v\u011bt\u0161\u00ed ochranu. Odd\u011blen\u00e1 p\u0159ihr\u00e1dka na perifern\u00ed za\u0159\u00edzen\u00ed. Elegantn\u00ed design s bezpe\u010dn\u00fdm zap\u00edn\u00e1n\u00edm na zip. Balen\u00ed obsahuje 1x pevn\u00e9 pouzdro GPD WIN 4","twitter:image":"https:\/\/droix.eu\/wp-content\/uploads\/2024\/06\/droix-v2-light-logo.png"},"aioseo_meta_data":{"post_id":"511890","title":null,"description":null,"keywords":null,"keyphrases":null,"primary_term":null,"canonical_url":null,"og_title":null,"og_description":null,"og_object_type":"default","og_image_type":"default","og_image_url":null,"og_image_width":null,"og_image_height":null,"og_image_custom_url":null,"og_image_custom_fields":null,"og_video":null,"og_custom_url":null,"og_article_section":null,"og_article_tags":null,"twitter_use_og":true,"twitter_card":"default","twitter_image_type":"default","twitter_image_url":null,"twitter_image_custom_url":null,"twitter_image_custom_fields":null,"twitter_title":null,"twitter_description":null,"schema":{"blockGraphs":[],"customGraphs":[],"default":{"data":{"Article":[],"Course":[],"Dataset":[],"FAQPage":[],"Movie":[],"Person":[],"Product":[],"ProductReview":[],"Car":[],"Recipe":[],"Service":[],"SoftwareApplication":[],"WebPage":[]},"graphName":"","isEnabled":true},"graphs":[]},"schema_type":"default","schema_type_options":null,"pillar_content":false,"robots_default":true,"robots_noindex":false,"robots_noarchive":false,"robots_nosnippet":false,"robots_nofollow":false,"robots_noimageindex":false,"robots_noodp":false,"robots_notranslate":false,"robots_max_snippet":null,"robots_max_videopreview":null,"robots_max_imagepreview":"large","priority":null,"frequency":null,"local_seo":null,"seo_analyzer_scan_date":"2025-10-24 13:11:33","breadcrumb_settings":null,"limit_modified_date":false,"reviewed_by":null,"open_ai":null,"ai":null,"created":"2025-10-09 04:25:34","updated":"2026-01-24 08:55:29"},"aioseo_breadcrumb":"<div class=\"aioseo-breadcrumbs\"><span class=\"aioseo-breadcrumb\">\n\t<a href=\"https:\/\/droix.eu\/cs\/\" title=\"Home\">Home<\/a>\n<\/span><span class=\"aioseo-breadcrumb-separator\">&raquo;<\/span><span class=\"aioseo-breadcrumb\">\n\t<a href=\"https:\/\/droix.eu\/cs\/product-category\/prislusenstvi\/\" title=\"P\u0159\u00edslu\u0161enstv\u00ed\">P\u0159\u00edslu\u0161enstv\u00ed<\/a>\n<\/span><span class=\"aioseo-breadcrumb-separator\">&raquo;<\/span><span class=\"aioseo-breadcrumb\">\n\t<a href=\"https:\/\/droix.eu\/cs\/product-category\/prislusenstvi\/herni-prislusenstvi\/\" title=\"Hern\u00ed p\u0159\u00edslu\u0161enstv\u00ed\">Hern\u00ed p\u0159\u00edslu\u0161enstv\u00ed<\/a>\n<\/span><span class=\"aioseo-breadcrumb-separator\">&raquo;<\/span><span class=\"aioseo-breadcrumb\">\n\tPouzdro GPD WIN 4 Hardshell\n<\/span><\/div>","aioseo_breadcrumb_json":[{"label":"Home","link":"https:\/\/droix.eu\/cs\/"},{"label":"P\u0159\u00edslu\u0161enstv\u00ed","link":"https:\/\/droix.eu\/cs\/product-category\/prislusenstvi\/"},{"label":"Hern\u00ed p\u0159\u00edslu\u0161enstv\u00ed","link":"https:\/\/droix.eu\/cs\/product-category\/prislusenstvi\/herni-prislusenstvi\/"},{"label":"Pouzdro GPD WIN 4 Hardshell","link":"https:\/\/droix.eu\/cs\/product\/pouzdro-gpd-win-4-hardshell\/"}],"_links":{"self":[{"href":"https:\/\/droix.eu\/cs\/wp-json\/wp\/v2\/product\/511890","targetHints":{"allow":["GET"]}}],"collection":[{"href":"https:\/\/droix.eu\/cs\/wp-json\/wp\/v2\/product"}],"about":[{"href":"https:\/\/droix.eu\/cs\/wp-json\/wp\/v2\/types\/product"}],"version-history":[{"count":0,"href":"https:\/\/droix.eu\/cs\/wp-json\/wp\/v2\/product\/511890\/revisions"}],"wp:featuredmedia":[{"embeddable":true,"href":"https:\/\/droix.eu\/cs\/wp-json\/wp\/v2\/media\/409280"}],"wp:attachment":[{"href":"https:\/\/droix.eu\/cs\/wp-json\/wp\/v2\/media?parent=511890"}],"wp:term":[{"taxonomy":"product_brand","embeddable":true,"href":"https:\/\/droix.eu\/cs\/wp-json\/wp\/v2\/product_brand?post=511890"},{"taxonomy":"product_cat","embeddable":true,"href":"https:\/\/droix.eu\/cs\/wp-json\/wp\/v2\/product_cat?post=511890"},{"taxonomy":"product_tag","embeddable":true,"href":"https:\/\/droix.eu\/cs\/wp-json\/wp\/v2\/product_tag?post=511890"},{"taxonomy":"woo-feed-brand","embeddable":true,"href":"https:\/\/droix.eu\/cs\/wp-json\/wp\/v2\/woo-feed-brand?post=511890"},{"taxonomy":"key-features","embeddable":true,"href":"https:\/\/droix.eu\/cs\/wp-json\/wp\/v2\/key-features?post=511890"}],"curies":[{"name":"wp","href":"https:\/\/api.w.org\/{rel}","templated":true}]}}