{"id":510189,"date":"2024-01-19T16:43:31","date_gmt":"2024-01-19T16:43:31","guid":{"rendered":"https:\/\/droix.eu\/product\/ayn-odin-2-ochranna-folie-displeje\/"},"modified":"2026-01-20T04:32:11","modified_gmt":"2026-01-20T04:32:11","slug":"ayn-odin-2-ochranna-folie-displeje","status":"publish","type":"product","link":"https:\/\/droix.eu\/cs\/product\/ayn-odin-2-ochranna-folie-displeje\/","title":{"rendered":"AYN Odin 2 Ochrann\u00e1 f\u00f3lie displeje"},"content":{"rendered":"<h2><strong>P\u0159edstavujeme ochrann\u00fd kryt obrazovky AYN Odin 2: P\u0159in\u00e1\u0161\u00edme v\u00e1m dokonalou ochranu pro va\u0161e za\u0159\u00edzen\u00ed<\/strong><\/h2>\n<p>Zlep\u0161ete ochranu sv\u00e9ho za\u0159\u00edzen\u00ed pomoc\u00ed ochrann\u00e9ho krytu obrazovky AYN Odin 2. Tato ochrana obrazovky je navr\u017eena tak, aby spl\u0148ovala po\u017eadavky modern\u00edho \u017eivotn\u00edho stylu, a nab\u00edz\u00ed dokonalou kombinaci odolnosti a funk\u010dnosti.<\/p>\n<h2><strong>Kl\u00ed\u010dov\u00e9 vlastnosti:<\/strong><\/h2>\n<h2><strong>Pr\u00e9miov\u00e9 materi\u00e1ly:<\/strong><\/h2>\n<p>Ochrann\u00e1 f\u00f3lie AYN Odin 2 Screen Protector je vyrobena z vysoce kvalitn\u00edch materi\u00e1l\u016f a je odoln\u00e1 proti ka\u017edodenn\u00edmu opot\u0159eben\u00ed.<\/p>\n<h2><strong>P\u0159esn\u00e9 p\u0159izp\u016fsoben\u00ed:<\/strong><\/h2>\n<p>Ochrann\u00e1 f\u00f3lie AYN Odin 2 Screen Protector je vyrobena na m\u00edru pro AYN Odin 2 a zaji\u0161\u0165uje elegantn\u00ed uchycen\u00ed.<\/p>\n","protected":false},"excerpt":{"rendered":"<ul>\n<li><strong>Ofici\u00e1ln\u00ed<\/strong> ochrana displeje AYN Odin 2<\/li>\n<li>Odoln\u00e1 <strong> \u010dir\u00e1<\/strong> ochrana<\/li>\n<li>Perfektn\u011b se hod\u00ed pro AYN Odin 2<\/li>\n<\/ul>\n[droix_global_accordions]\n[cg_accordion title=\"Balen\u00ed obsahuje\"]<\/p>\n<ul>\n<li>1x AYN Odin 2 Screen Protector<\/li>\n<\/ul>\n<p>[\/cg_accordion]\n","protected":false},"featured_media":456581,"template":"","meta":{"_acf_changed":false},"product_brand":[],"product_cat":[10414,10092],"product_tag":[],"woo-feed-brand":[],"key-features":[],"class_list":{"0":"post-510189","1":"product","2":"type-product","3":"status-publish","4":"has-post-thumbnail","6":"product_cat-herni-prislusenstvi","7":"product_cat-prislusenstvi","8":"product_shipping_class-low-end","9":"pa_accessory-type-screen-protector","10":"pa_brands-ayn-cs","12":"first","13":"instock","14":"taxable","15":"shipping-taxable","16":"purchasable","17":"product-type-simple"},"acf":[],"aioseo_notices":[],"aioseo_head":"\n\t\t<!-- All in One SEO Pro 4.9.5.2 - aioseo.com -->\n\t<meta name=\"description\" content=\"Ofici\u00e1ln\u00ed ochrana displeje AYN Odin 2 Odoln\u00e1 \u010dir\u00e1 ochrana Perfektn\u011b se hod\u00ed pro AYN Odin 2 Balen\u00ed obsahuje 1x AYN Odin 2 Screen Protector\" \/>\n\t<meta name=\"robots\" content=\"max-image-preview:large\" \/>\n\t<link rel=\"canonical\" href=\"https:\/\/droix.eu\/cs\/product\/ayn-odin-2-ochranna-folie-displeje\/\" \/>\n\t<meta name=\"generator\" content=\"All in One SEO Pro (AIOSEO) 4.9.5.2\" \/>\n\t\t<meta property=\"og:locale\" content=\"cs_CZ\" \/>\n\t\t<meta property=\"og:site_name\" content=\"DROIX EU - Get the latest Mini PCs, Ultrabook, PC Gaming Handhelds and more!\" \/>\n\t\t<meta property=\"og:type\" content=\"article\" \/>\n\t\t<meta property=\"og:title\" content=\"AYN Odin 2 Ochrann\u00e1 f\u00f3lie displeje - DROIX EU\" \/>\n\t\t<meta property=\"og:description\" content=\"Ofici\u00e1ln\u00ed ochrana displeje AYN Odin 2 Odoln\u00e1 \u010dir\u00e1 ochrana Perfektn\u011b se hod\u00ed pro AYN Odin 2 Balen\u00ed obsahuje 1x AYN Odin 2 Screen Protector\" \/>\n\t\t<meta property=\"og:url\" content=\"https:\/\/droix.eu\/cs\/product\/ayn-odin-2-ochranna-folie-displeje\/\" \/>\n\t\t<meta property=\"og:image\" content=\"https:\/\/droix.eu\/wp-content\/uploads\/2024\/06\/droix-v2-light-logo.png\" \/>\n\t\t<meta property=\"og:image:secure_url\" content=\"https:\/\/droix.eu\/wp-content\/uploads\/2024\/06\/droix-v2-light-logo.png\" \/>\n\t\t<meta property=\"og:image:width\" content=\"380\" \/>\n\t\t<meta property=\"og:image:height\" content=\"118\" \/>\n\t\t<meta property=\"article:published_time\" content=\"2024-01-19T16:43:31+00:00\" \/>\n\t\t<meta property=\"article:modified_time\" content=\"2026-01-20T04:32:11+00:00\" \/>\n\t\t<meta property=\"article:publisher\" content=\"https:\/\/www.facebook.com\/DroiX.Store\" \/>\n\t\t<meta name=\"twitter:card\" content=\"summary_large_image\" \/>\n\t\t<meta name=\"twitter:site\" content=\"@DroiX_Store\" \/>\n\t\t<meta name=\"twitter:title\" content=\"AYN Odin 2 Ochrann\u00e1 f\u00f3lie displeje - DROIX EU\" \/>\n\t\t<meta name=\"twitter:description\" content=\"Ofici\u00e1ln\u00ed ochrana displeje AYN Odin 2 Odoln\u00e1 \u010dir\u00e1 ochrana Perfektn\u011b se hod\u00ed pro AYN Odin 2 Balen\u00ed obsahuje 1x AYN Odin 2 Screen Protector\" \/>\n\t\t<meta name=\"twitter:image\" content=\"https:\/\/droix.eu\/wp-content\/uploads\/2024\/06\/droix-v2-light-logo.png\" \/>\n\t\t<script type=\"application\/ld+json\" class=\"aioseo-schema\">\n\t\t\t{\"@context\":\"https:\\\/\\\/schema.org\",\"@graph\":[{\"@type\":\"BreadcrumbList\",\"@id\":\"https:\\\/\\\/droix.eu\\\/cs\\\/product\\\/ayn-odin-2-ochranna-folie-displeje\\\/#breadcrumblist\",\"itemListElement\":[{\"@type\":\"ListItem\",\"@id\":\"https:\\\/\\\/droix.eu\\\/cs\\\/#listItem\",\"position\":1,\"name\":\"Home\",\"item\":\"https:\\\/\\\/droix.eu\\\/cs\\\/\",\"nextItem\":{\"@type\":\"ListItem\",\"@id\":\"https:\\\/\\\/droix.eu\\\/cs\\\/product-category\\\/prislusenstvi\\\/#listItem\",\"name\":\"P\\u0159\\u00edslu\\u0161enstv\\u00ed\"}},{\"@type\":\"ListItem\",\"@id\":\"https:\\\/\\\/droix.eu\\\/cs\\\/product-category\\\/prislusenstvi\\\/#listItem\",\"position\":2,\"name\":\"P\\u0159\\u00edslu\\u0161enstv\\u00ed\",\"item\":\"https:\\\/\\\/droix.eu\\\/cs\\\/product-category\\\/prislusenstvi\\\/\",\"nextItem\":{\"@type\":\"ListItem\",\"@id\":\"https:\\\/\\\/droix.eu\\\/cs\\\/product-category\\\/prislusenstvi\\\/herni-prislusenstvi\\\/#listItem\",\"name\":\"Hern\\u00ed p\\u0159\\u00edslu\\u0161enstv\\u00ed\"},\"previousItem\":{\"@type\":\"ListItem\",\"@id\":\"https:\\\/\\\/droix.eu\\\/cs\\\/#listItem\",\"name\":\"Home\"}},{\"@type\":\"ListItem\",\"@id\":\"https:\\\/\\\/droix.eu\\\/cs\\\/product-category\\\/prislusenstvi\\\/herni-prislusenstvi\\\/#listItem\",\"position\":3,\"name\":\"Hern\\u00ed p\\u0159\\u00edslu\\u0161enstv\\u00ed\",\"item\":\"https:\\\/\\\/droix.eu\\\/cs\\\/product-category\\\/prislusenstvi\\\/herni-prislusenstvi\\\/\",\"nextItem\":{\"@type\":\"ListItem\",\"@id\":\"https:\\\/\\\/droix.eu\\\/cs\\\/product\\\/ayn-odin-2-ochranna-folie-displeje\\\/#listItem\",\"name\":\"AYN Odin 2 Ochrann\\u00e1 f\\u00f3lie displeje\"},\"previousItem\":{\"@type\":\"ListItem\",\"@id\":\"https:\\\/\\\/droix.eu\\\/cs\\\/product-category\\\/prislusenstvi\\\/#listItem\",\"name\":\"P\\u0159\\u00edslu\\u0161enstv\\u00ed\"}},{\"@type\":\"ListItem\",\"@id\":\"https:\\\/\\\/droix.eu\\\/cs\\\/product\\\/ayn-odin-2-ochranna-folie-displeje\\\/#listItem\",\"position\":4,\"name\":\"AYN Odin 2 Ochrann\\u00e1 f\\u00f3lie displeje\",\"previousItem\":{\"@type\":\"ListItem\",\"@id\":\"https:\\\/\\\/droix.eu\\\/cs\\\/product-category\\\/prislusenstvi\\\/herni-prislusenstvi\\\/#listItem\",\"name\":\"Hern\\u00ed p\\u0159\\u00edslu\\u0161enstv\\u00ed\"}}]},{\"@type\":\"Organization\",\"@id\":\"https:\\\/\\\/droix.eu\\\/cs\\\/#organization\",\"name\":\"DroiX \\u2013 Trusted EU Tech Retailer with 12+ Years Experience\",\"description\":\"DroiX is a leading European technology retailer with over 12 years of experience, offering quality mini PCs, handheld gaming consoles, and tech accessories. We provide hassle-free EU delivery with all taxes included, ensuring a smooth and reliable shopping experience for our customers across Europe.\",\"url\":\"https:\\\/\\\/droix.eu\\\/cs\\\/\",\"logo\":{\"@type\":\"ImageObject\",\"url\":\"https:\\\/\\\/droix.eu\\\/wp-content\\\/uploads\\\/2024\\\/06\\\/droix-v2-light-logo.png\",\"@id\":\"https:\\\/\\\/droix.eu\\\/cs\\\/product\\\/ayn-odin-2-ochranna-folie-displeje\\\/#organizationLogo\",\"width\":380,\"height\":118},\"image\":{\"@id\":\"https:\\\/\\\/droix.eu\\\/cs\\\/product\\\/ayn-odin-2-ochranna-folie-displeje\\\/#organizationLogo\"},\"sameAs\":[\"https:\\\/\\\/www.facebook.com\\\/DroiX.Store\",\"https:\\\/\\\/twitter.com\\\/DroiX_Store\",\"https:\\\/\\\/www.instagram.com\\\/droix.store\\\/\",\"https:\\\/\\\/www.tiktok.com\\\/@droix.store\",\"https:\\\/\\\/www.youtube.com\\\/c\\\/DroiX_Store\",\"https:\\\/\\\/uk.linkedin.com\\\/company\\\/droix\"]},{\"@type\":\"Product\",\"@id\":\"https:\\\/\\\/droix.eu\\\/cs\\\/product\\\/ayn-odin-2-ochranna-folie-displeje\\\/#wooCommerceProduct\",\"name\":\"AYN Odin 2 Ochrann\\u00e1 f\\u00f3lie displeje\",\"description\":\"Ofici\\u00e1ln\\u00ed ochrana displeje AYN Odin 2\\n \\tOdoln\\u00e1  \\u010dir\\u00e1 ochrana\\n \\tPerfektn\\u011b se hod\\u00ed pro AYN Odin 2\",\"url\":\"https:\\\/\\\/droix.eu\\\/cs\\\/product\\\/ayn-odin-2-ochranna-folie-displeje\\\/\",\"sku\":\"AYN-ODIN-2-SCREEN-PROTECTOR\",\"gtin\":\"5060763677845\",\"image\":{\"@type\":\"ImageObject\",\"url\":\"https:\\\/\\\/droix.eu\\\/wp-content\\\/uploads\\\/2024\\\/01\\\/AYN-ODIN-2-SCREEN-PROTECTOR-DONE-01.png\",\"@id\":\"https:\\\/\\\/droix.eu\\\/cs\\\/product\\\/ayn-odin-2-ochranna-folie-displeje\\\/#productImage\",\"width\":1500,\"height\":1500,\"caption\":\"AYN Odin 2 Ochrann\\u00e1 f\\u00f3lie displeje\"},\"offers\":{\"@type\":\"Offer\",\"url\":\"https:\\\/\\\/droix.eu\\\/cs\\\/product\\\/ayn-odin-2-ochranna-folie-displeje\\\/#wooCommerceOffer\",\"price\":1423.79,\"priceCurrency\":\"HUF\",\"category\":\"Hern\\u00ed p\\u0159\\u00edslu\\u0161enstv\\u00ed\",\"availability\":\"https:\\\/\\\/schema.org\\\/InStock\",\"priceSpecification\":{\"@type\":\"PriceSpecification\",\"price\":1423.79,\"priceCurrency\":\"HUF\",\"valueAddedTaxIncluded\":\"true\"},\"seller\":{\"@type\":\"Organization\",\"@id\":\"https:\\\/\\\/droix.eu\\\/cs\\\/#organization\"}}},{\"@type\":\"WebPage\",\"@id\":\"https:\\\/\\\/droix.eu\\\/cs\\\/product\\\/ayn-odin-2-ochranna-folie-displeje\\\/#webpage\",\"url\":\"https:\\\/\\\/droix.eu\\\/cs\\\/product\\\/ayn-odin-2-ochranna-folie-displeje\\\/\",\"name\":\"AYN Odin 2 Ochrann\\u00e1 f\\u00f3lie displeje - DROIX EU\",\"description\":\"Ofici\\u00e1ln\\u00ed ochrana displeje AYN Odin 2 Odoln\\u00e1 \\u010dir\\u00e1 ochrana Perfektn\\u011b se hod\\u00ed pro AYN Odin 2 Balen\\u00ed obsahuje 1x AYN Odin 2 Screen Protector\",\"inLanguage\":\"cs-CZ\",\"isPartOf\":{\"@id\":\"https:\\\/\\\/droix.eu\\\/cs\\\/#website\"},\"breadcrumb\":{\"@id\":\"https:\\\/\\\/droix.eu\\\/cs\\\/product\\\/ayn-odin-2-ochranna-folie-displeje\\\/#breadcrumblist\"},\"image\":{\"@type\":\"ImageObject\",\"url\":\"https:\\\/\\\/droix.eu\\\/wp-content\\\/uploads\\\/2024\\\/01\\\/AYN-ODIN-2-SCREEN-PROTECTOR-DONE-01.png\",\"@id\":\"https:\\\/\\\/droix.eu\\\/cs\\\/product\\\/ayn-odin-2-ochranna-folie-displeje\\\/#mainImage\",\"width\":1500,\"height\":1500,\"caption\":\"AYN Odin 2 Ochrann\\u00e1 f\\u00f3lie displeje\"},\"primaryImageOfPage\":{\"@id\":\"https:\\\/\\\/droix.eu\\\/cs\\\/product\\\/ayn-odin-2-ochranna-folie-displeje\\\/#mainImage\"},\"datePublished\":\"2024-01-19T16:43:31+00:00\",\"dateModified\":\"2026-01-20T04:32:11+00:00\"},{\"@type\":\"WebSite\",\"@id\":\"https:\\\/\\\/droix.eu\\\/cs\\\/#website\",\"url\":\"https:\\\/\\\/droix.eu\\\/cs\\\/\",\"name\":\"DROIX EU\",\"description\":\"Get the latest Mini PCs, Ultrabook, PC Gaming Handhelds and more!\",\"inLanguage\":\"cs-CZ\",\"publisher\":{\"@id\":\"https:\\\/\\\/droix.eu\\\/cs\\\/#organization\"}}]}\n\t\t<\/script>\n\t\t<!-- All in One SEO Pro -->\r\n\t\t<title>AYN Odin 2 Ochrann\u00e1 f\u00f3lie displeje - DROIX EU<\/title>\n\n","aioseo_head_json":{"title":"AYN Odin 2 Ochrann\u00e1 f\u00f3lie displeje - DROIX EU","description":"Ofici\u00e1ln\u00ed ochrana displeje AYN Odin 2 Odoln\u00e1 \u010dir\u00e1 ochrana Perfektn\u011b se hod\u00ed pro AYN Odin 2 Balen\u00ed obsahuje 1x AYN Odin 2 Screen Protector","canonical_url":"https:\/\/droix.eu\/cs\/product\/ayn-odin-2-ochranna-folie-displeje\/","robots":"max-image-preview:large","keywords":"","webmasterTools":{"miscellaneous":""},"schema":{"@context":"https:\/\/schema.org","@graph":[{"@type":"BreadcrumbList","@id":"https:\/\/droix.eu\/cs\/product\/ayn-odin-2-ochranna-folie-displeje\/#breadcrumblist","itemListElement":[{"@type":"ListItem","@id":"https:\/\/droix.eu\/cs\/#listItem","position":1,"name":"Home","item":"https:\/\/droix.eu\/cs\/","nextItem":{"@type":"ListItem","@id":"https:\/\/droix.eu\/cs\/product-category\/prislusenstvi\/#listItem","name":"P\u0159\u00edslu\u0161enstv\u00ed"}},{"@type":"ListItem","@id":"https:\/\/droix.eu\/cs\/product-category\/prislusenstvi\/#listItem","position":2,"name":"P\u0159\u00edslu\u0161enstv\u00ed","item":"https:\/\/droix.eu\/cs\/product-category\/prislusenstvi\/","nextItem":{"@type":"ListItem","@id":"https:\/\/droix.eu\/cs\/product-category\/prislusenstvi\/herni-prislusenstvi\/#listItem","name":"Hern\u00ed p\u0159\u00edslu\u0161enstv\u00ed"},"previousItem":{"@type":"ListItem","@id":"https:\/\/droix.eu\/cs\/#listItem","name":"Home"}},{"@type":"ListItem","@id":"https:\/\/droix.eu\/cs\/product-category\/prislusenstvi\/herni-prislusenstvi\/#listItem","position":3,"name":"Hern\u00ed p\u0159\u00edslu\u0161enstv\u00ed","item":"https:\/\/droix.eu\/cs\/product-category\/prislusenstvi\/herni-prislusenstvi\/","nextItem":{"@type":"ListItem","@id":"https:\/\/droix.eu\/cs\/product\/ayn-odin-2-ochranna-folie-displeje\/#listItem","name":"AYN Odin 2 Ochrann\u00e1 f\u00f3lie displeje"},"previousItem":{"@type":"ListItem","@id":"https:\/\/droix.eu\/cs\/product-category\/prislusenstvi\/#listItem","name":"P\u0159\u00edslu\u0161enstv\u00ed"}},{"@type":"ListItem","@id":"https:\/\/droix.eu\/cs\/product\/ayn-odin-2-ochranna-folie-displeje\/#listItem","position":4,"name":"AYN Odin 2 Ochrann\u00e1 f\u00f3lie displeje","previousItem":{"@type":"ListItem","@id":"https:\/\/droix.eu\/cs\/product-category\/prislusenstvi\/herni-prislusenstvi\/#listItem","name":"Hern\u00ed p\u0159\u00edslu\u0161enstv\u00ed"}}]},{"@type":"Organization","@id":"https:\/\/droix.eu\/cs\/#organization","name":"DroiX \u2013 Trusted EU Tech Retailer with 12+ Years Experience","description":"DroiX is a leading European technology retailer with over 12 years of experience, offering quality mini PCs, handheld gaming consoles, and tech accessories. We provide hassle-free EU delivery with all taxes included, ensuring a smooth and reliable shopping experience for our customers across Europe.","url":"https:\/\/droix.eu\/cs\/","logo":{"@type":"ImageObject","url":"https:\/\/droix.eu\/wp-content\/uploads\/2024\/06\/droix-v2-light-logo.png","@id":"https:\/\/droix.eu\/cs\/product\/ayn-odin-2-ochranna-folie-displeje\/#organizationLogo","width":380,"height":118},"image":{"@id":"https:\/\/droix.eu\/cs\/product\/ayn-odin-2-ochranna-folie-displeje\/#organizationLogo"},"sameAs":["https:\/\/www.facebook.com\/DroiX.Store","https:\/\/twitter.com\/DroiX_Store","https:\/\/www.instagram.com\/droix.store\/","https:\/\/www.tiktok.com\/@droix.store","https:\/\/www.youtube.com\/c\/DroiX_Store","https:\/\/uk.linkedin.com\/company\/droix"]},{"@type":"Product","@id":"https:\/\/droix.eu\/cs\/product\/ayn-odin-2-ochranna-folie-displeje\/#wooCommerceProduct","name":"AYN Odin 2 Ochrann\u00e1 f\u00f3lie displeje","description":"Ofici\u00e1ln\u00ed ochrana displeje AYN Odin 2\n \tOdoln\u00e1  \u010dir\u00e1 ochrana\n \tPerfektn\u011b se hod\u00ed pro AYN Odin 2","url":"https:\/\/droix.eu\/cs\/product\/ayn-odin-2-ochranna-folie-displeje\/","sku":"AYN-ODIN-2-SCREEN-PROTECTOR","gtin":"5060763677845","image":{"@type":"ImageObject","url":"https:\/\/droix.eu\/wp-content\/uploads\/2024\/01\/AYN-ODIN-2-SCREEN-PROTECTOR-DONE-01.png","@id":"https:\/\/droix.eu\/cs\/product\/ayn-odin-2-ochranna-folie-displeje\/#productImage","width":1500,"height":1500,"caption":"AYN Odin 2 Ochrann\u00e1 f\u00f3lie displeje"},"offers":{"@type":"Offer","url":"https:\/\/droix.eu\/cs\/product\/ayn-odin-2-ochranna-folie-displeje\/#wooCommerceOffer","price":1423.79,"priceCurrency":"HUF","category":"Hern\u00ed p\u0159\u00edslu\u0161enstv\u00ed","availability":"https:\/\/schema.org\/InStock","priceSpecification":{"@type":"PriceSpecification","price":1423.79,"priceCurrency":"HUF","valueAddedTaxIncluded":"true"},"seller":{"@type":"Organization","@id":"https:\/\/droix.eu\/cs\/#organization"}}},{"@type":"WebPage","@id":"https:\/\/droix.eu\/cs\/product\/ayn-odin-2-ochranna-folie-displeje\/#webpage","url":"https:\/\/droix.eu\/cs\/product\/ayn-odin-2-ochranna-folie-displeje\/","name":"AYN Odin 2 Ochrann\u00e1 f\u00f3lie displeje - DROIX EU","description":"Ofici\u00e1ln\u00ed ochrana displeje AYN Odin 2 Odoln\u00e1 \u010dir\u00e1 ochrana Perfektn\u011b se hod\u00ed pro AYN Odin 2 Balen\u00ed obsahuje 1x AYN Odin 2 Screen Protector","inLanguage":"cs-CZ","isPartOf":{"@id":"https:\/\/droix.eu\/cs\/#website"},"breadcrumb":{"@id":"https:\/\/droix.eu\/cs\/product\/ayn-odin-2-ochranna-folie-displeje\/#breadcrumblist"},"image":{"@type":"ImageObject","url":"https:\/\/droix.eu\/wp-content\/uploads\/2024\/01\/AYN-ODIN-2-SCREEN-PROTECTOR-DONE-01.png","@id":"https:\/\/droix.eu\/cs\/product\/ayn-odin-2-ochranna-folie-displeje\/#mainImage","width":1500,"height":1500,"caption":"AYN Odin 2 Ochrann\u00e1 f\u00f3lie displeje"},"primaryImageOfPage":{"@id":"https:\/\/droix.eu\/cs\/product\/ayn-odin-2-ochranna-folie-displeje\/#mainImage"},"datePublished":"2024-01-19T16:43:31+00:00","dateModified":"2026-01-20T04:32:11+00:00"},{"@type":"WebSite","@id":"https:\/\/droix.eu\/cs\/#website","url":"https:\/\/droix.eu\/cs\/","name":"DROIX EU","description":"Get the latest Mini PCs, Ultrabook, PC Gaming Handhelds and more!","inLanguage":"cs-CZ","publisher":{"@id":"https:\/\/droix.eu\/cs\/#organization"}}]},"og:locale":"cs_CZ","og:site_name":"DROIX EU - Get the latest Mini PCs, Ultrabook, PC Gaming Handhelds and more!","og:type":"article","og:title":"AYN Odin 2 Ochrann\u00e1 f\u00f3lie displeje - DROIX EU","og:description":"Ofici\u00e1ln\u00ed ochrana displeje AYN Odin 2 Odoln\u00e1 \u010dir\u00e1 ochrana Perfektn\u011b se hod\u00ed pro AYN Odin 2 Balen\u00ed obsahuje 1x AYN Odin 2 Screen Protector","og:url":"https:\/\/droix.eu\/cs\/product\/ayn-odin-2-ochranna-folie-displeje\/","og:image":"https:\/\/droix.eu\/wp-content\/uploads\/2024\/06\/droix-v2-light-logo.png","og:image:secure_url":"https:\/\/droix.eu\/wp-content\/uploads\/2024\/06\/droix-v2-light-logo.png","og:image:width":380,"og:image:height":118,"article:published_time":"2024-01-19T16:43:31+00:00","article:modified_time":"2026-01-20T04:32:11+00:00","article:publisher":"https:\/\/www.facebook.com\/DroiX.Store","twitter:card":"summary_large_image","twitter:site":"@DroiX_Store","twitter:title":"AYN Odin 2 Ochrann\u00e1 f\u00f3lie displeje - DROIX EU","twitter:description":"Ofici\u00e1ln\u00ed ochrana displeje AYN Odin 2 Odoln\u00e1 \u010dir\u00e1 ochrana Perfektn\u011b se hod\u00ed pro AYN Odin 2 Balen\u00ed obsahuje 1x AYN Odin 2 Screen Protector","twitter:image":"https:\/\/droix.eu\/wp-content\/uploads\/2024\/06\/droix-v2-light-logo.png"},"aioseo_meta_data":{"post_id":"510189","title":null,"description":null,"keywords":null,"keyphrases":null,"primary_term":null,"canonical_url":null,"og_title":null,"og_description":null,"og_object_type":"default","og_image_type":"default","og_image_url":null,"og_image_width":null,"og_image_height":null,"og_image_custom_url":null,"og_image_custom_fields":null,"og_video":null,"og_custom_url":null,"og_article_section":null,"og_article_tags":null,"twitter_use_og":true,"twitter_card":"default","twitter_image_type":"default","twitter_image_url":null,"twitter_image_custom_url":null,"twitter_image_custom_fields":null,"twitter_title":null,"twitter_description":null,"schema":{"blockGraphs":[],"customGraphs":[],"default":{"data":{"Article":[],"Course":[],"Dataset":[],"FAQPage":[],"Movie":[],"Person":[],"Product":[],"ProductReview":[],"Car":[],"Recipe":[],"Service":[],"SoftwareApplication":[],"WebPage":[]},"graphName":"Product","isEnabled":true},"graphs":[]},"schema_type":"default","schema_type_options":null,"pillar_content":false,"robots_default":true,"robots_noindex":false,"robots_noarchive":false,"robots_nosnippet":false,"robots_nofollow":false,"robots_noimageindex":false,"robots_noodp":false,"robots_notranslate":false,"robots_max_snippet":null,"robots_max_videopreview":null,"robots_max_imagepreview":"large","priority":null,"frequency":null,"local_seo":null,"seo_analyzer_scan_date":"2025-10-24 16:32:35","breadcrumb_settings":null,"limit_modified_date":false,"reviewed_by":null,"open_ai":null,"ai":null,"created":"2025-10-09 05:11:24","updated":"2026-01-24 08:50:05"},"aioseo_breadcrumb":"<div class=\"aioseo-breadcrumbs\"><span class=\"aioseo-breadcrumb\">\n\t<a href=\"https:\/\/droix.eu\/cs\/\" title=\"Home\">Home<\/a>\n<\/span><span class=\"aioseo-breadcrumb-separator\">&raquo;<\/span><span class=\"aioseo-breadcrumb\">\n\t<a href=\"https:\/\/droix.eu\/cs\/product-category\/prislusenstvi\/\" title=\"P\u0159\u00edslu\u0161enstv\u00ed\">P\u0159\u00edslu\u0161enstv\u00ed<\/a>\n<\/span><span class=\"aioseo-breadcrumb-separator\">&raquo;<\/span><span class=\"aioseo-breadcrumb\">\n\t<a href=\"https:\/\/droix.eu\/cs\/product-category\/prislusenstvi\/herni-prislusenstvi\/\" title=\"Hern\u00ed p\u0159\u00edslu\u0161enstv\u00ed\">Hern\u00ed p\u0159\u00edslu\u0161enstv\u00ed<\/a>\n<\/span><span class=\"aioseo-breadcrumb-separator\">&raquo;<\/span><span class=\"aioseo-breadcrumb\">\n\tAYN Odin 2 Ochrann\u00e1 f\u00f3lie displeje\n<\/span><\/div>","aioseo_breadcrumb_json":[{"label":"Home","link":"https:\/\/droix.eu\/cs\/"},{"label":"P\u0159\u00edslu\u0161enstv\u00ed","link":"https:\/\/droix.eu\/cs\/product-category\/prislusenstvi\/"},{"label":"Hern\u00ed p\u0159\u00edslu\u0161enstv\u00ed","link":"https:\/\/droix.eu\/cs\/product-category\/prislusenstvi\/herni-prislusenstvi\/"},{"label":"AYN Odin 2 Ochrann\u00e1 f\u00f3lie displeje","link":"https:\/\/droix.eu\/cs\/product\/ayn-odin-2-ochranna-folie-displeje\/"}],"_links":{"self":[{"href":"https:\/\/droix.eu\/cs\/wp-json\/wp\/v2\/product\/510189","targetHints":{"allow":["GET"]}}],"collection":[{"href":"https:\/\/droix.eu\/cs\/wp-json\/wp\/v2\/product"}],"about":[{"href":"https:\/\/droix.eu\/cs\/wp-json\/wp\/v2\/types\/product"}],"version-history":[{"count":0,"href":"https:\/\/droix.eu\/cs\/wp-json\/wp\/v2\/product\/510189\/revisions"}],"wp:featuredmedia":[{"embeddable":true,"href":"https:\/\/droix.eu\/cs\/wp-json\/wp\/v2\/media\/456581"}],"wp:attachment":[{"href":"https:\/\/droix.eu\/cs\/wp-json\/wp\/v2\/media?parent=510189"}],"wp:term":[{"taxonomy":"product_brand","embeddable":true,"href":"https:\/\/droix.eu\/cs\/wp-json\/wp\/v2\/product_brand?post=510189"},{"taxonomy":"product_cat","embeddable":true,"href":"https:\/\/droix.eu\/cs\/wp-json\/wp\/v2\/product_cat?post=510189"},{"taxonomy":"product_tag","embeddable":true,"href":"https:\/\/droix.eu\/cs\/wp-json\/wp\/v2\/product_tag?post=510189"},{"taxonomy":"woo-feed-brand","embeddable":true,"href":"https:\/\/droix.eu\/cs\/wp-json\/wp\/v2\/woo-feed-brand?post=510189"},{"taxonomy":"key-features","embeddable":true,"href":"https:\/\/droix.eu\/cs\/wp-json\/wp\/v2\/key-features?post=510189"}],"curies":[{"name":"wp","href":"https:\/\/api.w.org\/{rel}","templated":true}]}}