{"id":507602,"date":"2024-08-27T09:11:28","date_gmt":"2024-08-27T08:11:28","guid":{"rendered":"https:\/\/droix.eu\/product\/pouzdro-ayn-odin-2-mini\/"},"modified":"2026-01-20T05:49:03","modified_gmt":"2026-01-20T05:49:03","slug":"pouzdro-ayn-odin-2-mini","status":"publish","type":"product","link":"https:\/\/droix.eu\/cs\/product\/pouzdro-ayn-odin-2-mini\/","title":{"rendered":"Pouzdro AYN Odin 2 Mini"},"content":{"rendered":"<h2><strong>P\u0159edstavujeme pouzdro AYN Odin 2 Mini: P\u0159in\u00e1\u0161\u00edme v\u00e1m nov\u00fd designov\u00fd model AYNIN 2: dokonal\u00e1 ochrana a styl pro va\u0161e za\u0159\u00edzen\u00ed<\/strong><\/h2>\n<p>S pouzdrem AYN Odin 2 zv\u00fd\u0161\u00edte ochranu a styl sv\u00e9ho za\u0159\u00edzen\u00ed. Toto pouzdro je navr\u017eeno tak, aby spl\u0148ovalo po\u017eadavky modern\u00edho \u017eivotn\u00edho stylu, a nab\u00edz\u00ed dokonalou kombinaci odolnosti, funk\u010dnosti a estetiky.<\/p>\n<h2><strong>Kl\u00ed\u010dov\u00e9 vlastnosti:<\/strong><\/h2>\n<h2><strong>Pr\u00e9miov\u00e9 materi\u00e1ly:<\/strong><\/h2>\n<p>Pouzdro AYN Odin 2 Mini je vyrobeno z vysoce kvalitn\u00edch materi\u00e1l\u016f a je odoln\u00e9 proti ka\u017edodenn\u00edmu opot\u0159eben\u00ed, p\u0159i\u010dem\u017e si zachov\u00e1v\u00e1 elegantn\u00ed vzhled.<\/p>\n<h2><strong>360\u00b0 ochrana:<\/strong><\/h2>\n<p>Pouzdro AYN Odin 2 Mini poskytuje komplexn\u00ed ochranu va\u0161eho za\u0159\u00edzen\u00ed. Kryje v\u0161echny hrany a rohy a chr\u00e1n\u00ed p\u0159ed p\u00e1dy, n\u00e1razy a po\u0161kr\u00e1b\u00e1n\u00edm.<\/p>\n<h2><strong>\u0160t\u00edhl\u00fd a lehk\u00fd:<\/strong><\/h2>\n<p>Navzdory robustn\u00ed ochran\u011b z\u016fst\u00e1v\u00e1 toto pouzdro tenk\u00e9 a lehk\u00e9, tak\u017ee zachov\u00e1v\u00e1 \u0161t\u00edhl\u00fd profil va\u0161eho za\u0159\u00edzen\u00ed, ani\u017e by zbyte\u010dn\u011b zvy\u0161ovalo jeho objem.<\/p>\n<h2><strong>P\u0159esn\u00e9 p\u0159izp\u016fsoben\u00ed:<\/strong><\/h2>\n<p>Pouzdro AYN Odin 2 Mini, vyroben\u00e9 na m\u00edru pro AYN Odin 2 Mini, zaji\u0161\u0165uje pevn\u00e9 a bezpe\u010dn\u00e9 uchycen\u00ed.<\/p>\n","protected":false},"excerpt":{"rendered":"<ul>\n<li><strong>Ofici\u00e1ln\u00ed<\/strong> pouzdro AYN Odin 2 Mini<\/li>\n<li>M\u011bkk\u00e1 l\u00e1tkov\u00e1 pod\u0161\u00edvka pro <strong>v\u011bt\u0161\u00ed ochranu.<\/strong><\/li>\n<li>Elegantn\u00ed design s bezpe\u010dn\u00fdm zap\u00edn\u00e1n\u00edm na zip.<\/li>\n<\/ul>\n[droix_global_accordions]\n[cg_accordion title=\"Balen\u00ed obsahuje\"]<\/p>\n<ul>\n<li>1x pouzdro AYN Odin 2 Mini<\/li>\n<\/ul>\n<p>[\/cg_accordion]\n","protected":false},"featured_media":489789,"template":"","meta":{"_acf_changed":false},"product_brand":[],"product_cat":[10414,10092],"product_tag":[],"woo-feed-brand":[],"key-features":[],"class_list":{"0":"post-507602","1":"product","2":"type-product","3":"status-publish","4":"has-post-thumbnail","6":"product_cat-herni-prislusenstvi","7":"product_cat-prislusenstvi","8":"product_shipping_class-low-end","9":"pa_accessory-type-protective-case","10":"pa_brands-ayn-cs","12":"first","13":"instock","14":"sale","15":"taxable","16":"shipping-taxable","17":"purchasable","18":"product-type-simple"},"acf":[],"aioseo_notices":[],"aioseo_head":"\n\t\t<!-- All in One SEO Pro 4.9.5.2 - aioseo.com -->\n\t<meta name=\"description\" content=\"Ofici\u00e1ln\u00ed pouzdro AYN Odin 2 Mini M\u011bkk\u00e1 l\u00e1tkov\u00e1 pod\u0161\u00edvka pro v\u011bt\u0161\u00ed ochranu. Elegantn\u00ed design s bezpe\u010dn\u00fdm zap\u00edn\u00e1n\u00edm na zip. Balen\u00ed obsahuje 1x pouzdro AYN Odin 2 Mini\" \/>\n\t<meta name=\"robots\" content=\"max-image-preview:large\" \/>\n\t<link rel=\"canonical\" href=\"https:\/\/droix.eu\/cs\/product\/pouzdro-ayn-odin-2-mini\/\" \/>\n\t<meta name=\"generator\" content=\"All in One SEO Pro (AIOSEO) 4.9.5.2\" \/>\n\t\t<meta property=\"og:locale\" content=\"cs_CZ\" \/>\n\t\t<meta property=\"og:site_name\" content=\"DROIX EU - Get the latest Mini PCs, Ultrabook, PC Gaming Handhelds and more!\" \/>\n\t\t<meta property=\"og:type\" content=\"article\" \/>\n\t\t<meta property=\"og:title\" content=\"Pouzdro AYN Odin 2 Mini - DROIX EU\" \/>\n\t\t<meta property=\"og:description\" content=\"Ofici\u00e1ln\u00ed pouzdro AYN Odin 2 Mini M\u011bkk\u00e1 l\u00e1tkov\u00e1 pod\u0161\u00edvka pro v\u011bt\u0161\u00ed ochranu. Elegantn\u00ed design s bezpe\u010dn\u00fdm zap\u00edn\u00e1n\u00edm na zip. Balen\u00ed obsahuje 1x pouzdro AYN Odin 2 Mini\" \/>\n\t\t<meta property=\"og:url\" content=\"https:\/\/droix.eu\/cs\/product\/pouzdro-ayn-odin-2-mini\/\" \/>\n\t\t<meta property=\"og:image\" content=\"https:\/\/droix.eu\/wp-content\/uploads\/2024\/06\/droix-v2-light-logo.png\" \/>\n\t\t<meta property=\"og:image:secure_url\" content=\"https:\/\/droix.eu\/wp-content\/uploads\/2024\/06\/droix-v2-light-logo.png\" \/>\n\t\t<meta property=\"og:image:width\" content=\"380\" \/>\n\t\t<meta property=\"og:image:height\" content=\"118\" \/>\n\t\t<meta property=\"article:published_time\" content=\"2024-08-27T08:11:28+00:00\" \/>\n\t\t<meta property=\"article:modified_time\" content=\"2026-01-20T05:49:03+00:00\" \/>\n\t\t<meta property=\"article:publisher\" content=\"https:\/\/www.facebook.com\/DroiX.Store\" \/>\n\t\t<meta name=\"twitter:card\" content=\"summary_large_image\" \/>\n\t\t<meta name=\"twitter:site\" content=\"@DroiX_Store\" \/>\n\t\t<meta name=\"twitter:title\" content=\"Pouzdro AYN Odin 2 Mini - DROIX EU\" \/>\n\t\t<meta name=\"twitter:description\" content=\"Ofici\u00e1ln\u00ed pouzdro AYN Odin 2 Mini M\u011bkk\u00e1 l\u00e1tkov\u00e1 pod\u0161\u00edvka pro v\u011bt\u0161\u00ed ochranu. Elegantn\u00ed design s bezpe\u010dn\u00fdm zap\u00edn\u00e1n\u00edm na zip. Balen\u00ed obsahuje 1x pouzdro AYN Odin 2 Mini\" \/>\n\t\t<meta name=\"twitter:image\" content=\"https:\/\/droix.eu\/wp-content\/uploads\/2024\/06\/droix-v2-light-logo.png\" \/>\n\t\t<script type=\"application\/ld+json\" class=\"aioseo-schema\">\n\t\t\t{\"@context\":\"https:\\\/\\\/schema.org\",\"@graph\":[{\"@type\":\"BreadcrumbList\",\"@id\":\"https:\\\/\\\/droix.eu\\\/cs\\\/product\\\/pouzdro-ayn-odin-2-mini\\\/#breadcrumblist\",\"itemListElement\":[{\"@type\":\"ListItem\",\"@id\":\"https:\\\/\\\/droix.eu\\\/cs\\\/#listItem\",\"position\":1,\"name\":\"Home\",\"item\":\"https:\\\/\\\/droix.eu\\\/cs\\\/\",\"nextItem\":{\"@type\":\"ListItem\",\"@id\":\"https:\\\/\\\/droix.eu\\\/cs\\\/product-category\\\/prislusenstvi\\\/#listItem\",\"name\":\"P\\u0159\\u00edslu\\u0161enstv\\u00ed\"}},{\"@type\":\"ListItem\",\"@id\":\"https:\\\/\\\/droix.eu\\\/cs\\\/product-category\\\/prislusenstvi\\\/#listItem\",\"position\":2,\"name\":\"P\\u0159\\u00edslu\\u0161enstv\\u00ed\",\"item\":\"https:\\\/\\\/droix.eu\\\/cs\\\/product-category\\\/prislusenstvi\\\/\",\"nextItem\":{\"@type\":\"ListItem\",\"@id\":\"https:\\\/\\\/droix.eu\\\/cs\\\/product-category\\\/prislusenstvi\\\/herni-prislusenstvi\\\/#listItem\",\"name\":\"Hern\\u00ed p\\u0159\\u00edslu\\u0161enstv\\u00ed\"},\"previousItem\":{\"@type\":\"ListItem\",\"@id\":\"https:\\\/\\\/droix.eu\\\/cs\\\/#listItem\",\"name\":\"Home\"}},{\"@type\":\"ListItem\",\"@id\":\"https:\\\/\\\/droix.eu\\\/cs\\\/product-category\\\/prislusenstvi\\\/herni-prislusenstvi\\\/#listItem\",\"position\":3,\"name\":\"Hern\\u00ed p\\u0159\\u00edslu\\u0161enstv\\u00ed\",\"item\":\"https:\\\/\\\/droix.eu\\\/cs\\\/product-category\\\/prislusenstvi\\\/herni-prislusenstvi\\\/\",\"nextItem\":{\"@type\":\"ListItem\",\"@id\":\"https:\\\/\\\/droix.eu\\\/cs\\\/product\\\/pouzdro-ayn-odin-2-mini\\\/#listItem\",\"name\":\"Pouzdro AYN Odin 2 Mini\"},\"previousItem\":{\"@type\":\"ListItem\",\"@id\":\"https:\\\/\\\/droix.eu\\\/cs\\\/product-category\\\/prislusenstvi\\\/#listItem\",\"name\":\"P\\u0159\\u00edslu\\u0161enstv\\u00ed\"}},{\"@type\":\"ListItem\",\"@id\":\"https:\\\/\\\/droix.eu\\\/cs\\\/product\\\/pouzdro-ayn-odin-2-mini\\\/#listItem\",\"position\":4,\"name\":\"Pouzdro AYN Odin 2 Mini\",\"previousItem\":{\"@type\":\"ListItem\",\"@id\":\"https:\\\/\\\/droix.eu\\\/cs\\\/product-category\\\/prislusenstvi\\\/herni-prislusenstvi\\\/#listItem\",\"name\":\"Hern\\u00ed p\\u0159\\u00edslu\\u0161enstv\\u00ed\"}}]},{\"@type\":\"Organization\",\"@id\":\"https:\\\/\\\/droix.eu\\\/cs\\\/#organization\",\"name\":\"DroiX \\u2013 Trusted EU Tech Retailer with 12+ Years Experience\",\"description\":\"DroiX is a leading European technology retailer with over 12 years of experience, offering quality mini PCs, handheld gaming consoles, and tech accessories. We provide hassle-free EU delivery with all taxes included, ensuring a smooth and reliable shopping experience for our customers across Europe.\",\"url\":\"https:\\\/\\\/droix.eu\\\/cs\\\/\",\"logo\":{\"@type\":\"ImageObject\",\"url\":\"https:\\\/\\\/droix.eu\\\/wp-content\\\/uploads\\\/2024\\\/06\\\/droix-v2-light-logo.png\",\"@id\":\"https:\\\/\\\/droix.eu\\\/cs\\\/product\\\/pouzdro-ayn-odin-2-mini\\\/#organizationLogo\",\"width\":380,\"height\":118},\"image\":{\"@id\":\"https:\\\/\\\/droix.eu\\\/cs\\\/product\\\/pouzdro-ayn-odin-2-mini\\\/#organizationLogo\"},\"sameAs\":[\"https:\\\/\\\/www.facebook.com\\\/DroiX.Store\",\"https:\\\/\\\/twitter.com\\\/DroiX_Store\",\"https:\\\/\\\/www.instagram.com\\\/droix.store\\\/\",\"https:\\\/\\\/www.tiktok.com\\\/@droix.store\",\"https:\\\/\\\/www.youtube.com\\\/c\\\/DroiX_Store\",\"https:\\\/\\\/uk.linkedin.com\\\/company\\\/droix\"]},{\"@type\":\"Product\",\"@id\":\"https:\\\/\\\/droix.eu\\\/cs\\\/product\\\/pouzdro-ayn-odin-2-mini\\\/#wooCommerceProduct\",\"name\":\"Pouzdro AYN Odin 2 Mini\",\"description\":\"Ofici\\u00e1ln\\u00ed pouzdro AYN Odin 2 Mini\\n \\tM\\u011bkk\\u00e1 l\\u00e1tkov\\u00e1 pod\\u0161\\u00edvka pro v\\u011bt\\u0161\\u00ed ochranu.\\n \\tElegantn\\u00ed design s bezpe\\u010dn\\u00fdm zap\\u00edn\\u00e1n\\u00edm na zip.\",\"url\":\"https:\\\/\\\/droix.eu\\\/cs\\\/product\\\/pouzdro-ayn-odin-2-mini\\\/\",\"sku\":\"AYN-ODIN-2-MINI-CASE\",\"gtin\":\"5060763679733\",\"image\":{\"@type\":\"ImageObject\",\"url\":\"https:\\\/\\\/droix.eu\\\/wp-content\\\/uploads\\\/2024\\\/08\\\/Layer-1.png\",\"@id\":\"https:\\\/\\\/droix.eu\\\/cs\\\/product\\\/pouzdro-ayn-odin-2-mini\\\/#productImage\",\"width\":1500,\"height\":1500},\"offers\":{\"@type\":\"Offer\",\"url\":\"https:\\\/\\\/droix.eu\\\/cs\\\/product\\\/pouzdro-ayn-odin-2-mini\\\/#wooCommerceOffer\",\"price\":25.77,\"priceCurrency\":\"EUR\",\"category\":\"Hern\\u00ed p\\u0159\\u00edslu\\u0161enstv\\u00ed\",\"availability\":\"https:\\\/\\\/schema.org\\\/InStock\",\"priceSpecification\":{\"@type\":\"PriceSpecification\",\"price\":25.77,\"priceCurrency\":\"EUR\",\"valueAddedTaxIncluded\":\"true\"},\"seller\":{\"@type\":\"Organization\",\"@id\":\"https:\\\/\\\/droix.eu\\\/cs\\\/#organization\"}}},{\"@type\":\"WebPage\",\"@id\":\"https:\\\/\\\/droix.eu\\\/cs\\\/product\\\/pouzdro-ayn-odin-2-mini\\\/#webpage\",\"url\":\"https:\\\/\\\/droix.eu\\\/cs\\\/product\\\/pouzdro-ayn-odin-2-mini\\\/\",\"name\":\"Pouzdro AYN Odin 2 Mini - DROIX EU\",\"description\":\"Ofici\\u00e1ln\\u00ed pouzdro AYN Odin 2 Mini M\\u011bkk\\u00e1 l\\u00e1tkov\\u00e1 pod\\u0161\\u00edvka pro v\\u011bt\\u0161\\u00ed ochranu. Elegantn\\u00ed design s bezpe\\u010dn\\u00fdm zap\\u00edn\\u00e1n\\u00edm na zip. Balen\\u00ed obsahuje 1x pouzdro AYN Odin 2 Mini\",\"inLanguage\":\"cs-CZ\",\"isPartOf\":{\"@id\":\"https:\\\/\\\/droix.eu\\\/cs\\\/#website\"},\"breadcrumb\":{\"@id\":\"https:\\\/\\\/droix.eu\\\/cs\\\/product\\\/pouzdro-ayn-odin-2-mini\\\/#breadcrumblist\"},\"image\":{\"@type\":\"ImageObject\",\"url\":\"https:\\\/\\\/droix.eu\\\/wp-content\\\/uploads\\\/2024\\\/08\\\/Layer-1.png\",\"@id\":\"https:\\\/\\\/droix.eu\\\/cs\\\/product\\\/pouzdro-ayn-odin-2-mini\\\/#mainImage\",\"width\":1500,\"height\":1500},\"primaryImageOfPage\":{\"@id\":\"https:\\\/\\\/droix.eu\\\/cs\\\/product\\\/pouzdro-ayn-odin-2-mini\\\/#mainImage\"},\"datePublished\":\"2024-08-27T09:11:28+01:00\",\"dateModified\":\"2026-01-20T05:49:03+00:00\"},{\"@type\":\"WebSite\",\"@id\":\"https:\\\/\\\/droix.eu\\\/cs\\\/#website\",\"url\":\"https:\\\/\\\/droix.eu\\\/cs\\\/\",\"name\":\"DROIX EU\",\"description\":\"Get the latest Mini PCs, Ultrabook, PC Gaming Handhelds and more!\",\"inLanguage\":\"cs-CZ\",\"publisher\":{\"@id\":\"https:\\\/\\\/droix.eu\\\/cs\\\/#organization\"}}]}\n\t\t<\/script>\n\t\t<!-- All in One SEO Pro -->\r\n\t\t<title>Pouzdro AYN Odin 2 Mini - DROIX EU<\/title>\n\n","aioseo_head_json":{"title":"Pouzdro AYN Odin 2 Mini - DROIX EU","description":"Ofici\u00e1ln\u00ed pouzdro AYN Odin 2 Mini M\u011bkk\u00e1 l\u00e1tkov\u00e1 pod\u0161\u00edvka pro v\u011bt\u0161\u00ed ochranu. Elegantn\u00ed design s bezpe\u010dn\u00fdm zap\u00edn\u00e1n\u00edm na zip. Balen\u00ed obsahuje 1x pouzdro AYN Odin 2 Mini","canonical_url":"https:\/\/droix.eu\/cs\/product\/pouzdro-ayn-odin-2-mini\/","robots":"max-image-preview:large","keywords":"","webmasterTools":{"miscellaneous":""},"schema":{"@context":"https:\/\/schema.org","@graph":[{"@type":"BreadcrumbList","@id":"https:\/\/droix.eu\/cs\/product\/pouzdro-ayn-odin-2-mini\/#breadcrumblist","itemListElement":[{"@type":"ListItem","@id":"https:\/\/droix.eu\/cs\/#listItem","position":1,"name":"Home","item":"https:\/\/droix.eu\/cs\/","nextItem":{"@type":"ListItem","@id":"https:\/\/droix.eu\/cs\/product-category\/prislusenstvi\/#listItem","name":"P\u0159\u00edslu\u0161enstv\u00ed"}},{"@type":"ListItem","@id":"https:\/\/droix.eu\/cs\/product-category\/prislusenstvi\/#listItem","position":2,"name":"P\u0159\u00edslu\u0161enstv\u00ed","item":"https:\/\/droix.eu\/cs\/product-category\/prislusenstvi\/","nextItem":{"@type":"ListItem","@id":"https:\/\/droix.eu\/cs\/product-category\/prislusenstvi\/herni-prislusenstvi\/#listItem","name":"Hern\u00ed p\u0159\u00edslu\u0161enstv\u00ed"},"previousItem":{"@type":"ListItem","@id":"https:\/\/droix.eu\/cs\/#listItem","name":"Home"}},{"@type":"ListItem","@id":"https:\/\/droix.eu\/cs\/product-category\/prislusenstvi\/herni-prislusenstvi\/#listItem","position":3,"name":"Hern\u00ed p\u0159\u00edslu\u0161enstv\u00ed","item":"https:\/\/droix.eu\/cs\/product-category\/prislusenstvi\/herni-prislusenstvi\/","nextItem":{"@type":"ListItem","@id":"https:\/\/droix.eu\/cs\/product\/pouzdro-ayn-odin-2-mini\/#listItem","name":"Pouzdro AYN Odin 2 Mini"},"previousItem":{"@type":"ListItem","@id":"https:\/\/droix.eu\/cs\/product-category\/prislusenstvi\/#listItem","name":"P\u0159\u00edslu\u0161enstv\u00ed"}},{"@type":"ListItem","@id":"https:\/\/droix.eu\/cs\/product\/pouzdro-ayn-odin-2-mini\/#listItem","position":4,"name":"Pouzdro AYN Odin 2 Mini","previousItem":{"@type":"ListItem","@id":"https:\/\/droix.eu\/cs\/product-category\/prislusenstvi\/herni-prislusenstvi\/#listItem","name":"Hern\u00ed p\u0159\u00edslu\u0161enstv\u00ed"}}]},{"@type":"Organization","@id":"https:\/\/droix.eu\/cs\/#organization","name":"DroiX \u2013 Trusted EU Tech Retailer with 12+ Years Experience","description":"DroiX is a leading European technology retailer with over 12 years of experience, offering quality mini PCs, handheld gaming consoles, and tech accessories. We provide hassle-free EU delivery with all taxes included, ensuring a smooth and reliable shopping experience for our customers across Europe.","url":"https:\/\/droix.eu\/cs\/","logo":{"@type":"ImageObject","url":"https:\/\/droix.eu\/wp-content\/uploads\/2024\/06\/droix-v2-light-logo.png","@id":"https:\/\/droix.eu\/cs\/product\/pouzdro-ayn-odin-2-mini\/#organizationLogo","width":380,"height":118},"image":{"@id":"https:\/\/droix.eu\/cs\/product\/pouzdro-ayn-odin-2-mini\/#organizationLogo"},"sameAs":["https:\/\/www.facebook.com\/DroiX.Store","https:\/\/twitter.com\/DroiX_Store","https:\/\/www.instagram.com\/droix.store\/","https:\/\/www.tiktok.com\/@droix.store","https:\/\/www.youtube.com\/c\/DroiX_Store","https:\/\/uk.linkedin.com\/company\/droix"]},{"@type":"Product","@id":"https:\/\/droix.eu\/cs\/product\/pouzdro-ayn-odin-2-mini\/#wooCommerceProduct","name":"Pouzdro AYN Odin 2 Mini","description":"Ofici\u00e1ln\u00ed pouzdro AYN Odin 2 Mini\n \tM\u011bkk\u00e1 l\u00e1tkov\u00e1 pod\u0161\u00edvka pro v\u011bt\u0161\u00ed ochranu.\n \tElegantn\u00ed design s bezpe\u010dn\u00fdm zap\u00edn\u00e1n\u00edm na zip.","url":"https:\/\/droix.eu\/cs\/product\/pouzdro-ayn-odin-2-mini\/","sku":"AYN-ODIN-2-MINI-CASE","gtin":"5060763679733","image":{"@type":"ImageObject","url":"https:\/\/droix.eu\/wp-content\/uploads\/2024\/08\/Layer-1.png","@id":"https:\/\/droix.eu\/cs\/product\/pouzdro-ayn-odin-2-mini\/#productImage","width":1500,"height":1500},"offers":{"@type":"Offer","url":"https:\/\/droix.eu\/cs\/product\/pouzdro-ayn-odin-2-mini\/#wooCommerceOffer","price":25.77,"priceCurrency":"EUR","category":"Hern\u00ed p\u0159\u00edslu\u0161enstv\u00ed","availability":"https:\/\/schema.org\/InStock","priceSpecification":{"@type":"PriceSpecification","price":25.77,"priceCurrency":"EUR","valueAddedTaxIncluded":"true"},"seller":{"@type":"Organization","@id":"https:\/\/droix.eu\/cs\/#organization"}}},{"@type":"WebPage","@id":"https:\/\/droix.eu\/cs\/product\/pouzdro-ayn-odin-2-mini\/#webpage","url":"https:\/\/droix.eu\/cs\/product\/pouzdro-ayn-odin-2-mini\/","name":"Pouzdro AYN Odin 2 Mini - DROIX EU","description":"Ofici\u00e1ln\u00ed pouzdro AYN Odin 2 Mini M\u011bkk\u00e1 l\u00e1tkov\u00e1 pod\u0161\u00edvka pro v\u011bt\u0161\u00ed ochranu. Elegantn\u00ed design s bezpe\u010dn\u00fdm zap\u00edn\u00e1n\u00edm na zip. Balen\u00ed obsahuje 1x pouzdro AYN Odin 2 Mini","inLanguage":"cs-CZ","isPartOf":{"@id":"https:\/\/droix.eu\/cs\/#website"},"breadcrumb":{"@id":"https:\/\/droix.eu\/cs\/product\/pouzdro-ayn-odin-2-mini\/#breadcrumblist"},"image":{"@type":"ImageObject","url":"https:\/\/droix.eu\/wp-content\/uploads\/2024\/08\/Layer-1.png","@id":"https:\/\/droix.eu\/cs\/product\/pouzdro-ayn-odin-2-mini\/#mainImage","width":1500,"height":1500},"primaryImageOfPage":{"@id":"https:\/\/droix.eu\/cs\/product\/pouzdro-ayn-odin-2-mini\/#mainImage"},"datePublished":"2024-08-27T09:11:28+01:00","dateModified":"2026-01-20T05:49:03+00:00"},{"@type":"WebSite","@id":"https:\/\/droix.eu\/cs\/#website","url":"https:\/\/droix.eu\/cs\/","name":"DROIX EU","description":"Get the latest Mini PCs, Ultrabook, PC Gaming Handhelds and more!","inLanguage":"cs-CZ","publisher":{"@id":"https:\/\/droix.eu\/cs\/#organization"}}]},"og:locale":"cs_CZ","og:site_name":"DROIX EU - Get the latest Mini PCs, Ultrabook, PC Gaming Handhelds and more!","og:type":"article","og:title":"Pouzdro AYN Odin 2 Mini - DROIX EU","og:description":"Ofici\u00e1ln\u00ed pouzdro AYN Odin 2 Mini M\u011bkk\u00e1 l\u00e1tkov\u00e1 pod\u0161\u00edvka pro v\u011bt\u0161\u00ed ochranu. Elegantn\u00ed design s bezpe\u010dn\u00fdm zap\u00edn\u00e1n\u00edm na zip. Balen\u00ed obsahuje 1x pouzdro AYN Odin 2 Mini","og:url":"https:\/\/droix.eu\/cs\/product\/pouzdro-ayn-odin-2-mini\/","og:image":"https:\/\/droix.eu\/wp-content\/uploads\/2024\/06\/droix-v2-light-logo.png","og:image:secure_url":"https:\/\/droix.eu\/wp-content\/uploads\/2024\/06\/droix-v2-light-logo.png","og:image:width":380,"og:image:height":118,"article:published_time":"2024-08-27T08:11:28+00:00","article:modified_time":"2026-01-20T05:49:03+00:00","article:publisher":"https:\/\/www.facebook.com\/DroiX.Store","twitter:card":"summary_large_image","twitter:site":"@DroiX_Store","twitter:title":"Pouzdro AYN Odin 2 Mini - DROIX EU","twitter:description":"Ofici\u00e1ln\u00ed pouzdro AYN Odin 2 Mini M\u011bkk\u00e1 l\u00e1tkov\u00e1 pod\u0161\u00edvka pro v\u011bt\u0161\u00ed ochranu. Elegantn\u00ed design s bezpe\u010dn\u00fdm zap\u00edn\u00e1n\u00edm na zip. Balen\u00ed obsahuje 1x pouzdro AYN Odin 2 Mini","twitter:image":"https:\/\/droix.eu\/wp-content\/uploads\/2024\/06\/droix-v2-light-logo.png"},"aioseo_meta_data":{"post_id":"507602","title":null,"description":null,"keywords":null,"keyphrases":null,"primary_term":null,"canonical_url":null,"og_title":null,"og_description":null,"og_object_type":"default","og_image_type":"default","og_image_url":null,"og_image_width":null,"og_image_height":null,"og_image_custom_url":null,"og_image_custom_fields":null,"og_video":null,"og_custom_url":null,"og_article_section":null,"og_article_tags":null,"twitter_use_og":true,"twitter_card":"default","twitter_image_type":"default","twitter_image_url":null,"twitter_image_custom_url":null,"twitter_image_custom_fields":null,"twitter_title":null,"twitter_description":null,"schema":{"blockGraphs":[],"customGraphs":[],"default":{"data":{"Article":[],"Course":[],"Dataset":[],"FAQPage":[],"Movie":[],"Person":[],"Product":[],"ProductReview":[],"Car":[],"Recipe":[],"Service":[],"SoftwareApplication":[],"WebPage":[]},"graphName":"Product","isEnabled":true},"graphs":[]},"schema_type":"default","schema_type_options":null,"pillar_content":false,"robots_default":true,"robots_noindex":false,"robots_noarchive":false,"robots_nosnippet":false,"robots_nofollow":false,"robots_noimageindex":false,"robots_noodp":false,"robots_notranslate":false,"robots_max_snippet":null,"robots_max_videopreview":null,"robots_max_imagepreview":"large","priority":null,"frequency":null,"local_seo":null,"seo_analyzer_scan_date":"2025-10-24 21:54:58","breadcrumb_settings":null,"limit_modified_date":false,"reviewed_by":null,"open_ai":null,"ai":null,"created":"2025-10-09 06:21:21","updated":"2026-01-24 08:42:49"},"aioseo_breadcrumb":"<div class=\"aioseo-breadcrumbs\"><span class=\"aioseo-breadcrumb\">\n\t<a href=\"https:\/\/droix.eu\/cs\/\" title=\"Home\">Home<\/a>\n<\/span><span class=\"aioseo-breadcrumb-separator\">&raquo;<\/span><span class=\"aioseo-breadcrumb\">\n\t<a href=\"https:\/\/droix.eu\/cs\/product-category\/prislusenstvi\/\" title=\"P\u0159\u00edslu\u0161enstv\u00ed\">P\u0159\u00edslu\u0161enstv\u00ed<\/a>\n<\/span><span class=\"aioseo-breadcrumb-separator\">&raquo;<\/span><span class=\"aioseo-breadcrumb\">\n\t<a href=\"https:\/\/droix.eu\/cs\/product-category\/prislusenstvi\/herni-prislusenstvi\/\" title=\"Hern\u00ed p\u0159\u00edslu\u0161enstv\u00ed\">Hern\u00ed p\u0159\u00edslu\u0161enstv\u00ed<\/a>\n<\/span><span class=\"aioseo-breadcrumb-separator\">&raquo;<\/span><span class=\"aioseo-breadcrumb\">\n\tPouzdro AYN Odin 2 Mini\n<\/span><\/div>","aioseo_breadcrumb_json":[{"label":"Home","link":"https:\/\/droix.eu\/cs\/"},{"label":"P\u0159\u00edslu\u0161enstv\u00ed","link":"https:\/\/droix.eu\/cs\/product-category\/prislusenstvi\/"},{"label":"Hern\u00ed p\u0159\u00edslu\u0161enstv\u00ed","link":"https:\/\/droix.eu\/cs\/product-category\/prislusenstvi\/herni-prislusenstvi\/"},{"label":"Pouzdro AYN Odin 2 Mini","link":"https:\/\/droix.eu\/cs\/product\/pouzdro-ayn-odin-2-mini\/"}],"_links":{"self":[{"href":"https:\/\/droix.eu\/cs\/wp-json\/wp\/v2\/product\/507602","targetHints":{"allow":["GET"]}}],"collection":[{"href":"https:\/\/droix.eu\/cs\/wp-json\/wp\/v2\/product"}],"about":[{"href":"https:\/\/droix.eu\/cs\/wp-json\/wp\/v2\/types\/product"}],"version-history":[{"count":0,"href":"https:\/\/droix.eu\/cs\/wp-json\/wp\/v2\/product\/507602\/revisions"}],"wp:featuredmedia":[{"embeddable":true,"href":"https:\/\/droix.eu\/cs\/wp-json\/wp\/v2\/media\/489789"}],"wp:attachment":[{"href":"https:\/\/droix.eu\/cs\/wp-json\/wp\/v2\/media?parent=507602"}],"wp:term":[{"taxonomy":"product_brand","embeddable":true,"href":"https:\/\/droix.eu\/cs\/wp-json\/wp\/v2\/product_brand?post=507602"},{"taxonomy":"product_cat","embeddable":true,"href":"https:\/\/droix.eu\/cs\/wp-json\/wp\/v2\/product_cat?post=507602"},{"taxonomy":"product_tag","embeddable":true,"href":"https:\/\/droix.eu\/cs\/wp-json\/wp\/v2\/product_tag?post=507602"},{"taxonomy":"woo-feed-brand","embeddable":true,"href":"https:\/\/droix.eu\/cs\/wp-json\/wp\/v2\/woo-feed-brand?post=507602"},{"taxonomy":"key-features","embeddable":true,"href":"https:\/\/droix.eu\/cs\/wp-json\/wp\/v2\/key-features?post=507602"}],"curies":[{"name":"wp","href":"https:\/\/api.w.org\/{rel}","templated":true}]}}