{"id":505770,"date":"2024-11-28T09:28:43","date_gmt":"2024-11-28T09:28:43","guid":{"rendered":"https:\/\/droix.eu\/product\/modul-gpd-pocket-4-rs-232\/"},"modified":"2026-04-09T23:36:10","modified_gmt":"2026-04-09T22:36:10","slug":"modul-gpd-pocket-4-rs-232","status":"publish","type":"product","link":"https:\/\/droix.eu\/cs\/product\/modul-gpd-pocket-4-rs-232\/","title":{"rendered":"Modul GPD Pocket 4 RS-232"},"content":{"rendered":"\n<p>GPD Pocket 4 nab\u00edz\u00ed jako volitelnou funkci exkluzivn\u00ed modul RS-232, kter\u00fd u\u017eivatel\u016fm umo\u017e\u0148uje p\u0159ipojen\u00ed k \u0161irok\u00e9 \u0161k\u00e1le s\u00e9riov\u00fdch za\u0159\u00edzen\u00ed.<\/p>\n\n<p><\/p>\n","protected":false},"excerpt":{"rendered":"<ul>\n<li><strong>Ofici\u00e1ln\u00ed p\u0159\u00edslu\u0161enstv\u00ed GPD<\/strong><\/li>\n<li>Roz\u0161i\u0159uj\u00edc\u00ed modul <strong>RS-232<\/strong> <\/li>\n<li>P\u0159ipojen\u00ed k <strong>s\u00e9riov\u00fdm<\/strong> za\u0159\u00edzen\u00edm<\/li>\n<li>Snadn\u00e1 instalace do<strong> GPD Pocket 4<\/strong><\/li>\n<\/ul>\n[cg_accordion title=\"2let\u00e1 z\u00e1ruka na v\u0161echny produkty GPD\"]<\/p>\n<p>Na v\u0161echny v\u00fdrobky GPD se vztahuje dvoulet\u00e1 z\u00e1ruka a v\u00edce ne\u017e 13 let spolehliv\u00e9ho servisu. P\u0159ipojte se k na\u0161\u00ed komunit\u011b v\u00edce ne\u017e 500 000 spokojen\u00fdch z\u00e1kazn\u00edk\u016f a bu\u010fte si jisti sv\u00fdm n\u00e1kupem. [\/cg_accordion]\n[cg_accordion title=\"Zaji\u0161t\u011bn\u00ed kvality a p\u0159edexpedi\u010dn\u00ed testov\u00e1n\u00ed\"]<\/p>\n<p>Zaji\u0161t\u011bn\u00ed spokojenosti z\u00e1kazn\u00edk\u016f na nejvy\u0161\u0161\u00ed \u00farovni: P\u0159ed odesl\u00e1n\u00edm proch\u00e1z\u00ed ka\u017ed\u00e9 za\u0159\u00edzen\u00ed p\u0159\u00edsn\u00fdm testov\u00e1n\u00edm a v\u00edcebodovou kontrolou kvality. N\u00e1\u0161 specializovan\u00fd t\u00fdm ov\u011b\u0159uje v\u00fdkon, funk\u010dnost a integritu sou\u010d\u00e1st\u00ed, aby bylo zaru\u010deno, \u017ee va\u0161e za\u0159\u00edzen\u00ed GPD je p\u0159i doru\u010den\u00ed v perfektn\u00edm funk\u010dn\u00edm stavu, co\u017e v\u00e1m poskytne jistotu a klid. [\/cg_accordion]\n[cg_accordion title=\"Flexibiln\u00ed a bezpe\u010dn\u00e9 mo\u017enosti platby\"]<\/p>\n<p>S na\u0161\u00edm zabezpe\u010den\u00fdm pokladn\u00edm syst\u00e9mem m\u016f\u017eete b\u00fdt v klidu. Podporujeme v\u0161echny hlavn\u00ed platebn\u00ed metody, v\u010detn\u011b debetn\u00edch\/kreditn\u00edch karet, PayPal, Apple Pay, Google Pay, Klarna, Afterpay a Affirm, a d\u00e1v\u00e1me v\u00e1m tak mo\u017enost platit podle va\u0161ich p\u0159edstav, a\u0165 u\u017e p\u0159edem, nebo ve snadn\u00fdch spl\u00e1tk\u00e1ch. [\/cg_accordion]\n[cg_accordion title=\"Dan\u011b\"]<\/p>\n<p>Ceny jsou uvedeny v\u010detn\u011b p\u0159\u00edslu\u0161n\u00e9 DPH, kter\u00e1 m\u016f\u017ee v z\u00e1vislosti na zemi \u010dinit a\u017e 25 %. P\u0159esn\u00e1 \u010d\u00e1stka je uvedena b\u011bhem objedn\u00e1vky, aby byla zaji\u0161t\u011bna \u00fapln\u00e1 transparentnost. [\/cg_accordion]\n[cg_accordion title=\"P\u0159eprava a vr\u00e1cen\u00ed zbo\u017e\u00ed\"]<\/p>\n<p>Spolupracujeme s v\u00edce ne\u017e 10 d\u016fv\u011bryhodn\u00fdmi p\u0159epravn\u00edmi partnery, abychom zajistili, \u017ee va\u0161e objedn\u00e1vka doraz\u00ed rychle, bezpe\u010dn\u011b a spolehliv\u011b.<\/p>\n<p>Pou\u017e\u00edv\u00e1me expresn\u00ed p\u0159epravu DDP (Delivered Duty Paid). To znamen\u00e1: <\/p>\n<li>Ve\u0161ker\u00e1 cla a dan\u011b jsou ji\u017e zahrnuty v uveden\u00e9 cen\u011b produktu.<\/li>\n<li>P\u0159i doru\u010den\u00ed v\u00e1s ne\u010dekaj\u00ed \u017e\u00e1dn\u00e9 p\u0159ekvapiv\u00e9 poplatky.<\/li>\n<li>Ve vz\u00e1cn\u00fdch p\u0159\u00edpadech, kdy dojde k celn\u00edmu zpo\u017ed\u011bn\u00ed, n\u00e1\u0161 t\u00fdm za\u0159\u00edd\u00ed proces odbaven\u00ed a zajist\u00ed hladk\u00fd pr\u016fb\u011bh doru\u010den\u00ed.<\/li>\n<p>D\u016fle\u017eit\u00e9 informace o vr\u00e1cen\u00ed zbo\u017e\u00ed:<\/p>\n<li>Pokud objedn\u00e1vku vr\u00e1t\u00edte nebo po\u017e\u00e1d\u00e1te o vr\u00e1cen\u00ed pen\u011bz, upozor\u0148ujeme, \u017ee dan\u011b a cla zaplacen\u00e9 za v\u00e1s podle podm\u00ednek DDP se nevracej\u00ed.<\/li>\n<p>Podrobn\u00e9 informace naleznete v na\u0161ich <a href=\"https:\/\/droix.eu\/cs\/podminky-a-pravidla\/\" target=\"_blank\" rel=\"nofollow noopener\">smluvn\u00edch podm\u00ednk\u00e1ch<\/a>.\n<\/ul>\n<p>[\/cg_accordion]\n[cg_accordion title=\"Z\u00e1kaznick\u00e1 podpora\"]<\/p>\n<p>M\u00e1te dotaz? V\u00e1\u0161 probl\u00e9m vy\u0159e\u0161\u00edme kr\u00e1tkou textovou zpr\u00e1vou! [\/cg_accordion]\n[cg_accordion title=\"Balen\u00ed obsahuje\"]<\/p>\n<ul>\n<li>1x modul RS-232<\/li>\n<\/ul>\n<p>[\/cg_accordion]\n","protected":false},"featured_media":495518,"template":"","meta":{"_acf_changed":false},"product_brand":[],"product_cat":[10092,10093],"product_tag":[],"woo-feed-brand":[],"key-features":[],"class_list":{"0":"post-505770","1":"product","2":"type-product","3":"status-publish","4":"has-post-thumbnail","6":"product_cat-prislusenstvi","7":"product_cat-prislusenstvi-k-notebookum","8":"product_shipping_class-low-end","9":"pa_accessory-type-add-ons","10":"pa_brands-gpd-cs","11":"pa_compatibility-gpd-pocket-4-cs","13":"first","14":"instock","15":"sale","16":"taxable","17":"shipping-taxable","18":"purchasable","19":"product-type-simple"},"acf":[],"aioseo_notices":[],"aioseo_head":"\n\t\t<!-- All in One SEO Pro 4.9.5.2 - aioseo.com -->\n\t<meta name=\"description\" content=\"Ofici\u00e1ln\u00ed p\u0159\u00edslu\u0161enstv\u00ed GPD Roz\u0161i\u0159uj\u00edc\u00ed modul RS-232 P\u0159ipojen\u00ed k s\u00e9riov\u00fdm za\u0159\u00edzen\u00edm Snadn\u00e1 instalace do GPD Pocket 4\" \/>\n\t<meta name=\"robots\" content=\"max-image-preview:large\" \/>\n\t<link rel=\"canonical\" href=\"https:\/\/droix.eu\/cs\/product\/modul-gpd-pocket-4-rs-232\/\" \/>\n\t<meta name=\"generator\" content=\"All in One SEO Pro (AIOSEO) 4.9.5.2\" \/>\n\t\t<meta property=\"og:locale\" content=\"cs_CZ\" \/>\n\t\t<meta property=\"og:site_name\" content=\"DROIX EU - Get the latest Mini PCs, Ultrabook, PC Gaming Handhelds and more!\" \/>\n\t\t<meta property=\"og:type\" content=\"article\" \/>\n\t\t<meta property=\"og:title\" content=\"Modul GPD Pocket 4 RS-232 - DROIX EU\" \/>\n\t\t<meta property=\"og:description\" content=\"Ofici\u00e1ln\u00ed p\u0159\u00edslu\u0161enstv\u00ed GPD Roz\u0161i\u0159uj\u00edc\u00ed modul RS-232 P\u0159ipojen\u00ed k s\u00e9riov\u00fdm za\u0159\u00edzen\u00edm Snadn\u00e1 instalace do GPD Pocket 4\" \/>\n\t\t<meta property=\"og:url\" content=\"https:\/\/droix.eu\/cs\/product\/modul-gpd-pocket-4-rs-232\/\" \/>\n\t\t<meta property=\"og:image\" content=\"https:\/\/droix.eu\/wp-content\/uploads\/2024\/06\/droix-v2-light-logo.png\" \/>\n\t\t<meta property=\"og:image:secure_url\" content=\"https:\/\/droix.eu\/wp-content\/uploads\/2024\/06\/droix-v2-light-logo.png\" \/>\n\t\t<meta property=\"og:image:width\" content=\"380\" \/>\n\t\t<meta property=\"og:image:height\" content=\"118\" \/>\n\t\t<meta property=\"article:published_time\" content=\"2024-11-28T09:28:43+00:00\" \/>\n\t\t<meta property=\"article:modified_time\" content=\"2026-04-09T22:36:10+00:00\" \/>\n\t\t<meta property=\"article:publisher\" content=\"https:\/\/www.facebook.com\/DroiX.Store\" \/>\n\t\t<meta name=\"twitter:card\" content=\"summary_large_image\" \/>\n\t\t<meta name=\"twitter:site\" content=\"@DroiX_Store\" \/>\n\t\t<meta name=\"twitter:title\" content=\"Modul GPD Pocket 4 RS-232 - DROIX EU\" \/>\n\t\t<meta name=\"twitter:description\" content=\"Ofici\u00e1ln\u00ed p\u0159\u00edslu\u0161enstv\u00ed GPD Roz\u0161i\u0159uj\u00edc\u00ed modul RS-232 P\u0159ipojen\u00ed k s\u00e9riov\u00fdm za\u0159\u00edzen\u00edm Snadn\u00e1 instalace do GPD Pocket 4\" \/>\n\t\t<meta name=\"twitter:image\" content=\"https:\/\/droix.eu\/wp-content\/uploads\/2024\/06\/droix-v2-light-logo.png\" \/>\n\t\t<script type=\"application\/ld+json\" class=\"aioseo-schema\">\n\t\t\t{\"@context\":\"https:\\\/\\\/schema.org\",\"@graph\":[{\"@type\":\"BreadcrumbList\",\"@id\":\"https:\\\/\\\/droix.eu\\\/cs\\\/product\\\/modul-gpd-pocket-4-rs-232\\\/#breadcrumblist\",\"itemListElement\":[{\"@type\":\"ListItem\",\"@id\":\"https:\\\/\\\/droix.eu\\\/cs\\\/#listItem\",\"position\":1,\"name\":\"Home\",\"item\":\"https:\\\/\\\/droix.eu\\\/cs\\\/\",\"nextItem\":{\"@type\":\"ListItem\",\"@id\":\"https:\\\/\\\/droix.eu\\\/cs\\\/product-category\\\/prislusenstvi\\\/#listItem\",\"name\":\"P\\u0159\\u00edslu\\u0161enstv\\u00ed\"}},{\"@type\":\"ListItem\",\"@id\":\"https:\\\/\\\/droix.eu\\\/cs\\\/product-category\\\/prislusenstvi\\\/#listItem\",\"position\":2,\"name\":\"P\\u0159\\u00edslu\\u0161enstv\\u00ed\",\"item\":\"https:\\\/\\\/droix.eu\\\/cs\\\/product-category\\\/prislusenstvi\\\/\",\"nextItem\":{\"@type\":\"ListItem\",\"@id\":\"https:\\\/\\\/droix.eu\\\/cs\\\/product-category\\\/prislusenstvi\\\/prislusenstvi-k-notebookum\\\/#listItem\",\"name\":\"P\\u0159\\u00edslu\\u0161enstv\\u00ed k notebook\\u016fm\"},\"previousItem\":{\"@type\":\"ListItem\",\"@id\":\"https:\\\/\\\/droix.eu\\\/cs\\\/#listItem\",\"name\":\"Home\"}},{\"@type\":\"ListItem\",\"@id\":\"https:\\\/\\\/droix.eu\\\/cs\\\/product-category\\\/prislusenstvi\\\/prislusenstvi-k-notebookum\\\/#listItem\",\"position\":3,\"name\":\"P\\u0159\\u00edslu\\u0161enstv\\u00ed k notebook\\u016fm\",\"item\":\"https:\\\/\\\/droix.eu\\\/cs\\\/product-category\\\/prislusenstvi\\\/prislusenstvi-k-notebookum\\\/\",\"nextItem\":{\"@type\":\"ListItem\",\"@id\":\"https:\\\/\\\/droix.eu\\\/cs\\\/product\\\/modul-gpd-pocket-4-rs-232\\\/#listItem\",\"name\":\"Modul GPD Pocket 4 RS-232\"},\"previousItem\":{\"@type\":\"ListItem\",\"@id\":\"https:\\\/\\\/droix.eu\\\/cs\\\/product-category\\\/prislusenstvi\\\/#listItem\",\"name\":\"P\\u0159\\u00edslu\\u0161enstv\\u00ed\"}},{\"@type\":\"ListItem\",\"@id\":\"https:\\\/\\\/droix.eu\\\/cs\\\/product\\\/modul-gpd-pocket-4-rs-232\\\/#listItem\",\"position\":4,\"name\":\"Modul GPD Pocket 4 RS-232\",\"previousItem\":{\"@type\":\"ListItem\",\"@id\":\"https:\\\/\\\/droix.eu\\\/cs\\\/product-category\\\/prislusenstvi\\\/prislusenstvi-k-notebookum\\\/#listItem\",\"name\":\"P\\u0159\\u00edslu\\u0161enstv\\u00ed k notebook\\u016fm\"}}]},{\"@type\":\"Organization\",\"@id\":\"https:\\\/\\\/droix.eu\\\/cs\\\/#organization\",\"name\":\"DroiX \\u2013 Trusted EU Tech Retailer with 12+ Years Experience\",\"description\":\"DroiX is a leading European technology retailer with over 12 years of experience, offering quality mini PCs, handheld gaming consoles, and tech accessories. We provide hassle-free EU delivery with all taxes included, ensuring a smooth and reliable shopping experience for our customers across Europe.\",\"url\":\"https:\\\/\\\/droix.eu\\\/cs\\\/\",\"logo\":{\"@type\":\"ImageObject\",\"url\":\"https:\\\/\\\/droix.eu\\\/wp-content\\\/uploads\\\/2024\\\/06\\\/droix-v2-light-logo.png\",\"@id\":\"https:\\\/\\\/droix.eu\\\/cs\\\/product\\\/modul-gpd-pocket-4-rs-232\\\/#organizationLogo\",\"width\":380,\"height\":118},\"image\":{\"@id\":\"https:\\\/\\\/droix.eu\\\/cs\\\/product\\\/modul-gpd-pocket-4-rs-232\\\/#organizationLogo\"},\"sameAs\":[\"https:\\\/\\\/www.facebook.com\\\/DroiX.Store\",\"https:\\\/\\\/twitter.com\\\/DroiX_Store\",\"https:\\\/\\\/www.instagram.com\\\/droix.store\\\/\",\"https:\\\/\\\/www.tiktok.com\\\/@droix.store\",\"https:\\\/\\\/www.youtube.com\\\/c\\\/DroiX_Store\",\"https:\\\/\\\/uk.linkedin.com\\\/company\\\/droix\"]},{\"@type\":\"Product\",\"@id\":\"https:\\\/\\\/droix.eu\\\/cs\\\/product\\\/modul-gpd-pocket-4-rs-232\\\/#wooCommerceProduct\",\"name\":\"Modul GPD Pocket 4 RS-232\",\"description\":\"Ofici\\u00e1ln\\u00ed p\\u0159\\u00edslu\\u0161enstv\\u00ed GPD\\n \\tRoz\\u0161i\\u0159uj\\u00edc\\u00ed modul RS-232 \\n \\tP\\u0159ipojen\\u00ed k s\\u00e9riov\\u00fdm za\\u0159\\u00edzen\\u00edm\\n \\tSnadn\\u00e1 instalace do GPD Pocket 4\",\"url\":\"https:\\\/\\\/droix.eu\\\/cs\\\/product\\\/modul-gpd-pocket-4-rs-232\\\/\",\"sku\":\"GPD-POCKET-4-RS_232-MODULE\",\"gtin\":\"5061077630410\",\"image\":{\"@type\":\"ImageObject\",\"url\":\"https:\\\/\\\/droix.eu\\\/wp-content\\\/uploads\\\/2024\\\/11\\\/GPD-POCKET-4-MODULE-RS-232-DONE-01.png\",\"@id\":\"https:\\\/\\\/droix.eu\\\/cs\\\/product\\\/modul-gpd-pocket-4-rs-232\\\/#productImage\",\"width\":1500,\"height\":1500,\"caption\":\"GPD POCKET 4 KVM Modul, kter\\u00fd umo\\u017e\\u0148uje p\\u0159ipojen\\u00ed GPD POCKET 4 Mini Laptop &amp; Tablet 2-In-1 k \\u0161irok\\u00e9 \\u0161k\\u00e1le s\\u00e9riov\\u00fdch za\\u0159\\u00edzen\\u00ed.\"},\"offers\":{\"@type\":\"Offer\",\"url\":\"https:\\\/\\\/droix.eu\\\/cs\\\/product\\\/modul-gpd-pocket-4-rs-232\\\/#wooCommerceOffer\",\"price\":6360.5,\"priceCurrency\":\"HUF\",\"category\":\"P\\u0159\\u00edslu\\u0161enstv\\u00ed\",\"availability\":\"https:\\\/\\\/schema.org\\\/InStock\",\"priceSpecification\":{\"@type\":\"PriceSpecification\",\"price\":6360.5,\"priceCurrency\":\"HUF\",\"valueAddedTaxIncluded\":\"true\"},\"seller\":{\"@type\":\"Organization\",\"@id\":\"https:\\\/\\\/droix.eu\\\/cs\\\/#organization\"}}},{\"@type\":\"WebPage\",\"@id\":\"https:\\\/\\\/droix.eu\\\/cs\\\/product\\\/modul-gpd-pocket-4-rs-232\\\/#webpage\",\"url\":\"https:\\\/\\\/droix.eu\\\/cs\\\/product\\\/modul-gpd-pocket-4-rs-232\\\/\",\"name\":\"Modul GPD Pocket 4 RS-232 - DROIX EU\",\"description\":\"Ofici\\u00e1ln\\u00ed p\\u0159\\u00edslu\\u0161enstv\\u00ed GPD Roz\\u0161i\\u0159uj\\u00edc\\u00ed modul RS-232 P\\u0159ipojen\\u00ed k s\\u00e9riov\\u00fdm za\\u0159\\u00edzen\\u00edm Snadn\\u00e1 instalace do GPD Pocket 4\",\"inLanguage\":\"cs-CZ\",\"isPartOf\":{\"@id\":\"https:\\\/\\\/droix.eu\\\/cs\\\/#website\"},\"breadcrumb\":{\"@id\":\"https:\\\/\\\/droix.eu\\\/cs\\\/product\\\/modul-gpd-pocket-4-rs-232\\\/#breadcrumblist\"},\"image\":{\"@type\":\"ImageObject\",\"url\":\"https:\\\/\\\/droix.eu\\\/wp-content\\\/uploads\\\/2024\\\/11\\\/GPD-POCKET-4-MODULE-RS-232-DONE-01.png\",\"@id\":\"https:\\\/\\\/droix.eu\\\/cs\\\/product\\\/modul-gpd-pocket-4-rs-232\\\/#mainImage\",\"width\":1500,\"height\":1500,\"caption\":\"GPD POCKET 4 KVM Modul, kter\\u00fd umo\\u017e\\u0148uje p\\u0159ipojen\\u00ed GPD POCKET 4 Mini Laptop &amp; Tablet 2-In-1 k \\u0161irok\\u00e9 \\u0161k\\u00e1le s\\u00e9riov\\u00fdch za\\u0159\\u00edzen\\u00ed.\"},\"primaryImageOfPage\":{\"@id\":\"https:\\\/\\\/droix.eu\\\/cs\\\/product\\\/modul-gpd-pocket-4-rs-232\\\/#mainImage\"},\"datePublished\":\"2024-11-28T09:28:43+00:00\",\"dateModified\":\"2026-04-09T23:36:10+01:00\"},{\"@type\":\"WebSite\",\"@id\":\"https:\\\/\\\/droix.eu\\\/cs\\\/#website\",\"url\":\"https:\\\/\\\/droix.eu\\\/cs\\\/\",\"name\":\"DROIX EU\",\"description\":\"Get the latest Mini PCs, Ultrabook, PC Gaming Handhelds and more!\",\"inLanguage\":\"cs-CZ\",\"publisher\":{\"@id\":\"https:\\\/\\\/droix.eu\\\/cs\\\/#organization\"}}]}\n\t\t<\/script>\n\t\t<!-- All in One SEO Pro -->\r\n\t\t<title>Modul GPD Pocket 4 RS-232 - DROIX EU<\/title>\n\n","aioseo_head_json":{"title":"Modul GPD Pocket 4 RS-232 - DROIX EU","description":"Ofici\u00e1ln\u00ed p\u0159\u00edslu\u0161enstv\u00ed GPD Roz\u0161i\u0159uj\u00edc\u00ed modul RS-232 P\u0159ipojen\u00ed k s\u00e9riov\u00fdm za\u0159\u00edzen\u00edm Snadn\u00e1 instalace do GPD Pocket 4","canonical_url":"https:\/\/droix.eu\/cs\/product\/modul-gpd-pocket-4-rs-232\/","robots":"max-image-preview:large","keywords":"","webmasterTools":{"miscellaneous":""},"schema":{"@context":"https:\/\/schema.org","@graph":[{"@type":"BreadcrumbList","@id":"https:\/\/droix.eu\/cs\/product\/modul-gpd-pocket-4-rs-232\/#breadcrumblist","itemListElement":[{"@type":"ListItem","@id":"https:\/\/droix.eu\/cs\/#listItem","position":1,"name":"Home","item":"https:\/\/droix.eu\/cs\/","nextItem":{"@type":"ListItem","@id":"https:\/\/droix.eu\/cs\/product-category\/prislusenstvi\/#listItem","name":"P\u0159\u00edslu\u0161enstv\u00ed"}},{"@type":"ListItem","@id":"https:\/\/droix.eu\/cs\/product-category\/prislusenstvi\/#listItem","position":2,"name":"P\u0159\u00edslu\u0161enstv\u00ed","item":"https:\/\/droix.eu\/cs\/product-category\/prislusenstvi\/","nextItem":{"@type":"ListItem","@id":"https:\/\/droix.eu\/cs\/product-category\/prislusenstvi\/prislusenstvi-k-notebookum\/#listItem","name":"P\u0159\u00edslu\u0161enstv\u00ed k notebook\u016fm"},"previousItem":{"@type":"ListItem","@id":"https:\/\/droix.eu\/cs\/#listItem","name":"Home"}},{"@type":"ListItem","@id":"https:\/\/droix.eu\/cs\/product-category\/prislusenstvi\/prislusenstvi-k-notebookum\/#listItem","position":3,"name":"P\u0159\u00edslu\u0161enstv\u00ed k notebook\u016fm","item":"https:\/\/droix.eu\/cs\/product-category\/prislusenstvi\/prislusenstvi-k-notebookum\/","nextItem":{"@type":"ListItem","@id":"https:\/\/droix.eu\/cs\/product\/modul-gpd-pocket-4-rs-232\/#listItem","name":"Modul GPD Pocket 4 RS-232"},"previousItem":{"@type":"ListItem","@id":"https:\/\/droix.eu\/cs\/product-category\/prislusenstvi\/#listItem","name":"P\u0159\u00edslu\u0161enstv\u00ed"}},{"@type":"ListItem","@id":"https:\/\/droix.eu\/cs\/product\/modul-gpd-pocket-4-rs-232\/#listItem","position":4,"name":"Modul GPD Pocket 4 RS-232","previousItem":{"@type":"ListItem","@id":"https:\/\/droix.eu\/cs\/product-category\/prislusenstvi\/prislusenstvi-k-notebookum\/#listItem","name":"P\u0159\u00edslu\u0161enstv\u00ed k notebook\u016fm"}}]},{"@type":"Organization","@id":"https:\/\/droix.eu\/cs\/#organization","name":"DroiX \u2013 Trusted EU Tech Retailer with 12+ Years Experience","description":"DroiX is a leading European technology retailer with over 12 years of experience, offering quality mini PCs, handheld gaming consoles, and tech accessories. We provide hassle-free EU delivery with all taxes included, ensuring a smooth and reliable shopping experience for our customers across Europe.","url":"https:\/\/droix.eu\/cs\/","logo":{"@type":"ImageObject","url":"https:\/\/droix.eu\/wp-content\/uploads\/2024\/06\/droix-v2-light-logo.png","@id":"https:\/\/droix.eu\/cs\/product\/modul-gpd-pocket-4-rs-232\/#organizationLogo","width":380,"height":118},"image":{"@id":"https:\/\/droix.eu\/cs\/product\/modul-gpd-pocket-4-rs-232\/#organizationLogo"},"sameAs":["https:\/\/www.facebook.com\/DroiX.Store","https:\/\/twitter.com\/DroiX_Store","https:\/\/www.instagram.com\/droix.store\/","https:\/\/www.tiktok.com\/@droix.store","https:\/\/www.youtube.com\/c\/DroiX_Store","https:\/\/uk.linkedin.com\/company\/droix"]},{"@type":"Product","@id":"https:\/\/droix.eu\/cs\/product\/modul-gpd-pocket-4-rs-232\/#wooCommerceProduct","name":"Modul GPD Pocket 4 RS-232","description":"Ofici\u00e1ln\u00ed p\u0159\u00edslu\u0161enstv\u00ed GPD\n \tRoz\u0161i\u0159uj\u00edc\u00ed modul RS-232 \n \tP\u0159ipojen\u00ed k s\u00e9riov\u00fdm za\u0159\u00edzen\u00edm\n \tSnadn\u00e1 instalace do GPD Pocket 4","url":"https:\/\/droix.eu\/cs\/product\/modul-gpd-pocket-4-rs-232\/","sku":"GPD-POCKET-4-RS_232-MODULE","gtin":"5061077630410","image":{"@type":"ImageObject","url":"https:\/\/droix.eu\/wp-content\/uploads\/2024\/11\/GPD-POCKET-4-MODULE-RS-232-DONE-01.png","@id":"https:\/\/droix.eu\/cs\/product\/modul-gpd-pocket-4-rs-232\/#productImage","width":1500,"height":1500,"caption":"GPD POCKET 4 KVM Modul, kter\u00fd umo\u017e\u0148uje p\u0159ipojen\u00ed GPD POCKET 4 Mini Laptop &amp; Tablet 2-In-1 k \u0161irok\u00e9 \u0161k\u00e1le s\u00e9riov\u00fdch za\u0159\u00edzen\u00ed."},"offers":{"@type":"Offer","url":"https:\/\/droix.eu\/cs\/product\/modul-gpd-pocket-4-rs-232\/#wooCommerceOffer","price":6360.5,"priceCurrency":"HUF","category":"P\u0159\u00edslu\u0161enstv\u00ed","availability":"https:\/\/schema.org\/InStock","priceSpecification":{"@type":"PriceSpecification","price":6360.5,"priceCurrency":"HUF","valueAddedTaxIncluded":"true"},"seller":{"@type":"Organization","@id":"https:\/\/droix.eu\/cs\/#organization"}}},{"@type":"WebPage","@id":"https:\/\/droix.eu\/cs\/product\/modul-gpd-pocket-4-rs-232\/#webpage","url":"https:\/\/droix.eu\/cs\/product\/modul-gpd-pocket-4-rs-232\/","name":"Modul GPD Pocket 4 RS-232 - DROIX EU","description":"Ofici\u00e1ln\u00ed p\u0159\u00edslu\u0161enstv\u00ed GPD Roz\u0161i\u0159uj\u00edc\u00ed modul RS-232 P\u0159ipojen\u00ed k s\u00e9riov\u00fdm za\u0159\u00edzen\u00edm Snadn\u00e1 instalace do GPD Pocket 4","inLanguage":"cs-CZ","isPartOf":{"@id":"https:\/\/droix.eu\/cs\/#website"},"breadcrumb":{"@id":"https:\/\/droix.eu\/cs\/product\/modul-gpd-pocket-4-rs-232\/#breadcrumblist"},"image":{"@type":"ImageObject","url":"https:\/\/droix.eu\/wp-content\/uploads\/2024\/11\/GPD-POCKET-4-MODULE-RS-232-DONE-01.png","@id":"https:\/\/droix.eu\/cs\/product\/modul-gpd-pocket-4-rs-232\/#mainImage","width":1500,"height":1500,"caption":"GPD POCKET 4 KVM Modul, kter\u00fd umo\u017e\u0148uje p\u0159ipojen\u00ed GPD POCKET 4 Mini Laptop &amp; Tablet 2-In-1 k \u0161irok\u00e9 \u0161k\u00e1le s\u00e9riov\u00fdch za\u0159\u00edzen\u00ed."},"primaryImageOfPage":{"@id":"https:\/\/droix.eu\/cs\/product\/modul-gpd-pocket-4-rs-232\/#mainImage"},"datePublished":"2024-11-28T09:28:43+00:00","dateModified":"2026-04-09T23:36:10+01:00"},{"@type":"WebSite","@id":"https:\/\/droix.eu\/cs\/#website","url":"https:\/\/droix.eu\/cs\/","name":"DROIX EU","description":"Get the latest Mini PCs, Ultrabook, PC Gaming Handhelds and more!","inLanguage":"cs-CZ","publisher":{"@id":"https:\/\/droix.eu\/cs\/#organization"}}]},"og:locale":"cs_CZ","og:site_name":"DROIX EU - Get the latest Mini PCs, Ultrabook, PC Gaming Handhelds and more!","og:type":"article","og:title":"Modul GPD Pocket 4 RS-232 - DROIX EU","og:description":"Ofici\u00e1ln\u00ed p\u0159\u00edslu\u0161enstv\u00ed GPD Roz\u0161i\u0159uj\u00edc\u00ed modul RS-232 P\u0159ipojen\u00ed k s\u00e9riov\u00fdm za\u0159\u00edzen\u00edm Snadn\u00e1 instalace do GPD Pocket 4","og:url":"https:\/\/droix.eu\/cs\/product\/modul-gpd-pocket-4-rs-232\/","og:image":"https:\/\/droix.eu\/wp-content\/uploads\/2024\/06\/droix-v2-light-logo.png","og:image:secure_url":"https:\/\/droix.eu\/wp-content\/uploads\/2024\/06\/droix-v2-light-logo.png","og:image:width":380,"og:image:height":118,"article:published_time":"2024-11-28T09:28:43+00:00","article:modified_time":"2026-04-09T22:36:10+00:00","article:publisher":"https:\/\/www.facebook.com\/DroiX.Store","twitter:card":"summary_large_image","twitter:site":"@DroiX_Store","twitter:title":"Modul GPD Pocket 4 RS-232 - DROIX EU","twitter:description":"Ofici\u00e1ln\u00ed p\u0159\u00edslu\u0161enstv\u00ed GPD Roz\u0161i\u0159uj\u00edc\u00ed modul RS-232 P\u0159ipojen\u00ed k s\u00e9riov\u00fdm za\u0159\u00edzen\u00edm Snadn\u00e1 instalace do GPD Pocket 4","twitter:image":"https:\/\/droix.eu\/wp-content\/uploads\/2024\/06\/droix-v2-light-logo.png"},"aioseo_meta_data":{"post_id":"505770","title":null,"description":null,"keywords":null,"keyphrases":{"focus":{"keyphrase":"","score":0,"analysis":{"keyphraseInTitle":{"score":0,"maxScore":9,"error":1}}},"additional":[]},"primary_term":null,"canonical_url":null,"og_title":null,"og_description":null,"og_object_type":"default","og_image_type":"default","og_image_url":null,"og_image_width":null,"og_image_height":null,"og_image_custom_url":null,"og_image_custom_fields":null,"og_video":"","og_custom_url":null,"og_article_section":null,"og_article_tags":null,"twitter_use_og":true,"twitter_card":"default","twitter_image_type":"default","twitter_image_url":null,"twitter_image_custom_url":null,"twitter_image_custom_fields":null,"twitter_title":null,"twitter_description":null,"schema":{"blockGraphs":[],"customGraphs":[],"default":{"data":{"Article":[],"Course":[],"Dataset":[],"FAQPage":[],"Movie":[],"Person":[],"Product":[],"ProductReview":[],"Car":[],"Recipe":[],"Service":[],"SoftwareApplication":[],"WebPage":[]},"graphName":"Product","isEnabled":true},"graphs":[]},"schema_type":"default","schema_type_options":null,"pillar_content":false,"robots_default":true,"robots_noindex":false,"robots_noarchive":false,"robots_nosnippet":false,"robots_nofollow":false,"robots_noimageindex":false,"robots_noodp":false,"robots_notranslate":false,"robots_max_snippet":"-1","robots_max_videopreview":"-1","robots_max_imagepreview":"large","priority":null,"frequency":"default","local_seo":null,"seo_analyzer_scan_date":"2026-04-09 23:35:39","breadcrumb_settings":null,"limit_modified_date":false,"reviewed_by":null,"open_ai":null,"ai":{"faqs":[],"keyPoints":[],"titles":[],"descriptions":[],"socialPosts":{"email":[],"linkedin":[],"twitter":[],"facebook":[],"instagram":[]}},"created":"2025-10-09 06:43:48","updated":"2026-04-09 23:35:39"},"aioseo_breadcrumb":"<div class=\"aioseo-breadcrumbs\"><span class=\"aioseo-breadcrumb\">\n\t<a href=\"https:\/\/droix.eu\/cs\/\" title=\"Home\">Home<\/a>\n<\/span><span class=\"aioseo-breadcrumb-separator\">&raquo;<\/span><span class=\"aioseo-breadcrumb\">\n\t<a href=\"https:\/\/droix.eu\/cs\/product-category\/prislusenstvi\/\" title=\"P\u0159\u00edslu\u0161enstv\u00ed\">P\u0159\u00edslu\u0161enstv\u00ed<\/a>\n<\/span><span class=\"aioseo-breadcrumb-separator\">&raquo;<\/span><span class=\"aioseo-breadcrumb\">\n\t<a href=\"https:\/\/droix.eu\/cs\/product-category\/prislusenstvi\/prislusenstvi-k-notebookum\/\" title=\"P\u0159\u00edslu\u0161enstv\u00ed k notebook\u016fm\">P\u0159\u00edslu\u0161enstv\u00ed k notebook\u016fm<\/a>\n<\/span><span class=\"aioseo-breadcrumb-separator\">&raquo;<\/span><span class=\"aioseo-breadcrumb\">\n\tModul GPD Pocket 4 RS-232\n<\/span><\/div>","aioseo_breadcrumb_json":[{"label":"Home","link":"https:\/\/droix.eu\/cs\/"},{"label":"P\u0159\u00edslu\u0161enstv\u00ed","link":"https:\/\/droix.eu\/cs\/product-category\/prislusenstvi\/"},{"label":"P\u0159\u00edslu\u0161enstv\u00ed k notebook\u016fm","link":"https:\/\/droix.eu\/cs\/product-category\/prislusenstvi\/prislusenstvi-k-notebookum\/"},{"label":"Modul GPD Pocket 4 RS-232","link":"https:\/\/droix.eu\/cs\/product\/modul-gpd-pocket-4-rs-232\/"}],"_links":{"self":[{"href":"https:\/\/droix.eu\/cs\/wp-json\/wp\/v2\/product\/505770","targetHints":{"allow":["GET"]}}],"collection":[{"href":"https:\/\/droix.eu\/cs\/wp-json\/wp\/v2\/product"}],"about":[{"href":"https:\/\/droix.eu\/cs\/wp-json\/wp\/v2\/types\/product"}],"version-history":[{"count":1,"href":"https:\/\/droix.eu\/cs\/wp-json\/wp\/v2\/product\/505770\/revisions"}],"predecessor-version":[{"id":715440,"href":"https:\/\/droix.eu\/cs\/wp-json\/wp\/v2\/product\/505770\/revisions\/715440"}],"wp:featuredmedia":[{"embeddable":true,"href":"https:\/\/droix.eu\/cs\/wp-json\/wp\/v2\/media\/495518"}],"wp:attachment":[{"href":"https:\/\/droix.eu\/cs\/wp-json\/wp\/v2\/media?parent=505770"}],"wp:term":[{"taxonomy":"product_brand","embeddable":true,"href":"https:\/\/droix.eu\/cs\/wp-json\/wp\/v2\/product_brand?post=505770"},{"taxonomy":"product_cat","embeddable":true,"href":"https:\/\/droix.eu\/cs\/wp-json\/wp\/v2\/product_cat?post=505770"},{"taxonomy":"product_tag","embeddable":true,"href":"https:\/\/droix.eu\/cs\/wp-json\/wp\/v2\/product_tag?post=505770"},{"taxonomy":"woo-feed-brand","embeddable":true,"href":"https:\/\/droix.eu\/cs\/wp-json\/wp\/v2\/woo-feed-brand?post=505770"},{"taxonomy":"key-features","embeddable":true,"href":"https:\/\/droix.eu\/cs\/wp-json\/wp\/v2\/key-features?post=505770"}],"curies":[{"name":"wp","href":"https:\/\/api.w.org\/{rel}","templated":true}]}}