{"id":503694,"date":"2021-12-23T11:49:46","date_gmt":"2021-12-23T11:49:46","guid":{"rendered":"https:\/\/droix.eu\/zasady-pouzivani-souboru-cookie\/"},"modified":"2025-05-27T14:09:52","modified_gmt":"2025-05-27T13:09:52","slug":"zasady-pouzivani-souboru-cookie","status":"publish","type":"page","link":"https:\/\/droix.eu\/cs\/zasady-pouzivani-souboru-cookie\/","title":{"rendered":"Z\u00e1sady pou\u017e\u00edv\u00e1n\u00ed soubor\u016f cookie"},"content":{"rendered":"\n<p>N\u00e1sleduj\u00edc\u00ed Z\u00e1sady pou\u017e\u00edv\u00e1n\u00ed soubor\u016f cookie je t\u0159eba br\u00e1t v souladu (ve dvojici) se <a href=\"https:\/\/droix.eu\/cs\/podminky-a-pravidla\/\" target=\"_blank\" rel=\"noreferrer noopener\">Smluvn\u00edmi podm\u00ednkami a<\/a> <a href=\"https:\/\/droix.eu\/cs\/zasady-ochrany-osobnich-udaju\/\" target=\"_blank\" rel=\"noreferrer noopener\">Z\u00e1sadami ochrany osobn\u00edch \u00fadaj\u016f<\/a>.<\/p>\n\n<ol class=\"wp-block-list\">\n<li>Tyto prodejn\u00ed podm\u00ednky se vztahuj\u00ed na ve\u0161ker\u00e9 zbo\u017e\u00ed dod\u00e1van\u00e9 spole\u010dnost\u00ed DROIX se s\u00eddlem na adrese 54C Expressway, N Woolwich Rd, London, E16 2AA, Spojen\u00e9 kr\u00e1lovstv\u00ed).\n<ol class=\"wp-block-list\">\n<li>V uveden\u00e9 smlouv\u011b jsou odkazy na: My (DROIX) jsme dodavatel a vy (z\u00e1kazn\u00edk).<\/li>\n<\/ol>\n<\/li>\n<\/ol>\n\n<ol class=\"wp-block-list\">\n<li>Webov\u00e9 str\u00e1nky dodavatele pou\u017e\u00edvaj\u00ed soubory cookie k rozli\u0161en\u00ed z\u00e1kazn\u00edka, tj. v\u00e1s, od ostatn\u00edch u\u017eivatel\u016f webov\u00fdch str\u00e1nek. To pom\u00e1h\u00e1 Dodavateli poskytovat v\u00e1m p\u0159i prohl\u00ed\u017een\u00ed webov\u00fdch str\u00e1nek Dodavatele dobr\u00fd z\u00e1\u017eitek a tak\u00e9 umo\u017e\u0148uje Dodavateli zlep\u0161ovat na\u0161e str\u00e1nky. Pokra\u010dov\u00e1n\u00edm v prohl\u00ed\u017een\u00ed str\u00e1nek souhlas\u00edte s t\u00edm, \u017ee Dodavatel pou\u017e\u00edv\u00e1 soubory cookie.  <\/li>\n\n\n\n<li>Soubor cookie je mal\u00fd soubor slo\u017een\u00fd z p\u00edsmen a \u010d\u00edsel, kter\u00fd dodavatel ulo\u017e\u00ed do va\u0161eho prohl\u00ed\u017ee\u010de nebo na pevn\u00fd disk va\u0161eho po\u010d\u00edta\u010de \u010di mobiln\u00edho telefonu, pokud s t\u00edm souhlas\u00edte. Soubory cookie obsahuj\u00ed informace, kter\u00e9 se p\u0159en\u00e1\u0161ej\u00ed na pevn\u00fd disk va\u0161eho po\u010d\u00edta\u010de. <\/li>\n\n\n\n<li>Dodavatel pou\u017e\u00edv\u00e1 n\u00e1sleduj\u00edc\u00ed soubory cookie:\n<ol class=\"wp-block-list\">\n<li>Nezbytn\u011b nutn\u00e9 soubory cookie. Jedn\u00e1 se o soubory cookie, kter\u00e9 jsou nezbytn\u00e9 pro provoz webov\u00fdch str\u00e1nek dodavatele. Pat\u0159\u00ed mezi n\u011b nap\u0159\u00edklad soubory cookie, kter\u00e9 umo\u017e\u0148uj\u00ed p\u0159ihl\u00e1\u0161en\u00ed do zabezpe\u010den\u00fdch oblast\u00ed webov\u00fdch str\u00e1nek Dodavatele a prov\u00e1d\u011bn\u00ed transakc\u00ed.  <\/li>\n\n\n\n<li>Analytick\u00e9\/v\u00fdkonnostn\u00ed soubory cookie. Umo\u017e\u0148uj\u00ed dodavateli rozpoznat a spo\u010d\u00edtat po\u010det n\u00e1v\u0161t\u011bvn\u00edk\u016f a zjistit, jak se n\u00e1v\u0161t\u011bvn\u00edci pohybuj\u00ed po webov\u00fdch str\u00e1nk\u00e1ch dodavatele, kdy\u017e je pou\u017e\u00edvaj\u00ed. To Dodavateli pom\u00e1h\u00e1 zlep\u0161ovat fungov\u00e1n\u00ed webov\u00fdch str\u00e1nek, nap\u0159\u00edklad t\u00edm, \u017ee zaji\u0161\u0165uje, aby u\u017eivatel\u00e9 snadno a bez pot\u00ed\u017e\u00ed na\u0161li to, co hledaj\u00ed.  <\/li>\n\n\n\n<li>Dodavatel pou\u017e\u00edv\u00e1 soubory cookie slu\u017eby Google Analytics. Google Analytics shroma\u017e\u010fuje informace anonymn\u011b. Uv\u00e1d\u00ed trendy na webov\u00fdch str\u00e1nk\u00e1ch bez identifikace jednotliv\u00fdch n\u00e1v\u0161t\u011bvn\u00edk\u016f. Slu\u017ebu Google Analytics m\u016f\u017eete odhl\u00e1sit, ani\u017e by to m\u011blo vliv na zp\u016fsob, jak\u00fdm tyto str\u00e1nky nav\u0161t\u011bvujete. Dal\u0161\u00ed informace o slu\u017eb\u011b Google Analytics naleznete zde.    <\/li>\n\n\n\n<li>C\u00edlen\u00ed soubor\u016f cookie. Tyto soubory cookie zaznamen\u00e1vaj\u00ed va\u0161i n\u00e1v\u0161t\u011bvu webov\u00fdch str\u00e1nek dodavatele, nav\u0161t\u00edven\u00e9 str\u00e1nky a odkazy, kter\u00e9 jste n\u00e1sledovali. Dodavatel tyto informace vyu\u017e\u00edv\u00e1 k tomu, aby webov\u00e9 str\u00e1nky a reklama na nich zobrazovan\u00e1 l\u00e9pe odpov\u00eddaly va\u0161im z\u00e1jm\u016fm. Dodavatel m\u016f\u017ee tyto informace za t\u00edmto \u00fa\u010delem sd\u00edlet tak\u00e9 s t\u0159et\u00edmi stranami.   <\/li>\n<\/ol>\n<\/li>\n\n\n\n<li>Vezm\u011bte pros\u00edm na v\u011bdom\u00ed, \u017ee t\u0159et\u00ed strany (v\u010detn\u011b nap\u0159\u00edklad reklamn\u00edch s\u00edt\u00ed a poskytovatel\u016f extern\u00edch slu\u017eeb, jako jsou slu\u017eby anal\u00fdzy webov\u00e9ho provozu) mohou rovn\u011b\u017e pou\u017e\u00edvat soubory cookie, nad kter\u00fdmi nem\u00e1 dodavatel kontrolu. Tyto soubory cookie budou pravd\u011bpodobn\u011b analytick\u00e9\/v\u00fdkonnostn\u00ed nebo c\u00edlen\u00e9 soubory cookie. <\/li>\n\n\n\n<li>Soubory cookie m\u016f\u017eete zablokovat aktivac\u00ed nastaven\u00ed prohl\u00ed\u017ee\u010de, kter\u00e9 umo\u017e\u0148uje odm\u00edtnout nastaven\u00ed v\u0161ech nebo n\u011bkter\u00fdch soubor\u016f cookie. Pokud v\u0161ak pomoc\u00ed nastaven\u00ed prohl\u00ed\u017ee\u010de zablokujete v\u0161echny soubory cookie (v\u010detn\u011b z\u00e1kladn\u00edch soubor\u016f cookie), je mo\u017en\u00e9, \u017ee nebudete m\u00edt p\u0159\u00edstup ke v\u0161em webov\u00fdm str\u00e1nk\u00e1m dodavatele nebo k jejich \u010d\u00e1stem. <\/li>\n<\/ol>\n\n<h2 class=\"wp-block-heading\" id=\"h-cookie-description\">POPIS SOUBOR\u016e COOKIE<\/h2>\n<p><script type=\"text\/javascript\" charset=\"UTF-8\" data-cookiescriptreport=\"report\" src=\"\/\/report.cookie-script.com\/r\/21c7c108a50ee55d6c4ed24051df0334.js\"><\/script><\/p>\n\n<p class=\"has-text-align-center\">Posledn\u00ed aktualizace z\u00e1sad pou\u017e\u00edv\u00e1n\u00ed soubor\u016f cookie: 12. \u0159\u00edjna 2022 &#8211; 02:29:00.<\/p>\n","protected":false},"excerpt":{"rendered":"<p>N\u00e1sleduj\u00edc\u00ed Z\u00e1sady pou\u017e\u00edv\u00e1n\u00ed soubor\u016f cookie je t\u0159eba br\u00e1t v souladu (ve dvojici) se Smluvn\u00edmi podm\u00ednkami a Z\u00e1sadami ochrany osobn\u00edch \u00fadaj\u016f. POPIS SOUBOR\u016e COOKIE Posledn\u00ed aktualizace z\u00e1sad pou\u017e\u00edv\u00e1n\u00ed soubor\u016f cookie: 12. \u0159\u00edjna 2022 &#8211; 02:29:00.<\/p>\n","protected":false},"author":1,"featured_media":0,"parent":0,"menu_order":0,"comment_status":"closed","ping_status":"closed","template":"","meta":{"_acf_changed":false,"footnotes":""},"class_list":["post-503694","page","type-page","status-publish","hentry"],"acf":[],"aioseo_notices":[],"aioseo_head":"\n\t\t<!-- All in One SEO Pro 4.9.6.2 - aioseo.com -->\n\t<meta name=\"description\" content=\"N\u00e1sleduj\u00edc\u00ed Z\u00e1sady pou\u017e\u00edv\u00e1n\u00ed soubor\u016f cookie je t\u0159eba br\u00e1t v souladu (ve dvojici) se Smluvn\u00edmi podm\u00ednkami a Z\u00e1sadami ochrany osobn\u00edch \u00fadaj\u016f. Tyto prodejn\u00ed podm\u00ednky se vztahuj\u00ed na ve\u0161ker\u00e9 zbo\u017e\u00ed dod\u00e1van\u00e9 spole\u010dnost\u00ed DROIX se s\u00eddlem na adrese 54C Expressway, N Woolwich Rd, London, E16 2AA, Spojen\u00e9 kr\u00e1lovstv\u00ed). V uveden\u00e9 smlouv\u011b jsou odkazy na: My (DROIX) jsme dodavatel\" \/>\n\t<meta name=\"robots\" content=\"max-image-preview:large\" \/>\n\t<link rel=\"canonical\" href=\"https:\/\/droix.eu\/cs\/zasady-pouzivani-souboru-cookie\/\" \/>\n\t<meta name=\"generator\" content=\"All in One SEO Pro (AIOSEO) 4.9.6.2\" \/>\n\t\t<meta property=\"og:locale\" content=\"cs_CZ\" \/>\n\t\t<meta property=\"og:site_name\" content=\"DROIX EU - Get the latest Mini PCs, Ultrabook, PC Gaming Handhelds and more!\" \/>\n\t\t<meta property=\"og:type\" content=\"article\" \/>\n\t\t<meta property=\"og:title\" content=\"Z\u00e1sady pou\u017e\u00edv\u00e1n\u00ed soubor\u016f cookie - DROIX EU\" \/>\n\t\t<meta property=\"og:description\" content=\"N\u00e1sleduj\u00edc\u00ed Z\u00e1sady pou\u017e\u00edv\u00e1n\u00ed soubor\u016f cookie je t\u0159eba br\u00e1t v souladu (ve dvojici) se Smluvn\u00edmi podm\u00ednkami a Z\u00e1sadami ochrany osobn\u00edch \u00fadaj\u016f. Tyto prodejn\u00ed podm\u00ednky se vztahuj\u00ed na ve\u0161ker\u00e9 zbo\u017e\u00ed dod\u00e1van\u00e9 spole\u010dnost\u00ed DROIX se s\u00eddlem na adrese 54C Expressway, N Woolwich Rd, London, E16 2AA, Spojen\u00e9 kr\u00e1lovstv\u00ed). V uveden\u00e9 smlouv\u011b jsou odkazy na: My (DROIX) jsme dodavatel\" \/>\n\t\t<meta property=\"og:url\" content=\"https:\/\/droix.eu\/cs\/zasady-pouzivani-souboru-cookie\/\" \/>\n\t\t<meta property=\"og:image\" content=\"https:\/\/droix.eu\/wp-content\/uploads\/2024\/06\/droix-v2-light-logo.png\" \/>\n\t\t<meta property=\"og:image:secure_url\" content=\"https:\/\/droix.eu\/wp-content\/uploads\/2024\/06\/droix-v2-light-logo.png\" \/>\n\t\t<meta property=\"og:image:width\" content=\"380\" \/>\n\t\t<meta property=\"og:image:height\" content=\"118\" \/>\n\t\t<meta property=\"article:published_time\" content=\"2021-12-23T11:49:46+00:00\" \/>\n\t\t<meta property=\"article:modified_time\" content=\"2025-05-27T13:09:52+00:00\" \/>\n\t\t<meta property=\"article:publisher\" content=\"https:\/\/www.facebook.com\/DroiX.Store\" \/>\n\t\t<meta name=\"twitter:card\" content=\"summary_large_image\" \/>\n\t\t<meta name=\"twitter:site\" content=\"@DroiX_Store\" \/>\n\t\t<meta name=\"twitter:title\" content=\"Z\u00e1sady pou\u017e\u00edv\u00e1n\u00ed soubor\u016f cookie - DROIX EU\" \/>\n\t\t<meta name=\"twitter:description\" content=\"N\u00e1sleduj\u00edc\u00ed Z\u00e1sady pou\u017e\u00edv\u00e1n\u00ed soubor\u016f cookie je t\u0159eba br\u00e1t v souladu (ve dvojici) se Smluvn\u00edmi podm\u00ednkami a Z\u00e1sadami ochrany osobn\u00edch \u00fadaj\u016f. Tyto prodejn\u00ed podm\u00ednky se vztahuj\u00ed na ve\u0161ker\u00e9 zbo\u017e\u00ed dod\u00e1van\u00e9 spole\u010dnost\u00ed DROIX se s\u00eddlem na adrese 54C Expressway, N Woolwich Rd, London, E16 2AA, Spojen\u00e9 kr\u00e1lovstv\u00ed). V uveden\u00e9 smlouv\u011b jsou odkazy na: My (DROIX) jsme dodavatel\" \/>\n\t\t<meta name=\"twitter:creator\" content=\"@DroiX_Store\" \/>\n\t\t<meta name=\"twitter:image\" content=\"https:\/\/droix.eu\/wp-content\/uploads\/2024\/06\/droix-v2-light-logo.png\" \/>\n\t\t<script type=\"application\/ld+json\" class=\"aioseo-schema\">\n\t\t\t{\"@context\":\"https:\\\/\\\/schema.org\",\"@graph\":[{\"@type\":\"BreadcrumbList\",\"@id\":\"https:\\\/\\\/droix.eu\\\/cs\\\/zasady-pouzivani-souboru-cookie\\\/#breadcrumblist\",\"itemListElement\":[{\"@type\":\"ListItem\",\"@id\":\"https:\\\/\\\/droix.eu\\\/cs\\\/#listItem\",\"position\":1,\"name\":\"Home\",\"item\":\"https:\\\/\\\/droix.eu\\\/cs\\\/\",\"nextItem\":{\"@type\":\"ListItem\",\"@id\":\"https:\\\/\\\/droix.eu\\\/cs\\\/zasady-pouzivani-souboru-cookie\\\/#listItem\",\"name\":\"Z\\u00e1sady pou\\u017e\\u00edv\\u00e1n\\u00ed soubor\\u016f cookie\"}},{\"@type\":\"ListItem\",\"@id\":\"https:\\\/\\\/droix.eu\\\/cs\\\/zasady-pouzivani-souboru-cookie\\\/#listItem\",\"position\":2,\"name\":\"Z\\u00e1sady pou\\u017e\\u00edv\\u00e1n\\u00ed soubor\\u016f cookie\",\"previousItem\":{\"@type\":\"ListItem\",\"@id\":\"https:\\\/\\\/droix.eu\\\/cs\\\/#listItem\",\"name\":\"Home\"}}]},{\"@type\":\"Organization\",\"@id\":\"https:\\\/\\\/droix.eu\\\/cs\\\/#organization\",\"name\":\"DroiX \\u2013 Trusted EU Tech Retailer with 12+ Years Experience\",\"description\":\"DroiX is a leading European technology retailer with over 12 years of experience, offering quality mini PCs, handheld gaming consoles, and tech accessories. We provide hassle-free EU delivery with all taxes included, ensuring a smooth and reliable shopping experience for our customers across Europe.\",\"url\":\"https:\\\/\\\/droix.eu\\\/cs\\\/\",\"logo\":{\"@type\":\"ImageObject\",\"url\":\"https:\\\/\\\/droix.eu\\\/wp-content\\\/uploads\\\/2024\\\/06\\\/droix-v2-light-logo.png\",\"@id\":\"https:\\\/\\\/droix.eu\\\/cs\\\/zasady-pouzivani-souboru-cookie\\\/#organizationLogo\",\"width\":380,\"height\":118},\"image\":{\"@id\":\"https:\\\/\\\/droix.eu\\\/cs\\\/zasady-pouzivani-souboru-cookie\\\/#organizationLogo\"},\"sameAs\":[\"https:\\\/\\\/www.facebook.com\\\/DroiX.Store\",\"https:\\\/\\\/twitter.com\\\/DroiX_Store\",\"https:\\\/\\\/www.instagram.com\\\/droix.store\\\/\",\"https:\\\/\\\/www.tiktok.com\\\/@droix.store\",\"https:\\\/\\\/www.youtube.com\\\/c\\\/DroiX_Store\",\"https:\\\/\\\/uk.linkedin.com\\\/company\\\/droix\"]},{\"@type\":\"WebPage\",\"@id\":\"https:\\\/\\\/droix.eu\\\/cs\\\/zasady-pouzivani-souboru-cookie\\\/#webpage\",\"url\":\"https:\\\/\\\/droix.eu\\\/cs\\\/zasady-pouzivani-souboru-cookie\\\/\",\"name\":\"Z\\u00e1sady pou\\u017e\\u00edv\\u00e1n\\u00ed soubor\\u016f cookie - DROIX EU\",\"description\":\"N\\u00e1sleduj\\u00edc\\u00ed Z\\u00e1sady pou\\u017e\\u00edv\\u00e1n\\u00ed soubor\\u016f cookie je t\\u0159eba br\\u00e1t v souladu (ve dvojici) se Smluvn\\u00edmi podm\\u00ednkami a Z\\u00e1sadami ochrany osobn\\u00edch \\u00fadaj\\u016f. Tyto prodejn\\u00ed podm\\u00ednky se vztahuj\\u00ed na ve\\u0161ker\\u00e9 zbo\\u017e\\u00ed dod\\u00e1van\\u00e9 spole\\u010dnost\\u00ed DROIX se s\\u00eddlem na adrese 54C Expressway, N Woolwich Rd, London, E16 2AA, Spojen\\u00e9 kr\\u00e1lovstv\\u00ed). V uveden\\u00e9 smlouv\\u011b jsou odkazy na: My (DROIX) jsme dodavatel\",\"inLanguage\":\"cs-CZ\",\"isPartOf\":{\"@id\":\"https:\\\/\\\/droix.eu\\\/cs\\\/#website\"},\"breadcrumb\":{\"@id\":\"https:\\\/\\\/droix.eu\\\/cs\\\/zasady-pouzivani-souboru-cookie\\\/#breadcrumblist\"},\"datePublished\":\"2021-12-23T11:49:46+00:00\",\"dateModified\":\"2025-05-27T14:09:52+01:00\"},{\"@type\":\"WebSite\",\"@id\":\"https:\\\/\\\/droix.eu\\\/cs\\\/#website\",\"url\":\"https:\\\/\\\/droix.eu\\\/cs\\\/\",\"name\":\"DROIX EU\",\"description\":\"Get the latest Mini PCs, Ultrabook, PC Gaming Handhelds and more!\",\"inLanguage\":\"cs-CZ\",\"publisher\":{\"@id\":\"https:\\\/\\\/droix.eu\\\/cs\\\/#organization\"}}]}\n\t\t<\/script>\n\t\t<!-- All in One SEO Pro -->\r\n\t\t<title>Z\u00e1sady pou\u017e\u00edv\u00e1n\u00ed soubor\u016f cookie - DROIX EU<\/title>\n\n","aioseo_head_json":{"title":"Z\u00e1sady pou\u017e\u00edv\u00e1n\u00ed soubor\u016f cookie - DROIX EU","description":"N\u00e1sleduj\u00edc\u00ed Z\u00e1sady pou\u017e\u00edv\u00e1n\u00ed soubor\u016f cookie je t\u0159eba br\u00e1t v souladu (ve dvojici) se Smluvn\u00edmi podm\u00ednkami a Z\u00e1sadami ochrany osobn\u00edch \u00fadaj\u016f. Tyto prodejn\u00ed podm\u00ednky se vztahuj\u00ed na ve\u0161ker\u00e9 zbo\u017e\u00ed dod\u00e1van\u00e9 spole\u010dnost\u00ed DROIX se s\u00eddlem na adrese 54C Expressway, N Woolwich Rd, London, E16 2AA, Spojen\u00e9 kr\u00e1lovstv\u00ed). V uveden\u00e9 smlouv\u011b jsou odkazy na: My (DROIX) jsme dodavatel","canonical_url":"https:\/\/droix.eu\/cs\/zasady-pouzivani-souboru-cookie\/","robots":"max-image-preview:large","keywords":"","webmasterTools":{"miscellaneous":""},"schema":{"@context":"https:\/\/schema.org","@graph":[{"@type":"BreadcrumbList","@id":"https:\/\/droix.eu\/cs\/zasady-pouzivani-souboru-cookie\/#breadcrumblist","itemListElement":[{"@type":"ListItem","@id":"https:\/\/droix.eu\/cs\/#listItem","position":1,"name":"Home","item":"https:\/\/droix.eu\/cs\/","nextItem":{"@type":"ListItem","@id":"https:\/\/droix.eu\/cs\/zasady-pouzivani-souboru-cookie\/#listItem","name":"Z\u00e1sady pou\u017e\u00edv\u00e1n\u00ed soubor\u016f cookie"}},{"@type":"ListItem","@id":"https:\/\/droix.eu\/cs\/zasady-pouzivani-souboru-cookie\/#listItem","position":2,"name":"Z\u00e1sady pou\u017e\u00edv\u00e1n\u00ed soubor\u016f cookie","previousItem":{"@type":"ListItem","@id":"https:\/\/droix.eu\/cs\/#listItem","name":"Home"}}]},{"@type":"Organization","@id":"https:\/\/droix.eu\/cs\/#organization","name":"DroiX \u2013 Trusted EU Tech Retailer with 12+ Years Experience","description":"DroiX is a leading European technology retailer with over 12 years of experience, offering quality mini PCs, handheld gaming consoles, and tech accessories. We provide hassle-free EU delivery with all taxes included, ensuring a smooth and reliable shopping experience for our customers across Europe.","url":"https:\/\/droix.eu\/cs\/","logo":{"@type":"ImageObject","url":"https:\/\/droix.eu\/wp-content\/uploads\/2024\/06\/droix-v2-light-logo.png","@id":"https:\/\/droix.eu\/cs\/zasady-pouzivani-souboru-cookie\/#organizationLogo","width":380,"height":118},"image":{"@id":"https:\/\/droix.eu\/cs\/zasady-pouzivani-souboru-cookie\/#organizationLogo"},"sameAs":["https:\/\/www.facebook.com\/DroiX.Store","https:\/\/twitter.com\/DroiX_Store","https:\/\/www.instagram.com\/droix.store\/","https:\/\/www.tiktok.com\/@droix.store","https:\/\/www.youtube.com\/c\/DroiX_Store","https:\/\/uk.linkedin.com\/company\/droix"]},{"@type":"WebPage","@id":"https:\/\/droix.eu\/cs\/zasady-pouzivani-souboru-cookie\/#webpage","url":"https:\/\/droix.eu\/cs\/zasady-pouzivani-souboru-cookie\/","name":"Z\u00e1sady pou\u017e\u00edv\u00e1n\u00ed soubor\u016f cookie - DROIX EU","description":"N\u00e1sleduj\u00edc\u00ed Z\u00e1sady pou\u017e\u00edv\u00e1n\u00ed soubor\u016f cookie je t\u0159eba br\u00e1t v souladu (ve dvojici) se Smluvn\u00edmi podm\u00ednkami a Z\u00e1sadami ochrany osobn\u00edch \u00fadaj\u016f. Tyto prodejn\u00ed podm\u00ednky se vztahuj\u00ed na ve\u0161ker\u00e9 zbo\u017e\u00ed dod\u00e1van\u00e9 spole\u010dnost\u00ed DROIX se s\u00eddlem na adrese 54C Expressway, N Woolwich Rd, London, E16 2AA, Spojen\u00e9 kr\u00e1lovstv\u00ed). V uveden\u00e9 smlouv\u011b jsou odkazy na: My (DROIX) jsme dodavatel","inLanguage":"cs-CZ","isPartOf":{"@id":"https:\/\/droix.eu\/cs\/#website"},"breadcrumb":{"@id":"https:\/\/droix.eu\/cs\/zasady-pouzivani-souboru-cookie\/#breadcrumblist"},"datePublished":"2021-12-23T11:49:46+00:00","dateModified":"2025-05-27T14:09:52+01:00"},{"@type":"WebSite","@id":"https:\/\/droix.eu\/cs\/#website","url":"https:\/\/droix.eu\/cs\/","name":"DROIX EU","description":"Get the latest Mini PCs, Ultrabook, PC Gaming Handhelds and more!","inLanguage":"cs-CZ","publisher":{"@id":"https:\/\/droix.eu\/cs\/#organization"}}]},"og:locale":"cs_CZ","og:site_name":"DROIX EU - Get the latest Mini PCs, Ultrabook, PC Gaming Handhelds and more!","og:type":"article","og:title":"Z\u00e1sady pou\u017e\u00edv\u00e1n\u00ed soubor\u016f cookie - DROIX EU","og:description":"N\u00e1sleduj\u00edc\u00ed Z\u00e1sady pou\u017e\u00edv\u00e1n\u00ed soubor\u016f cookie je t\u0159eba br\u00e1t v souladu (ve dvojici) se Smluvn\u00edmi podm\u00ednkami a Z\u00e1sadami ochrany osobn\u00edch \u00fadaj\u016f. Tyto prodejn\u00ed podm\u00ednky se vztahuj\u00ed na ve\u0161ker\u00e9 zbo\u017e\u00ed dod\u00e1van\u00e9 spole\u010dnost\u00ed DROIX se s\u00eddlem na adrese 54C Expressway, N Woolwich Rd, London, E16 2AA, Spojen\u00e9 kr\u00e1lovstv\u00ed). V uveden\u00e9 smlouv\u011b jsou odkazy na: My (DROIX) jsme dodavatel","og:url":"https:\/\/droix.eu\/cs\/zasady-pouzivani-souboru-cookie\/","og:image":"https:\/\/droix.eu\/wp-content\/uploads\/2024\/06\/droix-v2-light-logo.png","og:image:secure_url":"https:\/\/droix.eu\/wp-content\/uploads\/2024\/06\/droix-v2-light-logo.png","og:image:width":380,"og:image:height":118,"article:published_time":"2021-12-23T11:49:46+00:00","article:modified_time":"2025-05-27T13:09:52+00:00","article:publisher":"https:\/\/www.facebook.com\/DroiX.Store","twitter:card":"summary_large_image","twitter:site":"@DroiX_Store","twitter:title":"Z\u00e1sady pou\u017e\u00edv\u00e1n\u00ed soubor\u016f cookie - DROIX EU","twitter:description":"N\u00e1sleduj\u00edc\u00ed Z\u00e1sady pou\u017e\u00edv\u00e1n\u00ed soubor\u016f cookie je t\u0159eba br\u00e1t v souladu (ve dvojici) se Smluvn\u00edmi podm\u00ednkami a Z\u00e1sadami ochrany osobn\u00edch \u00fadaj\u016f. Tyto prodejn\u00ed podm\u00ednky se vztahuj\u00ed na ve\u0161ker\u00e9 zbo\u017e\u00ed dod\u00e1van\u00e9 spole\u010dnost\u00ed DROIX se s\u00eddlem na adrese 54C Expressway, N Woolwich Rd, London, E16 2AA, Spojen\u00e9 kr\u00e1lovstv\u00ed). V uveden\u00e9 smlouv\u011b jsou odkazy na: My (DROIX) jsme dodavatel","twitter:creator":"@DroiX_Store","twitter:image":"https:\/\/droix.eu\/wp-content\/uploads\/2024\/06\/droix-v2-light-logo.png"},"aioseo_meta_data":{"post_id":"503694","title":null,"description":null,"keywords":null,"keyphrases":null,"primary_term":null,"canonical_url":null,"og_title":null,"og_description":null,"og_object_type":"default","og_image_type":"default","og_image_url":null,"og_image_width":null,"og_image_height":null,"og_image_custom_url":null,"og_image_custom_fields":null,"og_video":null,"og_custom_url":null,"og_article_section":null,"og_article_tags":null,"twitter_use_og":true,"twitter_card":"default","twitter_image_type":"default","twitter_image_url":null,"twitter_image_custom_url":null,"twitter_image_custom_fields":null,"twitter_title":null,"twitter_description":null,"schema":{"blockGraphs":[],"customGraphs":[],"default":{"data":{"Article":[],"Course":[],"Dataset":[],"FAQPage":[],"Movie":[],"Person":[],"Product":[],"ProductReview":[],"Car":[],"Recipe":[],"Service":[],"SoftwareApplication":[],"WebPage":[]},"graphName":"","isEnabled":true},"graphs":[]},"schema_type":"default","schema_type_options":null,"pillar_content":false,"robots_default":true,"robots_noindex":false,"robots_noarchive":false,"robots_nosnippet":false,"robots_nofollow":false,"robots_noimageindex":false,"robots_noodp":false,"robots_notranslate":false,"robots_max_snippet":null,"robots_max_videopreview":null,"robots_max_imagepreview":"large","priority":null,"frequency":null,"local_seo":null,"seo_analyzer_scan_date":"2025-09-16 22:47:53","breadcrumb_settings":null,"limit_modified_date":false,"reviewed_by":null,"open_ai":null,"ai":null,"created":"2025-09-16 22:47:53","updated":"2025-11-27 00:05:21"},"aioseo_breadcrumb":"<div class=\"aioseo-breadcrumbs\"><span class=\"aioseo-breadcrumb\">\n\t<a href=\"https:\/\/droix.eu\/cs\/\" title=\"Home\">Home<\/a>\n<\/span><span class=\"aioseo-breadcrumb-separator\">&raquo;<\/span><span class=\"aioseo-breadcrumb\">\n\tZ\u00e1sady pou\u017e\u00edv\u00e1n\u00ed soubor\u016f cookie\n<\/span><\/div>","aioseo_breadcrumb_json":[{"label":"Home","link":"https:\/\/droix.eu\/cs\/"},{"label":"Z\u00e1sady pou\u017e\u00edv\u00e1n\u00ed soubor\u016f cookie","link":"https:\/\/droix.eu\/cs\/zasady-pouzivani-souboru-cookie\/"}],"_links":{"self":[{"href":"https:\/\/droix.eu\/cs\/wp-json\/wp\/v2\/pages\/503694","targetHints":{"allow":["GET"]}}],"collection":[{"href":"https:\/\/droix.eu\/cs\/wp-json\/wp\/v2\/pages"}],"about":[{"href":"https:\/\/droix.eu\/cs\/wp-json\/wp\/v2\/types\/page"}],"author":[{"embeddable":true,"href":"https:\/\/droix.eu\/cs\/wp-json\/wp\/v2\/users\/1"}],"replies":[{"embeddable":true,"href":"https:\/\/droix.eu\/cs\/wp-json\/wp\/v2\/comments?post=503694"}],"version-history":[{"count":0,"href":"https:\/\/droix.eu\/cs\/wp-json\/wp\/v2\/pages\/503694\/revisions"}],"wp:attachment":[{"href":"https:\/\/droix.eu\/cs\/wp-json\/wp\/v2\/media?parent=503694"}],"curies":[{"name":"wp","href":"https:\/\/api.w.org\/{rel}","templated":true}]}}